{"id":9,"date":"2024-09-22T11:06:17","date_gmt":"2024-09-22T11:06:17","guid":{"rendered":"https:\/\/bizmoldova.com\/ro\/?page_id=9"},"modified":"2024-09-22T11:06:17","modified_gmt":"2024-09-22T11:06:17","slug":"apostila-online-moldova","status":"publish","type":"page","link":"https:\/\/bizmoldova.com\/ro\/apostila-online-moldova\/","title":{"rendered":"Apostil\u0103 Online. Moldova"},"content":{"rendered":"\n<p>\u00cen Republica Moldova, sistemul de comandare online a documentelor func\u021bioneaz\u0103 de peste 5 ani. Apostila online este foarte convenabil\u0103. Cu toate acestea, pentru a accesa un astfel de serviciu este nevoie de timp \u0219i de un num\u0103r de telefon mobil din Moldova. Dar ce faci dac\u0103 te afli, de exemplu, \u00een str\u0103in\u0103tate, s\u0103 zicem \u00een Italia&#8230; sau \u00een Spania&#8230; \u00een Rusia&#8230; sau oriunde altundeva?<\/p>\n\n\n\n<p>Probabil ai auzit despre serviciul Apostil\u0103 online, dar nu po\u021bi s\u0103-l folose\u0219ti deoarece nu ai o semn\u0103tur\u0103 digital\u0103.<\/p>\n\n\n\n<p>Contacteaz\u0103-ne \u0219i noi vom face apostila online pentru tine. Odat\u0103 ce apostila este gata, \u021bi-o vom trimite prin orice metod\u0103 convenabil\u0103 \u2014 Whatsapp, Telegram, Skype, Viber, email.<\/p>\n\n\n<div class=\"wp-block-image\">\n<figure class=\"alignleft\"><img decoding=\"async\" src=\"http:\/\/bizmoldova.com\/wp-content\/uploads\/2019\/04\/Apostille-Apostila-Moldova.jpg\" alt=\"Primirea unei Apostile online \u00een Moldova\" class=\"wp-image-889\"\/><figcaption class=\"wp-element-caption\">Apostil\u0103 trimis\u0103 online din Moldova. O po\u021bi primi pe orice aplica\u021bie de mesagerie sau prin e-mail<\/figcaption><\/figure>\n<\/div>\n\n\n<figure class=\"wp-block-image\"><img decoding=\"async\" src=\"http:\/\/bizmoldova.com\/wp-content\/uploads\/2019\/04\/Apostille-Apostila-Moldova-2.jpg\" alt=\"Comand\u0103 Apostil\u0103 online Moldova\" class=\"wp-image-891\"\/><figcaption class=\"wp-element-caption\">Apostil\u0103 trimis\u0103 online unui client prin Viber. Moldova &#8211; Italia<\/figcaption><\/figure>\n\n\n\n<p>Reamintim c\u0103 \u0219tampila Apostil\u0103 nu mai exist\u0103 \u00een Moldova din 2012. A\u0219adar, nu \u00eencerca s\u0103 g\u0103se\u0219ti unde s\u0103 pui &#8222;\u0219tampila umed\u0103 Apostil\u0103&#8221; \u2014 a\u0219a ceva nu mai exist\u0103 \u00een Moldova.<\/p>\n\n\n\n<h2 class=\"wp-block-heading\">Cum arat\u0103 Apostila pe care o prime\u0219ti?<\/h2>\n\n\n\n<figure class=\"wp-block-image size-full\"><img decoding=\"async\" src=\"https:\/\/bizmoldova.com\/wp-content\/uploads\/2024\/04\/Apostila-Moldova.jpg\" alt=\"Apostil\u0103 online Moldova urgent\" class=\"wp-image-1373\"\/><\/figure>\n\n\n\n<p>Suna\u021bi-ne \u0219i vom rezolva problemele dvs. cu apostila \u2014 online.<\/p>\n","protected":false},"excerpt":{"rendered":"<p>\u00cen Republica Moldova, sistemul de comandare online a documentelor func\u021bioneaz\u0103 de peste 5 ani. Apostila online este foarte convenabil\u0103. Cu toate acestea, pentru a accesa un astfel de serviciu este nevoie de timp \u0219i de un num\u0103r de telefon mobil din Moldova. Dar ce faci dac\u0103 te afli, de exemplu, \u00een str\u0103in\u0103tate, s\u0103 zicem \u00een &#8230; <a title=\"Apostil\u0103 Online. Moldova\" class=\"read-more\" href=\"https:\/\/bizmoldova.com\/ro\/apostila-online-moldova\/\" aria-label=\"Cite\u0219te mai multe despre Apostil\u0103 Online. Moldova\">Read more<\/a><\/p>\n","protected":false},"author":1,"featured_media":0,"parent":0,"menu_order":0,"comment_status":"closed","ping_status":"closed","template":"","meta":{"_acf_changed":false,"footnotes":""},"class_list":["post-9","page","type-page","status-publish"],"acf":[],"yoast_head":"<!-- This site is optimized with the Yoast SEO plugin v27.3 - https:\/\/yoast.com\/product\/yoast-seo-wordpress\/ -->\n<title>Apostil\u0103 Online. Moldova - Acte, Documente Moldova. Apostilare, Legalizare, Nostrificare, Traduceri<\/title>\n<meta name=\"robots\" content=\"index, follow, max-snippet:-1, max-image-preview:large, max-video-preview:-1\" \/>\n<link rel=\"canonical\" href=\"https:\/\/bizmoldova.com\/ro\/apostila-online-moldova\/\" \/>\n<meta property=\"og:locale\" content=\"ro_RO\" \/>\n<meta property=\"og:type\" content=\"article\" \/>\n<meta property=\"og:title\" content=\"Apostil\u0103 Online. Moldova - Acte, Documente Moldova. Apostilare, Legalizare, Nostrificare, Traduceri\" \/>\n<meta property=\"og:description\" content=\"\u00cen Republica Moldova, sistemul de comandare online a documentelor func\u021bioneaz\u0103 de peste 5 ani. Apostila online este foarte convenabil\u0103. Cu toate acestea, pentru a accesa un astfel de serviciu este nevoie de timp \u0219i de un num\u0103r de telefon mobil din Moldova. Dar ce faci dac\u0103 te afli, de exemplu, \u00een str\u0103in\u0103tate, s\u0103 zicem \u00een ... Read more\" \/>\n<meta property=\"og:url\" content=\"https:\/\/bizmoldova.com\/ro\/apostila-online-moldova\/\" \/>\n<meta property=\"og:site_name\" content=\"Acte, Documente Moldova. Apostilare, Legalizare, Nostrificare, Traduceri\" \/>\n<meta property=\"og:image\" content=\"http:\/\/bizmoldova.com\/wp-content\/uploads\/2019\/04\/Apostille-Apostila-Moldova.jpg\" \/>\n<meta name=\"twitter:card\" content=\"summary_large_image\" \/>\n<meta name=\"twitter:label1\" content=\"Timp estimat pentru citire\" \/>\n\t<meta name=\"twitter:data1\" content=\"2 minute\" \/>\n<script type=\"application\/ld+json\" class=\"yoast-schema-graph\">{\"@context\":\"https:\\\/\\\/schema.org\",\"@graph\":[{\"@type\":\"WebPage\",\"@id\":\"https:\\\/\\\/bizmoldova.com\\\/ro\\\/apostila-online-moldova\\\/\",\"url\":\"https:\\\/\\\/bizmoldova.com\\\/ro\\\/apostila-online-moldova\\\/\",\"name\":\"Apostil\u0103 Online. Moldova - Acte, Documente Moldova. Apostilare, Legalizare, Nostrificare, Traduceri\",\"isPartOf\":{\"@id\":\"https:\\\/\\\/bizmoldova.com\\\/ro\\\/#website\"},\"primaryImageOfPage\":{\"@id\":\"https:\\\/\\\/bizmoldova.com\\\/ro\\\/apostila-online-moldova\\\/#primaryimage\"},\"image\":{\"@id\":\"https:\\\/\\\/bizmoldova.com\\\/ro\\\/apostila-online-moldova\\\/#primaryimage\"},\"thumbnailUrl\":\"http:\\\/\\\/bizmoldova.com\\\/wp-content\\\/uploads\\\/2019\\\/04\\\/Apostille-Apostila-Moldova.jpg\",\"datePublished\":\"2024-09-22T11:06:17+00:00\",\"breadcrumb\":{\"@id\":\"https:\\\/\\\/bizmoldova.com\\\/ro\\\/apostila-online-moldova\\\/#breadcrumb\"},\"inLanguage\":\"ro-RO\",\"potentialAction\":[{\"@type\":\"ReadAction\",\"target\":[\"https:\\\/\\\/bizmoldova.com\\\/ro\\\/apostila-online-moldova\\\/\"]}]},{\"@type\":\"ImageObject\",\"inLanguage\":\"ro-RO\",\"@id\":\"https:\\\/\\\/bizmoldova.com\\\/ro\\\/apostila-online-moldova\\\/#primaryimage\",\"url\":\"http:\\\/\\\/bizmoldova.com\\\/wp-content\\\/uploads\\\/2019\\\/04\\\/Apostille-Apostila-Moldova.jpg\",\"contentUrl\":\"http:\\\/\\\/bizmoldova.com\\\/wp-content\\\/uploads\\\/2019\\\/04\\\/Apostille-Apostila-Moldova.jpg\"},{\"@type\":\"BreadcrumbList\",\"@id\":\"https:\\\/\\\/bizmoldova.com\\\/ro\\\/apostila-online-moldova\\\/#breadcrumb\",\"itemListElement\":[{\"@type\":\"ListItem\",\"position\":1,\"name\":\"Home\",\"item\":\"https:\\\/\\\/bizmoldova.com\\\/ro\\\/\"},{\"@type\":\"ListItem\",\"position\":2,\"name\":\"Apostil\u0103 Online. Moldova\"}]},{\"@type\":\"WebSite\",\"@id\":\"https:\\\/\\\/bizmoldova.com\\\/ro\\\/#website\",\"url\":\"https:\\\/\\\/bizmoldova.com\\\/ro\\\/\",\"name\":\"Acte, Documente Moldova. Apostilare, Legalizare, Nostrificare, Traduceri\",\"description\":\"Infiin\u021bare SRL. Acte, Documente, Apostila - Moldova\",\"potentialAction\":[{\"@type\":\"SearchAction\",\"target\":{\"@type\":\"EntryPoint\",\"urlTemplate\":\"https:\\\/\\\/bizmoldova.com\\\/ro\\\/?s={search_term_string}\"},\"query-input\":{\"@type\":\"PropertyValueSpecification\",\"valueRequired\":true,\"valueName\":\"search_term_string\"}}],\"inLanguage\":\"ro-RO\"}]}<\/script>\n<!-- \/ Yoast SEO plugin. -->","yoast_head_json":{"title":"Apostil\u0103 Online. Moldova - Acte, Documente Moldova. Apostilare, Legalizare, Nostrificare, Traduceri","robots":{"index":"index","follow":"follow","max-snippet":"max-snippet:-1","max-image-preview":"max-image-preview:large","max-video-preview":"max-video-preview:-1"},"canonical":"https:\/\/bizmoldova.com\/ro\/apostila-online-moldova\/","og_locale":"ro_RO","og_type":"article","og_title":"Apostil\u0103 Online. Moldova - Acte, Documente Moldova. Apostilare, Legalizare, Nostrificare, Traduceri","og_description":"\u00cen Republica Moldova, sistemul de comandare online a documentelor func\u021bioneaz\u0103 de peste 5 ani. Apostila online este foarte convenabil\u0103. Cu toate acestea, pentru a accesa un astfel de serviciu este nevoie de timp \u0219i de un num\u0103r de telefon mobil din Moldova. Dar ce faci dac\u0103 te afli, de exemplu, \u00een str\u0103in\u0103tate, s\u0103 zicem \u00een ... Read more","og_url":"https:\/\/bizmoldova.com\/ro\/apostila-online-moldova\/","og_site_name":"Acte, Documente Moldova. Apostilare, Legalizare, Nostrificare, Traduceri","og_image":[{"url":"http:\/\/bizmoldova.com\/wp-content\/uploads\/2019\/04\/Apostille-Apostila-Moldova.jpg","type":"","width":"","height":""}],"twitter_card":"summary_large_image","twitter_misc":{"Timp estimat pentru citire":"2 minute"},"schema":{"@context":"https:\/\/schema.org","@graph":[{"@type":"WebPage","@id":"https:\/\/bizmoldova.com\/ro\/apostila-online-moldova\/","url":"https:\/\/bizmoldova.com\/ro\/apostila-online-moldova\/","name":"Apostil\u0103 Online. Moldova - Acte, Documente Moldova. Apostilare, Legalizare, Nostrificare, Traduceri","isPartOf":{"@id":"https:\/\/bizmoldova.com\/ro\/#website"},"primaryImageOfPage":{"@id":"https:\/\/bizmoldova.com\/ro\/apostila-online-moldova\/#primaryimage"},"image":{"@id":"https:\/\/bizmoldova.com\/ro\/apostila-online-moldova\/#primaryimage"},"thumbnailUrl":"http:\/\/bizmoldova.com\/wp-content\/uploads\/2019\/04\/Apostille-Apostila-Moldova.jpg","datePublished":"2024-09-22T11:06:17+00:00","breadcrumb":{"@id":"https:\/\/bizmoldova.com\/ro\/apostila-online-moldova\/#breadcrumb"},"inLanguage":"ro-RO","potentialAction":[{"@type":"ReadAction","target":["https:\/\/bizmoldova.com\/ro\/apostila-online-moldova\/"]}]},{"@type":"ImageObject","inLanguage":"ro-RO","@id":"https:\/\/bizmoldova.com\/ro\/apostila-online-moldova\/#primaryimage","url":"http:\/\/bizmoldova.com\/wp-content\/uploads\/2019\/04\/Apostille-Apostila-Moldova.jpg","contentUrl":"http:\/\/bizmoldova.com\/wp-content\/uploads\/2019\/04\/Apostille-Apostila-Moldova.jpg"},{"@type":"BreadcrumbList","@id":"https:\/\/bizmoldova.com\/ro\/apostila-online-moldova\/#breadcrumb","itemListElement":[{"@type":"ListItem","position":1,"name":"Home","item":"https:\/\/bizmoldova.com\/ro\/"},{"@type":"ListItem","position":2,"name":"Apostil\u0103 Online. Moldova"}]},{"@type":"WebSite","@id":"https:\/\/bizmoldova.com\/ro\/#website","url":"https:\/\/bizmoldova.com\/ro\/","name":"Acte, Documente Moldova. Apostilare, Legalizare, Nostrificare, Traduceri","description":"Infiin\u021bare SRL. Acte, Documente, Apostila - Moldova","potentialAction":[{"@type":"SearchAction","target":{"@type":"EntryPoint","urlTemplate":"https:\/\/bizmoldova.com\/ro\/?s={search_term_string}"},"query-input":{"@type":"PropertyValueSpecification","valueRequired":true,"valueName":"search_term_string"}}],"inLanguage":"ro-RO"}]}},"_links":{"self":[{"href":"https:\/\/bizmoldova.com\/ro\/wp-json\/wp\/v2\/pages\/9","targetHints":{"allow":["GET"]}}],"collection":[{"href":"https:\/\/bizmoldova.com\/ro\/wp-json\/wp\/v2\/pages"}],"about":[{"href":"https:\/\/bizmoldova.com\/ro\/wp-json\/wp\/v2\/types\/page"}],"author":[{"embeddable":true,"href":"https:\/\/bizmoldova.com\/ro\/wp-json\/wp\/v2\/users\/1"}],"replies":[{"embeddable":true,"href":"https:\/\/bizmoldova.com\/ro\/wp-json\/wp\/v2\/comments?post=9"}],"version-history":[{"count":1,"href":"https:\/\/bizmoldova.com\/ro\/wp-json\/wp\/v2\/pages\/9\/revisions"}],"predecessor-version":[{"id":10,"href":"https:\/\/bizmoldova.com\/ro\/wp-json\/wp\/v2\/pages\/9\/revisions\/10"}],"wp:attachment":[{"href":"https:\/\/bizmoldova.com\/ro\/wp-json\/wp\/v2\/media?parent=9"}],"curies":[{"name":"wp","href":"https:\/\/api.w.org\/{rel}","templated":true}]}}