{"id":7,"date":"2024-09-22T10:56:53","date_gmt":"2024-09-22T10:56:53","guid":{"rendered":"https:\/\/bizmoldova.com\/ro\/?page_id=7"},"modified":"2024-09-22T10:56:54","modified_gmt":"2024-09-22T10:56:54","slug":"declaratie-imputernicire-pentru-iesirea-copilului-in-strainatate","status":"publish","type":"page","link":"https:\/\/bizmoldova.com\/ro\/declaratie-imputernicire-pentru-iesirea-copilului-in-strainatate\/","title":{"rendered":"Declara\u021bie (\u00cemputernicire) pentru Ie\u0219irea Copilului \u00een Str\u0103in\u0103tate"},"content":{"rendered":"\n<p>Am ad\u0103ugat aceast\u0103 pagin\u0103 separat\u0103 special din cauza numeroaselor cazuri \u00een care gr\u0103nicerii ucraineni solicit\u0103 aplicarea apostilei pe declara\u021biile (\u00eemputerniciri) pentru ie\u0219irea (\u00eenso\u021birea sau scoaterea) unui copil minor din \u021bar\u0103.<\/p>\n\n\n\n<p>Problema este c\u0103, pe teritoriile \u021b\u0103rilor CSI, apostila nu este necesar\u0103 pentru documentele din aceste \u021b\u0103ri. Cu toate acestea, func\u021bionarii &#8222;neinforma\u021bi&#8221; sau pur \u0219i simplu interesa\u021bi de c\u00e2\u0219tiguri personale solicit\u0103 apostila pentru astfel de documente.<\/p>\n\n\n\n<p>Dac\u0103 \u00eent\u00e2mpina\u021bi o astfel de problem\u0103 cu documente din urm\u0103toarele \u021b\u0103ri: Rusia, Ucraina, Moldova, Belarus, Uzbekistan, K\u00e2rg\u00e2zstan, Tadjikistan, Lituania, Letonia, Estonia, Kazahstan \u2014 contacta\u021bi-ne. Vom rezolva aceast\u0103 problem\u0103 \u00een cel mai scurt timp.<\/p>\n\n\n\n<p>Ave\u021bi \u00eencredere \u00een profesioni\u0219ti.<\/p>\n\n\n\n<p><\/p>\n","protected":false},"excerpt":{"rendered":"<p>Am ad\u0103ugat aceast\u0103 pagin\u0103 separat\u0103 special din cauza numeroaselor cazuri \u00een care gr\u0103nicerii ucraineni solicit\u0103 aplicarea apostilei pe declara\u021biile (\u00eemputerniciri) pentru ie\u0219irea (\u00eenso\u021birea sau scoaterea) unui copil minor din \u021bar\u0103. Problema este c\u0103, pe teritoriile \u021b\u0103rilor CSI, apostila nu este necesar\u0103 pentru documentele din aceste \u021b\u0103ri. Cu toate acestea, func\u021bionarii &#8222;neinforma\u021bi&#8221; sau pur \u0219i simplu &#8230; <a title=\"Declara\u021bie (\u00cemputernicire) pentru Ie\u0219irea Copilului \u00een Str\u0103in\u0103tate\" class=\"read-more\" href=\"https:\/\/bizmoldova.com\/ro\/declaratie-imputernicire-pentru-iesirea-copilului-in-strainatate\/\" aria-label=\"Cite\u0219te mai multe despre Declara\u021bie (\u00cemputernicire) pentru Ie\u0219irea Copilului \u00een Str\u0103in\u0103tate\">Read more<\/a><\/p>\n","protected":false},"author":1,"featured_media":0,"parent":0,"menu_order":0,"comment_status":"closed","ping_status":"closed","template":"","meta":{"_acf_changed":false,"footnotes":""},"class_list":["post-7","page","type-page","status-publish"],"acf":[],"yoast_head":"<!-- This site is optimized with the Yoast SEO plugin v27.3 - https:\/\/yoast.com\/product\/yoast-seo-wordpress\/ -->\n<title>Declara\u021bie (\u00cemputernicire) pentru Ie\u0219irea Copilului \u00een Str\u0103in\u0103tate - Acte, Documente Moldova. Apostilare, Legalizare, Nostrificare, Traduceri<\/title>\n<meta name=\"robots\" content=\"index, follow, max-snippet:-1, max-image-preview:large, max-video-preview:-1\" \/>\n<link rel=\"canonical\" href=\"https:\/\/bizmoldova.com\/ro\/declaratie-imputernicire-pentru-iesirea-copilului-in-strainatate\/\" \/>\n<meta property=\"og:locale\" content=\"ro_RO\" \/>\n<meta property=\"og:type\" content=\"article\" \/>\n<meta property=\"og:title\" content=\"Declara\u021bie (\u00cemputernicire) pentru Ie\u0219irea Copilului \u00een Str\u0103in\u0103tate - Acte, Documente Moldova. Apostilare, Legalizare, Nostrificare, Traduceri\" \/>\n<meta property=\"og:description\" content=\"Am ad\u0103ugat aceast\u0103 pagin\u0103 separat\u0103 special din cauza numeroaselor cazuri \u00een care gr\u0103nicerii ucraineni solicit\u0103 aplicarea apostilei pe declara\u021biile (\u00eemputerniciri) pentru ie\u0219irea (\u00eenso\u021birea sau scoaterea) unui copil minor din \u021bar\u0103. Problema este c\u0103, pe teritoriile \u021b\u0103rilor CSI, apostila nu este necesar\u0103 pentru documentele din aceste \u021b\u0103ri. Cu toate acestea, func\u021bionarii &#8222;neinforma\u021bi&#8221; sau pur \u0219i simplu ... Read more\" \/>\n<meta property=\"og:url\" content=\"https:\/\/bizmoldova.com\/ro\/declaratie-imputernicire-pentru-iesirea-copilului-in-strainatate\/\" \/>\n<meta property=\"og:site_name\" content=\"Acte, Documente Moldova. Apostilare, Legalizare, Nostrificare, Traduceri\" \/>\n<meta property=\"article:modified_time\" content=\"2024-09-22T10:56:54+00:00\" \/>\n<meta name=\"twitter:card\" content=\"summary_large_image\" \/>\n<meta name=\"twitter:label1\" content=\"Timp estimat pentru citire\" \/>\n\t<meta name=\"twitter:data1\" content=\"1 minut\" \/>\n<script type=\"application\/ld+json\" class=\"yoast-schema-graph\">{\"@context\":\"https:\\\/\\\/schema.org\",\"@graph\":[{\"@type\":\"WebPage\",\"@id\":\"https:\\\/\\\/bizmoldova.com\\\/ro\\\/declaratie-imputernicire-pentru-iesirea-copilului-in-strainatate\\\/\",\"url\":\"https:\\\/\\\/bizmoldova.com\\\/ro\\\/declaratie-imputernicire-pentru-iesirea-copilului-in-strainatate\\\/\",\"name\":\"Declara\u021bie (\u00cemputernicire) pentru Ie\u0219irea Copilului \u00een Str\u0103in\u0103tate - Acte, Documente Moldova. Apostilare, Legalizare, Nostrificare, Traduceri\",\"isPartOf\":{\"@id\":\"https:\\\/\\\/bizmoldova.com\\\/ro\\\/#website\"},\"datePublished\":\"2024-09-22T10:56:53+00:00\",\"dateModified\":\"2024-09-22T10:56:54+00:00\",\"breadcrumb\":{\"@id\":\"https:\\\/\\\/bizmoldova.com\\\/ro\\\/declaratie-imputernicire-pentru-iesirea-copilului-in-strainatate\\\/#breadcrumb\"},\"inLanguage\":\"ro-RO\",\"potentialAction\":[{\"@type\":\"ReadAction\",\"target\":[\"https:\\\/\\\/bizmoldova.com\\\/ro\\\/declaratie-imputernicire-pentru-iesirea-copilului-in-strainatate\\\/\"]}]},{\"@type\":\"BreadcrumbList\",\"@id\":\"https:\\\/\\\/bizmoldova.com\\\/ro\\\/declaratie-imputernicire-pentru-iesirea-copilului-in-strainatate\\\/#breadcrumb\",\"itemListElement\":[{\"@type\":\"ListItem\",\"position\":1,\"name\":\"Home\",\"item\":\"https:\\\/\\\/bizmoldova.com\\\/ro\\\/\"},{\"@type\":\"ListItem\",\"position\":2,\"name\":\"Declara\u021bie (\u00cemputernicire) pentru Ie\u0219irea Copilului \u00een Str\u0103in\u0103tate\"}]},{\"@type\":\"WebSite\",\"@id\":\"https:\\\/\\\/bizmoldova.com\\\/ro\\\/#website\",\"url\":\"https:\\\/\\\/bizmoldova.com\\\/ro\\\/\",\"name\":\"Acte, Documente Moldova. Apostilare, Legalizare, Nostrificare, Traduceri\",\"description\":\"Infiin\u021bare SRL. Acte, Documente, Apostila - Moldova\",\"potentialAction\":[{\"@type\":\"SearchAction\",\"target\":{\"@type\":\"EntryPoint\",\"urlTemplate\":\"https:\\\/\\\/bizmoldova.com\\\/ro\\\/?s={search_term_string}\"},\"query-input\":{\"@type\":\"PropertyValueSpecification\",\"valueRequired\":true,\"valueName\":\"search_term_string\"}}],\"inLanguage\":\"ro-RO\"}]}<\/script>\n<!-- \/ Yoast SEO plugin. -->","yoast_head_json":{"title":"Declara\u021bie (\u00cemputernicire) pentru Ie\u0219irea Copilului \u00een Str\u0103in\u0103tate - Acte, Documente Moldova. Apostilare, Legalizare, Nostrificare, Traduceri","robots":{"index":"index","follow":"follow","max-snippet":"max-snippet:-1","max-image-preview":"max-image-preview:large","max-video-preview":"max-video-preview:-1"},"canonical":"https:\/\/bizmoldova.com\/ro\/declaratie-imputernicire-pentru-iesirea-copilului-in-strainatate\/","og_locale":"ro_RO","og_type":"article","og_title":"Declara\u021bie (\u00cemputernicire) pentru Ie\u0219irea Copilului \u00een Str\u0103in\u0103tate - Acte, Documente Moldova. Apostilare, Legalizare, Nostrificare, Traduceri","og_description":"Am ad\u0103ugat aceast\u0103 pagin\u0103 separat\u0103 special din cauza numeroaselor cazuri \u00een care gr\u0103nicerii ucraineni solicit\u0103 aplicarea apostilei pe declara\u021biile (\u00eemputerniciri) pentru ie\u0219irea (\u00eenso\u021birea sau scoaterea) unui copil minor din \u021bar\u0103. Problema este c\u0103, pe teritoriile \u021b\u0103rilor CSI, apostila nu este necesar\u0103 pentru documentele din aceste \u021b\u0103ri. Cu toate acestea, func\u021bionarii &#8222;neinforma\u021bi&#8221; sau pur \u0219i simplu ... Read more","og_url":"https:\/\/bizmoldova.com\/ro\/declaratie-imputernicire-pentru-iesirea-copilului-in-strainatate\/","og_site_name":"Acte, Documente Moldova. Apostilare, Legalizare, Nostrificare, Traduceri","article_modified_time":"2024-09-22T10:56:54+00:00","twitter_card":"summary_large_image","twitter_misc":{"Timp estimat pentru citire":"1 minut"},"schema":{"@context":"https:\/\/schema.org","@graph":[{"@type":"WebPage","@id":"https:\/\/bizmoldova.com\/ro\/declaratie-imputernicire-pentru-iesirea-copilului-in-strainatate\/","url":"https:\/\/bizmoldova.com\/ro\/declaratie-imputernicire-pentru-iesirea-copilului-in-strainatate\/","name":"Declara\u021bie (\u00cemputernicire) pentru Ie\u0219irea Copilului \u00een Str\u0103in\u0103tate - Acte, Documente Moldova. Apostilare, Legalizare, Nostrificare, Traduceri","isPartOf":{"@id":"https:\/\/bizmoldova.com\/ro\/#website"},"datePublished":"2024-09-22T10:56:53+00:00","dateModified":"2024-09-22T10:56:54+00:00","breadcrumb":{"@id":"https:\/\/bizmoldova.com\/ro\/declaratie-imputernicire-pentru-iesirea-copilului-in-strainatate\/#breadcrumb"},"inLanguage":"ro-RO","potentialAction":[{"@type":"ReadAction","target":["https:\/\/bizmoldova.com\/ro\/declaratie-imputernicire-pentru-iesirea-copilului-in-strainatate\/"]}]},{"@type":"BreadcrumbList","@id":"https:\/\/bizmoldova.com\/ro\/declaratie-imputernicire-pentru-iesirea-copilului-in-strainatate\/#breadcrumb","itemListElement":[{"@type":"ListItem","position":1,"name":"Home","item":"https:\/\/bizmoldova.com\/ro\/"},{"@type":"ListItem","position":2,"name":"Declara\u021bie (\u00cemputernicire) pentru Ie\u0219irea Copilului \u00een Str\u0103in\u0103tate"}]},{"@type":"WebSite","@id":"https:\/\/bizmoldova.com\/ro\/#website","url":"https:\/\/bizmoldova.com\/ro\/","name":"Acte, Documente Moldova. Apostilare, Legalizare, Nostrificare, Traduceri","description":"Infiin\u021bare SRL. Acte, Documente, Apostila - Moldova","potentialAction":[{"@type":"SearchAction","target":{"@type":"EntryPoint","urlTemplate":"https:\/\/bizmoldova.com\/ro\/?s={search_term_string}"},"query-input":{"@type":"PropertyValueSpecification","valueRequired":true,"valueName":"search_term_string"}}],"inLanguage":"ro-RO"}]}},"_links":{"self":[{"href":"https:\/\/bizmoldova.com\/ro\/wp-json\/wp\/v2\/pages\/7","targetHints":{"allow":["GET"]}}],"collection":[{"href":"https:\/\/bizmoldova.com\/ro\/wp-json\/wp\/v2\/pages"}],"about":[{"href":"https:\/\/bizmoldova.com\/ro\/wp-json\/wp\/v2\/types\/page"}],"author":[{"embeddable":true,"href":"https:\/\/bizmoldova.com\/ro\/wp-json\/wp\/v2\/users\/1"}],"replies":[{"embeddable":true,"href":"https:\/\/bizmoldova.com\/ro\/wp-json\/wp\/v2\/comments?post=7"}],"version-history":[{"count":1,"href":"https:\/\/bizmoldova.com\/ro\/wp-json\/wp\/v2\/pages\/7\/revisions"}],"predecessor-version":[{"id":8,"href":"https:\/\/bizmoldova.com\/ro\/wp-json\/wp\/v2\/pages\/7\/revisions\/8"}],"wp:attachment":[{"href":"https:\/\/bizmoldova.com\/ro\/wp-json\/wp\/v2\/media?parent=7"}],"curies":[{"name":"wp","href":"https:\/\/api.w.org\/{rel}","templated":true}]}}