{"id":69,"date":"2024-10-02T17:08:13","date_gmt":"2024-10-02T17:08:13","guid":{"rendered":"https:\/\/bizmoldova.com\/ro\/?page_id=69"},"modified":"2025-07-05T18:31:25","modified_gmt":"2025-07-05T18:31:25","slug":"contacte","status":"publish","type":"page","link":"https:\/\/bizmoldova.com\/ro\/contacte\/","title":{"rendered":"Contacte"},"content":{"rendered":"\n<p><strong>Contacte &#8211; Consultan\u021b\u0103 juridic\u0103<\/strong><br>\nVrem s\u0103 men\u021bion\u0103m c\u0103 consulta\u021biile juridice sunt contra cost.<br>\nPentru cei care cred c\u0103 pot doar s\u0103 pun\u0103 o \u00eentrebare, v\u0103 rug\u0103m s\u0103 formula\u021bi clar \u00eentrebarea pentru a putea determina dac\u0103 putem r\u0103spunde imediat sau nu&#8230;<br>\n\u00centreb\u0103ri de tipul: \u201eV\u0103 sun, v-am g\u0103sit pe internet \u0219i am crezut c\u0103 m\u0103 pute\u021bi ajuta&#8230;\u201d V\u0103 rug\u0103m, direct la subiect. F\u0103r\u0103 introducere, la obiect. Sunt multe apeluri care doar irosesc timpul.<br>\nV\u0103 mul\u021bumim pentru \u00een\u021belegere.<\/p>\n\n\n\n<p>Ne pute\u021bi contacta pentru orice \u00eentreb\u0103ri la numerele de telefon de mai jos.<\/p>\n\n\n\n<p><span style=\"color: #993300;\"><strong>Numere de telefon:<\/strong><\/span><\/p>\n\n\n\n<p>\u00een Chi\u0219in\u0103u (Moldova)<br>\n<strong>Mobil:<\/strong> +373 67 666 333 (<strong><span style=\"color: #333399;\">Viber<\/span>, <span style=\"color: #008000;\">WhatsApp<\/span>,<span style=\"color: #3366ff;\"> Telegram<\/span><\/strong>)<\/p>\n\n\n\n<p><span style=\"color: #0000ff;\"><strong>Skype:<\/strong><\/span> muncacom<\/p>\n\n\n\n<p><span style=\"color: #993300;\"><strong>E-mail: <\/strong><\/span>apostille.document@gmail.com<\/p>\n","protected":false},"excerpt":{"rendered":"<p>Contacte &#8211; Consultan\u021b\u0103 juridic\u0103 Vrem s\u0103 men\u021bion\u0103m c\u0103 consulta\u021biile juridice sunt contra cost. Pentru cei care cred c\u0103 pot doar s\u0103 pun\u0103 o \u00eentrebare, v\u0103 rug\u0103m s\u0103 formula\u021bi clar \u00eentrebarea pentru a putea determina dac\u0103 putem r\u0103spunde imediat sau nu&#8230; \u00centreb\u0103ri de tipul: \u201eV\u0103 sun, v-am g\u0103sit pe internet \u0219i am crezut c\u0103 m\u0103 pute\u021bi &#8230; <a title=\"Contacte\" class=\"read-more\" href=\"https:\/\/bizmoldova.com\/ro\/contacte\/\" aria-label=\"Cite\u0219te mai multe despre Contacte\">Read more<\/a><\/p>\n","protected":false},"author":1,"featured_media":0,"parent":0,"menu_order":0,"comment_status":"closed","ping_status":"closed","template":"","meta":{"_acf_changed":false,"footnotes":""},"class_list":["post-69","page","type-page","status-publish"],"acf":[],"yoast_head":"<!-- This site is optimized with the Yoast SEO plugin v27.3 - https:\/\/yoast.com\/product\/yoast-seo-wordpress\/ -->\n<title>Contacte - Acte, Documente Moldova. Apostilare, Legalizare, Nostrificare, Traduceri<\/title>\n<meta name=\"robots\" content=\"index, follow, max-snippet:-1, max-image-preview:large, max-video-preview:-1\" \/>\n<link rel=\"canonical\" href=\"https:\/\/bizmoldova.com\/ro\/contacte\/\" \/>\n<meta property=\"og:locale\" content=\"ro_RO\" \/>\n<meta property=\"og:type\" content=\"article\" \/>\n<meta property=\"og:title\" content=\"Contacte - Acte, Documente Moldova. Apostilare, Legalizare, Nostrificare, Traduceri\" \/>\n<meta property=\"og:description\" content=\"Contacte &#8211; Consultan\u021b\u0103 juridic\u0103 Vrem s\u0103 men\u021bion\u0103m c\u0103 consulta\u021biile juridice sunt contra cost. Pentru cei care cred c\u0103 pot doar s\u0103 pun\u0103 o \u00eentrebare, v\u0103 rug\u0103m s\u0103 formula\u021bi clar \u00eentrebarea pentru a putea determina dac\u0103 putem r\u0103spunde imediat sau nu&#8230; \u00centreb\u0103ri de tipul: \u201eV\u0103 sun, v-am g\u0103sit pe internet \u0219i am crezut c\u0103 m\u0103 pute\u021bi ... Read more\" \/>\n<meta property=\"og:url\" content=\"https:\/\/bizmoldova.com\/ro\/contacte\/\" \/>\n<meta property=\"og:site_name\" content=\"Acte, Documente Moldova. Apostilare, Legalizare, Nostrificare, Traduceri\" \/>\n<meta property=\"article:modified_time\" content=\"2025-07-05T18:31:25+00:00\" \/>\n<meta name=\"twitter:card\" content=\"summary_large_image\" \/>\n<meta name=\"twitter:label1\" content=\"Timp estimat pentru citire\" \/>\n\t<meta name=\"twitter:data1\" content=\"1 minut\" \/>\n<script type=\"application\/ld+json\" class=\"yoast-schema-graph\">{\"@context\":\"https:\\\/\\\/schema.org\",\"@graph\":[{\"@type\":\"WebPage\",\"@id\":\"https:\\\/\\\/bizmoldova.com\\\/ro\\\/contacte\\\/\",\"url\":\"https:\\\/\\\/bizmoldova.com\\\/ro\\\/contacte\\\/\",\"name\":\"Contacte - Acte, Documente Moldova. Apostilare, Legalizare, Nostrificare, Traduceri\",\"isPartOf\":{\"@id\":\"https:\\\/\\\/bizmoldova.com\\\/ro\\\/#website\"},\"datePublished\":\"2024-10-02T17:08:13+00:00\",\"dateModified\":\"2025-07-05T18:31:25+00:00\",\"breadcrumb\":{\"@id\":\"https:\\\/\\\/bizmoldova.com\\\/ro\\\/contacte\\\/#breadcrumb\"},\"inLanguage\":\"ro-RO\",\"potentialAction\":[{\"@type\":\"ReadAction\",\"target\":[\"https:\\\/\\\/bizmoldova.com\\\/ro\\\/contacte\\\/\"]}]},{\"@type\":\"BreadcrumbList\",\"@id\":\"https:\\\/\\\/bizmoldova.com\\\/ro\\\/contacte\\\/#breadcrumb\",\"itemListElement\":[{\"@type\":\"ListItem\",\"position\":1,\"name\":\"Home\",\"item\":\"https:\\\/\\\/bizmoldova.com\\\/ro\\\/\"},{\"@type\":\"ListItem\",\"position\":2,\"name\":\"Contacte\"}]},{\"@type\":\"WebSite\",\"@id\":\"https:\\\/\\\/bizmoldova.com\\\/ro\\\/#website\",\"url\":\"https:\\\/\\\/bizmoldova.com\\\/ro\\\/\",\"name\":\"Acte, Documente Moldova. Apostilare, Legalizare, Nostrificare, Traduceri\",\"description\":\"Infiin\u021bare SRL. Acte, Documente, Apostila - Moldova\",\"potentialAction\":[{\"@type\":\"SearchAction\",\"target\":{\"@type\":\"EntryPoint\",\"urlTemplate\":\"https:\\\/\\\/bizmoldova.com\\\/ro\\\/?s={search_term_string}\"},\"query-input\":{\"@type\":\"PropertyValueSpecification\",\"valueRequired\":true,\"valueName\":\"search_term_string\"}}],\"inLanguage\":\"ro-RO\"}]}<\/script>\n<!-- \/ Yoast SEO plugin. -->","yoast_head_json":{"title":"Contacte - Acte, Documente Moldova. Apostilare, Legalizare, Nostrificare, Traduceri","robots":{"index":"index","follow":"follow","max-snippet":"max-snippet:-1","max-image-preview":"max-image-preview:large","max-video-preview":"max-video-preview:-1"},"canonical":"https:\/\/bizmoldova.com\/ro\/contacte\/","og_locale":"ro_RO","og_type":"article","og_title":"Contacte - Acte, Documente Moldova. Apostilare, Legalizare, Nostrificare, Traduceri","og_description":"Contacte &#8211; Consultan\u021b\u0103 juridic\u0103 Vrem s\u0103 men\u021bion\u0103m c\u0103 consulta\u021biile juridice sunt contra cost. Pentru cei care cred c\u0103 pot doar s\u0103 pun\u0103 o \u00eentrebare, v\u0103 rug\u0103m s\u0103 formula\u021bi clar \u00eentrebarea pentru a putea determina dac\u0103 putem r\u0103spunde imediat sau nu&#8230; \u00centreb\u0103ri de tipul: \u201eV\u0103 sun, v-am g\u0103sit pe internet \u0219i am crezut c\u0103 m\u0103 pute\u021bi ... Read more","og_url":"https:\/\/bizmoldova.com\/ro\/contacte\/","og_site_name":"Acte, Documente Moldova. Apostilare, Legalizare, Nostrificare, Traduceri","article_modified_time":"2025-07-05T18:31:25+00:00","twitter_card":"summary_large_image","twitter_misc":{"Timp estimat pentru citire":"1 minut"},"schema":{"@context":"https:\/\/schema.org","@graph":[{"@type":"WebPage","@id":"https:\/\/bizmoldova.com\/ro\/contacte\/","url":"https:\/\/bizmoldova.com\/ro\/contacte\/","name":"Contacte - Acte, Documente Moldova. Apostilare, Legalizare, Nostrificare, Traduceri","isPartOf":{"@id":"https:\/\/bizmoldova.com\/ro\/#website"},"datePublished":"2024-10-02T17:08:13+00:00","dateModified":"2025-07-05T18:31:25+00:00","breadcrumb":{"@id":"https:\/\/bizmoldova.com\/ro\/contacte\/#breadcrumb"},"inLanguage":"ro-RO","potentialAction":[{"@type":"ReadAction","target":["https:\/\/bizmoldova.com\/ro\/contacte\/"]}]},{"@type":"BreadcrumbList","@id":"https:\/\/bizmoldova.com\/ro\/contacte\/#breadcrumb","itemListElement":[{"@type":"ListItem","position":1,"name":"Home","item":"https:\/\/bizmoldova.com\/ro\/"},{"@type":"ListItem","position":2,"name":"Contacte"}]},{"@type":"WebSite","@id":"https:\/\/bizmoldova.com\/ro\/#website","url":"https:\/\/bizmoldova.com\/ro\/","name":"Acte, Documente Moldova. Apostilare, Legalizare, Nostrificare, Traduceri","description":"Infiin\u021bare SRL. Acte, Documente, Apostila - Moldova","potentialAction":[{"@type":"SearchAction","target":{"@type":"EntryPoint","urlTemplate":"https:\/\/bizmoldova.com\/ro\/?s={search_term_string}"},"query-input":{"@type":"PropertyValueSpecification","valueRequired":true,"valueName":"search_term_string"}}],"inLanguage":"ro-RO"}]}},"_links":{"self":[{"href":"https:\/\/bizmoldova.com\/ro\/wp-json\/wp\/v2\/pages\/69","targetHints":{"allow":["GET"]}}],"collection":[{"href":"https:\/\/bizmoldova.com\/ro\/wp-json\/wp\/v2\/pages"}],"about":[{"href":"https:\/\/bizmoldova.com\/ro\/wp-json\/wp\/v2\/types\/page"}],"author":[{"embeddable":true,"href":"https:\/\/bizmoldova.com\/ro\/wp-json\/wp\/v2\/users\/1"}],"replies":[{"embeddable":true,"href":"https:\/\/bizmoldova.com\/ro\/wp-json\/wp\/v2\/comments?post=69"}],"version-history":[{"count":2,"href":"https:\/\/bizmoldova.com\/ro\/wp-json\/wp\/v2\/pages\/69\/revisions"}],"predecessor-version":[{"id":76,"href":"https:\/\/bizmoldova.com\/ro\/wp-json\/wp\/v2\/pages\/69\/revisions\/76"}],"wp:attachment":[{"href":"https:\/\/bizmoldova.com\/ro\/wp-json\/wp\/v2\/media?parent=69"}],"curies":[{"name":"wp","href":"https:\/\/api.w.org\/{rel}","templated":true}]}}