{"id":5,"date":"2024-09-21T18:38:52","date_gmt":"2024-09-21T18:38:52","guid":{"rendered":"https:\/\/bizmoldova.com\/ro\/?page_id=5"},"modified":"2024-09-21T18:38:53","modified_gmt":"2024-09-21T18:38:53","slug":"apostila-in-tarile-csi","status":"publish","type":"page","link":"https:\/\/bizmoldova.com\/ro\/apostila-in-tarile-csi\/","title":{"rendered":"Apostila \u00een \u021b\u0103rile CSI"},"content":{"rendered":"\n<p><strong>Este necesar\u0103 o apostil\u0103 sau legalizare dac\u0103 un document (certificat de na\u0219tere, certificat de c\u0103s\u0103torie, diplom\u0103, etc.) trebuie prezentat \u00eentr-una dintre \u021b\u0103rile CSI, iar documentul a fost emis tot \u00eentr-una dintre \u021b\u0103rile CSI?<\/strong><\/p>\n\n\n\n<p>Conform Conven\u021biei de la Minsk, semnat\u0103 pe 22 ianuarie 1993, documentele emise \u00eentr-o \u021bar\u0103 CSI \u0219i prezentate \u00een alt\u0103 \u021bar\u0103 CSI nu necesit\u0103 apostil\u0103 sau legalizare.<\/p>\n\n\n\n<p>Singura cerin\u021b\u0103 este ca documentele s\u0103 fi fost emise \u00eentr-o \u021bar\u0103 CSI \u0219i nu \u00een perioada Uniunii Sovietice. Cu alte cuvinte, documentul trebuie s\u0103 fie dintr-un format nou.<\/p>\n\n\n\n<p>O alt\u0103 cerin\u021b\u0103 se refer\u0103 la diplome \u0219i certificate. Acestea sunt acceptate doar dup\u0103 procedura de nostrificare, ceea ce \u00eenseamn\u0103 c\u0103 diplomele \u0219i certificatele trebuie s\u0103 fie validate de ministerele competente \u00eenainte de a fi prezentate \u00eentr-una dintre \u021b\u0103rile CSI.<\/p>\n\n\n\n<p>Este frecvent ca func\u021bionarii s\u0103 cread\u0103 \u00een mod eronat c\u0103, deoarece o \u021bar\u0103 face parte din Conven\u021bia de la Haga privind apostila, apostila este obligatorie. Unii func\u021bionari nu sunt informa\u021bi despre Conven\u021bia de la Minsk \u2014 \u201eConven\u021bia privind asisten\u021ba juridic\u0103 \u0219i rela\u021biile juridice \u00een materie civil\u0103, familial\u0103 \u0219i penal\u0103\u201d.<\/p>\n\n\n\n<p><strong>Lista \u021b\u0103rilor CSI:<\/strong><\/p>\n\n\n\n<p>Azerbaidjan, Armenia, Belarus, Kazahstan, K\u00e2rg\u00e2zstan, Moldova, Rusia, Tadjikistan, Turkmenistan, Uzbekistan, Ucraina.<\/p>\n\n\n\n<p><strong>Ce trebuie f\u0103cut dac\u0103 \u00eentr-una dintre \u021b\u0103rile CSI se cere apostil\u0103 pentru un document din alt\u0103 \u021bar\u0103 CSI?<\/strong><\/p>\n\n\n\n<p>Face\u021bi referire la <strong>Conven\u021bia de la Minsk<\/strong>, semnat\u0103 pe 22 ianuarie 1993. Mul\u021bi func\u021bionari nu au auzit de aceasta \u0219i acord\u0103 aten\u021bie doar listei \u021b\u0103rilor care fac parte din Conven\u021bia privind Apostila.<\/p>\n\n\n\n<p><strong>Este necesar s\u0103 prezenta\u021bi documente \u00een format nou, emise dup\u0103 independen\u021ba \u021b\u0103rii mele, \u00een alte \u021b\u0103ri CSI?<\/strong><\/p>\n\n\n\n<p>Da, aceast\u0103 cerin\u021b\u0103 exist\u0103 \u00een majoritatea \u021b\u0103rilor CSI. Este recomandat s\u0103 nu a\u0219tepta\u021bi \u0219i s\u0103 v\u0103 actualiza\u021bi documentele la noul format din timp. Dac\u0103 este necesar, de exemplu, pentru o c\u0103l\u0103torie \u00een str\u0103in\u0103tate, pute\u021bi pur \u0219i simplu trimite aceste documente actualizate c\u0103tre biroul nostru pentru a ob\u021bine apostila.<\/p>\n","protected":false},"excerpt":{"rendered":"<p>Este necesar\u0103 o apostil\u0103 sau legalizare dac\u0103 un document (certificat de na\u0219tere, certificat de c\u0103s\u0103torie, diplom\u0103, etc.) trebuie prezentat \u00eentr-una dintre \u021b\u0103rile CSI, iar documentul a fost emis tot \u00eentr-una dintre \u021b\u0103rile CSI? Conform Conven\u021biei de la Minsk, semnat\u0103 pe 22 ianuarie 1993, documentele emise \u00eentr-o \u021bar\u0103 CSI \u0219i prezentate \u00een alt\u0103 \u021bar\u0103 CSI nu &#8230; <a title=\"Apostila \u00een \u021b\u0103rile CSI\" class=\"read-more\" href=\"https:\/\/bizmoldova.com\/ro\/apostila-in-tarile-csi\/\" aria-label=\"Cite\u0219te mai multe despre Apostila \u00een \u021b\u0103rile CSI\">Read more<\/a><\/p>\n","protected":false},"author":1,"featured_media":0,"parent":0,"menu_order":0,"comment_status":"closed","ping_status":"closed","template":"","meta":{"_acf_changed":false,"footnotes":""},"class_list":["post-5","page","type-page","status-publish"],"acf":[],"yoast_head":"<!-- This site is optimized with the Yoast SEO plugin v27.4 - https:\/\/yoast.com\/product\/yoast-seo-wordpress\/ -->\n<title>Apostila \u00een \u021b\u0103rile CSI - Acte, Documente Moldova. Apostilare, Legalizare, Nostrificare, Traduceri<\/title>\n<meta name=\"robots\" content=\"index, follow, max-snippet:-1, max-image-preview:large, max-video-preview:-1\" \/>\n<link rel=\"canonical\" href=\"https:\/\/bizmoldova.com\/ro\/apostila-in-tarile-csi\/\" \/>\n<meta property=\"og:locale\" content=\"ro_RO\" \/>\n<meta property=\"og:type\" content=\"article\" \/>\n<meta property=\"og:title\" content=\"Apostila \u00een \u021b\u0103rile CSI - Acte, Documente Moldova. Apostilare, Legalizare, Nostrificare, Traduceri\" \/>\n<meta property=\"og:description\" content=\"Este necesar\u0103 o apostil\u0103 sau legalizare dac\u0103 un document (certificat de na\u0219tere, certificat de c\u0103s\u0103torie, diplom\u0103, etc.) trebuie prezentat \u00eentr-una dintre \u021b\u0103rile CSI, iar documentul a fost emis tot \u00eentr-una dintre \u021b\u0103rile CSI? Conform Conven\u021biei de la Minsk, semnat\u0103 pe 22 ianuarie 1993, documentele emise \u00eentr-o \u021bar\u0103 CSI \u0219i prezentate \u00een alt\u0103 \u021bar\u0103 CSI nu ... Read more\" \/>\n<meta property=\"og:url\" content=\"https:\/\/bizmoldova.com\/ro\/apostila-in-tarile-csi\/\" \/>\n<meta property=\"og:site_name\" content=\"Acte, Documente Moldova. Apostilare, Legalizare, Nostrificare, Traduceri\" \/>\n<meta property=\"article:modified_time\" content=\"2024-09-21T18:38:53+00:00\" \/>\n<meta name=\"twitter:card\" content=\"summary_large_image\" \/>\n<meta name=\"twitter:label1\" content=\"Timp estimat pentru citire\" \/>\n\t<meta name=\"twitter:data1\" content=\"2 minute\" \/>\n<script type=\"application\/ld+json\" class=\"yoast-schema-graph\">{\"@context\":\"https:\\\/\\\/schema.org\",\"@graph\":[{\"@type\":\"WebPage\",\"@id\":\"https:\\\/\\\/bizmoldova.com\\\/ro\\\/apostila-in-tarile-csi\\\/\",\"url\":\"https:\\\/\\\/bizmoldova.com\\\/ro\\\/apostila-in-tarile-csi\\\/\",\"name\":\"Apostila \u00een \u021b\u0103rile CSI - Acte, Documente Moldova. Apostilare, Legalizare, Nostrificare, Traduceri\",\"isPartOf\":{\"@id\":\"https:\\\/\\\/bizmoldova.com\\\/ro\\\/#website\"},\"datePublished\":\"2024-09-21T18:38:52+00:00\",\"dateModified\":\"2024-09-21T18:38:53+00:00\",\"breadcrumb\":{\"@id\":\"https:\\\/\\\/bizmoldova.com\\\/ro\\\/apostila-in-tarile-csi\\\/#breadcrumb\"},\"inLanguage\":\"ro-RO\",\"potentialAction\":[{\"@type\":\"ReadAction\",\"target\":[\"https:\\\/\\\/bizmoldova.com\\\/ro\\\/apostila-in-tarile-csi\\\/\"]}]},{\"@type\":\"BreadcrumbList\",\"@id\":\"https:\\\/\\\/bizmoldova.com\\\/ro\\\/apostila-in-tarile-csi\\\/#breadcrumb\",\"itemListElement\":[{\"@type\":\"ListItem\",\"position\":1,\"name\":\"Home\",\"item\":\"https:\\\/\\\/bizmoldova.com\\\/ro\\\/\"},{\"@type\":\"ListItem\",\"position\":2,\"name\":\"Apostila \u00een \u021b\u0103rile CSI\"}]},{\"@type\":\"WebSite\",\"@id\":\"https:\\\/\\\/bizmoldova.com\\\/ro\\\/#website\",\"url\":\"https:\\\/\\\/bizmoldova.com\\\/ro\\\/\",\"name\":\"Acte, Documente Moldova. Apostilare, Legalizare, Nostrificare, Traduceri\",\"description\":\"Infiin\u021bare SRL. Acte, Documente, Apostila - Moldova\",\"potentialAction\":[{\"@type\":\"SearchAction\",\"target\":{\"@type\":\"EntryPoint\",\"urlTemplate\":\"https:\\\/\\\/bizmoldova.com\\\/ro\\\/?s={search_term_string}\"},\"query-input\":{\"@type\":\"PropertyValueSpecification\",\"valueRequired\":true,\"valueName\":\"search_term_string\"}}],\"inLanguage\":\"ro-RO\"}]}<\/script>\n<!-- \/ Yoast SEO plugin. -->","yoast_head_json":{"title":"Apostila \u00een \u021b\u0103rile CSI - Acte, Documente Moldova. Apostilare, Legalizare, Nostrificare, Traduceri","robots":{"index":"index","follow":"follow","max-snippet":"max-snippet:-1","max-image-preview":"max-image-preview:large","max-video-preview":"max-video-preview:-1"},"canonical":"https:\/\/bizmoldova.com\/ro\/apostila-in-tarile-csi\/","og_locale":"ro_RO","og_type":"article","og_title":"Apostila \u00een \u021b\u0103rile CSI - Acte, Documente Moldova. Apostilare, Legalizare, Nostrificare, Traduceri","og_description":"Este necesar\u0103 o apostil\u0103 sau legalizare dac\u0103 un document (certificat de na\u0219tere, certificat de c\u0103s\u0103torie, diplom\u0103, etc.) trebuie prezentat \u00eentr-una dintre \u021b\u0103rile CSI, iar documentul a fost emis tot \u00eentr-una dintre \u021b\u0103rile CSI? Conform Conven\u021biei de la Minsk, semnat\u0103 pe 22 ianuarie 1993, documentele emise \u00eentr-o \u021bar\u0103 CSI \u0219i prezentate \u00een alt\u0103 \u021bar\u0103 CSI nu ... Read more","og_url":"https:\/\/bizmoldova.com\/ro\/apostila-in-tarile-csi\/","og_site_name":"Acte, Documente Moldova. Apostilare, Legalizare, Nostrificare, Traduceri","article_modified_time":"2024-09-21T18:38:53+00:00","twitter_card":"summary_large_image","twitter_misc":{"Timp estimat pentru citire":"2 minute"},"schema":{"@context":"https:\/\/schema.org","@graph":[{"@type":"WebPage","@id":"https:\/\/bizmoldova.com\/ro\/apostila-in-tarile-csi\/","url":"https:\/\/bizmoldova.com\/ro\/apostila-in-tarile-csi\/","name":"Apostila \u00een \u021b\u0103rile CSI - Acte, Documente Moldova. Apostilare, Legalizare, Nostrificare, Traduceri","isPartOf":{"@id":"https:\/\/bizmoldova.com\/ro\/#website"},"datePublished":"2024-09-21T18:38:52+00:00","dateModified":"2024-09-21T18:38:53+00:00","breadcrumb":{"@id":"https:\/\/bizmoldova.com\/ro\/apostila-in-tarile-csi\/#breadcrumb"},"inLanguage":"ro-RO","potentialAction":[{"@type":"ReadAction","target":["https:\/\/bizmoldova.com\/ro\/apostila-in-tarile-csi\/"]}]},{"@type":"BreadcrumbList","@id":"https:\/\/bizmoldova.com\/ro\/apostila-in-tarile-csi\/#breadcrumb","itemListElement":[{"@type":"ListItem","position":1,"name":"Home","item":"https:\/\/bizmoldova.com\/ro\/"},{"@type":"ListItem","position":2,"name":"Apostila \u00een \u021b\u0103rile CSI"}]},{"@type":"WebSite","@id":"https:\/\/bizmoldova.com\/ro\/#website","url":"https:\/\/bizmoldova.com\/ro\/","name":"Acte, Documente Moldova. Apostilare, Legalizare, Nostrificare, Traduceri","description":"Infiin\u021bare SRL. Acte, Documente, Apostila - Moldova","potentialAction":[{"@type":"SearchAction","target":{"@type":"EntryPoint","urlTemplate":"https:\/\/bizmoldova.com\/ro\/?s={search_term_string}"},"query-input":{"@type":"PropertyValueSpecification","valueRequired":true,"valueName":"search_term_string"}}],"inLanguage":"ro-RO"}]}},"_links":{"self":[{"href":"https:\/\/bizmoldova.com\/ro\/wp-json\/wp\/v2\/pages\/5","targetHints":{"allow":["GET"]}}],"collection":[{"href":"https:\/\/bizmoldova.com\/ro\/wp-json\/wp\/v2\/pages"}],"about":[{"href":"https:\/\/bizmoldova.com\/ro\/wp-json\/wp\/v2\/types\/page"}],"author":[{"embeddable":true,"href":"https:\/\/bizmoldova.com\/ro\/wp-json\/wp\/v2\/users\/1"}],"replies":[{"embeddable":true,"href":"https:\/\/bizmoldova.com\/ro\/wp-json\/wp\/v2\/comments?post=5"}],"version-history":[{"count":1,"href":"https:\/\/bizmoldova.com\/ro\/wp-json\/wp\/v2\/pages\/5\/revisions"}],"predecessor-version":[{"id":6,"href":"https:\/\/bizmoldova.com\/ro\/wp-json\/wp\/v2\/pages\/5\/revisions\/6"}],"wp:attachment":[{"href":"https:\/\/bizmoldova.com\/ro\/wp-json\/wp\/v2\/media?parent=5"}],"curies":[{"name":"wp","href":"https:\/\/api.w.org\/{rel}","templated":true}]}}