{"id":41,"date":"2024-09-30T17:58:15","date_gmt":"2024-09-30T17:58:15","guid":{"rendered":"https:\/\/bizmoldova.com\/ro\/?page_id=41"},"modified":"2024-09-30T17:58:16","modified_gmt":"2024-09-30T17:58:16","slug":"vama-moldovei-deschiderea-dosarului-inregistrare","status":"publish","type":"page","link":"https:\/\/bizmoldova.com\/ro\/vama-moldovei-deschiderea-dosarului-inregistrare\/","title":{"rendered":"Vama Moldovei. Deschiderea dosarului. \u00cenregistrare"},"content":{"rendered":"<p>Here\u2019s the translation of your text into Romanian:<\/p>\n\n\n<p>Ajut\u0103m \u00eentreprinderile moldovene\u0219ti \u0219i cele de pe malul st\u00e2ng al Nistrului s\u0103 deschid\u0103 un dosar vamal \u00een Republica Moldova.<\/p>\n\n\n\n<h3 class=\"wp-block-heading\">De ce au nevoie \u00eentreprinderile din Moldova \u0219i de pe malul st\u00e2ng al Nistrului de deschiderea unui dosar vamal \u00een Republica Moldova?<\/h3>\n\n\n\n<p>Conform legisla\u021biei actuale, trecerea frontierelor de m\u0103rfuri poate fi efectuat\u0103 doar de agen\u021bi comerciali care sunt \u00eenregistra\u021bi corespunz\u0103tor.<\/p>\n\n\n\n<h3 class=\"wp-block-heading\">Serviciile noastre includ:<\/h3>\n\n\n\n<p><strong>Furnizarea unei liste de documente<\/strong>:<\/p>\n\n\n\n<ul class=\"wp-block-list\">\n<li>Furniz\u0103m o list\u0103 complet\u0103 a documentelor necesare pentru \u00eenregistrarea la vam\u0103 \u00een Moldova, precum \u0219i modele ale acestor documente.<\/li>\n<\/ul>\n\n\n\n<p><strong>\u00cenregistrarea \u00eentreprinderii<\/strong>:<\/p>\n\n\n\n<ul class=\"wp-block-list\">\n<li>Dup\u0103 primirea documentelor necesare, \u00eenregistr\u0103m \u00eentreprinderea din Moldova sau de pe malul st\u00e2ng al Nistrului (PMR &#8211; Tiraspol, Bender, Dub\u0103sari, R\u00eebni\u021ba, Dnestrovsc etc.) la vam\u0103.<\/li>\n<\/ul>\n\n\n\n<p><strong>Corectarea erorilor<\/strong>:<\/p>\n\n\n\n<ul class=\"wp-block-list\">\n<li>Foarte des ne contacteaz\u0103 antreprenori care \u0219i-au \u00eenregistrat deja firmele (de pe malul st\u00e2ng al Nistrului) la vam\u0103, dar au comis numeroase erori. Serviciile de corectare a acestor erori sunt mult mai scumpe dec\u00e2t \u00eenregistrarea corect\u0103 \u0219i deschiderea unui dosar vamal de c\u0103tre avoca\u021bi profesioni\u0219ti.<\/li>\n<\/ul>\n\n\n\n<p><strong>Conectarea cu un broker vamal<\/strong>:<\/p>\n\n\n\n<ul class=\"wp-block-list\">\n<li>Dup\u0103 \u00eenregistrare, v\u0103 conect\u0103m cu un broker vamal competent pentru a rezolva diverse probleme la vam\u0103.<\/li>\n<\/ul>\n","protected":false},"excerpt":{"rendered":"<p>Here\u2019s the translation of your text into Romanian: Ajut\u0103m \u00eentreprinderile moldovene\u0219ti \u0219i cele de pe malul st\u00e2ng al Nistrului s\u0103 deschid\u0103 un dosar vamal \u00een Republica Moldova. De ce au nevoie \u00eentreprinderile din Moldova \u0219i de pe malul st\u00e2ng al Nistrului de deschiderea unui dosar vamal \u00een Republica Moldova? Conform legisla\u021biei actuale, trecerea frontierelor de &#8230; <a title=\"Vama Moldovei. Deschiderea dosarului. \u00cenregistrare\" class=\"read-more\" href=\"https:\/\/bizmoldova.com\/ro\/vama-moldovei-deschiderea-dosarului-inregistrare\/\" aria-label=\"Cite\u0219te mai multe despre Vama Moldovei. Deschiderea dosarului. \u00cenregistrare\">Read more<\/a><\/p>\n","protected":false},"author":1,"featured_media":0,"parent":0,"menu_order":0,"comment_status":"closed","ping_status":"closed","template":"","meta":{"_acf_changed":false,"footnotes":""},"class_list":["post-41","page","type-page","status-publish"],"acf":[],"yoast_head":"<!-- This site is optimized with the Yoast SEO plugin v27.3 - https:\/\/yoast.com\/product\/yoast-seo-wordpress\/ -->\n<title>Vama Moldovei. Deschiderea dosarului. \u00cenregistrare - Acte, Documente Moldova. Apostilare, Legalizare, Nostrificare, Traduceri<\/title>\n<meta name=\"robots\" content=\"index, follow, max-snippet:-1, max-image-preview:large, max-video-preview:-1\" \/>\n<link rel=\"canonical\" href=\"https:\/\/bizmoldova.com\/ro\/vama-moldovei-deschiderea-dosarului-inregistrare\/\" \/>\n<meta property=\"og:locale\" content=\"ro_RO\" \/>\n<meta property=\"og:type\" content=\"article\" \/>\n<meta property=\"og:title\" content=\"Vama Moldovei. Deschiderea dosarului. \u00cenregistrare - Acte, Documente Moldova. Apostilare, Legalizare, Nostrificare, Traduceri\" \/>\n<meta property=\"og:description\" content=\"Here\u2019s the translation of your text into Romanian: Ajut\u0103m \u00eentreprinderile moldovene\u0219ti \u0219i cele de pe malul st\u00e2ng al Nistrului s\u0103 deschid\u0103 un dosar vamal \u00een Republica Moldova. De ce au nevoie \u00eentreprinderile din Moldova \u0219i de pe malul st\u00e2ng al Nistrului de deschiderea unui dosar vamal \u00een Republica Moldova? Conform legisla\u021biei actuale, trecerea frontierelor de ... Read more\" \/>\n<meta property=\"og:url\" content=\"https:\/\/bizmoldova.com\/ro\/vama-moldovei-deschiderea-dosarului-inregistrare\/\" \/>\n<meta property=\"og:site_name\" content=\"Acte, Documente Moldova. Apostilare, Legalizare, Nostrificare, Traduceri\" \/>\n<meta property=\"article:modified_time\" content=\"2024-09-30T17:58:16+00:00\" \/>\n<meta name=\"twitter:card\" content=\"summary_large_image\" \/>\n<meta name=\"twitter:label1\" content=\"Timp estimat pentru citire\" \/>\n\t<meta name=\"twitter:data1\" content=\"2 minute\" \/>\n<script type=\"application\/ld+json\" class=\"yoast-schema-graph\">{\"@context\":\"https:\\\/\\\/schema.org\",\"@graph\":[{\"@type\":\"WebPage\",\"@id\":\"https:\\\/\\\/bizmoldova.com\\\/ro\\\/vama-moldovei-deschiderea-dosarului-inregistrare\\\/\",\"url\":\"https:\\\/\\\/bizmoldova.com\\\/ro\\\/vama-moldovei-deschiderea-dosarului-inregistrare\\\/\",\"name\":\"Vama Moldovei. Deschiderea dosarului. \u00cenregistrare - Acte, Documente Moldova. Apostilare, Legalizare, Nostrificare, Traduceri\",\"isPartOf\":{\"@id\":\"https:\\\/\\\/bizmoldova.com\\\/ro\\\/#website\"},\"datePublished\":\"2024-09-30T17:58:15+00:00\",\"dateModified\":\"2024-09-30T17:58:16+00:00\",\"breadcrumb\":{\"@id\":\"https:\\\/\\\/bizmoldova.com\\\/ro\\\/vama-moldovei-deschiderea-dosarului-inregistrare\\\/#breadcrumb\"},\"inLanguage\":\"ro-RO\",\"potentialAction\":[{\"@type\":\"ReadAction\",\"target\":[\"https:\\\/\\\/bizmoldova.com\\\/ro\\\/vama-moldovei-deschiderea-dosarului-inregistrare\\\/\"]}]},{\"@type\":\"BreadcrumbList\",\"@id\":\"https:\\\/\\\/bizmoldova.com\\\/ro\\\/vama-moldovei-deschiderea-dosarului-inregistrare\\\/#breadcrumb\",\"itemListElement\":[{\"@type\":\"ListItem\",\"position\":1,\"name\":\"Home\",\"item\":\"https:\\\/\\\/bizmoldova.com\\\/ro\\\/\"},{\"@type\":\"ListItem\",\"position\":2,\"name\":\"Vama Moldovei. Deschiderea dosarului. \u00cenregistrare\"}]},{\"@type\":\"WebSite\",\"@id\":\"https:\\\/\\\/bizmoldova.com\\\/ro\\\/#website\",\"url\":\"https:\\\/\\\/bizmoldova.com\\\/ro\\\/\",\"name\":\"Acte, Documente Moldova. Apostilare, Legalizare, Nostrificare, Traduceri\",\"description\":\"Infiin\u021bare SRL. Acte, Documente, Apostila - Moldova\",\"potentialAction\":[{\"@type\":\"SearchAction\",\"target\":{\"@type\":\"EntryPoint\",\"urlTemplate\":\"https:\\\/\\\/bizmoldova.com\\\/ro\\\/?s={search_term_string}\"},\"query-input\":{\"@type\":\"PropertyValueSpecification\",\"valueRequired\":true,\"valueName\":\"search_term_string\"}}],\"inLanguage\":\"ro-RO\"}]}<\/script>\n<!-- \/ Yoast SEO plugin. -->","yoast_head_json":{"title":"Vama Moldovei. Deschiderea dosarului. \u00cenregistrare - Acte, Documente Moldova. Apostilare, Legalizare, Nostrificare, Traduceri","robots":{"index":"index","follow":"follow","max-snippet":"max-snippet:-1","max-image-preview":"max-image-preview:large","max-video-preview":"max-video-preview:-1"},"canonical":"https:\/\/bizmoldova.com\/ro\/vama-moldovei-deschiderea-dosarului-inregistrare\/","og_locale":"ro_RO","og_type":"article","og_title":"Vama Moldovei. Deschiderea dosarului. \u00cenregistrare - Acte, Documente Moldova. Apostilare, Legalizare, Nostrificare, Traduceri","og_description":"Here\u2019s the translation of your text into Romanian: Ajut\u0103m \u00eentreprinderile moldovene\u0219ti \u0219i cele de pe malul st\u00e2ng al Nistrului s\u0103 deschid\u0103 un dosar vamal \u00een Republica Moldova. De ce au nevoie \u00eentreprinderile din Moldova \u0219i de pe malul st\u00e2ng al Nistrului de deschiderea unui dosar vamal \u00een Republica Moldova? Conform legisla\u021biei actuale, trecerea frontierelor de ... Read more","og_url":"https:\/\/bizmoldova.com\/ro\/vama-moldovei-deschiderea-dosarului-inregistrare\/","og_site_name":"Acte, Documente Moldova. Apostilare, Legalizare, Nostrificare, Traduceri","article_modified_time":"2024-09-30T17:58:16+00:00","twitter_card":"summary_large_image","twitter_misc":{"Timp estimat pentru citire":"2 minute"},"schema":{"@context":"https:\/\/schema.org","@graph":[{"@type":"WebPage","@id":"https:\/\/bizmoldova.com\/ro\/vama-moldovei-deschiderea-dosarului-inregistrare\/","url":"https:\/\/bizmoldova.com\/ro\/vama-moldovei-deschiderea-dosarului-inregistrare\/","name":"Vama Moldovei. Deschiderea dosarului. \u00cenregistrare - Acte, Documente Moldova. Apostilare, Legalizare, Nostrificare, Traduceri","isPartOf":{"@id":"https:\/\/bizmoldova.com\/ro\/#website"},"datePublished":"2024-09-30T17:58:15+00:00","dateModified":"2024-09-30T17:58:16+00:00","breadcrumb":{"@id":"https:\/\/bizmoldova.com\/ro\/vama-moldovei-deschiderea-dosarului-inregistrare\/#breadcrumb"},"inLanguage":"ro-RO","potentialAction":[{"@type":"ReadAction","target":["https:\/\/bizmoldova.com\/ro\/vama-moldovei-deschiderea-dosarului-inregistrare\/"]}]},{"@type":"BreadcrumbList","@id":"https:\/\/bizmoldova.com\/ro\/vama-moldovei-deschiderea-dosarului-inregistrare\/#breadcrumb","itemListElement":[{"@type":"ListItem","position":1,"name":"Home","item":"https:\/\/bizmoldova.com\/ro\/"},{"@type":"ListItem","position":2,"name":"Vama Moldovei. Deschiderea dosarului. \u00cenregistrare"}]},{"@type":"WebSite","@id":"https:\/\/bizmoldova.com\/ro\/#website","url":"https:\/\/bizmoldova.com\/ro\/","name":"Acte, Documente Moldova. Apostilare, Legalizare, Nostrificare, Traduceri","description":"Infiin\u021bare SRL. Acte, Documente, Apostila - Moldova","potentialAction":[{"@type":"SearchAction","target":{"@type":"EntryPoint","urlTemplate":"https:\/\/bizmoldova.com\/ro\/?s={search_term_string}"},"query-input":{"@type":"PropertyValueSpecification","valueRequired":true,"valueName":"search_term_string"}}],"inLanguage":"ro-RO"}]}},"_links":{"self":[{"href":"https:\/\/bizmoldova.com\/ro\/wp-json\/wp\/v2\/pages\/41","targetHints":{"allow":["GET"]}}],"collection":[{"href":"https:\/\/bizmoldova.com\/ro\/wp-json\/wp\/v2\/pages"}],"about":[{"href":"https:\/\/bizmoldova.com\/ro\/wp-json\/wp\/v2\/types\/page"}],"author":[{"embeddable":true,"href":"https:\/\/bizmoldova.com\/ro\/wp-json\/wp\/v2\/users\/1"}],"replies":[{"embeddable":true,"href":"https:\/\/bizmoldova.com\/ro\/wp-json\/wp\/v2\/comments?post=41"}],"version-history":[{"count":1,"href":"https:\/\/bizmoldova.com\/ro\/wp-json\/wp\/v2\/pages\/41\/revisions"}],"predecessor-version":[{"id":42,"href":"https:\/\/bizmoldova.com\/ro\/wp-json\/wp\/v2\/pages\/41\/revisions\/42"}],"wp:attachment":[{"href":"https:\/\/bizmoldova.com\/ro\/wp-json\/wp\/v2\/media?parent=41"}],"curies":[{"name":"wp","href":"https:\/\/api.w.org\/{rel}","templated":true}]}}