{"id":39,"date":"2024-09-30T09:15:13","date_gmt":"2024-09-30T09:15:13","guid":{"rendered":"https:\/\/bizmoldova.com\/ro\/?page_id=39"},"modified":"2024-09-30T09:15:14","modified_gmt":"2024-09-30T09:15:14","slug":"documente-acte","status":"publish","type":"page","link":"https:\/\/bizmoldova.com\/ro\/documente-acte\/","title":{"rendered":"Documente. Acte"},"content":{"rendered":"<h2>Ob\u021binerea documentelor prin procur\u0103<\/h2>\n<p>Afacerea noastr\u0103 v\u0103 ofer\u0103 servicii pentru ob\u021binerea documentelor prin procur\u0103. Pute\u021bi comanda orice document \u00een mod legal (prin procur\u0103), cu excep\u021bia pa\u0219apoartelor \u0219i a c\u0103r\u021bilor de identitate, precum \u0219i a permiselor de conducere. Serviciile noastre sunt \u00een principal solicitate de cet\u0103\u021benii Moldovei \u0219i ai altor \u021b\u0103ri care se afl\u0103 \u00een str\u0103in\u0103tate.<\/p>\n<p>Pute\u021bi ob\u021bine orice document de interes de la autorit\u0103\u021bile de stat ale Republicii Moldova, f\u0103r\u0103 a veni \u00een \u021bar\u0103.<\/p>\n<p>Tot ce ave\u021bi nevoie este o procur\u0103 \u0219i un contract cu noi. Procurile pentru cet\u0103\u021benii CSI trebuie s\u0103 fie realizate la orice notar. Pute\u021bi solicita textul procurii trimi\u021b\u00e2ndu-ne o cerere prin formularul de mai jos.<\/p>\n<p>Pentru persoanele rezidente \u00een \u021b\u0103rile europene care fac parte din Apostil\u0103 <a title=\"Apostila. Lista \u021b\u0103rilor participante\" href=\"http:\/\/ru.wikipedia.org\/wiki\/%D0%93%D0%B0%D0%B0%D0%B3%D1%81%D0%BA%D0%B0%D1%8F_%D0%BA%D0%BE%D0%BD%D0%B2%D0%B5%D0%BD%D1%86%D0%B8%D1%8F_(1961)\" target=\"_blank\" rel=\"noopener\">(Conven\u021bia de la Haga care abole\u0219te cerin\u021ba de legalizare a documentelor oficiale str\u0103ine, din 5 octombrie 1961)<\/a>, procura trebuie s\u0103 fie \u00eentocmit\u0103 cu apostil\u0103 fie la un notar, fie f\u0103r\u0103 apostil\u0103 la cel mai apropiat consulat al Republicii Moldova. Pute\u021bi solicita textul procurii trimi\u021b\u00e2ndu-ne o cerere prin formularul de mai jos.<\/p>\n<p>Ce documente pute\u021bi ob\u021bine prin noi \u00een limba moldoveneasc\u0103, cu traducere notarial\u0103:<br \/>\n<strong>Certificat de na\u0219tere,<\/strong><br \/>\n<strong>Certificat de c\u0103s\u0103torie,<\/strong><br \/>\n<strong>Certificat de divor\u021b,<\/strong><br \/>\n<strong>Certificat de deces,<\/strong><br \/>\n<strong>Certificat de schimbare a numelui,<\/strong><br \/>\n<strong>Certificat de capacitate matrimonial\u0103 (certificat de ne\u00eempiedicare),<\/strong><br \/>\n<strong>Certificat de stare civil\u0103 (certificat de neavere c\u0103s\u0103torie),<\/strong><br \/>\n<strong>&#8211; \u00een Chi\u0219in\u0103u \u0219i \u00een oficiile de stare civil\u0103 din raioane<\/strong><\/p>\n<p><strong>Certificat de cazier judiciar (certificat de nevinov\u0103\u021bie, cazier judiciar)<\/strong><br \/>\n<strong>&#8211; \u00een Ministerul Afacerilor Interne<\/strong><\/p>\n<p>Servim reziden\u021bii din toate ora\u0219ele Republicii Moldova. Pl\u0103ti\u021bi pentru serviciile noastre \u0219i pentru cheltuielile de c\u0103l\u0103torie, iar documentele solicitate vor fi livrate la timp.<\/p>\n<p>Totul este complet legal. Pentru a lua leg\u0103tura cu noi, trimite\u021bi-ne o cerere prin formularul de mai jos sau suna\u021bi la numerele de telefon indicate la sf\u00e2r\u0219itul paginii.<\/p>\n<p>\u00cen cazul \u00een care documentele dumneavoastr\u0103 nu au putut fi ob\u021binute din cauza absen\u021bei \u00eenregistr\u0103rilor \u00een arhivele oficiului de stare civil\u0103 sau \u00een Arhiva Na\u021bional\u0103, se va emite un document special care va indica acest lucru:<\/p>\n<p><img loading=\"lazy\" decoding=\"async\" class=\"size-large wp-image-766\" src=\"http:\/\/bizmoldova.com\/wp-content\/uploads\/2013\/02\/aviz-Moldova-actul-de-stare-civila-723x1024.jpg\" alt=\"Extras din arhiva oficiilor de stare civil\u0103 despre absen\u021ba informa\u021biilor, \u00eenregistr\u0103rilor\" width=\"625\" height=\"885\" \/> Extras din arhiva oficiilor de stare civil\u0103 despre absen\u021ba informa\u021biilor, \u00eenregistr\u0103rilor<\/caption>\n<p>&nbsp;<\/p>\n","protected":false},"excerpt":{"rendered":"<p>Ob\u021binerea documentelor prin procur\u0103 Afacerea noastr\u0103 v\u0103 ofer\u0103 servicii pentru ob\u021binerea documentelor prin procur\u0103. Pute\u021bi comanda orice document \u00een mod legal (prin procur\u0103), cu excep\u021bia pa\u0219apoartelor \u0219i a c\u0103r\u021bilor de identitate, precum \u0219i a permiselor de conducere. Serviciile noastre sunt \u00een principal solicitate de cet\u0103\u021benii Moldovei \u0219i ai altor \u021b\u0103ri care se afl\u0103 \u00een str\u0103in\u0103tate. &#8230; <a title=\"Documente. Acte\" class=\"read-more\" href=\"https:\/\/bizmoldova.com\/ro\/documente-acte\/\" aria-label=\"Cite\u0219te mai multe despre Documente. Acte\">Read more<\/a><\/p>\n","protected":false},"author":1,"featured_media":0,"parent":0,"menu_order":0,"comment_status":"closed","ping_status":"closed","template":"","meta":{"_acf_changed":false,"footnotes":""},"class_list":["post-39","page","type-page","status-publish"],"acf":[],"yoast_head":"<!-- This site is optimized with the Yoast SEO plugin v27.4 - https:\/\/yoast.com\/product\/yoast-seo-wordpress\/ -->\n<title>Documente. Acte - Acte, Documente Moldova. Apostilare, Legalizare, Nostrificare, Traduceri<\/title>\n<meta name=\"robots\" content=\"index, follow, max-snippet:-1, max-image-preview:large, max-video-preview:-1\" \/>\n<link rel=\"canonical\" href=\"https:\/\/bizmoldova.com\/ro\/documente-acte\/\" \/>\n<meta property=\"og:locale\" content=\"ro_RO\" \/>\n<meta property=\"og:type\" content=\"article\" \/>\n<meta property=\"og:title\" content=\"Documente. Acte - Acte, Documente Moldova. Apostilare, Legalizare, Nostrificare, Traduceri\" \/>\n<meta property=\"og:description\" content=\"Ob\u021binerea documentelor prin procur\u0103 Afacerea noastr\u0103 v\u0103 ofer\u0103 servicii pentru ob\u021binerea documentelor prin procur\u0103. Pute\u021bi comanda orice document \u00een mod legal (prin procur\u0103), cu excep\u021bia pa\u0219apoartelor \u0219i a c\u0103r\u021bilor de identitate, precum \u0219i a permiselor de conducere. Serviciile noastre sunt \u00een principal solicitate de cet\u0103\u021benii Moldovei \u0219i ai altor \u021b\u0103ri care se afl\u0103 \u00een str\u0103in\u0103tate. ... Read more\" \/>\n<meta property=\"og:url\" content=\"https:\/\/bizmoldova.com\/ro\/documente-acte\/\" \/>\n<meta property=\"og:site_name\" content=\"Acte, Documente Moldova. Apostilare, Legalizare, Nostrificare, Traduceri\" \/>\n<meta property=\"article:modified_time\" content=\"2024-09-30T09:15:14+00:00\" \/>\n<meta property=\"og:image\" content=\"http:\/\/bizmoldova.com\/wp-content\/uploads\/2013\/02\/aviz-Moldova-actul-de-stare-civila-723x1024.jpg\" \/>\n<meta name=\"twitter:card\" content=\"summary_large_image\" \/>\n<meta name=\"twitter:label1\" content=\"Timp estimat pentru citire\" \/>\n\t<meta name=\"twitter:data1\" content=\"3 minute\" \/>\n<script type=\"application\/ld+json\" class=\"yoast-schema-graph\">{\"@context\":\"https:\\\/\\\/schema.org\",\"@graph\":[{\"@type\":\"WebPage\",\"@id\":\"https:\\\/\\\/bizmoldova.com\\\/ro\\\/documente-acte\\\/\",\"url\":\"https:\\\/\\\/bizmoldova.com\\\/ro\\\/documente-acte\\\/\",\"name\":\"Documente. Acte - Acte, Documente Moldova. Apostilare, Legalizare, Nostrificare, Traduceri\",\"isPartOf\":{\"@id\":\"https:\\\/\\\/bizmoldova.com\\\/ro\\\/#website\"},\"primaryImageOfPage\":{\"@id\":\"https:\\\/\\\/bizmoldova.com\\\/ro\\\/documente-acte\\\/#primaryimage\"},\"image\":{\"@id\":\"https:\\\/\\\/bizmoldova.com\\\/ro\\\/documente-acte\\\/#primaryimage\"},\"thumbnailUrl\":\"http:\\\/\\\/bizmoldova.com\\\/wp-content\\\/uploads\\\/2013\\\/02\\\/aviz-Moldova-actul-de-stare-civila-723x1024.jpg\",\"datePublished\":\"2024-09-30T09:15:13+00:00\",\"dateModified\":\"2024-09-30T09:15:14+00:00\",\"breadcrumb\":{\"@id\":\"https:\\\/\\\/bizmoldova.com\\\/ro\\\/documente-acte\\\/#breadcrumb\"},\"inLanguage\":\"ro-RO\",\"potentialAction\":[{\"@type\":\"ReadAction\",\"target\":[\"https:\\\/\\\/bizmoldova.com\\\/ro\\\/documente-acte\\\/\"]}]},{\"@type\":\"ImageObject\",\"inLanguage\":\"ro-RO\",\"@id\":\"https:\\\/\\\/bizmoldova.com\\\/ro\\\/documente-acte\\\/#primaryimage\",\"url\":\"http:\\\/\\\/bizmoldova.com\\\/wp-content\\\/uploads\\\/2013\\\/02\\\/aviz-Moldova-actul-de-stare-civila-723x1024.jpg\",\"contentUrl\":\"http:\\\/\\\/bizmoldova.com\\\/wp-content\\\/uploads\\\/2013\\\/02\\\/aviz-Moldova-actul-de-stare-civila-723x1024.jpg\"},{\"@type\":\"BreadcrumbList\",\"@id\":\"https:\\\/\\\/bizmoldova.com\\\/ro\\\/documente-acte\\\/#breadcrumb\",\"itemListElement\":[{\"@type\":\"ListItem\",\"position\":1,\"name\":\"Home\",\"item\":\"https:\\\/\\\/bizmoldova.com\\\/ro\\\/\"},{\"@type\":\"ListItem\",\"position\":2,\"name\":\"Documente. Acte\"}]},{\"@type\":\"WebSite\",\"@id\":\"https:\\\/\\\/bizmoldova.com\\\/ro\\\/#website\",\"url\":\"https:\\\/\\\/bizmoldova.com\\\/ro\\\/\",\"name\":\"Acte, Documente Moldova. Apostilare, Legalizare, Nostrificare, Traduceri\",\"description\":\"Infiin\u021bare SRL. Acte, Documente, Apostila - Moldova\",\"potentialAction\":[{\"@type\":\"SearchAction\",\"target\":{\"@type\":\"EntryPoint\",\"urlTemplate\":\"https:\\\/\\\/bizmoldova.com\\\/ro\\\/?s={search_term_string}\"},\"query-input\":{\"@type\":\"PropertyValueSpecification\",\"valueRequired\":true,\"valueName\":\"search_term_string\"}}],\"inLanguage\":\"ro-RO\"}]}<\/script>\n<!-- \/ Yoast SEO plugin. -->","yoast_head_json":{"title":"Documente. Acte - Acte, Documente Moldova. Apostilare, Legalizare, Nostrificare, Traduceri","robots":{"index":"index","follow":"follow","max-snippet":"max-snippet:-1","max-image-preview":"max-image-preview:large","max-video-preview":"max-video-preview:-1"},"canonical":"https:\/\/bizmoldova.com\/ro\/documente-acte\/","og_locale":"ro_RO","og_type":"article","og_title":"Documente. Acte - Acte, Documente Moldova. Apostilare, Legalizare, Nostrificare, Traduceri","og_description":"Ob\u021binerea documentelor prin procur\u0103 Afacerea noastr\u0103 v\u0103 ofer\u0103 servicii pentru ob\u021binerea documentelor prin procur\u0103. Pute\u021bi comanda orice document \u00een mod legal (prin procur\u0103), cu excep\u021bia pa\u0219apoartelor \u0219i a c\u0103r\u021bilor de identitate, precum \u0219i a permiselor de conducere. Serviciile noastre sunt \u00een principal solicitate de cet\u0103\u021benii Moldovei \u0219i ai altor \u021b\u0103ri care se afl\u0103 \u00een str\u0103in\u0103tate. ... Read more","og_url":"https:\/\/bizmoldova.com\/ro\/documente-acte\/","og_site_name":"Acte, Documente Moldova. Apostilare, Legalizare, Nostrificare, Traduceri","article_modified_time":"2024-09-30T09:15:14+00:00","og_image":[{"url":"http:\/\/bizmoldova.com\/wp-content\/uploads\/2013\/02\/aviz-Moldova-actul-de-stare-civila-723x1024.jpg","type":"","width":"","height":""}],"twitter_card":"summary_large_image","twitter_misc":{"Timp estimat pentru citire":"3 minute"},"schema":{"@context":"https:\/\/schema.org","@graph":[{"@type":"WebPage","@id":"https:\/\/bizmoldova.com\/ro\/documente-acte\/","url":"https:\/\/bizmoldova.com\/ro\/documente-acte\/","name":"Documente. Acte - Acte, Documente Moldova. Apostilare, Legalizare, Nostrificare, Traduceri","isPartOf":{"@id":"https:\/\/bizmoldova.com\/ro\/#website"},"primaryImageOfPage":{"@id":"https:\/\/bizmoldova.com\/ro\/documente-acte\/#primaryimage"},"image":{"@id":"https:\/\/bizmoldova.com\/ro\/documente-acte\/#primaryimage"},"thumbnailUrl":"http:\/\/bizmoldova.com\/wp-content\/uploads\/2013\/02\/aviz-Moldova-actul-de-stare-civila-723x1024.jpg","datePublished":"2024-09-30T09:15:13+00:00","dateModified":"2024-09-30T09:15:14+00:00","breadcrumb":{"@id":"https:\/\/bizmoldova.com\/ro\/documente-acte\/#breadcrumb"},"inLanguage":"ro-RO","potentialAction":[{"@type":"ReadAction","target":["https:\/\/bizmoldova.com\/ro\/documente-acte\/"]}]},{"@type":"ImageObject","inLanguage":"ro-RO","@id":"https:\/\/bizmoldova.com\/ro\/documente-acte\/#primaryimage","url":"http:\/\/bizmoldova.com\/wp-content\/uploads\/2013\/02\/aviz-Moldova-actul-de-stare-civila-723x1024.jpg","contentUrl":"http:\/\/bizmoldova.com\/wp-content\/uploads\/2013\/02\/aviz-Moldova-actul-de-stare-civila-723x1024.jpg"},{"@type":"BreadcrumbList","@id":"https:\/\/bizmoldova.com\/ro\/documente-acte\/#breadcrumb","itemListElement":[{"@type":"ListItem","position":1,"name":"Home","item":"https:\/\/bizmoldova.com\/ro\/"},{"@type":"ListItem","position":2,"name":"Documente. Acte"}]},{"@type":"WebSite","@id":"https:\/\/bizmoldova.com\/ro\/#website","url":"https:\/\/bizmoldova.com\/ro\/","name":"Acte, Documente Moldova. Apostilare, Legalizare, Nostrificare, Traduceri","description":"Infiin\u021bare SRL. Acte, Documente, Apostila - Moldova","potentialAction":[{"@type":"SearchAction","target":{"@type":"EntryPoint","urlTemplate":"https:\/\/bizmoldova.com\/ro\/?s={search_term_string}"},"query-input":{"@type":"PropertyValueSpecification","valueRequired":true,"valueName":"search_term_string"}}],"inLanguage":"ro-RO"}]}},"_links":{"self":[{"href":"https:\/\/bizmoldova.com\/ro\/wp-json\/wp\/v2\/pages\/39","targetHints":{"allow":["GET"]}}],"collection":[{"href":"https:\/\/bizmoldova.com\/ro\/wp-json\/wp\/v2\/pages"}],"about":[{"href":"https:\/\/bizmoldova.com\/ro\/wp-json\/wp\/v2\/types\/page"}],"author":[{"embeddable":true,"href":"https:\/\/bizmoldova.com\/ro\/wp-json\/wp\/v2\/users\/1"}],"replies":[{"embeddable":true,"href":"https:\/\/bizmoldova.com\/ro\/wp-json\/wp\/v2\/comments?post=39"}],"version-history":[{"count":1,"href":"https:\/\/bizmoldova.com\/ro\/wp-json\/wp\/v2\/pages\/39\/revisions"}],"predecessor-version":[{"id":40,"href":"https:\/\/bizmoldova.com\/ro\/wp-json\/wp\/v2\/pages\/39\/revisions\/40"}],"wp:attachment":[{"href":"https:\/\/bizmoldova.com\/ro\/wp-json\/wp\/v2\/media?parent=39"}],"curies":[{"name":"wp","href":"https:\/\/api.w.org\/{rel}","templated":true}]}}