{"id":36,"date":"2024-09-29T19:51:36","date_gmt":"2024-09-29T19:51:36","guid":{"rendered":"https:\/\/bizmoldova.com\/ro\/?page_id=36"},"modified":"2024-09-29T19:51:36","modified_gmt":"2024-09-29T19:51:36","slug":"inregistrarea-intreprinderilor-infiintarea","status":"publish","type":"page","link":"https:\/\/bizmoldova.com\/ro\/inregistrarea-intreprinderilor-infiintarea\/","title":{"rendered":"\u00cenregistrarea \u00centreprinderilor. Infiin\u021barea"},"content":{"rendered":"<h3>\u00cen Moldova, se pot \u00eenregistra trei tipuri de \u00eentreprinderi:<\/h3>\n<p>1. \u00centreprindere Individual\u0103 (II) &#8211; pentru persoane fizice, cet\u0103\u021beni ai Moldovei<br \/>\n2. Societate cu R\u0103spundere Limitat\u0103 (SRL) &#8211; abreviat\u0103 \u00een moldovean\u0103 ca SRL<br \/>\n3. Societate pe Ac\u021biuni (SA)<\/p>\n<p>Societ\u0103\u021bile pe ac\u021biuni (SA) nu mai sunt \u00eenregistrate \u00een Moldova de ceva timp. \u00cen Moldova, se poate \u00eenregistra o \u00eentreprindere \u00eentr-un termen de 1 p\u00e2n\u0103 la 3 zile. Prima autoritate la care se adreseaz\u0103 un viitor antreprenor este Agen\u021bia Servicii Publice (ASP &#8211; Agen\u021bia Servicii Publice). La contactarea acestui organism guvernamental, este esen\u021bial s\u0103 fii bine preg\u0103tit, s\u0103 \u0219tii exact cu ce se va ocupa compania \u0219i s\u0103 ai numele gata preg\u0103tite.<\/p>\n<figure id=\"attachment_610\" aria-describedby=\"caption-attachment-610\" style=\"width: 734px\" class=\"wp-caption aligncenter\"><a href=\"http:\/\/bizmoldova.com\/wp-content\/uploads\/2013\/02\/\u0411\u0438\u0437\u043d\u0435\u0441-\u041b\u0438\u0433\u0430-\u0416\u0423\u0420\u041d\u0410\u041b001.jpg\"><img loading=\"lazy\" decoding=\"async\" class=\"wp-image-610 size-large\" title=\"Certificat de \u00eenregistrare a \u00eentreprinderii \u00een Moldova. Societatea cu R\u0103spundere Limitat\u0103 prime\u0219te at\u00e2t num\u0103rul de \u00eenregistrare, c\u00e2t \u0219i codul fiscal\" src=\"https:\/\/bizmoldova.com\/wp-content\/uploads\/2013\/02\/\u0411\u0438\u0437\u043d\u0435\u0441-\u041b\u0438\u0433\u0430-\u0416\u0423\u0420\u041d\u0410\u041b001-744x1024.jpg\" alt=\"Certificat de \u00eenregistrare a \u00eentreprinderii \u00een Moldova pentru Societatea cu R\u0103spundere Limitat\u0103 - SRL\" width=\"744\" height=\"1024\" \/><\/a><figcaption id=\"caption-attachment-610\" class=\"wp-caption-text\">Aceste certificate nu mai sunt emise. Se emite doar un extras de culoare verde pe h\u00e2rtie de securitate cu datele firmei, numele \u0219i prenumele fondatorilor, directorului (administratorului).<\/figcaption><\/figure>\n<p>La ASP, vei avea nevoie de o list\u0103 de documente necesare:<br \/>\n&#8211; Pa\u0219apoartele fondatorilor<br \/>\n&#8211; 5 denumiri preg\u0103tite anterior pentru firma sau compania ta (\u00ee\u021bi recomand\u0103m s\u0103 alegi mult mai multe denumiri, deoarece adesea numele bune \u0219i atr\u0103g\u0103toare sunt deja ocupate)<br \/>\n&#8211; O adres\u0103 juridic\u0103 pentru viitoarea \u00eentreprindere (de altfel, \u00een Moldova nu este obligatoriu ca aceasta s\u0103 fie adresa de \u00eenregistrare a unuia dintre fondatori)<br \/>\n&#8211; Suma necesar\u0103 pentru a pl\u0103ti \u00eenregistrarea \u00eentreprinderii \u0219i taxele guvernamentale.<\/p>\n<p>Aici, legisla\u021bia din Moldova propune, \u00eentr-un mod ciudat, comercian\u021bilor s\u0103 depun\u0103 bani pe un cont temporar al viitoarei firme. Dac\u0103 exist\u0103 un singur fondator, se depune \u00eentreaga sum\u0103 necesar\u0103 prin lege, adic\u0103 capitalul social. C\u00e2nd sunt mai mul\u021bi fondatori, suma poate fi depus\u0103 \u00een tran\u0219e. Ini\u021bial, se depune jum\u0103tate din sum\u0103 \u00een contul firmei, iar apoi, \u00een decurs de \u0219ase luni, se depune restul capitalului social.<\/p>\n<h2>Alegerea unei B\u0103nci<\/h2>\n<p>Firma noastr\u0103 prefer\u0103 s\u0103 colaboreze doar cu c\u00e2teva b\u0103nci de \u00eencredere din Republica Moldova. Acestea sunt b\u0103nci de \u00eencredere care func\u021bioneaz\u0103 cu succes \u00een Moldova de mai bine de 15 ani. Din p\u0103cate, nu putem dezv\u0103lui numele b\u0103ncilor de \u00eencredere pe acest site pentru a nu ofensa concuren\u021bii sau b\u0103ncile \u00eencep\u0103toare, unele dintre ele c\u00e2\u0219tig\u00e2nd recent o reputa\u021bie bun\u0103.<\/p>\n<p>Pentru a deschide un cont, trebuie s\u0103 ai o sum\u0103 de bani pentru a o contribui la capitalul social. Capitalul social poate fi depus \u0219i mai t\u00e2rziu, dar recomand\u0103m s\u0103 fie f\u0103cut imediat.<\/p>\n<h2>\u00cenregistrarea la Inspec\u021bia Fiscal\u0103<\/h2>\n<p>\u00cen termen de c\u00e2teva zile de la \u00eenregistrarea \u00eentreprinderii, aceasta se \u00eenregistreaz\u0103 automat la inspec\u021bia fiscal\u0103. \u00cen biroul online al inspec\u021biei fiscale, trebuie s\u0103 indici directorul \u0219i contabilul firmei deja \u00eenregistrate, deoarece pot ap\u0103rea situa\u021bii \u0219i \u00eentreb\u0103ri neprev\u0103zute.<\/p>\n<h2>\u00cenregistrarea \u00centreprinderilor \u00een Moldova: Capcane<\/h2>\n<p>Din p\u0103cate, c\u00e2nd legiuitorii moldoveni au ajuns la concluzia c\u0103, av\u00e2nd \u00een vedere c\u0103 institutul de \u00eenregistrare a fost abolit, au permis Camerei de \u00cenregistrare s\u0103 nu cear\u0103 fondatorilor niciun document care s\u0103 confirme adresa juridic\u0103 a viitoarei \u00eentreprinderi. Acest organism \u00ee\u021bi va spune pur \u0219i simplu c\u0103 e\u0219ti responsabil pentru informa\u021biile furnizate.<\/p>\n<p>Aici se afl\u0103 o capcan\u0103 serioas\u0103. Dac\u0103 \u00eenregistrezi o firm\u0103 la o adres\u0103 unde, de exemplu, doar locuie\u0219ti, dar nu e\u0219ti \u00eenregistrat, ri\u0219ti s\u0103 o iei de la cap\u0103t, adic\u0103 s\u0103 faci modific\u0103ri \u00een statutul \u00eentreprinderii sau, \u00een esen\u021b\u0103, s\u0103 o reinscrii.<\/p>\n<p>C\u00e2nd inspec\u021bia fiscal\u0103 face o verificare, nu doar c\u0103 \u021bi se vor cere documentele ob\u021binute la camera de \u00eenregistrare, dar \u0219i un contract de \u00eenchiriere, autentificat notarial, sau o scrisoare din partea proprietarului apartamentului sau biroului \u00eenchiriat, care s\u0103 permit\u0103 utilizarea adresei ca adres\u0103 juridic\u0103 a firmei.<\/p>\n<p>Acesta este doar un exemplu \u00een care un antreprenor, ne\u0219tiind complet regulile de \u00eenregistrare \u0219i procedurile de \u00eenscriere la inspec\u021bia fiscal\u0103, se afl\u0103 \u00eentr-o situa\u021bie dificil\u0103. Exist\u0103 multe astfel de exemple, iar numai avoca\u021bii experimenta\u021bi \u00een consultan\u021ba de afaceri pot ajuta la rezolvarea lor.<\/p>\n<h2>\u00centreprinderi Gata F\u0103cute<\/h2>\n<p>Ce este o \u00eentreprindere gata f\u0103cut\u0103? Este o \u00eentreprindere deja existent\u0103 \u0219i func\u021bional\u0103. Chiar dac\u0103 firma nu face nimic, aceasta ac\u021bioneaz\u0103 ca un subiect al dreptului fiscal. Pentru a o men\u021bine pentru o v\u00e2nzare viitoare, se angajeaz\u0103 contabili \u0219i directori care pot gestiona mai multe astfel de firme. De ce s\u0103 angajezi oameni \u0219i s\u0103 men\u021bii o astfel de firm\u0103? Pentru ca clien\u021bii s\u0103 aib\u0103 oportunitatea de a cump\u0103ra o \u00eentreprindere \u00eentr-un timp foarte scurt: o zi. Numele este unul dintre cele mai importante factori \u00een cump\u0103rarea unei firme de c\u0103tre client. Dar cel mai crucial este rapiditatea re\u00eenregistr\u0103rii \u0219i tipurile de activitate.<\/p>\n<p>O \u00eentreprindere gata f\u0103cut\u0103 este, de asemenea, o garan\u021bie c\u0103 nu va trebui s\u0103 cau\u021bi o adres\u0103 juridic\u0103 pentru viitoarea ta \u00eentreprindere.<\/p>\n<p>Din p\u0103cate, \u00een Moldova, doar c\u00e2teva firme juridice serioase pot oferi clien\u021bilor o \u00eentreprindere gata f\u0103cut\u0103. C\u00e2nd cumperi o firm\u0103 gata f\u0103cut\u0103 de la persoane neautorizate, ri\u0219ti s\u0103 mo\u0219tene\u0219ti datorii enorme ale firmei. Chiar \u0219i o firm\u0103 de audit nu te va ajuta s\u0103 verifici dac\u0103 totul este \u00een regul\u0103 cu firma. De aceea, noi vindem doar firmele clien\u021bilor no\u0219tri, care au fost verificate de noi \u0219i toat\u0103 documenta\u021bia a fost gestionat\u0103 de noi.<\/p>\n<h2>Re\u00eenregistrarea \u00centreprinderii<\/h2>\n<p>\u00cen timpul re\u00eenregistr\u0103rii unei \u00eentreprinderi, mul\u021bi fondatori se confrunt\u0103 cu dificult\u0103\u021bi precum lipsa timpului pentru a rezolva problemele minore, dar care dureaz\u0103 mult timp. Aici, \u00eentotdeauna este convenabil s\u0103 te consul\u021bi cu avoca\u021bi care au rela\u021bii \u0219i pot rezolva problemele \u00eentr-un termen mai scurt.<\/p>\n<p>\u00cen plus, gre\u0219elile comise \u00een timpul re\u00eenregistr\u0103rii pot afecta ulterior situa\u021bia documenta\u021biei.<\/p>\n","protected":false},"excerpt":{"rendered":"<p>\u00cen Moldova, se pot \u00eenregistra trei tipuri de \u00eentreprinderi: 1. \u00centreprindere Individual\u0103 (II) &#8211; pentru persoane fizice, cet\u0103\u021beni ai Moldovei 2. Societate cu R\u0103spundere Limitat\u0103 (SRL) &#8211; abreviat\u0103 \u00een moldovean\u0103 ca SRL 3. Societate pe Ac\u021biuni (SA) Societ\u0103\u021bile pe ac\u021biuni (SA) nu mai sunt \u00eenregistrate \u00een Moldova de ceva timp. \u00cen Moldova, se poate \u00eenregistra &#8230; <a title=\"\u00cenregistrarea \u00centreprinderilor. Infiin\u021barea\" class=\"read-more\" href=\"https:\/\/bizmoldova.com\/ro\/inregistrarea-intreprinderilor-infiintarea\/\" aria-label=\"Cite\u0219te mai multe despre \u00cenregistrarea \u00centreprinderilor. Infiin\u021barea\">Read more<\/a><\/p>\n","protected":false},"author":1,"featured_media":0,"parent":0,"menu_order":0,"comment_status":"closed","ping_status":"closed","template":"","meta":{"_acf_changed":false,"footnotes":""},"class_list":["post-36","page","type-page","status-publish"],"acf":[],"yoast_head":"<!-- This site is optimized with the Yoast SEO plugin v27.4 - https:\/\/yoast.com\/product\/yoast-seo-wordpress\/ -->\n<title>\u00cenregistrarea \u00centreprinderilor. Infiin\u021barea - Acte, Documente Moldova. Apostilare, Legalizare, Nostrificare, Traduceri<\/title>\n<meta name=\"robots\" content=\"index, follow, max-snippet:-1, max-image-preview:large, max-video-preview:-1\" \/>\n<link rel=\"canonical\" href=\"https:\/\/bizmoldova.com\/ro\/inregistrarea-intreprinderilor-infiintarea\/\" \/>\n<meta property=\"og:locale\" content=\"ro_RO\" \/>\n<meta property=\"og:type\" content=\"article\" \/>\n<meta property=\"og:title\" content=\"\u00cenregistrarea \u00centreprinderilor. Infiin\u021barea - Acte, Documente Moldova. Apostilare, Legalizare, Nostrificare, Traduceri\" \/>\n<meta property=\"og:description\" content=\"\u00cen Moldova, se pot \u00eenregistra trei tipuri de \u00eentreprinderi: 1. \u00centreprindere Individual\u0103 (II) &#8211; pentru persoane fizice, cet\u0103\u021beni ai Moldovei 2. Societate cu R\u0103spundere Limitat\u0103 (SRL) &#8211; abreviat\u0103 \u00een moldovean\u0103 ca SRL 3. Societate pe Ac\u021biuni (SA) Societ\u0103\u021bile pe ac\u021biuni (SA) nu mai sunt \u00eenregistrate \u00een Moldova de ceva timp. \u00cen Moldova, se poate \u00eenregistra ... Read more\" \/>\n<meta property=\"og:url\" content=\"https:\/\/bizmoldova.com\/ro\/inregistrarea-intreprinderilor-infiintarea\/\" \/>\n<meta property=\"og:site_name\" content=\"Acte, Documente Moldova. Apostilare, Legalizare, Nostrificare, Traduceri\" \/>\n<meta name=\"twitter:card\" content=\"summary_large_image\" \/>\n<meta name=\"twitter:label1\" content=\"Timp estimat pentru citire\" \/>\n\t<meta name=\"twitter:data1\" content=\"5 minute\" \/>\n<script type=\"application\/ld+json\" class=\"yoast-schema-graph\">{\"@context\":\"https:\\\/\\\/schema.org\",\"@graph\":[{\"@type\":\"WebPage\",\"@id\":\"https:\\\/\\\/bizmoldova.com\\\/ro\\\/inregistrarea-intreprinderilor-infiintarea\\\/\",\"url\":\"https:\\\/\\\/bizmoldova.com\\\/ro\\\/inregistrarea-intreprinderilor-infiintarea\\\/\",\"name\":\"\u00cenregistrarea \u00centreprinderilor. Infiin\u021barea - Acte, Documente Moldova. Apostilare, Legalizare, Nostrificare, Traduceri\",\"isPartOf\":{\"@id\":\"https:\\\/\\\/bizmoldova.com\\\/ro\\\/#website\"},\"datePublished\":\"2024-09-29T19:51:36+00:00\",\"breadcrumb\":{\"@id\":\"https:\\\/\\\/bizmoldova.com\\\/ro\\\/inregistrarea-intreprinderilor-infiintarea\\\/#breadcrumb\"},\"inLanguage\":\"ro-RO\",\"potentialAction\":[{\"@type\":\"ReadAction\",\"target\":[\"https:\\\/\\\/bizmoldova.com\\\/ro\\\/inregistrarea-intreprinderilor-infiintarea\\\/\"]}]},{\"@type\":\"BreadcrumbList\",\"@id\":\"https:\\\/\\\/bizmoldova.com\\\/ro\\\/inregistrarea-intreprinderilor-infiintarea\\\/#breadcrumb\",\"itemListElement\":[{\"@type\":\"ListItem\",\"position\":1,\"name\":\"Home\",\"item\":\"https:\\\/\\\/bizmoldova.com\\\/ro\\\/\"},{\"@type\":\"ListItem\",\"position\":2,\"name\":\"\u00cenregistrarea \u00centreprinderilor. Infiin\u021barea\"}]},{\"@type\":\"WebSite\",\"@id\":\"https:\\\/\\\/bizmoldova.com\\\/ro\\\/#website\",\"url\":\"https:\\\/\\\/bizmoldova.com\\\/ro\\\/\",\"name\":\"Acte, Documente Moldova. Apostilare, Legalizare, Nostrificare, Traduceri\",\"description\":\"Infiin\u021bare SRL. Acte, Documente, Apostila - Moldova\",\"potentialAction\":[{\"@type\":\"SearchAction\",\"target\":{\"@type\":\"EntryPoint\",\"urlTemplate\":\"https:\\\/\\\/bizmoldova.com\\\/ro\\\/?s={search_term_string}\"},\"query-input\":{\"@type\":\"PropertyValueSpecification\",\"valueRequired\":true,\"valueName\":\"search_term_string\"}}],\"inLanguage\":\"ro-RO\"}]}<\/script>\n<!-- \/ Yoast SEO plugin. -->","yoast_head_json":{"title":"\u00cenregistrarea \u00centreprinderilor. Infiin\u021barea - Acte, Documente Moldova. Apostilare, Legalizare, Nostrificare, Traduceri","robots":{"index":"index","follow":"follow","max-snippet":"max-snippet:-1","max-image-preview":"max-image-preview:large","max-video-preview":"max-video-preview:-1"},"canonical":"https:\/\/bizmoldova.com\/ro\/inregistrarea-intreprinderilor-infiintarea\/","og_locale":"ro_RO","og_type":"article","og_title":"\u00cenregistrarea \u00centreprinderilor. Infiin\u021barea - Acte, Documente Moldova. Apostilare, Legalizare, Nostrificare, Traduceri","og_description":"\u00cen Moldova, se pot \u00eenregistra trei tipuri de \u00eentreprinderi: 1. \u00centreprindere Individual\u0103 (II) &#8211; pentru persoane fizice, cet\u0103\u021beni ai Moldovei 2. Societate cu R\u0103spundere Limitat\u0103 (SRL) &#8211; abreviat\u0103 \u00een moldovean\u0103 ca SRL 3. Societate pe Ac\u021biuni (SA) Societ\u0103\u021bile pe ac\u021biuni (SA) nu mai sunt \u00eenregistrate \u00een Moldova de ceva timp. \u00cen Moldova, se poate \u00eenregistra ... Read more","og_url":"https:\/\/bizmoldova.com\/ro\/inregistrarea-intreprinderilor-infiintarea\/","og_site_name":"Acte, Documente Moldova. Apostilare, Legalizare, Nostrificare, Traduceri","twitter_card":"summary_large_image","twitter_misc":{"Timp estimat pentru citire":"5 minute"},"schema":{"@context":"https:\/\/schema.org","@graph":[{"@type":"WebPage","@id":"https:\/\/bizmoldova.com\/ro\/inregistrarea-intreprinderilor-infiintarea\/","url":"https:\/\/bizmoldova.com\/ro\/inregistrarea-intreprinderilor-infiintarea\/","name":"\u00cenregistrarea \u00centreprinderilor. Infiin\u021barea - Acte, Documente Moldova. Apostilare, Legalizare, Nostrificare, Traduceri","isPartOf":{"@id":"https:\/\/bizmoldova.com\/ro\/#website"},"datePublished":"2024-09-29T19:51:36+00:00","breadcrumb":{"@id":"https:\/\/bizmoldova.com\/ro\/inregistrarea-intreprinderilor-infiintarea\/#breadcrumb"},"inLanguage":"ro-RO","potentialAction":[{"@type":"ReadAction","target":["https:\/\/bizmoldova.com\/ro\/inregistrarea-intreprinderilor-infiintarea\/"]}]},{"@type":"BreadcrumbList","@id":"https:\/\/bizmoldova.com\/ro\/inregistrarea-intreprinderilor-infiintarea\/#breadcrumb","itemListElement":[{"@type":"ListItem","position":1,"name":"Home","item":"https:\/\/bizmoldova.com\/ro\/"},{"@type":"ListItem","position":2,"name":"\u00cenregistrarea \u00centreprinderilor. Infiin\u021barea"}]},{"@type":"WebSite","@id":"https:\/\/bizmoldova.com\/ro\/#website","url":"https:\/\/bizmoldova.com\/ro\/","name":"Acte, Documente Moldova. Apostilare, Legalizare, Nostrificare, Traduceri","description":"Infiin\u021bare SRL. Acte, Documente, Apostila - Moldova","potentialAction":[{"@type":"SearchAction","target":{"@type":"EntryPoint","urlTemplate":"https:\/\/bizmoldova.com\/ro\/?s={search_term_string}"},"query-input":{"@type":"PropertyValueSpecification","valueRequired":true,"valueName":"search_term_string"}}],"inLanguage":"ro-RO"}]}},"_links":{"self":[{"href":"https:\/\/bizmoldova.com\/ro\/wp-json\/wp\/v2\/pages\/36","targetHints":{"allow":["GET"]}}],"collection":[{"href":"https:\/\/bizmoldova.com\/ro\/wp-json\/wp\/v2\/pages"}],"about":[{"href":"https:\/\/bizmoldova.com\/ro\/wp-json\/wp\/v2\/types\/page"}],"author":[{"embeddable":true,"href":"https:\/\/bizmoldova.com\/ro\/wp-json\/wp\/v2\/users\/1"}],"replies":[{"embeddable":true,"href":"https:\/\/bizmoldova.com\/ro\/wp-json\/wp\/v2\/comments?post=36"}],"version-history":[{"count":1,"href":"https:\/\/bizmoldova.com\/ro\/wp-json\/wp\/v2\/pages\/36\/revisions"}],"predecessor-version":[{"id":37,"href":"https:\/\/bizmoldova.com\/ro\/wp-json\/wp\/v2\/pages\/36\/revisions\/37"}],"wp:attachment":[{"href":"https:\/\/bizmoldova.com\/ro\/wp-json\/wp\/v2\/media?parent=36"}],"curies":[{"name":"wp","href":"https:\/\/api.w.org\/{rel}","templated":true}]}}