{"id":34,"date":"2024-09-29T18:06:51","date_gmt":"2024-09-29T18:06:51","guid":{"rendered":"https:\/\/bizmoldova.com\/ro\/?page_id=34"},"modified":"2024-09-29T18:06:51","modified_gmt":"2024-09-29T18:06:51","slug":"servicii-juridice-in-chisinau-moldova","status":"publish","type":"page","link":"https:\/\/bizmoldova.com\/ro\/","title":{"rendered":"Servicii Juridice \u00een Chi\u0219in\u0103u, Moldova"},"content":{"rendered":"\n<p><strong>Firma de avocatur\u0103 Business Liga<\/strong> ofer\u0103 servicii juridice \u00een Moldova \u0219i Rom\u00e2nia (Chi\u0219in\u0103u, Bucure\u0219ti, Ia\u0219i \u0219i alte ora\u0219e).<\/p>\n\n\n\n<p><strong>AVEM CONEXIUNI PUTERNICE, DAR NE BAZ\u0102M PE LEGE!<\/strong><\/p>\n\n\n\n<p><strong>Compania noastr\u0103 a fost fondat\u0103 \u00een 2005 ca o agen\u021bie de consultan\u021b\u0103. Firmele de avocatur\u0103 din Moldova s-au dezvoltat doar \u00een ultimii ani. Cu toate acestea, oper\u0103m de aproape 20 de ani.<\/strong><\/p>\n\n\n\n<p>Serviciile juridice \u0219i consult\u0103rile \u00een diverse ramuri ale dreptului reprezint\u0103 direc\u021bia principal\u0103 a activit\u0103\u021bii noastre. Moldova, Chi\u0219in\u0103u. Compania noastr\u0103 ofer\u0103 servicii juridice \u00een Moldova de 20 de ani.<\/p>\n\n\n\n<p>Furniz\u0103m servicii juridice \u00een Republica Moldova \u0219i Rom\u00e2nia.<\/p>\n\n\n\n<h3 class=\"wp-block-heading\"><strong>Servicii Juridice pentru Companii<\/strong><\/h3>\n\n\n\n<ol class=\"wp-block-list\">\n    <li><strong>Consultan\u021b\u0103 juridic\u0103 pentru companii<\/strong><\/li>\n    <li>Firma noastr\u0103 de avocatur\u0103 ofer\u0103 servicii juridice pentru companii \u0219i organiza\u021bii (servicii juridice \u0219i consult\u0103ri)\n        &#8211; Drept comercial\n        &#8211; Drept fiscal \u00een Moldova \u0219i Rom\u00e2nia\n        &#8211; Contracte \u0219i participare la negocieri\n        &#8211; Consultan\u021b\u0103 de afaceri\n        &#8211; Organizare de afaceri \u00een Moldova \u0219i Rom\u00e2nia\n        &#8211; Imigra\u021bie de afaceri\n        &#8211; Investi\u021bii str\u0103ine \u00een Moldova \u0219i Rom\u00e2nia\n    <\/li>\n    <li><strong>\u00cenregistrare SRL (Societate cu R\u0103spundere Limitat\u0103).<\/strong><\/li>\n    <li><strong>Deschiderea conturilor bancare &#8211; b\u0103nci \u00een Europa \u0219i SUA.<\/strong><\/li>\n    <li>\u00cenregistrarea companiilor ca reziden\u021bi ai Zonei Economice Libere.<\/li>\n    <li><strong>\u00cenregistrarea companiilor &#8211; reziden\u021bi ai Parcului Tehnologic din Republica Moldova.<\/strong><\/li>\n    <li><strong>C\u0103utarea, examinarea \u0219i \u00eenregistrarea m\u0103rcilor comerciale.<\/strong><\/li>\n    <li><strong>Cump\u0103rarea \u0219i v\u00e2nzarea afacerilor existente.<\/strong> De asemenea, pute\u021bi oferi afacerea dvs. pentru v\u00e2nzare.<\/li>\n    <li><strong>Cazuri civile.<\/strong> Dob\u00e2ndirea cet\u0103\u021beniei Moldovei, probleme de mo\u0219tenire, divor\u021b, reclama\u021bii \u0219i alte chestiuni.<\/li>\n    <li><strong>Drepturi de autor.<\/strong> Protec\u021bia drepturilor asupra con\u021binutului, operelor, brevetelor, m\u0103rcilor comerciale.<\/li>\n    <li><strong>Tranzac\u021bii imobiliare.<\/strong> Consultan\u021b\u0103 imobiliar\u0103, suport \u00een tranzac\u021bii.<\/li>\n    <li><strong><a title=\"\u00cenregistrarea companiilor. SRL, SA. Moldova\" href=\"http:\/\/bizmoldova.com\/%d1%80%d0%b5%d0%b3%d0%b8%d1%81%d1%82%d1%80%d0%b0%d1%86%d0%b8%d1%8f-%d0%bf%d1%80%d0%b5%d0%b4%d0%bf%d1%80%d0%b8%d1%8f%d1%82%d0%b8%d0%b9-%d0%be%d0%be%d0%be\/\" target=\"_blank\" rel=\"noopener\">\u00cenregistrarea \u0219i lichidarea companiilor, companii de toate formele de proprietate<\/a>.<\/strong><\/li>\n    <li><strong>Direc\u021bie juridic\u0103 \u0219i servicii de secretariat pentru companii pe teritoriul Republicii Moldova \u0219i \u00een str\u0103in\u0103tate.<\/strong><\/li>\n    <li><strong>Preg\u0103tirea unui set complet de documente pentru companii \u0219i organiza\u021bii non-profit (statut, fi\u0219e de post, contracte de munc\u0103, \u00eenregistrare la inspec\u021bia fiscal\u0103 \u0219i departamentul de statistic\u0103, instruc\u021biuni de securitate a muncii, contracte standard, mostre de procese-verbale ale adun\u0103rilor generale \u0219i multe altele).<\/strong><\/li>\n    <li><strong><a title=\"Apostilare \u0219i legalizare documente\" href=\"http:\/\/bizmoldova.com\/%D0%BA%D0%BE%D0%BD%D1%81%D1%83%D0%BB%D1%8C%D1%81%D0%BA%D0%B0%D1%8F-%D0%BB%D0%B5%D0%B3%D0%B0%D0%BB%D0%B8%D0%B7%D0%B0%D1%86%D0%B8%D1%8F-%D0%B8-%D0%B0%D0%BF%D0%BE%D1%81%D1%82%D0%B8%D0%BB%D1%8C\/\" target=\"_blank\" rel=\"noopener\">Legalizarea documentelor. Apostilare pentru entit\u0103\u021bi legale<\/a><\/strong><\/li>\n    <li><strong>Preg\u0103tirea oric\u0103rui document, opinii juridice, rapoarte \u00een Moldova pentru persoane fizice \u0219i juridice care nu se afl\u0103 pe teritoriul Republicii Moldova.<\/strong><\/li>\n    <li><strong>C\u0103utarea de reprezentan\u021bi, agen\u021bi \u0219i distribuitori pe teritoriul Republicii Moldova pentru afacerea dvs.<\/strong><\/li>\n    <li><strong>C\u0103utarea \u0219i selec\u021bia spa\u021biilor de birouri pentru companii.<\/strong><\/li>\n<\/ol>\n\n\n\n<p><strong>La fel ca \u0219i alte servicii juridice \u0219i consultan\u021b\u0103 de afaceri.<\/strong><\/p>\n\n\n\n<h3 class=\"wp-block-heading\"><strong>Servicii Juridice pentru Persoane Fizice<\/strong><\/h3>\n\n\n\n<ol class=\"wp-block-list\">\n    <li><strong>\u00cenregistrare IP (\u00centreprindere Individual\u0103), patent\u0103.<\/strong><\/li>\n    <li><strong>Cazuri familiale.<\/strong><\/li>\n    <li><strong>Tranzac\u021bii imobiliare.<\/strong> Consultan\u021b\u0103 imobiliar\u0103, suport \u00een tranzac\u021bii.<\/li>\n    <li><strong>Ob\u021binerea documentelor de la oficiile de stare civil\u0103:<\/strong> certificat de na\u0219tere, certificat de c\u0103s\u0103torie, certificat de divor\u021b, certificat de stare civil\u0103 (c\u0103s\u0103torit\/nec\u0103s\u0103torit), cazier judiciar, certificat de schimbare a numelui, certificate de proprietate sau absen\u021ba bunurilor imobile (Oficiul de Locuin\u021be, Agen\u021bia Servicii Publice).<\/li>\n    <li><strong><a title=\"Apostilare \u0219i legalizare documente\" href=\"http:\/\/bizmoldova.com\/%D0%BA%D0%BE%D0%BD%D1%81%D1%83%D0%BB%D1%8C%D1%81%D0%BA%D0%B0%D1%8F-%D0%BB%D0%B5%D0%B3%D0%B0%D0%BB%D0%B8%D0%B7%D0%B0%D1%86%D0%B8%D1%8F-%D0%B8-%D0%B0%D0%BF%D0%BE%D1%81%D1%82%D0%B8%D0%BB%D1%8C\/\" target=\"_blank\" rel=\"noopener\">Legalizarea documentelor&#8230;<\/a><\/strong><\/li>\n<\/ol>\n\n","protected":false},"excerpt":{"rendered":"<p>Firma de avocatur\u0103 Business Liga ofer\u0103 servicii juridice \u00een Moldova \u0219i Rom\u00e2nia (Chi\u0219in\u0103u, Bucure\u0219ti, Ia\u0219i \u0219i alte ora\u0219e). AVEM CONEXIUNI PUTERNICE, DAR NE BAZ\u0102M PE LEGE! Compania noastr\u0103 a fost fondat\u0103 \u00een 2005 ca o agen\u021bie de consultan\u021b\u0103. Firmele de avocatur\u0103 din Moldova s-au dezvoltat doar \u00een ultimii ani. Cu toate acestea, oper\u0103m de aproape &#8230; <a title=\"Servicii Juridice \u00een Chi\u0219in\u0103u, Moldova\" class=\"read-more\" href=\"https:\/\/bizmoldova.com\/ro\/\" aria-label=\"Cite\u0219te mai multe despre Servicii Juridice \u00een Chi\u0219in\u0103u, Moldova\">Read more<\/a><\/p>\n","protected":false},"author":1,"featured_media":0,"parent":0,"menu_order":0,"comment_status":"closed","ping_status":"closed","template":"","meta":{"_acf_changed":false,"footnotes":""},"class_list":["post-34","page","type-page","status-publish"],"acf":[],"yoast_head":"<!-- This site is optimized with the Yoast SEO plugin v27.4 - https:\/\/yoast.com\/product\/yoast-seo-wordpress\/ -->\n<title>Servicii Juridice \u00een Chi\u0219in\u0103u, Moldova - Acte, Documente Moldova. Apostilare, Legalizare, Nostrificare, Traduceri<\/title>\n<meta name=\"robots\" content=\"index, follow, max-snippet:-1, max-image-preview:large, max-video-preview:-1\" \/>\n<link rel=\"canonical\" href=\"https:\/\/bizmoldova.com\/ro\/\" \/>\n<meta property=\"og:locale\" content=\"ro_RO\" \/>\n<meta property=\"og:type\" content=\"article\" \/>\n<meta property=\"og:title\" content=\"Servicii Juridice \u00een Chi\u0219in\u0103u, Moldova - Acte, Documente Moldova. Apostilare, Legalizare, Nostrificare, Traduceri\" \/>\n<meta property=\"og:description\" content=\"Firma de avocatur\u0103 Business Liga ofer\u0103 servicii juridice \u00een Moldova \u0219i Rom\u00e2nia (Chi\u0219in\u0103u, Bucure\u0219ti, Ia\u0219i \u0219i alte ora\u0219e). AVEM CONEXIUNI PUTERNICE, DAR NE BAZ\u0102M PE LEGE! Compania noastr\u0103 a fost fondat\u0103 \u00een 2005 ca o agen\u021bie de consultan\u021b\u0103. Firmele de avocatur\u0103 din Moldova s-au dezvoltat doar \u00een ultimii ani. Cu toate acestea, oper\u0103m de aproape ... Read more\" \/>\n<meta property=\"og:url\" content=\"https:\/\/bizmoldova.com\/ro\/\" \/>\n<meta property=\"og:site_name\" content=\"Acte, Documente Moldova. Apostilare, Legalizare, Nostrificare, Traduceri\" \/>\n<meta name=\"twitter:card\" content=\"summary_large_image\" \/>\n<meta name=\"twitter:label1\" content=\"Timp estimat pentru citire\" \/>\n\t<meta name=\"twitter:data1\" content=\"3 minute\" \/>\n<script type=\"application\/ld+json\" class=\"yoast-schema-graph\">{\"@context\":\"https:\\\/\\\/schema.org\",\"@graph\":[{\"@type\":\"WebPage\",\"@id\":\"https:\\\/\\\/bizmoldova.com\\\/ro\\\/\",\"url\":\"https:\\\/\\\/bizmoldova.com\\\/ro\\\/\",\"name\":\"Servicii Juridice \u00een Chi\u0219in\u0103u, Moldova - Acte, Documente Moldova. Apostilare, Legalizare, Nostrificare, Traduceri\",\"isPartOf\":{\"@id\":\"https:\\\/\\\/bizmoldova.com\\\/ro\\\/#website\"},\"datePublished\":\"2024-09-29T18:06:51+00:00\",\"breadcrumb\":{\"@id\":\"https:\\\/\\\/bizmoldova.com\\\/ro\\\/#breadcrumb\"},\"inLanguage\":\"ro-RO\",\"potentialAction\":[{\"@type\":\"ReadAction\",\"target\":[\"https:\\\/\\\/bizmoldova.com\\\/ro\\\/\"]}]},{\"@type\":\"BreadcrumbList\",\"@id\":\"https:\\\/\\\/bizmoldova.com\\\/ro\\\/#breadcrumb\",\"itemListElement\":[{\"@type\":\"ListItem\",\"position\":1,\"name\":\"Home\",\"item\":\"https:\\\/\\\/bizmoldova.com\\\/ro\\\/\"},{\"@type\":\"ListItem\",\"position\":2,\"name\":\"Servicii Juridice \u00een Chi\u0219in\u0103u, Moldova\"}]},{\"@type\":\"WebSite\",\"@id\":\"https:\\\/\\\/bizmoldova.com\\\/ro\\\/#website\",\"url\":\"https:\\\/\\\/bizmoldova.com\\\/ro\\\/\",\"name\":\"Acte, Documente Moldova. Apostilare, Legalizare, Nostrificare, Traduceri\",\"description\":\"Infiin\u021bare SRL. Acte, Documente, Apostila - Moldova\",\"potentialAction\":[{\"@type\":\"SearchAction\",\"target\":{\"@type\":\"EntryPoint\",\"urlTemplate\":\"https:\\\/\\\/bizmoldova.com\\\/ro\\\/?s={search_term_string}\"},\"query-input\":{\"@type\":\"PropertyValueSpecification\",\"valueRequired\":true,\"valueName\":\"search_term_string\"}}],\"inLanguage\":\"ro-RO\"}]}<\/script>\n<!-- \/ Yoast SEO plugin. -->","yoast_head_json":{"title":"Servicii Juridice \u00een Chi\u0219in\u0103u, Moldova - Acte, Documente Moldova. Apostilare, Legalizare, Nostrificare, Traduceri","robots":{"index":"index","follow":"follow","max-snippet":"max-snippet:-1","max-image-preview":"max-image-preview:large","max-video-preview":"max-video-preview:-1"},"canonical":"https:\/\/bizmoldova.com\/ro\/","og_locale":"ro_RO","og_type":"article","og_title":"Servicii Juridice \u00een Chi\u0219in\u0103u, Moldova - Acte, Documente Moldova. Apostilare, Legalizare, Nostrificare, Traduceri","og_description":"Firma de avocatur\u0103 Business Liga ofer\u0103 servicii juridice \u00een Moldova \u0219i Rom\u00e2nia (Chi\u0219in\u0103u, Bucure\u0219ti, Ia\u0219i \u0219i alte ora\u0219e). AVEM CONEXIUNI PUTERNICE, DAR NE BAZ\u0102M PE LEGE! Compania noastr\u0103 a fost fondat\u0103 \u00een 2005 ca o agen\u021bie de consultan\u021b\u0103. Firmele de avocatur\u0103 din Moldova s-au dezvoltat doar \u00een ultimii ani. Cu toate acestea, oper\u0103m de aproape ... Read more","og_url":"https:\/\/bizmoldova.com\/ro\/","og_site_name":"Acte, Documente Moldova. Apostilare, Legalizare, Nostrificare, Traduceri","twitter_card":"summary_large_image","twitter_misc":{"Timp estimat pentru citire":"3 minute"},"schema":{"@context":"https:\/\/schema.org","@graph":[{"@type":"WebPage","@id":"https:\/\/bizmoldova.com\/ro\/","url":"https:\/\/bizmoldova.com\/ro\/","name":"Servicii Juridice \u00een Chi\u0219in\u0103u, Moldova - Acte, Documente Moldova. Apostilare, Legalizare, Nostrificare, Traduceri","isPartOf":{"@id":"https:\/\/bizmoldova.com\/ro\/#website"},"datePublished":"2024-09-29T18:06:51+00:00","breadcrumb":{"@id":"https:\/\/bizmoldova.com\/ro\/#breadcrumb"},"inLanguage":"ro-RO","potentialAction":[{"@type":"ReadAction","target":["https:\/\/bizmoldova.com\/ro\/"]}]},{"@type":"BreadcrumbList","@id":"https:\/\/bizmoldova.com\/ro\/#breadcrumb","itemListElement":[{"@type":"ListItem","position":1,"name":"Home","item":"https:\/\/bizmoldova.com\/ro\/"},{"@type":"ListItem","position":2,"name":"Servicii Juridice \u00een Chi\u0219in\u0103u, Moldova"}]},{"@type":"WebSite","@id":"https:\/\/bizmoldova.com\/ro\/#website","url":"https:\/\/bizmoldova.com\/ro\/","name":"Acte, Documente Moldova. Apostilare, Legalizare, Nostrificare, Traduceri","description":"Infiin\u021bare SRL. Acte, Documente, Apostila - Moldova","potentialAction":[{"@type":"SearchAction","target":{"@type":"EntryPoint","urlTemplate":"https:\/\/bizmoldova.com\/ro\/?s={search_term_string}"},"query-input":{"@type":"PropertyValueSpecification","valueRequired":true,"valueName":"search_term_string"}}],"inLanguage":"ro-RO"}]}},"_links":{"self":[{"href":"https:\/\/bizmoldova.com\/ro\/wp-json\/wp\/v2\/pages\/34","targetHints":{"allow":["GET"]}}],"collection":[{"href":"https:\/\/bizmoldova.com\/ro\/wp-json\/wp\/v2\/pages"}],"about":[{"href":"https:\/\/bizmoldova.com\/ro\/wp-json\/wp\/v2\/types\/page"}],"author":[{"embeddable":true,"href":"https:\/\/bizmoldova.com\/ro\/wp-json\/wp\/v2\/users\/1"}],"replies":[{"embeddable":true,"href":"https:\/\/bizmoldova.com\/ro\/wp-json\/wp\/v2\/comments?post=34"}],"version-history":[{"count":1,"href":"https:\/\/bizmoldova.com\/ro\/wp-json\/wp\/v2\/pages\/34\/revisions"}],"predecessor-version":[{"id":35,"href":"https:\/\/bizmoldova.com\/ro\/wp-json\/wp\/v2\/pages\/34\/revisions\/35"}],"wp:attachment":[{"href":"https:\/\/bizmoldova.com\/ro\/wp-json\/wp\/v2\/media?parent=34"}],"curies":[{"name":"wp","href":"https:\/\/api.w.org\/{rel}","templated":true}]}}