{"id":32,"date":"2024-09-29T17:36:25","date_gmt":"2024-09-29T17:36:25","guid":{"rendered":"https:\/\/bizmoldova.com\/ro\/?page_id=32"},"modified":"2024-09-29T17:36:27","modified_gmt":"2024-09-29T17:36:27","slug":"transcrierea-actelor-traducerea-documentelor","status":"publish","type":"page","link":"https:\/\/bizmoldova.com\/ro\/transcrierea-actelor-traducerea-documentelor\/","title":{"rendered":"Transcrierea actelor. Traducerea documentelor"},"content":{"rendered":"\n<h2 class=\"wp-block-heading\">Transcrierea Documentelor. Traducerea Documentelor<\/h2>\n\n\n\n<p>Ce este transcrierea? Este o conversie liter\u0103 cu liter\u0103 a numelui, prenumelui \u0219i patronimului \u00eentr-o alt\u0103 limb\u0103, \u021bin\u00e2nd cont de regulile lingvistice. Este important s\u0103 acord\u0103m aten\u021bie pronun\u021biei combina\u021biilor de litere \u0219i literelor \u00een sine, deoarece regulile de scriere a sunetelor cu litere difer\u0103 \u00een func\u021bie de limb\u0103. De exemplu, \u00een numele de familie Cheban: \u00een englez\u0103 &#8211; Cheban, \u00een german\u0103 &#8211; Tscheban, \u00een rom\u00e2n\u0103 &#8211; Ceban.<\/p>\n\n\n\n<p>Atunci c\u00e2nd se transform\u0103 documente str\u0103ine \u00een documente rom\u00e2ne\u0219ti, moldovene\u0219ti sau din alte \u021b\u0103ri, este adesea necesar\u0103 traducerea corect\u0103 a numelui, prenumelui \u0219i patronimului. Totu\u0219i, trebuie s\u0103 ne amintim c\u0103, conform regulilor de traducere, paradoxal, numele, patronime \u0219i numele de familie nu se traduc. Aceste date se transcriu.<\/p>\n\n\n\n<p>Numele care au scriere dubl\u0103 \u00een limba englez\u0103 (de exemplu, \u00een pa\u0219aportul ucrainean) \u0219i \u00een limba rom\u00e2n\u0103 creeaz\u0103 adesea confuzii \u00een practic\u0103. De exemplu, Alexey (englez\u0103) \u0219i Alexei (rom\u00e2n\u0103). Astfel de discrepan\u021be nu pot fi considerate o eroare. Cu toate acestea, o astfel de neconcordan\u021b\u0103 poate deveni un motiv pentru refuzul accept\u0103rii documentelor de c\u0103tre un organ str\u0103in \u0219i chiar \u00een \u021bar\u0103.<\/p>\n\n\n\n<p>Transcrierea documentelor \u00een limba rom\u00e2n\u0103 se efectueaz\u0103 conform regulilor stabilite \u00een legisla\u021bia Republicii Moldova. Aceste reguli pot fi eludate doar dac\u0103 func\u021bionarul este incompetent \u0219i nu le cunoa\u0219te. Totu\u0219i, \u00een acest caz, poate exista \u0219i altceva. Dac\u0103 un func\u021bionar este incompetent, el poate \u00eenc\u0103lca regulile chiar \u0219i \u00een cazul unei cerin\u021be legale de a scrie \u201ecorect\u201d.<\/p>\n\n\n\n<p>Transcrierea documentelor str\u0103ine pentru Rom\u00e2nia ridic\u0103 uneori \u00eentreb\u0103ri. De exemplu, poate exista o scriere \u00een pa\u0219aport, o alt\u0103 scriere \u00een buletinul moldovenesc \u0219i o a treia scriere \u00een certificatul de na\u0219tere. Numai profesioni\u0219tii pot oferi \u00eendrumare \u0219i asisten\u021b\u0103 \u00een acest sens.<\/p>\n\n\n\n<h2 class=\"wp-block-heading\">Serviciul de Transcriere<\/h2>\n\n\n\n<p>Serviciul de Transcriere (Transcriere) este disponibil \u00een compania noastr\u0103 pentru urm\u0103toarele documente: certificat de c\u0103s\u0103torie, certificat de na\u0219tere, certificat de divor\u021b, certificat de cazier judiciar, copie a pa\u0219aportului (pa\u0219apoartelor), certificat de stare civil\u0103. Exist\u0103 dou\u0103 termene de transcriere: p\u00e2n\u0103 la 1 lun\u0103 &#8211; transcriere urgent\u0103. De asemenea, este disponibil un serviciu la un pre\u021b acceptabil &#8211; transcriere \u00een \u0219ase (6) &#8211; zece (10) luni.<\/p>\n\n\n\n<p>Nu uita\u021bi c\u0103, pe l\u00e2ng\u0103 transcriere, ar putea fi necesar:<\/p>\n\n\n\n<ul class=\"wp-block-list\">\n    <li>Solicitarea (ob\u021binerea) certificatelor de c\u0103s\u0103torie, certificate de divor\u021b, certificate de na\u0219tere, certificate de cazier judiciar at\u00e2t \u00een Republica Moldova, c\u00e2t \u0219i \u00een Rom\u00e2nia, precum \u0219i \u00een str\u0103in\u0103tate, de exemplu, \u00een Rusia, Ucraina, Belarus, Kazahstan, Azerbaidjan, Armenia, Tadjikistan, Uzbekistan, Letonia, Lituania, Estonia.<\/li>\n<\/ul>\n\n\n\n<p>Toate aceste servicii sunt oferite de Business Liga SRL.<\/p>\n\n\n\n<p>Pute\u021bi lua leg\u0103tura cu noi folosind mesageri: WhatsApp, Viber, Telegram<\/p>\n\n\n\n<p>+373 67666333<\/p>\n\n","protected":false},"excerpt":{"rendered":"<p>Transcrierea Documentelor. Traducerea Documentelor Ce este transcrierea? Este o conversie liter\u0103 cu liter\u0103 a numelui, prenumelui \u0219i patronimului \u00eentr-o alt\u0103 limb\u0103, \u021bin\u00e2nd cont de regulile lingvistice. Este important s\u0103 acord\u0103m aten\u021bie pronun\u021biei combina\u021biilor de litere \u0219i literelor \u00een sine, deoarece regulile de scriere a sunetelor cu litere difer\u0103 \u00een func\u021bie de limb\u0103. De exemplu, \u00een &#8230; <a title=\"Transcrierea actelor. Traducerea documentelor\" class=\"read-more\" href=\"https:\/\/bizmoldova.com\/ro\/transcrierea-actelor-traducerea-documentelor\/\" aria-label=\"Cite\u0219te mai multe despre Transcrierea actelor. Traducerea documentelor\">Read more<\/a><\/p>\n","protected":false},"author":1,"featured_media":0,"parent":0,"menu_order":0,"comment_status":"closed","ping_status":"closed","template":"","meta":{"_acf_changed":false,"footnotes":""},"class_list":["post-32","page","type-page","status-publish"],"acf":[],"yoast_head":"<!-- This site is optimized with the Yoast SEO plugin v27.3 - https:\/\/yoast.com\/product\/yoast-seo-wordpress\/ -->\n<title>Transcrierea actelor. Traducerea documentelor - Acte, Documente Moldova. Apostilare, Legalizare, Nostrificare, Traduceri<\/title>\n<meta name=\"robots\" content=\"index, follow, max-snippet:-1, max-image-preview:large, max-video-preview:-1\" \/>\n<link rel=\"canonical\" href=\"https:\/\/bizmoldova.com\/ro\/transcrierea-actelor-traducerea-documentelor\/\" \/>\n<meta property=\"og:locale\" content=\"ro_RO\" \/>\n<meta property=\"og:type\" content=\"article\" \/>\n<meta property=\"og:title\" content=\"Transcrierea actelor. Traducerea documentelor - Acte, Documente Moldova. Apostilare, Legalizare, Nostrificare, Traduceri\" \/>\n<meta property=\"og:description\" content=\"Transcrierea Documentelor. Traducerea Documentelor Ce este transcrierea? Este o conversie liter\u0103 cu liter\u0103 a numelui, prenumelui \u0219i patronimului \u00eentr-o alt\u0103 limb\u0103, \u021bin\u00e2nd cont de regulile lingvistice. Este important s\u0103 acord\u0103m aten\u021bie pronun\u021biei combina\u021biilor de litere \u0219i literelor \u00een sine, deoarece regulile de scriere a sunetelor cu litere difer\u0103 \u00een func\u021bie de limb\u0103. De exemplu, \u00een ... Read more\" \/>\n<meta property=\"og:url\" content=\"https:\/\/bizmoldova.com\/ro\/transcrierea-actelor-traducerea-documentelor\/\" \/>\n<meta property=\"og:site_name\" content=\"Acte, Documente Moldova. Apostilare, Legalizare, Nostrificare, Traduceri\" \/>\n<meta property=\"article:modified_time\" content=\"2024-09-29T17:36:27+00:00\" \/>\n<meta name=\"twitter:card\" content=\"summary_large_image\" \/>\n<meta name=\"twitter:label1\" content=\"Timp estimat pentru citire\" \/>\n\t<meta name=\"twitter:data1\" content=\"3 minute\" \/>\n<script type=\"application\/ld+json\" class=\"yoast-schema-graph\">{\"@context\":\"https:\\\/\\\/schema.org\",\"@graph\":[{\"@type\":\"WebPage\",\"@id\":\"https:\\\/\\\/bizmoldova.com\\\/ro\\\/transcrierea-actelor-traducerea-documentelor\\\/\",\"url\":\"https:\\\/\\\/bizmoldova.com\\\/ro\\\/transcrierea-actelor-traducerea-documentelor\\\/\",\"name\":\"Transcrierea actelor. Traducerea documentelor - Acte, Documente Moldova. Apostilare, Legalizare, Nostrificare, Traduceri\",\"isPartOf\":{\"@id\":\"https:\\\/\\\/bizmoldova.com\\\/ro\\\/#website\"},\"datePublished\":\"2024-09-29T17:36:25+00:00\",\"dateModified\":\"2024-09-29T17:36:27+00:00\",\"breadcrumb\":{\"@id\":\"https:\\\/\\\/bizmoldova.com\\\/ro\\\/transcrierea-actelor-traducerea-documentelor\\\/#breadcrumb\"},\"inLanguage\":\"ro-RO\",\"potentialAction\":[{\"@type\":\"ReadAction\",\"target\":[\"https:\\\/\\\/bizmoldova.com\\\/ro\\\/transcrierea-actelor-traducerea-documentelor\\\/\"]}]},{\"@type\":\"BreadcrumbList\",\"@id\":\"https:\\\/\\\/bizmoldova.com\\\/ro\\\/transcrierea-actelor-traducerea-documentelor\\\/#breadcrumb\",\"itemListElement\":[{\"@type\":\"ListItem\",\"position\":1,\"name\":\"Home\",\"item\":\"https:\\\/\\\/bizmoldova.com\\\/ro\\\/\"},{\"@type\":\"ListItem\",\"position\":2,\"name\":\"Transcrierea actelor. Traducerea documentelor\"}]},{\"@type\":\"WebSite\",\"@id\":\"https:\\\/\\\/bizmoldova.com\\\/ro\\\/#website\",\"url\":\"https:\\\/\\\/bizmoldova.com\\\/ro\\\/\",\"name\":\"Acte, Documente Moldova. Apostilare, Legalizare, Nostrificare, Traduceri\",\"description\":\"Infiin\u021bare SRL. Acte, Documente, Apostila - Moldova\",\"potentialAction\":[{\"@type\":\"SearchAction\",\"target\":{\"@type\":\"EntryPoint\",\"urlTemplate\":\"https:\\\/\\\/bizmoldova.com\\\/ro\\\/?s={search_term_string}\"},\"query-input\":{\"@type\":\"PropertyValueSpecification\",\"valueRequired\":true,\"valueName\":\"search_term_string\"}}],\"inLanguage\":\"ro-RO\"}]}<\/script>\n<!-- \/ Yoast SEO plugin. -->","yoast_head_json":{"title":"Transcrierea actelor. Traducerea documentelor - Acte, Documente Moldova. Apostilare, Legalizare, Nostrificare, Traduceri","robots":{"index":"index","follow":"follow","max-snippet":"max-snippet:-1","max-image-preview":"max-image-preview:large","max-video-preview":"max-video-preview:-1"},"canonical":"https:\/\/bizmoldova.com\/ro\/transcrierea-actelor-traducerea-documentelor\/","og_locale":"ro_RO","og_type":"article","og_title":"Transcrierea actelor. Traducerea documentelor - Acte, Documente Moldova. Apostilare, Legalizare, Nostrificare, Traduceri","og_description":"Transcrierea Documentelor. Traducerea Documentelor Ce este transcrierea? Este o conversie liter\u0103 cu liter\u0103 a numelui, prenumelui \u0219i patronimului \u00eentr-o alt\u0103 limb\u0103, \u021bin\u00e2nd cont de regulile lingvistice. Este important s\u0103 acord\u0103m aten\u021bie pronun\u021biei combina\u021biilor de litere \u0219i literelor \u00een sine, deoarece regulile de scriere a sunetelor cu litere difer\u0103 \u00een func\u021bie de limb\u0103. De exemplu, \u00een ... Read more","og_url":"https:\/\/bizmoldova.com\/ro\/transcrierea-actelor-traducerea-documentelor\/","og_site_name":"Acte, Documente Moldova. Apostilare, Legalizare, Nostrificare, Traduceri","article_modified_time":"2024-09-29T17:36:27+00:00","twitter_card":"summary_large_image","twitter_misc":{"Timp estimat pentru citire":"3 minute"},"schema":{"@context":"https:\/\/schema.org","@graph":[{"@type":"WebPage","@id":"https:\/\/bizmoldova.com\/ro\/transcrierea-actelor-traducerea-documentelor\/","url":"https:\/\/bizmoldova.com\/ro\/transcrierea-actelor-traducerea-documentelor\/","name":"Transcrierea actelor. Traducerea documentelor - Acte, Documente Moldova. Apostilare, Legalizare, Nostrificare, Traduceri","isPartOf":{"@id":"https:\/\/bizmoldova.com\/ro\/#website"},"datePublished":"2024-09-29T17:36:25+00:00","dateModified":"2024-09-29T17:36:27+00:00","breadcrumb":{"@id":"https:\/\/bizmoldova.com\/ro\/transcrierea-actelor-traducerea-documentelor\/#breadcrumb"},"inLanguage":"ro-RO","potentialAction":[{"@type":"ReadAction","target":["https:\/\/bizmoldova.com\/ro\/transcrierea-actelor-traducerea-documentelor\/"]}]},{"@type":"BreadcrumbList","@id":"https:\/\/bizmoldova.com\/ro\/transcrierea-actelor-traducerea-documentelor\/#breadcrumb","itemListElement":[{"@type":"ListItem","position":1,"name":"Home","item":"https:\/\/bizmoldova.com\/ro\/"},{"@type":"ListItem","position":2,"name":"Transcrierea actelor. Traducerea documentelor"}]},{"@type":"WebSite","@id":"https:\/\/bizmoldova.com\/ro\/#website","url":"https:\/\/bizmoldova.com\/ro\/","name":"Acte, Documente Moldova. Apostilare, Legalizare, Nostrificare, Traduceri","description":"Infiin\u021bare SRL. Acte, Documente, Apostila - Moldova","potentialAction":[{"@type":"SearchAction","target":{"@type":"EntryPoint","urlTemplate":"https:\/\/bizmoldova.com\/ro\/?s={search_term_string}"},"query-input":{"@type":"PropertyValueSpecification","valueRequired":true,"valueName":"search_term_string"}}],"inLanguage":"ro-RO"}]}},"_links":{"self":[{"href":"https:\/\/bizmoldova.com\/ro\/wp-json\/wp\/v2\/pages\/32","targetHints":{"allow":["GET"]}}],"collection":[{"href":"https:\/\/bizmoldova.com\/ro\/wp-json\/wp\/v2\/pages"}],"about":[{"href":"https:\/\/bizmoldova.com\/ro\/wp-json\/wp\/v2\/types\/page"}],"author":[{"embeddable":true,"href":"https:\/\/bizmoldova.com\/ro\/wp-json\/wp\/v2\/users\/1"}],"replies":[{"embeddable":true,"href":"https:\/\/bizmoldova.com\/ro\/wp-json\/wp\/v2\/comments?post=32"}],"version-history":[{"count":1,"href":"https:\/\/bizmoldova.com\/ro\/wp-json\/wp\/v2\/pages\/32\/revisions"}],"predecessor-version":[{"id":33,"href":"https:\/\/bizmoldova.com\/ro\/wp-json\/wp\/v2\/pages\/32\/revisions\/33"}],"wp:attachment":[{"href":"https:\/\/bizmoldova.com\/ro\/wp-json\/wp\/v2\/media?parent=32"}],"curies":[{"name":"wp","href":"https:\/\/api.w.org\/{rel}","templated":true}]}}