{"id":30,"date":"2024-09-29T17:08:55","date_gmt":"2024-09-29T17:08:55","guid":{"rendered":"https:\/\/bizmoldova.com\/ro\/?page_id=30"},"modified":"2024-09-29T17:08:56","modified_gmt":"2024-09-29T17:08:56","slug":"cetatenie-romana","status":"publish","type":"page","link":"https:\/\/bizmoldova.com\/ro\/cetatenie-romana\/","title":{"rendered":"Cet\u0103\u021benie Rom\u00e2n\u0103"},"content":{"rendered":"<h2 class=\"wp-block-heading\">Modalit\u0103\u021bi de dob\u00e2ndire a cet\u0103\u021beniei rom\u00e2ne<\/h2>\n<p>Cet\u0103\u021benia rom\u00e2n\u0103 se dob\u00e2nde\u0219te prin urm\u0103toarele modalit\u0103\u021bi:<\/p>\n<ul>\n<li>prin na\u0219tere<\/li>\n<li>prin adop\u021bie<\/li>\n<li>prin cerere<\/li>\n<\/ul>\n<h3 class=\"wp-block-heading\">Dob\u00e2ndirea cet\u0103\u021beniei rom\u00e2ne prin na\u0219tere<\/h3>\n<p>Copiii n\u0103scu\u021bi pe teritoriul Rom\u00e2niei din cet\u0103\u021beni rom\u00e2ni sunt cet\u0103\u021beni rom\u00e2ni.<\/p>\n<p>De asemenea, sunt cet\u0103\u021beni rom\u00e2ni cei care:<\/p>\n<ul>\n<li>s-au n\u0103scut pe teritoriul Rom\u00e2niei, chiar dac\u0103 doar unul dintre p\u0103rin\u021bi este cet\u0103\u021bean rom\u00e2n;<\/li>\n<li>s-au n\u0103scut \u00een str\u0103in\u0103tate, iar ambii p\u0103rin\u021bi sau unul dintre ei are cet\u0103\u021benia rom\u00e2n\u0103.<\/li>\n<\/ul>\n<p>Un copil g\u0103sit pe teritoriul Rom\u00e2niei este considerat cet\u0103\u021bean rom\u00e2n dac\u0103 p\u0103rin\u021bii s\u0103i nu sunt cunoscu\u021bi.<\/p>\n<p>Cet\u0103\u021benia rom\u00e2n\u0103 se dob\u00e2nde\u0219te de c\u0103tre un copil str\u0103in sau apatrid prin adop\u021bie, dac\u0103 adoptatorii sunt cet\u0103\u021beni rom\u00e2ni, iar adoptatul nu a \u00eemplinit 18 ani.<\/p>\n<h3 class=\"wp-block-heading\">Dob\u00e2ndirea cet\u0103\u021beniei rom\u00e2ne prin cerere, pe baze legale<\/h3>\n<p>Cet\u0103\u021benia rom\u00e2n\u0103 poate fi acordat\u0103, la cerere, unei persoane apatride sau unui cet\u0103\u021bean str\u0103in, dac\u0103 se \u00eendeplinesc urm\u0103toarele condi\u021bii:<\/p>\n<ul>\n<li>s-a n\u0103scut \u0219i locuie\u0219te, \u00een momentul depunerii cererii, pe teritoriul Rom\u00e2niei;<\/li>\n<li>chiar dac\u0103 nu s-a n\u0103scut pe acest teritoriu, locuie\u0219te pe teritoriul Rom\u00e2niei legal de cel pu\u021bin 8 ani;<\/li>\n<li>\u00een cazul \u00een care este c\u0103s\u0103torit \u0219i locuie\u0219te cu un cet\u0103\u021bean rom\u00e2n, de cel pu\u021bin 5 ani de la data c\u0103s\u0103toriei;<\/li>\n<li>demonstreaz\u0103 un comportament, ac\u021biuni \u0219i atitudine de loialitate fa\u021b\u0103 de statul rom\u00e2n \u0219i declar\u0103 c\u0103 nu a \u00eentreprins \u0219i nu sus\u021bine, de asemenea, c\u0103 nu a \u00eentreprins sau nu a sus\u021binut \u00een trecut ac\u021biuni \u00eempotriva ordinii publice sau securit\u0103\u021bii na\u021bionale;<\/li>\n<li>a \u00eemplinit 18 ani;<\/li>\n<li>are \u00een Rom\u00e2nia mijloace legale de existen\u021b\u0103, conform legisla\u021biei privind regimul str\u0103inilor;<\/li>\n<li>este cunoscut pentru un comportament bun \u0219i nu a fost condamnat, nici \u00een Rom\u00e2nia, nici \u00een str\u0103in\u0103tate, pentru o infrac\u021biune care \u00eel face indezirabil ca cet\u0103\u021bean rom\u00e2n;<\/li>\n<li>cunoa\u0219te limba rom\u00e2n\u0103 \u0219i de\u021bine cuno\u0219tin\u021be elementare despre cultura \u0219i civiliza\u021bia rom\u00e2n\u0103 suficiente pentru integrarea \u00een via\u021ba social\u0103;<\/li>\n<li>cunoa\u0219te dispozi\u021biile Constitu\u021biei Rom\u00e2niei \u0219i imnul na\u021bional.<\/li>\n<\/ul>\n<p>Aprobarea cererilor de acordare sau restabilire a cet\u0103\u021beniei rom\u00e2ne se face printr-o hot\u0103r\u00e2re a Guvernului, care evalueaz\u0103 propunerile ministrului justi\u021biei.<\/p>\n<h3 class=\"wp-block-heading\">Cererea de acordare a cet\u0103\u021beniei rom\u00e2ne<\/h3>\n<p>se depune personal sau, \u00een cazuri justificate, printr-un reprezentant cu o procur\u0103 special\u0103 notarial\u0103 (sau o procur\u0103 \u00eentocmit\u0103 corespunz\u0103tor, de exemplu, la consulat) \u0219i trebuie s\u0103 fie \u00eenso\u021bit\u0103 de documente care confirm\u0103 \u00eendeplinirea condi\u021biilor legale pentru depunerea documentelor \u0219i ob\u021binerea cet\u0103\u021beniei rom\u00e2ne.<\/p>\n<p>Cererea de acordare a cet\u0103\u021beniei rom\u00e2ne se trimite comisiei pentru stabilirea condi\u021biilor de acordare a cet\u0103\u021beniei, care func\u021bioneaz\u0103 sub Ministerul Justi\u021biei.<\/p>\n<p>Comisia dispune, pe cheltuiala solicitantului, publicarea unui extras din cererea de acordare a cet\u0103\u021beniei rom\u00e2ne \u00een Monitorul Oficial al Rom\u00e2niei.<\/p>\n<p>Analiza cererii de c\u0103tre comisie poate fi realizat\u0103 numai dup\u0103 trecerea a 30 de zile de la data public\u0103rii acesteia.<\/p>\n<p>Persoana c\u0103reia i se acord\u0103 cet\u0103\u021benia rom\u00e2n\u0103 cu stabilirea re\u0219edin\u021bei \u00een \u021bar\u0103 depune, \u00een termen de 6 luni, jur\u0103m\u00e2ntul de loialitate fa\u021b\u0103 de Rom\u00e2nia \u00een fa\u021ba ministrului justi\u021biei sau a unui secretar de stat delegat special \u00een acest scop.<\/p>\n<p>Persoana care a ob\u021binut cet\u0103\u021benia rom\u00e2n\u0103 p\u0103str\u00e2nd re\u0219edin\u021ba \u00een str\u0103in\u0103tate depune jur\u0103m\u00e2ntul de loialitate \u00een fa\u021ba \u0219efului misiunii diplomatice sau consular\u0103 a Rom\u00e2niei din \u021bara de re\u0219edin\u021b\u0103.<\/p>\n<h3 class=\"wp-block-heading\">Cet\u0103\u021benia rom\u00e2n\u0103 se dob\u00e2nde\u0219te de la data accept\u0103rii jur\u0103m\u00e2ntului de loialitate fa\u021b\u0103 de statul rom\u00e2n<\/h3>\n<p>Dup\u0103 acceptarea jur\u0103m\u00e2ntului, ministrul justi\u021biei sau \u0219eful misiunii diplomatice sau consular\u0103 emite persoanei c\u0103reia i s-a acordat cet\u0103\u021benia un certificat cu fotografia proprietarului. \u00cen cazul \u00een care copiii minori dob\u00e2ndesc cet\u0103\u021benia \u00eempreun\u0103 cu p\u0103rin\u021bii, ace\u0219tia vor fi men\u021biona\u021bi \u00een certificat.<\/p>\n<p>Pierderea cet\u0103\u021beniei rom\u00e2ne<\/p>\n<p>Cet\u0103\u021benia rom\u00e2n\u0103 se pierde \u00een urm\u0103toarele cazuri:<\/p>\n<ul>\n<li>revocarea cet\u0103\u021beniei<\/li>\n<p>    &#8230;\n<\/ul>\n","protected":false},"excerpt":{"rendered":"<p>Modalit\u0103\u021bi de dob\u00e2ndire a cet\u0103\u021beniei rom\u00e2ne Cet\u0103\u021benia rom\u00e2n\u0103 se dob\u00e2nde\u0219te prin urm\u0103toarele modalit\u0103\u021bi: prin na\u0219tere prin adop\u021bie prin cerere Dob\u00e2ndirea cet\u0103\u021beniei rom\u00e2ne prin na\u0219tere Copiii n\u0103scu\u021bi pe teritoriul Rom\u00e2niei din cet\u0103\u021beni rom\u00e2ni sunt cet\u0103\u021beni rom\u00e2ni. De asemenea, sunt cet\u0103\u021beni rom\u00e2ni cei care: s-au n\u0103scut pe teritoriul Rom\u00e2niei, chiar dac\u0103 doar unul dintre p\u0103rin\u021bi este cet\u0103\u021bean &#8230; <a title=\"Cet\u0103\u021benie Rom\u00e2n\u0103\" class=\"read-more\" href=\"https:\/\/bizmoldova.com\/ro\/cetatenie-romana\/\" aria-label=\"Cite\u0219te mai multe despre Cet\u0103\u021benie Rom\u00e2n\u0103\">Read more<\/a><\/p>\n","protected":false},"author":1,"featured_media":0,"parent":0,"menu_order":0,"comment_status":"closed","ping_status":"closed","template":"","meta":{"_acf_changed":false,"footnotes":""},"class_list":["post-30","page","type-page","status-publish"],"acf":[],"yoast_head":"<!-- This site is optimized with the Yoast SEO plugin v27.4 - https:\/\/yoast.com\/product\/yoast-seo-wordpress\/ -->\n<title>Cet\u0103\u021benie Rom\u00e2n\u0103 - Acte, Documente Moldova. Apostilare, Legalizare, Nostrificare, Traduceri<\/title>\n<meta name=\"robots\" content=\"index, follow, max-snippet:-1, max-image-preview:large, max-video-preview:-1\" \/>\n<link rel=\"canonical\" href=\"https:\/\/bizmoldova.com\/ro\/cetatenie-romana\/\" \/>\n<meta property=\"og:locale\" content=\"ro_RO\" \/>\n<meta property=\"og:type\" content=\"article\" \/>\n<meta property=\"og:title\" content=\"Cet\u0103\u021benie Rom\u00e2n\u0103 - Acte, Documente Moldova. Apostilare, Legalizare, Nostrificare, Traduceri\" \/>\n<meta property=\"og:description\" content=\"Modalit\u0103\u021bi de dob\u00e2ndire a cet\u0103\u021beniei rom\u00e2ne Cet\u0103\u021benia rom\u00e2n\u0103 se dob\u00e2nde\u0219te prin urm\u0103toarele modalit\u0103\u021bi: prin na\u0219tere prin adop\u021bie prin cerere Dob\u00e2ndirea cet\u0103\u021beniei rom\u00e2ne prin na\u0219tere Copiii n\u0103scu\u021bi pe teritoriul Rom\u00e2niei din cet\u0103\u021beni rom\u00e2ni sunt cet\u0103\u021beni rom\u00e2ni. De asemenea, sunt cet\u0103\u021beni rom\u00e2ni cei care: s-au n\u0103scut pe teritoriul Rom\u00e2niei, chiar dac\u0103 doar unul dintre p\u0103rin\u021bi este cet\u0103\u021bean ... Read more\" \/>\n<meta property=\"og:url\" content=\"https:\/\/bizmoldova.com\/ro\/cetatenie-romana\/\" \/>\n<meta property=\"og:site_name\" content=\"Acte, Documente Moldova. Apostilare, Legalizare, Nostrificare, Traduceri\" \/>\n<meta property=\"article:modified_time\" content=\"2024-09-29T17:08:56+00:00\" \/>\n<meta name=\"twitter:card\" content=\"summary_large_image\" \/>\n<meta name=\"twitter:label1\" content=\"Timp estimat pentru citire\" \/>\n\t<meta name=\"twitter:data1\" content=\"4 minute\" \/>\n<script type=\"application\/ld+json\" class=\"yoast-schema-graph\">{\"@context\":\"https:\\\/\\\/schema.org\",\"@graph\":[{\"@type\":\"WebPage\",\"@id\":\"https:\\\/\\\/bizmoldova.com\\\/ro\\\/cetatenie-romana\\\/\",\"url\":\"https:\\\/\\\/bizmoldova.com\\\/ro\\\/cetatenie-romana\\\/\",\"name\":\"Cet\u0103\u021benie Rom\u00e2n\u0103 - Acte, Documente Moldova. Apostilare, Legalizare, Nostrificare, Traduceri\",\"isPartOf\":{\"@id\":\"https:\\\/\\\/bizmoldova.com\\\/ro\\\/#website\"},\"datePublished\":\"2024-09-29T17:08:55+00:00\",\"dateModified\":\"2024-09-29T17:08:56+00:00\",\"breadcrumb\":{\"@id\":\"https:\\\/\\\/bizmoldova.com\\\/ro\\\/cetatenie-romana\\\/#breadcrumb\"},\"inLanguage\":\"ro-RO\",\"potentialAction\":[{\"@type\":\"ReadAction\",\"target\":[\"https:\\\/\\\/bizmoldova.com\\\/ro\\\/cetatenie-romana\\\/\"]}]},{\"@type\":\"BreadcrumbList\",\"@id\":\"https:\\\/\\\/bizmoldova.com\\\/ro\\\/cetatenie-romana\\\/#breadcrumb\",\"itemListElement\":[{\"@type\":\"ListItem\",\"position\":1,\"name\":\"Home\",\"item\":\"https:\\\/\\\/bizmoldova.com\\\/ro\\\/\"},{\"@type\":\"ListItem\",\"position\":2,\"name\":\"Cet\u0103\u021benie Rom\u00e2n\u0103\"}]},{\"@type\":\"WebSite\",\"@id\":\"https:\\\/\\\/bizmoldova.com\\\/ro\\\/#website\",\"url\":\"https:\\\/\\\/bizmoldova.com\\\/ro\\\/\",\"name\":\"Acte, Documente Moldova. Apostilare, Legalizare, Nostrificare, Traduceri\",\"description\":\"Infiin\u021bare SRL. Acte, Documente, Apostila - Moldova\",\"potentialAction\":[{\"@type\":\"SearchAction\",\"target\":{\"@type\":\"EntryPoint\",\"urlTemplate\":\"https:\\\/\\\/bizmoldova.com\\\/ro\\\/?s={search_term_string}\"},\"query-input\":{\"@type\":\"PropertyValueSpecification\",\"valueRequired\":true,\"valueName\":\"search_term_string\"}}],\"inLanguage\":\"ro-RO\"}]}<\/script>\n<!-- \/ Yoast SEO plugin. -->","yoast_head_json":{"title":"Cet\u0103\u021benie Rom\u00e2n\u0103 - Acte, Documente Moldova. Apostilare, Legalizare, Nostrificare, Traduceri","robots":{"index":"index","follow":"follow","max-snippet":"max-snippet:-1","max-image-preview":"max-image-preview:large","max-video-preview":"max-video-preview:-1"},"canonical":"https:\/\/bizmoldova.com\/ro\/cetatenie-romana\/","og_locale":"ro_RO","og_type":"article","og_title":"Cet\u0103\u021benie Rom\u00e2n\u0103 - Acte, Documente Moldova. Apostilare, Legalizare, Nostrificare, Traduceri","og_description":"Modalit\u0103\u021bi de dob\u00e2ndire a cet\u0103\u021beniei rom\u00e2ne Cet\u0103\u021benia rom\u00e2n\u0103 se dob\u00e2nde\u0219te prin urm\u0103toarele modalit\u0103\u021bi: prin na\u0219tere prin adop\u021bie prin cerere Dob\u00e2ndirea cet\u0103\u021beniei rom\u00e2ne prin na\u0219tere Copiii n\u0103scu\u021bi pe teritoriul Rom\u00e2niei din cet\u0103\u021beni rom\u00e2ni sunt cet\u0103\u021beni rom\u00e2ni. De asemenea, sunt cet\u0103\u021beni rom\u00e2ni cei care: s-au n\u0103scut pe teritoriul Rom\u00e2niei, chiar dac\u0103 doar unul dintre p\u0103rin\u021bi este cet\u0103\u021bean ... Read more","og_url":"https:\/\/bizmoldova.com\/ro\/cetatenie-romana\/","og_site_name":"Acte, Documente Moldova. Apostilare, Legalizare, Nostrificare, Traduceri","article_modified_time":"2024-09-29T17:08:56+00:00","twitter_card":"summary_large_image","twitter_misc":{"Timp estimat pentru citire":"4 minute"},"schema":{"@context":"https:\/\/schema.org","@graph":[{"@type":"WebPage","@id":"https:\/\/bizmoldova.com\/ro\/cetatenie-romana\/","url":"https:\/\/bizmoldova.com\/ro\/cetatenie-romana\/","name":"Cet\u0103\u021benie Rom\u00e2n\u0103 - Acte, Documente Moldova. Apostilare, Legalizare, Nostrificare, Traduceri","isPartOf":{"@id":"https:\/\/bizmoldova.com\/ro\/#website"},"datePublished":"2024-09-29T17:08:55+00:00","dateModified":"2024-09-29T17:08:56+00:00","breadcrumb":{"@id":"https:\/\/bizmoldova.com\/ro\/cetatenie-romana\/#breadcrumb"},"inLanguage":"ro-RO","potentialAction":[{"@type":"ReadAction","target":["https:\/\/bizmoldova.com\/ro\/cetatenie-romana\/"]}]},{"@type":"BreadcrumbList","@id":"https:\/\/bizmoldova.com\/ro\/cetatenie-romana\/#breadcrumb","itemListElement":[{"@type":"ListItem","position":1,"name":"Home","item":"https:\/\/bizmoldova.com\/ro\/"},{"@type":"ListItem","position":2,"name":"Cet\u0103\u021benie Rom\u00e2n\u0103"}]},{"@type":"WebSite","@id":"https:\/\/bizmoldova.com\/ro\/#website","url":"https:\/\/bizmoldova.com\/ro\/","name":"Acte, Documente Moldova. Apostilare, Legalizare, Nostrificare, Traduceri","description":"Infiin\u021bare SRL. Acte, Documente, Apostila - Moldova","potentialAction":[{"@type":"SearchAction","target":{"@type":"EntryPoint","urlTemplate":"https:\/\/bizmoldova.com\/ro\/?s={search_term_string}"},"query-input":{"@type":"PropertyValueSpecification","valueRequired":true,"valueName":"search_term_string"}}],"inLanguage":"ro-RO"}]}},"_links":{"self":[{"href":"https:\/\/bizmoldova.com\/ro\/wp-json\/wp\/v2\/pages\/30","targetHints":{"allow":["GET"]}}],"collection":[{"href":"https:\/\/bizmoldova.com\/ro\/wp-json\/wp\/v2\/pages"}],"about":[{"href":"https:\/\/bizmoldova.com\/ro\/wp-json\/wp\/v2\/types\/page"}],"author":[{"embeddable":true,"href":"https:\/\/bizmoldova.com\/ro\/wp-json\/wp\/v2\/users\/1"}],"replies":[{"embeddable":true,"href":"https:\/\/bizmoldova.com\/ro\/wp-json\/wp\/v2\/comments?post=30"}],"version-history":[{"count":1,"href":"https:\/\/bizmoldova.com\/ro\/wp-json\/wp\/v2\/pages\/30\/revisions"}],"predecessor-version":[{"id":31,"href":"https:\/\/bizmoldova.com\/ro\/wp-json\/wp\/v2\/pages\/30\/revisions\/31"}],"wp:attachment":[{"href":"https:\/\/bizmoldova.com\/ro\/wp-json\/wp\/v2\/media?parent=30"}],"curies":[{"name":"wp","href":"https:\/\/api.w.org\/{rel}","templated":true}]}}