{"id":28,"date":"2024-09-29T16:59:47","date_gmt":"2024-09-29T16:59:47","guid":{"rendered":"https:\/\/bizmoldova.com\/ro\/?page_id=28"},"modified":"2024-09-29T16:59:47","modified_gmt":"2024-09-29T16:59:47","slug":"cum-sa-inchideti-o-srl-in-moldova","status":"publish","type":"page","link":"https:\/\/bizmoldova.com\/ro\/cum-sa-inchideti-o-srl-in-moldova\/","title":{"rendered":"Cum s\u0103 \u00eenchide\u021bi o SRL \u00een Moldova"},"content":{"rendered":"<p>Dac\u0103 activitatea SRL-ului dumneavoastr\u0103 nu a decurs bine sau dac\u0103 partenerii v-au dezam\u0103git. Tipul de activitate pe care l-a\u021bi ales nu genereaz\u0103 profit. Firma a cheltuit \u0219i are nevoie s\u0103 se \u00eenchid\u0103&#8230;<\/p>\n<p>Exist\u0103 multe motive pentru dizolvarea unei \u00eentreprinderi.<\/p>\n<p>V\u0103 vom ajuta s\u0103 g\u0103si\u021bi solu\u021bia optim\u0103 \u00een cadrul legal. Aminti\u021bi-v\u0103, doar avoca\u021bii specializa\u021bi cu o mare experien\u021b\u0103 pot ajuta la rezolvarea unei astfel de probleme.<\/p>\n<p>Contacta\u021bi-ne dac\u0103 trebuie s\u0103 \u00eenchide\u021bi firma dumneavoastr\u0103 (SRL &#8211; Societate cu R\u0103spundere Limitat\u0103).<\/p>\n","protected":false},"excerpt":{"rendered":"<p>Dac\u0103 activitatea SRL-ului dumneavoastr\u0103 nu a decurs bine sau dac\u0103 partenerii v-au dezam\u0103git. Tipul de activitate pe care l-a\u021bi ales nu genereaz\u0103 profit. Firma a cheltuit \u0219i are nevoie s\u0103 se \u00eenchid\u0103&#8230; Exist\u0103 multe motive pentru dizolvarea unei \u00eentreprinderi. V\u0103 vom ajuta s\u0103 g\u0103si\u021bi solu\u021bia optim\u0103 \u00een cadrul legal. Aminti\u021bi-v\u0103, doar avoca\u021bii specializa\u021bi cu o &#8230; <a title=\"Cum s\u0103 \u00eenchide\u021bi o SRL \u00een Moldova\" class=\"read-more\" href=\"https:\/\/bizmoldova.com\/ro\/cum-sa-inchideti-o-srl-in-moldova\/\" aria-label=\"Cite\u0219te mai multe despre Cum s\u0103 \u00eenchide\u021bi o SRL \u00een Moldova\">Read more<\/a><\/p>\n","protected":false},"author":1,"featured_media":0,"parent":0,"menu_order":0,"comment_status":"closed","ping_status":"closed","template":"","meta":{"_acf_changed":false,"footnotes":""},"class_list":["post-28","page","type-page","status-publish"],"acf":[],"yoast_head":"<!-- This site is optimized with the Yoast SEO plugin v27.3 - https:\/\/yoast.com\/product\/yoast-seo-wordpress\/ -->\n<title>Cum s\u0103 \u00eenchide\u021bi o SRL \u00een Moldova - Acte, Documente Moldova. Apostilare, Legalizare, Nostrificare, Traduceri<\/title>\n<meta name=\"robots\" content=\"index, follow, max-snippet:-1, max-image-preview:large, max-video-preview:-1\" \/>\n<link rel=\"canonical\" href=\"https:\/\/bizmoldova.com\/ro\/cum-sa-inchideti-o-srl-in-moldova\/\" \/>\n<meta property=\"og:locale\" content=\"ro_RO\" \/>\n<meta property=\"og:type\" content=\"article\" \/>\n<meta property=\"og:title\" content=\"Cum s\u0103 \u00eenchide\u021bi o SRL \u00een Moldova - Acte, Documente Moldova. Apostilare, Legalizare, Nostrificare, Traduceri\" \/>\n<meta property=\"og:description\" content=\"Dac\u0103 activitatea SRL-ului dumneavoastr\u0103 nu a decurs bine sau dac\u0103 partenerii v-au dezam\u0103git. Tipul de activitate pe care l-a\u021bi ales nu genereaz\u0103 profit. Firma a cheltuit \u0219i are nevoie s\u0103 se \u00eenchid\u0103&#8230; Exist\u0103 multe motive pentru dizolvarea unei \u00eentreprinderi. V\u0103 vom ajuta s\u0103 g\u0103si\u021bi solu\u021bia optim\u0103 \u00een cadrul legal. Aminti\u021bi-v\u0103, doar avoca\u021bii specializa\u021bi cu o ... Read more\" \/>\n<meta property=\"og:url\" content=\"https:\/\/bizmoldova.com\/ro\/cum-sa-inchideti-o-srl-in-moldova\/\" \/>\n<meta property=\"og:site_name\" content=\"Acte, Documente Moldova. Apostilare, Legalizare, Nostrificare, Traduceri\" \/>\n<meta name=\"twitter:card\" content=\"summary_large_image\" \/>\n<meta name=\"twitter:label1\" content=\"Timp estimat pentru citire\" \/>\n\t<meta name=\"twitter:data1\" content=\"1 minut\" \/>\n<script type=\"application\/ld+json\" class=\"yoast-schema-graph\">{\"@context\":\"https:\\\/\\\/schema.org\",\"@graph\":[{\"@type\":\"WebPage\",\"@id\":\"https:\\\/\\\/bizmoldova.com\\\/ro\\\/cum-sa-inchideti-o-srl-in-moldova\\\/\",\"url\":\"https:\\\/\\\/bizmoldova.com\\\/ro\\\/cum-sa-inchideti-o-srl-in-moldova\\\/\",\"name\":\"Cum s\u0103 \u00eenchide\u021bi o SRL \u00een Moldova - Acte, Documente Moldova. Apostilare, Legalizare, Nostrificare, Traduceri\",\"isPartOf\":{\"@id\":\"https:\\\/\\\/bizmoldova.com\\\/ro\\\/#website\"},\"datePublished\":\"2024-09-29T16:59:47+00:00\",\"breadcrumb\":{\"@id\":\"https:\\\/\\\/bizmoldova.com\\\/ro\\\/cum-sa-inchideti-o-srl-in-moldova\\\/#breadcrumb\"},\"inLanguage\":\"ro-RO\",\"potentialAction\":[{\"@type\":\"ReadAction\",\"target\":[\"https:\\\/\\\/bizmoldova.com\\\/ro\\\/cum-sa-inchideti-o-srl-in-moldova\\\/\"]}]},{\"@type\":\"BreadcrumbList\",\"@id\":\"https:\\\/\\\/bizmoldova.com\\\/ro\\\/cum-sa-inchideti-o-srl-in-moldova\\\/#breadcrumb\",\"itemListElement\":[{\"@type\":\"ListItem\",\"position\":1,\"name\":\"Home\",\"item\":\"https:\\\/\\\/bizmoldova.com\\\/ro\\\/\"},{\"@type\":\"ListItem\",\"position\":2,\"name\":\"Cum s\u0103 \u00eenchide\u021bi o SRL \u00een Moldova\"}]},{\"@type\":\"WebSite\",\"@id\":\"https:\\\/\\\/bizmoldova.com\\\/ro\\\/#website\",\"url\":\"https:\\\/\\\/bizmoldova.com\\\/ro\\\/\",\"name\":\"Acte, Documente Moldova. Apostilare, Legalizare, Nostrificare, Traduceri\",\"description\":\"Infiin\u021bare SRL. Acte, Documente, Apostila - Moldova\",\"potentialAction\":[{\"@type\":\"SearchAction\",\"target\":{\"@type\":\"EntryPoint\",\"urlTemplate\":\"https:\\\/\\\/bizmoldova.com\\\/ro\\\/?s={search_term_string}\"},\"query-input\":{\"@type\":\"PropertyValueSpecification\",\"valueRequired\":true,\"valueName\":\"search_term_string\"}}],\"inLanguage\":\"ro-RO\"}]}<\/script>\n<!-- \/ Yoast SEO plugin. -->","yoast_head_json":{"title":"Cum s\u0103 \u00eenchide\u021bi o SRL \u00een Moldova - Acte, Documente Moldova. Apostilare, Legalizare, Nostrificare, Traduceri","robots":{"index":"index","follow":"follow","max-snippet":"max-snippet:-1","max-image-preview":"max-image-preview:large","max-video-preview":"max-video-preview:-1"},"canonical":"https:\/\/bizmoldova.com\/ro\/cum-sa-inchideti-o-srl-in-moldova\/","og_locale":"ro_RO","og_type":"article","og_title":"Cum s\u0103 \u00eenchide\u021bi o SRL \u00een Moldova - Acte, Documente Moldova. Apostilare, Legalizare, Nostrificare, Traduceri","og_description":"Dac\u0103 activitatea SRL-ului dumneavoastr\u0103 nu a decurs bine sau dac\u0103 partenerii v-au dezam\u0103git. Tipul de activitate pe care l-a\u021bi ales nu genereaz\u0103 profit. Firma a cheltuit \u0219i are nevoie s\u0103 se \u00eenchid\u0103&#8230; Exist\u0103 multe motive pentru dizolvarea unei \u00eentreprinderi. V\u0103 vom ajuta s\u0103 g\u0103si\u021bi solu\u021bia optim\u0103 \u00een cadrul legal. Aminti\u021bi-v\u0103, doar avoca\u021bii specializa\u021bi cu o ... Read more","og_url":"https:\/\/bizmoldova.com\/ro\/cum-sa-inchideti-o-srl-in-moldova\/","og_site_name":"Acte, Documente Moldova. Apostilare, Legalizare, Nostrificare, Traduceri","twitter_card":"summary_large_image","twitter_misc":{"Timp estimat pentru citire":"1 minut"},"schema":{"@context":"https:\/\/schema.org","@graph":[{"@type":"WebPage","@id":"https:\/\/bizmoldova.com\/ro\/cum-sa-inchideti-o-srl-in-moldova\/","url":"https:\/\/bizmoldova.com\/ro\/cum-sa-inchideti-o-srl-in-moldova\/","name":"Cum s\u0103 \u00eenchide\u021bi o SRL \u00een Moldova - Acte, Documente Moldova. Apostilare, Legalizare, Nostrificare, Traduceri","isPartOf":{"@id":"https:\/\/bizmoldova.com\/ro\/#website"},"datePublished":"2024-09-29T16:59:47+00:00","breadcrumb":{"@id":"https:\/\/bizmoldova.com\/ro\/cum-sa-inchideti-o-srl-in-moldova\/#breadcrumb"},"inLanguage":"ro-RO","potentialAction":[{"@type":"ReadAction","target":["https:\/\/bizmoldova.com\/ro\/cum-sa-inchideti-o-srl-in-moldova\/"]}]},{"@type":"BreadcrumbList","@id":"https:\/\/bizmoldova.com\/ro\/cum-sa-inchideti-o-srl-in-moldova\/#breadcrumb","itemListElement":[{"@type":"ListItem","position":1,"name":"Home","item":"https:\/\/bizmoldova.com\/ro\/"},{"@type":"ListItem","position":2,"name":"Cum s\u0103 \u00eenchide\u021bi o SRL \u00een Moldova"}]},{"@type":"WebSite","@id":"https:\/\/bizmoldova.com\/ro\/#website","url":"https:\/\/bizmoldova.com\/ro\/","name":"Acte, Documente Moldova. Apostilare, Legalizare, Nostrificare, Traduceri","description":"Infiin\u021bare SRL. Acte, Documente, Apostila - Moldova","potentialAction":[{"@type":"SearchAction","target":{"@type":"EntryPoint","urlTemplate":"https:\/\/bizmoldova.com\/ro\/?s={search_term_string}"},"query-input":{"@type":"PropertyValueSpecification","valueRequired":true,"valueName":"search_term_string"}}],"inLanguage":"ro-RO"}]}},"_links":{"self":[{"href":"https:\/\/bizmoldova.com\/ro\/wp-json\/wp\/v2\/pages\/28","targetHints":{"allow":["GET"]}}],"collection":[{"href":"https:\/\/bizmoldova.com\/ro\/wp-json\/wp\/v2\/pages"}],"about":[{"href":"https:\/\/bizmoldova.com\/ro\/wp-json\/wp\/v2\/types\/page"}],"author":[{"embeddable":true,"href":"https:\/\/bizmoldova.com\/ro\/wp-json\/wp\/v2\/users\/1"}],"replies":[{"embeddable":true,"href":"https:\/\/bizmoldova.com\/ro\/wp-json\/wp\/v2\/comments?post=28"}],"version-history":[{"count":1,"href":"https:\/\/bizmoldova.com\/ro\/wp-json\/wp\/v2\/pages\/28\/revisions"}],"predecessor-version":[{"id":29,"href":"https:\/\/bizmoldova.com\/ro\/wp-json\/wp\/v2\/pages\/28\/revisions\/29"}],"wp:attachment":[{"href":"https:\/\/bizmoldova.com\/ro\/wp-json\/wp\/v2\/media?parent=28"}],"curies":[{"name":"wp","href":"https:\/\/api.w.org\/{rel}","templated":true}]}}