{"id":26,"date":"2024-09-29T16:50:00","date_gmt":"2024-09-29T16:50:00","guid":{"rendered":"https:\/\/bizmoldova.com\/ro\/?page_id=26"},"modified":"2024-09-29T16:50:00","modified_gmt":"2024-09-29T16:50:00","slug":"apostila-in-moldova-chisinau","status":"publish","type":"page","link":"https:\/\/bizmoldova.com\/ro\/apostila-in-moldova-chisinau\/","title":{"rendered":"Apostil\u0103 \u00een Moldova, Chi\u0219in\u0103u"},"content":{"rendered":"<p>Republica Moldova face parte din \u021b\u0103rile care au renun\u021bat la legalizarea consular\u0103 a documentelor.<br \/>\nApostila \u00een Moldova este utilizat\u0103 din 16 martie 2007, \u00eens\u0103 Moldova s-a al\u0103turat anterior Conven\u021biei de la Haga.<\/p>\n<p>Singurul stat\u2014Germania\u2014s-a opus ader\u0103rii Republicii Moldova la Conven\u021bia de la Haga privind apostila.<br \/>\n\u00cen prezent, pentru recunoa\u0219terea documentelor moldovene\u0219ti \u00een Germania, este necesar\u0103 legalizarea consular\u0103 pentru documentele din ambele \u021b\u0103ri.<\/p>\n<h2><span style=\"line-height: 1.714285714; font-size: 1rem;\">Autorit\u0103\u021bile din Moldova \u0219i Apostila<\/span><\/h2>\n<p>Apostila \u00een Republica Moldova poate fi aplicat\u0103 documentelor noi (adic\u0103 cele ob\u021binute \u00een Republica Moldova, dar nu \u00een RSS Moldova).<\/p>\n<p>Ministerul Justi\u021biei aplic\u0103 apostila pe urm\u0103toarele documente: certificate de na\u0219tere, certificate de c\u0103s\u0103torie, certificate de divor\u021b.<\/p>\n<p>Apostile pot fi aplicate at\u00e2t documentelor de stare civil\u0103, c\u00e2t \u0219i documentelor persoanelor juridice din Republica Moldova.<\/p>\n<p><strong>Valabilitatea Apostilei<\/strong><\/p>\n<p>Adesea, clien\u021bii no\u0219tri \u00eentreab\u0103 c\u00e2t timp este valabil\u0103 apostila. Apostila \u00een sine nu are termen de valabilitate.<br \/>\nCeea ce conteaz\u0103 este documentul pe care este aplicat\u0103 apostila.<br \/>\nVerifica\u021bi termenul de valabilitate pe documentele \u00een sine. De obicei, toate autorit\u0103\u021bile se bazeaz\u0103 pe termenul de valabilitate specificat pe document.<br \/>\nDe exemplu, un certificat de cazier judiciar din Moldova indic\u0103 un termen de valabilitate de 3 luni.<\/p>\n<p>Uneori, termenul de valabilitate al documentelor este stabilit de autorit\u0103\u021bile receptive.<br \/>\nUn exemplu este cazul certificatului de stare civil\u0103.<\/p>\n<p>Re\u021bine\u021bi c\u0103 termenul de valabilitate al apostilei aplicate coincide cu cel al documentului.<\/p>\n","protected":false},"excerpt":{"rendered":"<p>Republica Moldova face parte din \u021b\u0103rile care au renun\u021bat la legalizarea consular\u0103 a documentelor. Apostila \u00een Moldova este utilizat\u0103 din 16 martie 2007, \u00eens\u0103 Moldova s-a al\u0103turat anterior Conven\u021biei de la Haga. Singurul stat\u2014Germania\u2014s-a opus ader\u0103rii Republicii Moldova la Conven\u021bia de la Haga privind apostila. \u00cen prezent, pentru recunoa\u0219terea documentelor moldovene\u0219ti \u00een Germania, este necesar\u0103 &#8230; <a title=\"Apostil\u0103 \u00een Moldova, Chi\u0219in\u0103u\" class=\"read-more\" href=\"https:\/\/bizmoldova.com\/ro\/apostila-in-moldova-chisinau\/\" aria-label=\"Cite\u0219te mai multe despre Apostil\u0103 \u00een Moldova, Chi\u0219in\u0103u\">Read more<\/a><\/p>\n","protected":false},"author":1,"featured_media":0,"parent":0,"menu_order":0,"comment_status":"closed","ping_status":"closed","template":"","meta":{"_acf_changed":false,"footnotes":""},"class_list":["post-26","page","type-page","status-publish"],"acf":[],"yoast_head":"<!-- This site is optimized with the Yoast SEO plugin v27.4 - https:\/\/yoast.com\/product\/yoast-seo-wordpress\/ -->\n<title>Apostil\u0103 \u00een Moldova, Chi\u0219in\u0103u - Acte, Documente Moldova. Apostilare, Legalizare, Nostrificare, Traduceri<\/title>\n<meta name=\"robots\" content=\"index, follow, max-snippet:-1, max-image-preview:large, max-video-preview:-1\" \/>\n<link rel=\"canonical\" href=\"https:\/\/bizmoldova.com\/ro\/apostila-in-moldova-chisinau\/\" \/>\n<meta property=\"og:locale\" content=\"ro_RO\" \/>\n<meta property=\"og:type\" content=\"article\" \/>\n<meta property=\"og:title\" content=\"Apostil\u0103 \u00een Moldova, Chi\u0219in\u0103u - Acte, Documente Moldova. Apostilare, Legalizare, Nostrificare, Traduceri\" \/>\n<meta property=\"og:description\" content=\"Republica Moldova face parte din \u021b\u0103rile care au renun\u021bat la legalizarea consular\u0103 a documentelor. Apostila \u00een Moldova este utilizat\u0103 din 16 martie 2007, \u00eens\u0103 Moldova s-a al\u0103turat anterior Conven\u021biei de la Haga. Singurul stat\u2014Germania\u2014s-a opus ader\u0103rii Republicii Moldova la Conven\u021bia de la Haga privind apostila. \u00cen prezent, pentru recunoa\u0219terea documentelor moldovene\u0219ti \u00een Germania, este necesar\u0103 ... Read more\" \/>\n<meta property=\"og:url\" content=\"https:\/\/bizmoldova.com\/ro\/apostila-in-moldova-chisinau\/\" \/>\n<meta property=\"og:site_name\" content=\"Acte, Documente Moldova. Apostilare, Legalizare, Nostrificare, Traduceri\" \/>\n<meta name=\"twitter:card\" content=\"summary_large_image\" \/>\n<meta name=\"twitter:label1\" content=\"Timp estimat pentru citire\" \/>\n\t<meta name=\"twitter:data1\" content=\"2 minute\" \/>\n<script type=\"application\/ld+json\" class=\"yoast-schema-graph\">{\"@context\":\"https:\\\/\\\/schema.org\",\"@graph\":[{\"@type\":\"WebPage\",\"@id\":\"https:\\\/\\\/bizmoldova.com\\\/ro\\\/apostila-in-moldova-chisinau\\\/\",\"url\":\"https:\\\/\\\/bizmoldova.com\\\/ro\\\/apostila-in-moldova-chisinau\\\/\",\"name\":\"Apostil\u0103 \u00een Moldova, Chi\u0219in\u0103u - Acte, Documente Moldova. Apostilare, Legalizare, Nostrificare, Traduceri\",\"isPartOf\":{\"@id\":\"https:\\\/\\\/bizmoldova.com\\\/ro\\\/#website\"},\"datePublished\":\"2024-09-29T16:50:00+00:00\",\"breadcrumb\":{\"@id\":\"https:\\\/\\\/bizmoldova.com\\\/ro\\\/apostila-in-moldova-chisinau\\\/#breadcrumb\"},\"inLanguage\":\"ro-RO\",\"potentialAction\":[{\"@type\":\"ReadAction\",\"target\":[\"https:\\\/\\\/bizmoldova.com\\\/ro\\\/apostila-in-moldova-chisinau\\\/\"]}]},{\"@type\":\"BreadcrumbList\",\"@id\":\"https:\\\/\\\/bizmoldova.com\\\/ro\\\/apostila-in-moldova-chisinau\\\/#breadcrumb\",\"itemListElement\":[{\"@type\":\"ListItem\",\"position\":1,\"name\":\"Home\",\"item\":\"https:\\\/\\\/bizmoldova.com\\\/ro\\\/\"},{\"@type\":\"ListItem\",\"position\":2,\"name\":\"Apostil\u0103 \u00een Moldova, Chi\u0219in\u0103u\"}]},{\"@type\":\"WebSite\",\"@id\":\"https:\\\/\\\/bizmoldova.com\\\/ro\\\/#website\",\"url\":\"https:\\\/\\\/bizmoldova.com\\\/ro\\\/\",\"name\":\"Acte, Documente Moldova. Apostilare, Legalizare, Nostrificare, Traduceri\",\"description\":\"Infiin\u021bare SRL. Acte, Documente, Apostila - Moldova\",\"potentialAction\":[{\"@type\":\"SearchAction\",\"target\":{\"@type\":\"EntryPoint\",\"urlTemplate\":\"https:\\\/\\\/bizmoldova.com\\\/ro\\\/?s={search_term_string}\"},\"query-input\":{\"@type\":\"PropertyValueSpecification\",\"valueRequired\":true,\"valueName\":\"search_term_string\"}}],\"inLanguage\":\"ro-RO\"}]}<\/script>\n<!-- \/ Yoast SEO plugin. -->","yoast_head_json":{"title":"Apostil\u0103 \u00een Moldova, Chi\u0219in\u0103u - Acte, Documente Moldova. Apostilare, Legalizare, Nostrificare, Traduceri","robots":{"index":"index","follow":"follow","max-snippet":"max-snippet:-1","max-image-preview":"max-image-preview:large","max-video-preview":"max-video-preview:-1"},"canonical":"https:\/\/bizmoldova.com\/ro\/apostila-in-moldova-chisinau\/","og_locale":"ro_RO","og_type":"article","og_title":"Apostil\u0103 \u00een Moldova, Chi\u0219in\u0103u - Acte, Documente Moldova. Apostilare, Legalizare, Nostrificare, Traduceri","og_description":"Republica Moldova face parte din \u021b\u0103rile care au renun\u021bat la legalizarea consular\u0103 a documentelor. Apostila \u00een Moldova este utilizat\u0103 din 16 martie 2007, \u00eens\u0103 Moldova s-a al\u0103turat anterior Conven\u021biei de la Haga. Singurul stat\u2014Germania\u2014s-a opus ader\u0103rii Republicii Moldova la Conven\u021bia de la Haga privind apostila. \u00cen prezent, pentru recunoa\u0219terea documentelor moldovene\u0219ti \u00een Germania, este necesar\u0103 ... Read more","og_url":"https:\/\/bizmoldova.com\/ro\/apostila-in-moldova-chisinau\/","og_site_name":"Acte, Documente Moldova. Apostilare, Legalizare, Nostrificare, Traduceri","twitter_card":"summary_large_image","twitter_misc":{"Timp estimat pentru citire":"2 minute"},"schema":{"@context":"https:\/\/schema.org","@graph":[{"@type":"WebPage","@id":"https:\/\/bizmoldova.com\/ro\/apostila-in-moldova-chisinau\/","url":"https:\/\/bizmoldova.com\/ro\/apostila-in-moldova-chisinau\/","name":"Apostil\u0103 \u00een Moldova, Chi\u0219in\u0103u - Acte, Documente Moldova. Apostilare, Legalizare, Nostrificare, Traduceri","isPartOf":{"@id":"https:\/\/bizmoldova.com\/ro\/#website"},"datePublished":"2024-09-29T16:50:00+00:00","breadcrumb":{"@id":"https:\/\/bizmoldova.com\/ro\/apostila-in-moldova-chisinau\/#breadcrumb"},"inLanguage":"ro-RO","potentialAction":[{"@type":"ReadAction","target":["https:\/\/bizmoldova.com\/ro\/apostila-in-moldova-chisinau\/"]}]},{"@type":"BreadcrumbList","@id":"https:\/\/bizmoldova.com\/ro\/apostila-in-moldova-chisinau\/#breadcrumb","itemListElement":[{"@type":"ListItem","position":1,"name":"Home","item":"https:\/\/bizmoldova.com\/ro\/"},{"@type":"ListItem","position":2,"name":"Apostil\u0103 \u00een Moldova, Chi\u0219in\u0103u"}]},{"@type":"WebSite","@id":"https:\/\/bizmoldova.com\/ro\/#website","url":"https:\/\/bizmoldova.com\/ro\/","name":"Acte, Documente Moldova. Apostilare, Legalizare, Nostrificare, Traduceri","description":"Infiin\u021bare SRL. Acte, Documente, Apostila - Moldova","potentialAction":[{"@type":"SearchAction","target":{"@type":"EntryPoint","urlTemplate":"https:\/\/bizmoldova.com\/ro\/?s={search_term_string}"},"query-input":{"@type":"PropertyValueSpecification","valueRequired":true,"valueName":"search_term_string"}}],"inLanguage":"ro-RO"}]}},"_links":{"self":[{"href":"https:\/\/bizmoldova.com\/ro\/wp-json\/wp\/v2\/pages\/26","targetHints":{"allow":["GET"]}}],"collection":[{"href":"https:\/\/bizmoldova.com\/ro\/wp-json\/wp\/v2\/pages"}],"about":[{"href":"https:\/\/bizmoldova.com\/ro\/wp-json\/wp\/v2\/types\/page"}],"author":[{"embeddable":true,"href":"https:\/\/bizmoldova.com\/ro\/wp-json\/wp\/v2\/users\/1"}],"replies":[{"embeddable":true,"href":"https:\/\/bizmoldova.com\/ro\/wp-json\/wp\/v2\/comments?post=26"}],"version-history":[{"count":1,"href":"https:\/\/bizmoldova.com\/ro\/wp-json\/wp\/v2\/pages\/26\/revisions"}],"predecessor-version":[{"id":27,"href":"https:\/\/bizmoldova.com\/ro\/wp-json\/wp\/v2\/pages\/26\/revisions\/27"}],"wp:attachment":[{"href":"https:\/\/bizmoldova.com\/ro\/wp-json\/wp\/v2\/media?parent=26"}],"curies":[{"name":"wp","href":"https:\/\/api.w.org\/{rel}","templated":true}]}}