{"id":22,"date":"2024-09-29T16:31:02","date_gmt":"2024-09-29T16:31:02","guid":{"rendered":"https:\/\/bizmoldova.com\/ro\/?page_id=22"},"modified":"2024-09-29T16:31:03","modified_gmt":"2024-09-29T16:31:03","slug":"constituirea-organizatiilor-necomerciale-in-republica-moldova","status":"publish","type":"page","link":"https:\/\/bizmoldova.com\/ro\/constituirea-organizatiilor-necomerciale-in-republica-moldova\/","title":{"rendered":"Constituirea organiza\u021biilor necomerciale \u00een Republica Moldova"},"content":{"rendered":"<h2>\u00cenregistrarea Organiza\u021biilor Publice \u00een Republica Moldova<\/h2>\n\n\n<p>Compania noastr\u0103 activeaz\u0103 de 19 ani \u00een domeniul \u00eenregistr\u0103rii organiza\u021biilor publice \u00een Republica Moldova.<\/p>\n\n\n\n<p>Ce oferim pentru \u00eenregistrarea organiza\u021biilor publice:<\/p>\n\n\n\n<ul class=\"wp-block-list\">\n    \n    <li>Consultan\u021b\u0103 (ce documente sunt necesare pentru \u00eenregistrarea unei organiza\u021bii publice, care sunt cerin\u021bele, termenele \u0219i condi\u021biile)<\/li>\n    \n\n    \n    <li>Elaborarea statutului<\/li>\n    \n\n    \n    <li>Modific\u0103ri ale statutului<\/li>\n    \n\n    \n    <li>Elaborarea proceselor verbale ale adun\u0103rilor<\/li>\n    \n\n    \n    <li>Reprezentare \u00een fa\u021ba autorit\u0103\u021bilor statului din Moldova pentru \u00eenregistrarea organiza\u021biei publice, depunerea cererilor \u0219i rapoartelor<\/li>\n    \n<\/ul>\n\n\n\n<p>Printre clien\u021bii no\u0219tri se num\u0103r\u0103 KOMBAT (\u041a\u041e\u041c\u0411\u0410\u0422) \u2014 un club de arte mar\u021biale (cu participarea unui campion mondial din Moldova), Societatea Cresc\u0103torilor de C\u00e2ini \u0219i multe alte organiza\u021bii.<\/p>\n\n\n\n<p><strong>Ne pute\u021bi contacta telefonic \u00een Moldova: +373 67 666 333 (Viber, WhatsApp, Telegram).<\/strong><\/p>\n\n\n\n<p><strong>sau prin e-mail: apostille.document@gmail.com<\/strong><\/p>\n\n","protected":false},"excerpt":{"rendered":"<p>\u00cenregistrarea Organiza\u021biilor Publice \u00een Republica Moldova Compania noastr\u0103 activeaz\u0103 de 19 ani \u00een domeniul \u00eenregistr\u0103rii organiza\u021biilor publice \u00een Republica Moldova. Ce oferim pentru \u00eenregistrarea organiza\u021biilor publice: Printre clien\u021bii no\u0219tri se num\u0103r\u0103 KOMBAT (\u041a\u041e\u041c\u0411\u0410\u0422) \u2014 un club de arte mar\u021biale (cu participarea unui campion mondial din Moldova), Societatea Cresc\u0103torilor de C\u00e2ini \u0219i multe alte organiza\u021bii. Ne &#8230; <a title=\"Constituirea organiza\u021biilor necomerciale \u00een Republica Moldova\" class=\"read-more\" href=\"https:\/\/bizmoldova.com\/ro\/constituirea-organizatiilor-necomerciale-in-republica-moldova\/\" aria-label=\"Cite\u0219te mai multe despre Constituirea organiza\u021biilor necomerciale \u00een Republica Moldova\">Read more<\/a><\/p>\n","protected":false},"author":1,"featured_media":0,"parent":0,"menu_order":0,"comment_status":"closed","ping_status":"closed","template":"","meta":{"_acf_changed":false,"footnotes":""},"class_list":["post-22","page","type-page","status-publish"],"acf":[],"yoast_head":"<!-- This site is optimized with the Yoast SEO plugin v27.3 - https:\/\/yoast.com\/product\/yoast-seo-wordpress\/ -->\n<title>Constituirea organiza\u021biilor necomerciale \u00een Republica Moldova - Acte, Documente Moldova. Apostilare, Legalizare, Nostrificare, Traduceri<\/title>\n<meta name=\"robots\" content=\"index, follow, max-snippet:-1, max-image-preview:large, max-video-preview:-1\" \/>\n<link rel=\"canonical\" href=\"https:\/\/bizmoldova.com\/ro\/constituirea-organizatiilor-necomerciale-in-republica-moldova\/\" \/>\n<meta property=\"og:locale\" content=\"ro_RO\" \/>\n<meta property=\"og:type\" content=\"article\" \/>\n<meta property=\"og:title\" content=\"Constituirea organiza\u021biilor necomerciale \u00een Republica Moldova - Acte, Documente Moldova. Apostilare, Legalizare, Nostrificare, Traduceri\" \/>\n<meta property=\"og:description\" content=\"\u00cenregistrarea Organiza\u021biilor Publice \u00een Republica Moldova Compania noastr\u0103 activeaz\u0103 de 19 ani \u00een domeniul \u00eenregistr\u0103rii organiza\u021biilor publice \u00een Republica Moldova. Ce oferim pentru \u00eenregistrarea organiza\u021biilor publice: Printre clien\u021bii no\u0219tri se num\u0103r\u0103 KOMBAT (\u041a\u041e\u041c\u0411\u0410\u0422) \u2014 un club de arte mar\u021biale (cu participarea unui campion mondial din Moldova), Societatea Cresc\u0103torilor de C\u00e2ini \u0219i multe alte organiza\u021bii. Ne ... Read more\" \/>\n<meta property=\"og:url\" content=\"https:\/\/bizmoldova.com\/ro\/constituirea-organizatiilor-necomerciale-in-republica-moldova\/\" \/>\n<meta property=\"og:site_name\" content=\"Acte, Documente Moldova. Apostilare, Legalizare, Nostrificare, Traduceri\" \/>\n<meta property=\"article:modified_time\" content=\"2024-09-29T16:31:03+00:00\" \/>\n<meta name=\"twitter:card\" content=\"summary_large_image\" \/>\n<meta name=\"twitter:label1\" content=\"Timp estimat pentru citire\" \/>\n\t<meta name=\"twitter:data1\" content=\"1 minut\" \/>\n<script type=\"application\/ld+json\" class=\"yoast-schema-graph\">{\"@context\":\"https:\\\/\\\/schema.org\",\"@graph\":[{\"@type\":\"WebPage\",\"@id\":\"https:\\\/\\\/bizmoldova.com\\\/ro\\\/constituirea-organizatiilor-necomerciale-in-republica-moldova\\\/\",\"url\":\"https:\\\/\\\/bizmoldova.com\\\/ro\\\/constituirea-organizatiilor-necomerciale-in-republica-moldova\\\/\",\"name\":\"Constituirea organiza\u021biilor necomerciale \u00een Republica Moldova - Acte, Documente Moldova. Apostilare, Legalizare, Nostrificare, Traduceri\",\"isPartOf\":{\"@id\":\"https:\\\/\\\/bizmoldova.com\\\/ro\\\/#website\"},\"datePublished\":\"2024-09-29T16:31:02+00:00\",\"dateModified\":\"2024-09-29T16:31:03+00:00\",\"breadcrumb\":{\"@id\":\"https:\\\/\\\/bizmoldova.com\\\/ro\\\/constituirea-organizatiilor-necomerciale-in-republica-moldova\\\/#breadcrumb\"},\"inLanguage\":\"ro-RO\",\"potentialAction\":[{\"@type\":\"ReadAction\",\"target\":[\"https:\\\/\\\/bizmoldova.com\\\/ro\\\/constituirea-organizatiilor-necomerciale-in-republica-moldova\\\/\"]}]},{\"@type\":\"BreadcrumbList\",\"@id\":\"https:\\\/\\\/bizmoldova.com\\\/ro\\\/constituirea-organizatiilor-necomerciale-in-republica-moldova\\\/#breadcrumb\",\"itemListElement\":[{\"@type\":\"ListItem\",\"position\":1,\"name\":\"Home\",\"item\":\"https:\\\/\\\/bizmoldova.com\\\/ro\\\/\"},{\"@type\":\"ListItem\",\"position\":2,\"name\":\"Constituirea organiza\u021biilor necomerciale \u00een Republica Moldova\"}]},{\"@type\":\"WebSite\",\"@id\":\"https:\\\/\\\/bizmoldova.com\\\/ro\\\/#website\",\"url\":\"https:\\\/\\\/bizmoldova.com\\\/ro\\\/\",\"name\":\"Acte, Documente Moldova. Apostilare, Legalizare, Nostrificare, Traduceri\",\"description\":\"Infiin\u021bare SRL. Acte, Documente, Apostila - Moldova\",\"potentialAction\":[{\"@type\":\"SearchAction\",\"target\":{\"@type\":\"EntryPoint\",\"urlTemplate\":\"https:\\\/\\\/bizmoldova.com\\\/ro\\\/?s={search_term_string}\"},\"query-input\":{\"@type\":\"PropertyValueSpecification\",\"valueRequired\":true,\"valueName\":\"search_term_string\"}}],\"inLanguage\":\"ro-RO\"}]}<\/script>\n<!-- \/ Yoast SEO plugin. -->","yoast_head_json":{"title":"Constituirea organiza\u021biilor necomerciale \u00een Republica Moldova - Acte, Documente Moldova. Apostilare, Legalizare, Nostrificare, Traduceri","robots":{"index":"index","follow":"follow","max-snippet":"max-snippet:-1","max-image-preview":"max-image-preview:large","max-video-preview":"max-video-preview:-1"},"canonical":"https:\/\/bizmoldova.com\/ro\/constituirea-organizatiilor-necomerciale-in-republica-moldova\/","og_locale":"ro_RO","og_type":"article","og_title":"Constituirea organiza\u021biilor necomerciale \u00een Republica Moldova - Acte, Documente Moldova. Apostilare, Legalizare, Nostrificare, Traduceri","og_description":"\u00cenregistrarea Organiza\u021biilor Publice \u00een Republica Moldova Compania noastr\u0103 activeaz\u0103 de 19 ani \u00een domeniul \u00eenregistr\u0103rii organiza\u021biilor publice \u00een Republica Moldova. Ce oferim pentru \u00eenregistrarea organiza\u021biilor publice: Printre clien\u021bii no\u0219tri se num\u0103r\u0103 KOMBAT (\u041a\u041e\u041c\u0411\u0410\u0422) \u2014 un club de arte mar\u021biale (cu participarea unui campion mondial din Moldova), Societatea Cresc\u0103torilor de C\u00e2ini \u0219i multe alte organiza\u021bii. Ne ... Read more","og_url":"https:\/\/bizmoldova.com\/ro\/constituirea-organizatiilor-necomerciale-in-republica-moldova\/","og_site_name":"Acte, Documente Moldova. Apostilare, Legalizare, Nostrificare, Traduceri","article_modified_time":"2024-09-29T16:31:03+00:00","twitter_card":"summary_large_image","twitter_misc":{"Timp estimat pentru citire":"1 minut"},"schema":{"@context":"https:\/\/schema.org","@graph":[{"@type":"WebPage","@id":"https:\/\/bizmoldova.com\/ro\/constituirea-organizatiilor-necomerciale-in-republica-moldova\/","url":"https:\/\/bizmoldova.com\/ro\/constituirea-organizatiilor-necomerciale-in-republica-moldova\/","name":"Constituirea organiza\u021biilor necomerciale \u00een Republica Moldova - Acte, Documente Moldova. Apostilare, Legalizare, Nostrificare, Traduceri","isPartOf":{"@id":"https:\/\/bizmoldova.com\/ro\/#website"},"datePublished":"2024-09-29T16:31:02+00:00","dateModified":"2024-09-29T16:31:03+00:00","breadcrumb":{"@id":"https:\/\/bizmoldova.com\/ro\/constituirea-organizatiilor-necomerciale-in-republica-moldova\/#breadcrumb"},"inLanguage":"ro-RO","potentialAction":[{"@type":"ReadAction","target":["https:\/\/bizmoldova.com\/ro\/constituirea-organizatiilor-necomerciale-in-republica-moldova\/"]}]},{"@type":"BreadcrumbList","@id":"https:\/\/bizmoldova.com\/ro\/constituirea-organizatiilor-necomerciale-in-republica-moldova\/#breadcrumb","itemListElement":[{"@type":"ListItem","position":1,"name":"Home","item":"https:\/\/bizmoldova.com\/ro\/"},{"@type":"ListItem","position":2,"name":"Constituirea organiza\u021biilor necomerciale \u00een Republica Moldova"}]},{"@type":"WebSite","@id":"https:\/\/bizmoldova.com\/ro\/#website","url":"https:\/\/bizmoldova.com\/ro\/","name":"Acte, Documente Moldova. Apostilare, Legalizare, Nostrificare, Traduceri","description":"Infiin\u021bare SRL. Acte, Documente, Apostila - Moldova","potentialAction":[{"@type":"SearchAction","target":{"@type":"EntryPoint","urlTemplate":"https:\/\/bizmoldova.com\/ro\/?s={search_term_string}"},"query-input":{"@type":"PropertyValueSpecification","valueRequired":true,"valueName":"search_term_string"}}],"inLanguage":"ro-RO"}]}},"_links":{"self":[{"href":"https:\/\/bizmoldova.com\/ro\/wp-json\/wp\/v2\/pages\/22","targetHints":{"allow":["GET"]}}],"collection":[{"href":"https:\/\/bizmoldova.com\/ro\/wp-json\/wp\/v2\/pages"}],"about":[{"href":"https:\/\/bizmoldova.com\/ro\/wp-json\/wp\/v2\/types\/page"}],"author":[{"embeddable":true,"href":"https:\/\/bizmoldova.com\/ro\/wp-json\/wp\/v2\/users\/1"}],"replies":[{"embeddable":true,"href":"https:\/\/bizmoldova.com\/ro\/wp-json\/wp\/v2\/comments?post=22"}],"version-history":[{"count":1,"href":"https:\/\/bizmoldova.com\/ro\/wp-json\/wp\/v2\/pages\/22\/revisions"}],"predecessor-version":[{"id":23,"href":"https:\/\/bizmoldova.com\/ro\/wp-json\/wp\/v2\/pages\/22\/revisions\/23"}],"wp:attachment":[{"href":"https:\/\/bizmoldova.com\/ro\/wp-json\/wp\/v2\/media?parent=22"}],"curies":[{"name":"wp","href":"https:\/\/api.w.org\/{rel}","templated":true}]}}