{"id":20,"date":"2024-09-29T16:19:20","date_gmt":"2024-09-29T16:19:20","guid":{"rendered":"https:\/\/bizmoldova.com\/ro\/?page_id=20"},"modified":"2024-09-29T16:19:20","modified_gmt":"2024-09-29T16:19:20","slug":"acte-pentru-cetatenia-romana","status":"publish","type":"page","link":"https:\/\/bizmoldova.com\/ro\/acte-pentru-cetatenia-romana\/","title":{"rendered":"Acte pentru Cet\u0103\u021benia Rom\u00e2n\u0103"},"content":{"rendered":"\n<p>Pentru cet\u0103\u021benii statelor str\u0103ine care solicit\u0103 cet\u0103\u021benia rom\u00e2n\u0103, exist\u0103 o serie de cerin\u021be documentare care trebuie furnizate. Iat\u0103 principalele:<\/p>\n\n\n\n<p><strong>Documente de Identitate<\/strong>:<\/p>\n\n\n\n<ul class=\"wp-block-list\">\n    \n    <li>Pa\u0219aport valabil sau alt document de identitate.<\/li>\n    \n<\/ul>\n\n\n\n<p><strong>Proba de Reziden\u021b\u0103<\/strong> (\u00een cazul \u00een care cererea se bazeaz\u0103 pe reziden\u021b\u0103):<\/p>\n\n\n\n<ul class=\"wp-block-list\">\n    \n    <li>Documente care confirm\u0103 reziden\u021ba legal\u0103 pe teritoriul Rom\u00e2niei \u00een perioada cerut\u0103 (de exemplu, minimum 8 ani sau 5 ani pentru cei c\u0103s\u0103tori\u021bi cu cet\u0103\u021beni rom\u00e2ni).<\/li>\n    \n<\/ul>\n\n\n\n<p><strong>Documente despre Starea Civil\u0103<\/strong>:<\/p>\n\n\n\n<ul class=\"wp-block-list\">\n    \n    <li>Certificat de c\u0103s\u0103torie, dac\u0103 solicitantul este c\u0103s\u0103torit cu un cet\u0103\u021bean rom\u00e2n.<\/li>\n    \n\n    \n    <li>Certificat de na\u0219tere pentru copii, dac\u0103 ace\u0219tia solicit\u0103 \u0219i ei cet\u0103\u021benia.<\/li>\n    \n<\/ul>\n\n\n\n<p><strong>Proba Capacit\u0103\u021bii Financiare<\/strong>:<\/p>\n\n\n\n<ul class=\"wp-block-list\">\n    \n    <li>Documente care demonstreaz\u0103 existen\u021ba unor resurse financiare suficiente pentru a se \u00eentre\u021bine pe sine \u0219i familia sa \u00een Rom\u00e2nia (de exemplu, extrase bancare, adeverin\u021b\u0103 de salariu de la locul de munc\u0103).<\/li>\n    \n<\/ul>\n\n\n\n<p><strong>Certificat de Necondamnare<\/strong>:<\/p>\n\n\n\n<ul class=\"wp-block-list\">\n    \n    <li>Certificat na\u021bional de necondamnare din Moldova \u0219i din orice alt\u0103 \u021bar\u0103 \u00een care solicitantul a locuit mai mult de 6 luni dup\u0103 \u00eemplinirea v\u00e2rstei de 16 ani.<\/li>\n    \n\n    \n    <li>Certificat de necondamnare din Rom\u00e2nia.<\/li>\n    \n<\/ul>\n\n\n\n<p><strong>Probe de Cuno\u0219tin\u021be despre Limba \u0219i Cultura Rom\u00e2n\u0103<\/strong>:<\/p>\n\n\n\n<ul class=\"wp-block-list\">\n    \n    <li>Certificatul sau alte documente care confirm\u0103 cuno\u0219tin\u021bele de limb\u0103 rom\u00e2n\u0103 \u0219i de baz\u0103 despre cultura rom\u00e2n\u0103.<\/li>\n    \n<\/ul>\n\n\n\n<p><strong>Alte Documente Legale<\/strong>:<\/p>\n\n\n\n<ul class=\"wp-block-list\">\n    \n    <li>Documente care confirm\u0103 schimbarea numelui sau alte schimb\u0103ri importante \u00een datele personale, dac\u0103 este cazul.<\/li>\n    \n<\/ul>\n\n\n\n<p><strong>Declara\u021bie de Loialitate<\/strong>:<\/p>\n\n\n\n<ul class=\"wp-block-list\">\n    \n    <li>Declara\u021bie scris\u0103 care confirm\u0103 loialitatea fa\u021b\u0103 de Rom\u00e2nia \u0219i absen\u021ba sus\u021binerii ac\u021biunilor \u00eendreptate \u00eempotriva ordinii publice \u0219i a securit\u0103\u021bii na\u021bionale.<\/li>\n    \n<\/ul>\n\n\n\n<p>Toate documentele care nu sunt \u00een limba rom\u00e2n\u0103 trebuie s\u0103 fie traduse \u00een limba rom\u00e2n\u0103 \u0219i notarizate. De asemenea, este important s\u0103 se verifice dac\u0103 este necesar\u0103 apostilarea sau legalizarea documentelor str\u0103ine \u00eenainte de a fi prezentate autorit\u0103\u021bilor rom\u00e2ne.<\/p>\n\n","protected":false},"excerpt":{"rendered":"<p>Pentru cet\u0103\u021benii statelor str\u0103ine care solicit\u0103 cet\u0103\u021benia rom\u00e2n\u0103, exist\u0103 o serie de cerin\u021be documentare care trebuie furnizate. Iat\u0103 principalele: Documente de Identitate: Proba de Reziden\u021b\u0103 (\u00een cazul \u00een care cererea se bazeaz\u0103 pe reziden\u021b\u0103): Documente despre Starea Civil\u0103: Proba Capacit\u0103\u021bii Financiare: Certificat de Necondamnare: Probe de Cuno\u0219tin\u021be despre Limba \u0219i Cultura Rom\u00e2n\u0103: Alte Documente Legale: &#8230; <a title=\"Acte pentru Cet\u0103\u021benia Rom\u00e2n\u0103\" class=\"read-more\" href=\"https:\/\/bizmoldova.com\/ro\/acte-pentru-cetatenia-romana\/\" aria-label=\"Cite\u0219te mai multe despre Acte pentru Cet\u0103\u021benia Rom\u00e2n\u0103\">Read more<\/a><\/p>\n","protected":false},"author":1,"featured_media":0,"parent":0,"menu_order":0,"comment_status":"closed","ping_status":"closed","template":"","meta":{"_acf_changed":false,"footnotes":""},"class_list":["post-20","page","type-page","status-publish"],"acf":[],"yoast_head":"<!-- This site is optimized with the Yoast SEO plugin v27.4 - https:\/\/yoast.com\/product\/yoast-seo-wordpress\/ -->\n<title>Acte pentru Cet\u0103\u021benia Rom\u00e2n\u0103 - Acte, Documente Moldova. Apostilare, Legalizare, Nostrificare, Traduceri<\/title>\n<meta name=\"robots\" content=\"index, follow, max-snippet:-1, max-image-preview:large, max-video-preview:-1\" \/>\n<link rel=\"canonical\" href=\"https:\/\/bizmoldova.com\/ro\/acte-pentru-cetatenia-romana\/\" \/>\n<meta property=\"og:locale\" content=\"ro_RO\" \/>\n<meta property=\"og:type\" content=\"article\" \/>\n<meta property=\"og:title\" content=\"Acte pentru Cet\u0103\u021benia Rom\u00e2n\u0103 - Acte, Documente Moldova. Apostilare, Legalizare, Nostrificare, Traduceri\" \/>\n<meta property=\"og:description\" content=\"Pentru cet\u0103\u021benii statelor str\u0103ine care solicit\u0103 cet\u0103\u021benia rom\u00e2n\u0103, exist\u0103 o serie de cerin\u021be documentare care trebuie furnizate. Iat\u0103 principalele: Documente de Identitate: Proba de Reziden\u021b\u0103 (\u00een cazul \u00een care cererea se bazeaz\u0103 pe reziden\u021b\u0103): Documente despre Starea Civil\u0103: Proba Capacit\u0103\u021bii Financiare: Certificat de Necondamnare: Probe de Cuno\u0219tin\u021be despre Limba \u0219i Cultura Rom\u00e2n\u0103: Alte Documente Legale: ... Read more\" \/>\n<meta property=\"og:url\" content=\"https:\/\/bizmoldova.com\/ro\/acte-pentru-cetatenia-romana\/\" \/>\n<meta property=\"og:site_name\" content=\"Acte, Documente Moldova. Apostilare, Legalizare, Nostrificare, Traduceri\" \/>\n<meta name=\"twitter:card\" content=\"summary_large_image\" \/>\n<meta name=\"twitter:label1\" content=\"Timp estimat pentru citire\" \/>\n\t<meta name=\"twitter:data1\" content=\"2 minute\" \/>\n<script type=\"application\/ld+json\" class=\"yoast-schema-graph\">{\"@context\":\"https:\\\/\\\/schema.org\",\"@graph\":[{\"@type\":\"WebPage\",\"@id\":\"https:\\\/\\\/bizmoldova.com\\\/ro\\\/acte-pentru-cetatenia-romana\\\/\",\"url\":\"https:\\\/\\\/bizmoldova.com\\\/ro\\\/acte-pentru-cetatenia-romana\\\/\",\"name\":\"Acte pentru Cet\u0103\u021benia Rom\u00e2n\u0103 - Acte, Documente Moldova. Apostilare, Legalizare, Nostrificare, Traduceri\",\"isPartOf\":{\"@id\":\"https:\\\/\\\/bizmoldova.com\\\/ro\\\/#website\"},\"datePublished\":\"2024-09-29T16:19:20+00:00\",\"breadcrumb\":{\"@id\":\"https:\\\/\\\/bizmoldova.com\\\/ro\\\/acte-pentru-cetatenia-romana\\\/#breadcrumb\"},\"inLanguage\":\"ro-RO\",\"potentialAction\":[{\"@type\":\"ReadAction\",\"target\":[\"https:\\\/\\\/bizmoldova.com\\\/ro\\\/acte-pentru-cetatenia-romana\\\/\"]}]},{\"@type\":\"BreadcrumbList\",\"@id\":\"https:\\\/\\\/bizmoldova.com\\\/ro\\\/acte-pentru-cetatenia-romana\\\/#breadcrumb\",\"itemListElement\":[{\"@type\":\"ListItem\",\"position\":1,\"name\":\"Home\",\"item\":\"https:\\\/\\\/bizmoldova.com\\\/ro\\\/\"},{\"@type\":\"ListItem\",\"position\":2,\"name\":\"Acte pentru Cet\u0103\u021benia Rom\u00e2n\u0103\"}]},{\"@type\":\"WebSite\",\"@id\":\"https:\\\/\\\/bizmoldova.com\\\/ro\\\/#website\",\"url\":\"https:\\\/\\\/bizmoldova.com\\\/ro\\\/\",\"name\":\"Acte, Documente Moldova. Apostilare, Legalizare, Nostrificare, Traduceri\",\"description\":\"Infiin\u021bare SRL. Acte, Documente, Apostila - Moldova\",\"potentialAction\":[{\"@type\":\"SearchAction\",\"target\":{\"@type\":\"EntryPoint\",\"urlTemplate\":\"https:\\\/\\\/bizmoldova.com\\\/ro\\\/?s={search_term_string}\"},\"query-input\":{\"@type\":\"PropertyValueSpecification\",\"valueRequired\":true,\"valueName\":\"search_term_string\"}}],\"inLanguage\":\"ro-RO\"}]}<\/script>\n<!-- \/ Yoast SEO plugin. -->","yoast_head_json":{"title":"Acte pentru Cet\u0103\u021benia Rom\u00e2n\u0103 - Acte, Documente Moldova. Apostilare, Legalizare, Nostrificare, Traduceri","robots":{"index":"index","follow":"follow","max-snippet":"max-snippet:-1","max-image-preview":"max-image-preview:large","max-video-preview":"max-video-preview:-1"},"canonical":"https:\/\/bizmoldova.com\/ro\/acte-pentru-cetatenia-romana\/","og_locale":"ro_RO","og_type":"article","og_title":"Acte pentru Cet\u0103\u021benia Rom\u00e2n\u0103 - Acte, Documente Moldova. Apostilare, Legalizare, Nostrificare, Traduceri","og_description":"Pentru cet\u0103\u021benii statelor str\u0103ine care solicit\u0103 cet\u0103\u021benia rom\u00e2n\u0103, exist\u0103 o serie de cerin\u021be documentare care trebuie furnizate. Iat\u0103 principalele: Documente de Identitate: Proba de Reziden\u021b\u0103 (\u00een cazul \u00een care cererea se bazeaz\u0103 pe reziden\u021b\u0103): Documente despre Starea Civil\u0103: Proba Capacit\u0103\u021bii Financiare: Certificat de Necondamnare: Probe de Cuno\u0219tin\u021be despre Limba \u0219i Cultura Rom\u00e2n\u0103: Alte Documente Legale: ... Read more","og_url":"https:\/\/bizmoldova.com\/ro\/acte-pentru-cetatenia-romana\/","og_site_name":"Acte, Documente Moldova. Apostilare, Legalizare, Nostrificare, Traduceri","twitter_card":"summary_large_image","twitter_misc":{"Timp estimat pentru citire":"2 minute"},"schema":{"@context":"https:\/\/schema.org","@graph":[{"@type":"WebPage","@id":"https:\/\/bizmoldova.com\/ro\/acte-pentru-cetatenia-romana\/","url":"https:\/\/bizmoldova.com\/ro\/acte-pentru-cetatenia-romana\/","name":"Acte pentru Cet\u0103\u021benia Rom\u00e2n\u0103 - Acte, Documente Moldova. Apostilare, Legalizare, Nostrificare, Traduceri","isPartOf":{"@id":"https:\/\/bizmoldova.com\/ro\/#website"},"datePublished":"2024-09-29T16:19:20+00:00","breadcrumb":{"@id":"https:\/\/bizmoldova.com\/ro\/acte-pentru-cetatenia-romana\/#breadcrumb"},"inLanguage":"ro-RO","potentialAction":[{"@type":"ReadAction","target":["https:\/\/bizmoldova.com\/ro\/acte-pentru-cetatenia-romana\/"]}]},{"@type":"BreadcrumbList","@id":"https:\/\/bizmoldova.com\/ro\/acte-pentru-cetatenia-romana\/#breadcrumb","itemListElement":[{"@type":"ListItem","position":1,"name":"Home","item":"https:\/\/bizmoldova.com\/ro\/"},{"@type":"ListItem","position":2,"name":"Acte pentru Cet\u0103\u021benia Rom\u00e2n\u0103"}]},{"@type":"WebSite","@id":"https:\/\/bizmoldova.com\/ro\/#website","url":"https:\/\/bizmoldova.com\/ro\/","name":"Acte, Documente Moldova. Apostilare, Legalizare, Nostrificare, Traduceri","description":"Infiin\u021bare SRL. Acte, Documente, Apostila - Moldova","potentialAction":[{"@type":"SearchAction","target":{"@type":"EntryPoint","urlTemplate":"https:\/\/bizmoldova.com\/ro\/?s={search_term_string}"},"query-input":{"@type":"PropertyValueSpecification","valueRequired":true,"valueName":"search_term_string"}}],"inLanguage":"ro-RO"}]}},"_links":{"self":[{"href":"https:\/\/bizmoldova.com\/ro\/wp-json\/wp\/v2\/pages\/20","targetHints":{"allow":["GET"]}}],"collection":[{"href":"https:\/\/bizmoldova.com\/ro\/wp-json\/wp\/v2\/pages"}],"about":[{"href":"https:\/\/bizmoldova.com\/ro\/wp-json\/wp\/v2\/types\/page"}],"author":[{"embeddable":true,"href":"https:\/\/bizmoldova.com\/ro\/wp-json\/wp\/v2\/users\/1"}],"replies":[{"embeddable":true,"href":"https:\/\/bizmoldova.com\/ro\/wp-json\/wp\/v2\/comments?post=20"}],"version-history":[{"count":1,"href":"https:\/\/bizmoldova.com\/ro\/wp-json\/wp\/v2\/pages\/20\/revisions"}],"predecessor-version":[{"id":21,"href":"https:\/\/bizmoldova.com\/ro\/wp-json\/wp\/v2\/pages\/20\/revisions\/21"}],"wp:attachment":[{"href":"https:\/\/bizmoldova.com\/ro\/wp-json\/wp\/v2\/media?parent=20"}],"curies":[{"name":"wp","href":"https:\/\/api.w.org\/{rel}","templated":true}]}}