{"id":18,"date":"2024-09-29T16:02:02","date_gmt":"2024-09-29T16:02:02","guid":{"rendered":"https:\/\/bizmoldova.com\/ro\/?page_id=18"},"modified":"2024-09-29T16:02:23","modified_gmt":"2024-09-29T16:02:23","slug":"diplome-si-certificate-nostrificare-legalizare-si-apostilare","status":"publish","type":"page","link":"https:\/\/bizmoldova.com\/ro\/diplome-si-certificate-nostrificare-legalizare-si-apostilare\/","title":{"rendered":"Diplome \u0219i certificate. Nostrificare, legalizare \u0219i apostilare"},"content":{"rendered":"<p>Nostrificarea diplomelor \u0219i certificatelor este procesul de recunoa\u0219tere a documentelor din state str\u0103ine referitoare la educa\u021bia medie, superioar\u0103 \u0219i postuniversitar\u0103. Procedura implic\u0103 recunoa\u0219terea de c\u0103tre autorit\u0103\u021bile competente a acestor documente ca fiind legale pe teritoriul statului \u00een care a fost ob\u021binut documentul.<\/p>\n<p><img loading=\"lazy\" decoding=\"async\" class=\"size-full wp-image-365 \" style=\"border: 1px solid grey;\" src=\"http:\/\/bizmoldova.com\/wp-content\/uploads\/2013\/05\/Diplom-Moldova-diploma-de-licenta.jpg\" alt=\"Diplom\u0103 de licen\u021b\u0103 - Universitatea de Stat din Moldova\" width=\"656\" height=\"431\" \/> Diplom\u0103 de licen\u021b\u0103 &#8211; Moldova<\/caption>\n<p><img loading=\"lazy\" decoding=\"async\" class=\"size-full wp-image-366 \" style=\"border: 1px solid grey;\" src=\"http:\/\/bizmoldova.com\/wp-content\/uploads\/2013\/05\/Diplom-spravka.jpg\" alt=\"Confirmarea sau nostrificarea diplomei pentru alte state\" width=\"612\" height=\"842\" \/> Confirmarea sau nostrificarea diplomei<\/caption>\n<p>Nostrificarea \u00een diferite \u021b\u0103ri trece prin etape similare:<\/p>\n<ol>\n<li>Confirmarea diplomei sau certificatului \u00een institu\u021bia de \u00eenv\u0103\u021b\u0103m\u00e2nt.<\/li>\n<li>Confirmarea \u00een ministerul corespunz\u0103tor.<\/li>\n<\/ol>\n<p>De obicei, procedura dureaz\u0103 aproximativ o lun\u0103.<\/p>\n<p>Pentru universit\u0103\u021bile \u0219i institu\u021biile de \u00eenv\u0103\u021b\u0103m\u00e2nt mediu tehnic din Transnistria, din p\u0103cate, procedura este complicat\u0103. Pentru recunoa\u0219terea acestor diplome, este necesar\u0103 o expertiz\u0103 a diplomei de c\u0103tre universitatea corespunz\u0103toare din Moldova. Dup\u0103 determinarea diferen\u021belor \u00een planul de \u00eenv\u0103\u021b\u0103m\u00e2nt, se stabilesc examene pentru disciplinele care nu sunt incluse \u00een programul universit\u0103\u021bii transnistrene, dar sunt \u00een programul moldovenesc. Abia apoi se desf\u0103\u0219oar\u0103 procedura descris\u0103 mai sus.<\/p>\n<p>Un exemplu al diferen\u021belor \u00een examene este prezentat mai jos. Facultatea de Psihologie a Universit\u0103\u021bii din Tiraspol&#8230; S-a dovedit a fi mai u\u0219or dec\u00e2t credea \u0219i se temea clienta. \u00cen loc de 5 examene &#8211; lucr\u0103ri&#8230; A\u0219a cum s-a dovedit, \u0219i \u00een universit\u0103\u021bile din Moldova sunt oameni \u00een\u021beleg\u0103tori&#8230;<\/p>\n<p><img loading=\"lazy\" decoding=\"async\" class=\"size-full wp-image-867\" src=\"http:\/\/bizmoldova.com\/wp-content\/uploads\/2018\/04\/Examen-Psihologie-Nostrificare.jpg\" alt=\"Nostrificarea diplomei transnistrene. Sus\u021binerea examenelor\" width=\"578\" height=\"386\" \/> 5 examene au fost \u00eenlocuite cu lucr\u0103ri&#8230;<\/caption>\n<p>Dac\u0103 trebuie s\u0103 prezenta\u021bi diploma \u00een str\u0103in\u0103tate, trebuie s\u0103 ob\u021bine\u021bi apostila pe diplom\u0103 sau s\u0103 o legaliza\u021bi la consulatul corespunz\u0103tor al statului \u00een care trebuie s\u0103 o prezenta\u021bi.<\/p>\n","protected":false},"excerpt":{"rendered":"<p>Nostrificarea diplomelor \u0219i certificatelor este procesul de recunoa\u0219tere a documentelor din state str\u0103ine referitoare la educa\u021bia medie, superioar\u0103 \u0219i postuniversitar\u0103. Procedura implic\u0103 recunoa\u0219terea de c\u0103tre autorit\u0103\u021bile competente a acestor documente ca fiind legale pe teritoriul statului \u00een care a fost ob\u021binut documentul. Diplom\u0103 de licen\u021b\u0103 &#8211; Moldova Confirmarea sau nostrificarea diplomei Nostrificarea \u00een diferite \u021b\u0103ri &#8230; <a title=\"Diplome \u0219i certificate. Nostrificare, legalizare \u0219i apostilare\" class=\"read-more\" href=\"https:\/\/bizmoldova.com\/ro\/diplome-si-certificate-nostrificare-legalizare-si-apostilare\/\" aria-label=\"Cite\u0219te mai multe despre Diplome \u0219i certificate. Nostrificare, legalizare \u0219i apostilare\">Read more<\/a><\/p>\n","protected":false},"author":1,"featured_media":0,"parent":0,"menu_order":0,"comment_status":"closed","ping_status":"closed","template":"","meta":{"_acf_changed":false,"footnotes":""},"class_list":["post-18","page","type-page","status-publish"],"acf":[],"yoast_head":"<!-- This site is optimized with the Yoast SEO plugin v27.3 - https:\/\/yoast.com\/product\/yoast-seo-wordpress\/ -->\n<title>Diplome \u0219i certificate. Nostrificare, legalizare \u0219i apostilare - Acte, Documente Moldova. Apostilare, Legalizare, Nostrificare, Traduceri<\/title>\n<meta name=\"robots\" content=\"index, follow, max-snippet:-1, max-image-preview:large, max-video-preview:-1\" \/>\n<link rel=\"canonical\" href=\"https:\/\/bizmoldova.com\/ro\/diplome-si-certificate-nostrificare-legalizare-si-apostilare\/\" \/>\n<meta property=\"og:locale\" content=\"ro_RO\" \/>\n<meta property=\"og:type\" content=\"article\" \/>\n<meta property=\"og:title\" content=\"Diplome \u0219i certificate. Nostrificare, legalizare \u0219i apostilare - Acte, Documente Moldova. Apostilare, Legalizare, Nostrificare, Traduceri\" \/>\n<meta property=\"og:description\" content=\"Nostrificarea diplomelor \u0219i certificatelor este procesul de recunoa\u0219tere a documentelor din state str\u0103ine referitoare la educa\u021bia medie, superioar\u0103 \u0219i postuniversitar\u0103. Procedura implic\u0103 recunoa\u0219terea de c\u0103tre autorit\u0103\u021bile competente a acestor documente ca fiind legale pe teritoriul statului \u00een care a fost ob\u021binut documentul. Diplom\u0103 de licen\u021b\u0103 &#8211; Moldova Confirmarea sau nostrificarea diplomei Nostrificarea \u00een diferite \u021b\u0103ri ... Read more\" \/>\n<meta property=\"og:url\" content=\"https:\/\/bizmoldova.com\/ro\/diplome-si-certificate-nostrificare-legalizare-si-apostilare\/\" \/>\n<meta property=\"og:site_name\" content=\"Acte, Documente Moldova. Apostilare, Legalizare, Nostrificare, Traduceri\" \/>\n<meta property=\"article:modified_time\" content=\"2024-09-29T16:02:23+00:00\" \/>\n<meta property=\"og:image\" content=\"http:\/\/bizmoldova.com\/wp-content\/uploads\/2013\/05\/Diplom-Moldova-diploma-de-licenta.jpg\" \/>\n<meta name=\"twitter:card\" content=\"summary_large_image\" \/>\n<meta name=\"twitter:label1\" content=\"Timp estimat pentru citire\" \/>\n\t<meta name=\"twitter:data1\" content=\"2 minute\" \/>\n<script type=\"application\/ld+json\" class=\"yoast-schema-graph\">{\"@context\":\"https:\\\/\\\/schema.org\",\"@graph\":[{\"@type\":\"WebPage\",\"@id\":\"https:\\\/\\\/bizmoldova.com\\\/ro\\\/diplome-si-certificate-nostrificare-legalizare-si-apostilare\\\/\",\"url\":\"https:\\\/\\\/bizmoldova.com\\\/ro\\\/diplome-si-certificate-nostrificare-legalizare-si-apostilare\\\/\",\"name\":\"Diplome \u0219i certificate. Nostrificare, legalizare \u0219i apostilare - Acte, Documente Moldova. Apostilare, Legalizare, Nostrificare, Traduceri\",\"isPartOf\":{\"@id\":\"https:\\\/\\\/bizmoldova.com\\\/ro\\\/#website\"},\"primaryImageOfPage\":{\"@id\":\"https:\\\/\\\/bizmoldova.com\\\/ro\\\/diplome-si-certificate-nostrificare-legalizare-si-apostilare\\\/#primaryimage\"},\"image\":{\"@id\":\"https:\\\/\\\/bizmoldova.com\\\/ro\\\/diplome-si-certificate-nostrificare-legalizare-si-apostilare\\\/#primaryimage\"},\"thumbnailUrl\":\"http:\\\/\\\/bizmoldova.com\\\/wp-content\\\/uploads\\\/2013\\\/05\\\/Diplom-Moldova-diploma-de-licenta.jpg\",\"datePublished\":\"2024-09-29T16:02:02+00:00\",\"dateModified\":\"2024-09-29T16:02:23+00:00\",\"breadcrumb\":{\"@id\":\"https:\\\/\\\/bizmoldova.com\\\/ro\\\/diplome-si-certificate-nostrificare-legalizare-si-apostilare\\\/#breadcrumb\"},\"inLanguage\":\"ro-RO\",\"potentialAction\":[{\"@type\":\"ReadAction\",\"target\":[\"https:\\\/\\\/bizmoldova.com\\\/ro\\\/diplome-si-certificate-nostrificare-legalizare-si-apostilare\\\/\"]}]},{\"@type\":\"ImageObject\",\"inLanguage\":\"ro-RO\",\"@id\":\"https:\\\/\\\/bizmoldova.com\\\/ro\\\/diplome-si-certificate-nostrificare-legalizare-si-apostilare\\\/#primaryimage\",\"url\":\"http:\\\/\\\/bizmoldova.com\\\/wp-content\\\/uploads\\\/2013\\\/05\\\/Diplom-Moldova-diploma-de-licenta.jpg\",\"contentUrl\":\"http:\\\/\\\/bizmoldova.com\\\/wp-content\\\/uploads\\\/2013\\\/05\\\/Diplom-Moldova-diploma-de-licenta.jpg\"},{\"@type\":\"BreadcrumbList\",\"@id\":\"https:\\\/\\\/bizmoldova.com\\\/ro\\\/diplome-si-certificate-nostrificare-legalizare-si-apostilare\\\/#breadcrumb\",\"itemListElement\":[{\"@type\":\"ListItem\",\"position\":1,\"name\":\"Home\",\"item\":\"https:\\\/\\\/bizmoldova.com\\\/ro\\\/\"},{\"@type\":\"ListItem\",\"position\":2,\"name\":\"Diplome \u0219i certificate. Nostrificare, legalizare \u0219i apostilare\"}]},{\"@type\":\"WebSite\",\"@id\":\"https:\\\/\\\/bizmoldova.com\\\/ro\\\/#website\",\"url\":\"https:\\\/\\\/bizmoldova.com\\\/ro\\\/\",\"name\":\"Acte, Documente Moldova. Apostilare, Legalizare, Nostrificare, Traduceri\",\"description\":\"Infiin\u021bare SRL. Acte, Documente, Apostila - Moldova\",\"potentialAction\":[{\"@type\":\"SearchAction\",\"target\":{\"@type\":\"EntryPoint\",\"urlTemplate\":\"https:\\\/\\\/bizmoldova.com\\\/ro\\\/?s={search_term_string}\"},\"query-input\":{\"@type\":\"PropertyValueSpecification\",\"valueRequired\":true,\"valueName\":\"search_term_string\"}}],\"inLanguage\":\"ro-RO\"}]}<\/script>\n<!-- \/ Yoast SEO plugin. -->","yoast_head_json":{"title":"Diplome \u0219i certificate. Nostrificare, legalizare \u0219i apostilare - Acte, Documente Moldova. Apostilare, Legalizare, Nostrificare, Traduceri","robots":{"index":"index","follow":"follow","max-snippet":"max-snippet:-1","max-image-preview":"max-image-preview:large","max-video-preview":"max-video-preview:-1"},"canonical":"https:\/\/bizmoldova.com\/ro\/diplome-si-certificate-nostrificare-legalizare-si-apostilare\/","og_locale":"ro_RO","og_type":"article","og_title":"Diplome \u0219i certificate. Nostrificare, legalizare \u0219i apostilare - Acte, Documente Moldova. Apostilare, Legalizare, Nostrificare, Traduceri","og_description":"Nostrificarea diplomelor \u0219i certificatelor este procesul de recunoa\u0219tere a documentelor din state str\u0103ine referitoare la educa\u021bia medie, superioar\u0103 \u0219i postuniversitar\u0103. Procedura implic\u0103 recunoa\u0219terea de c\u0103tre autorit\u0103\u021bile competente a acestor documente ca fiind legale pe teritoriul statului \u00een care a fost ob\u021binut documentul. Diplom\u0103 de licen\u021b\u0103 &#8211; Moldova Confirmarea sau nostrificarea diplomei Nostrificarea \u00een diferite \u021b\u0103ri ... Read more","og_url":"https:\/\/bizmoldova.com\/ro\/diplome-si-certificate-nostrificare-legalizare-si-apostilare\/","og_site_name":"Acte, Documente Moldova. Apostilare, Legalizare, Nostrificare, Traduceri","article_modified_time":"2024-09-29T16:02:23+00:00","og_image":[{"url":"http:\/\/bizmoldova.com\/wp-content\/uploads\/2013\/05\/Diplom-Moldova-diploma-de-licenta.jpg","type":"","width":"","height":""}],"twitter_card":"summary_large_image","twitter_misc":{"Timp estimat pentru citire":"2 minute"},"schema":{"@context":"https:\/\/schema.org","@graph":[{"@type":"WebPage","@id":"https:\/\/bizmoldova.com\/ro\/diplome-si-certificate-nostrificare-legalizare-si-apostilare\/","url":"https:\/\/bizmoldova.com\/ro\/diplome-si-certificate-nostrificare-legalizare-si-apostilare\/","name":"Diplome \u0219i certificate. Nostrificare, legalizare \u0219i apostilare - Acte, Documente Moldova. Apostilare, Legalizare, Nostrificare, Traduceri","isPartOf":{"@id":"https:\/\/bizmoldova.com\/ro\/#website"},"primaryImageOfPage":{"@id":"https:\/\/bizmoldova.com\/ro\/diplome-si-certificate-nostrificare-legalizare-si-apostilare\/#primaryimage"},"image":{"@id":"https:\/\/bizmoldova.com\/ro\/diplome-si-certificate-nostrificare-legalizare-si-apostilare\/#primaryimage"},"thumbnailUrl":"http:\/\/bizmoldova.com\/wp-content\/uploads\/2013\/05\/Diplom-Moldova-diploma-de-licenta.jpg","datePublished":"2024-09-29T16:02:02+00:00","dateModified":"2024-09-29T16:02:23+00:00","breadcrumb":{"@id":"https:\/\/bizmoldova.com\/ro\/diplome-si-certificate-nostrificare-legalizare-si-apostilare\/#breadcrumb"},"inLanguage":"ro-RO","potentialAction":[{"@type":"ReadAction","target":["https:\/\/bizmoldova.com\/ro\/diplome-si-certificate-nostrificare-legalizare-si-apostilare\/"]}]},{"@type":"ImageObject","inLanguage":"ro-RO","@id":"https:\/\/bizmoldova.com\/ro\/diplome-si-certificate-nostrificare-legalizare-si-apostilare\/#primaryimage","url":"http:\/\/bizmoldova.com\/wp-content\/uploads\/2013\/05\/Diplom-Moldova-diploma-de-licenta.jpg","contentUrl":"http:\/\/bizmoldova.com\/wp-content\/uploads\/2013\/05\/Diplom-Moldova-diploma-de-licenta.jpg"},{"@type":"BreadcrumbList","@id":"https:\/\/bizmoldova.com\/ro\/diplome-si-certificate-nostrificare-legalizare-si-apostilare\/#breadcrumb","itemListElement":[{"@type":"ListItem","position":1,"name":"Home","item":"https:\/\/bizmoldova.com\/ro\/"},{"@type":"ListItem","position":2,"name":"Diplome \u0219i certificate. Nostrificare, legalizare \u0219i apostilare"}]},{"@type":"WebSite","@id":"https:\/\/bizmoldova.com\/ro\/#website","url":"https:\/\/bizmoldova.com\/ro\/","name":"Acte, Documente Moldova. Apostilare, Legalizare, Nostrificare, Traduceri","description":"Infiin\u021bare SRL. Acte, Documente, Apostila - Moldova","potentialAction":[{"@type":"SearchAction","target":{"@type":"EntryPoint","urlTemplate":"https:\/\/bizmoldova.com\/ro\/?s={search_term_string}"},"query-input":{"@type":"PropertyValueSpecification","valueRequired":true,"valueName":"search_term_string"}}],"inLanguage":"ro-RO"}]}},"_links":{"self":[{"href":"https:\/\/bizmoldova.com\/ro\/wp-json\/wp\/v2\/pages\/18","targetHints":{"allow":["GET"]}}],"collection":[{"href":"https:\/\/bizmoldova.com\/ro\/wp-json\/wp\/v2\/pages"}],"about":[{"href":"https:\/\/bizmoldova.com\/ro\/wp-json\/wp\/v2\/types\/page"}],"author":[{"embeddable":true,"href":"https:\/\/bizmoldova.com\/ro\/wp-json\/wp\/v2\/users\/1"}],"replies":[{"embeddable":true,"href":"https:\/\/bizmoldova.com\/ro\/wp-json\/wp\/v2\/comments?post=18"}],"version-history":[{"count":1,"href":"https:\/\/bizmoldova.com\/ro\/wp-json\/wp\/v2\/pages\/18\/revisions"}],"predecessor-version":[{"id":19,"href":"https:\/\/bizmoldova.com\/ro\/wp-json\/wp\/v2\/pages\/18\/revisions\/19"}],"wp:attachment":[{"href":"https:\/\/bizmoldova.com\/ro\/wp-json\/wp\/v2\/media?parent=18"}],"curies":[{"name":"wp","href":"https:\/\/api.w.org\/{rel}","templated":true}]}}