{"id":14,"date":"2024-09-29T12:55:08","date_gmt":"2024-09-29T12:55:08","guid":{"rendered":"https:\/\/bizmoldova.com\/ro\/?page_id=14"},"modified":"2024-09-29T12:55:09","modified_gmt":"2024-09-29T12:55:09","slug":"bancile-din-moldova-pentru-afaceri","status":"publish","type":"page","link":"https:\/\/bizmoldova.com\/ro\/bancile-din-moldova-pentru-afaceri\/","title":{"rendered":"B\u0103ncile din Moldova pentru afaceri"},"content":{"rendered":"<p>\u00cen prezent, \u00een Moldova exist\u0103 14 b\u0103nci. Conform opiniei noastre, cea mai democratic\u0103, de \u00eencredere \u0219i potrivit\u0103 pentru a desf\u0103\u0219ura afaceri de la distan\u021b\u0103 este OTP Bank (fostul MOBIASBANCA Group Societe Generale S.A.). Ne bucur\u0103 loialitatea angaja\u021bilor b\u0103ncii \u0219i posibilitatea de a avea un contact personal pentru rezolvarea problemelor urgente. De asemenea, este convenabil s\u0103 lucra\u021bi pe baza unei procuri de la administratorul contului (proprietarul sau directorul \u00eentreprinderii).<\/p>\n<p>De cur\u00e2nd, \u00een b\u0103nci este permis\u0103 o singur\u0103 semn\u0103tur\u0103 pentru efectuarea pl\u0103\u021bilor. Contabilul nu trebuie specificat, mai ales dac\u0103 sunte\u021bi deservit de o firm\u0103 de contabilitate.<\/p>\n<p>Durata de deschidere a unui cont temporar pentru depunerea capitalului social este de la o jum\u0103tate de or\u0103 p\u00e2n\u0103 la o or\u0103. Deschiderea conturilor permanente are loc \u00een acelea\u0219i termene. Cu toate acestea, conturile curente nu sunt activate imediat, ci dup\u0103 confirmarea din partea Inspectoratului Fiscal. De obicei, acest lucru dureaz\u0103 de la 2 p\u00e2n\u0103 la 5 zile.<\/p>\n","protected":false},"excerpt":{"rendered":"<p>\u00cen prezent, \u00een Moldova exist\u0103 14 b\u0103nci. Conform opiniei noastre, cea mai democratic\u0103, de \u00eencredere \u0219i potrivit\u0103 pentru a desf\u0103\u0219ura afaceri de la distan\u021b\u0103 este OTP Bank (fostul MOBIASBANCA Group Societe Generale S.A.). Ne bucur\u0103 loialitatea angaja\u021bilor b\u0103ncii \u0219i posibilitatea de a avea un contact personal pentru rezolvarea problemelor urgente. De asemenea, este convenabil s\u0103 &#8230; <a title=\"B\u0103ncile din Moldova pentru afaceri\" class=\"read-more\" href=\"https:\/\/bizmoldova.com\/ro\/bancile-din-moldova-pentru-afaceri\/\" aria-label=\"Cite\u0219te mai multe despre B\u0103ncile din Moldova pentru afaceri\">Read more<\/a><\/p>\n","protected":false},"author":1,"featured_media":0,"parent":0,"menu_order":0,"comment_status":"closed","ping_status":"closed","template":"","meta":{"_acf_changed":false,"footnotes":""},"class_list":["post-14","page","type-page","status-publish"],"acf":[],"yoast_head":"<!-- This site is optimized with the Yoast SEO plugin v27.3 - https:\/\/yoast.com\/product\/yoast-seo-wordpress\/ -->\n<title>B\u0103ncile din Moldova pentru afaceri - Acte, Documente Moldova. Apostilare, Legalizare, Nostrificare, Traduceri<\/title>\n<meta name=\"robots\" content=\"index, follow, max-snippet:-1, max-image-preview:large, max-video-preview:-1\" \/>\n<link rel=\"canonical\" href=\"https:\/\/bizmoldova.com\/ro\/bancile-din-moldova-pentru-afaceri\/\" \/>\n<meta property=\"og:locale\" content=\"ro_RO\" \/>\n<meta property=\"og:type\" content=\"article\" \/>\n<meta property=\"og:title\" content=\"B\u0103ncile din Moldova pentru afaceri - Acte, Documente Moldova. Apostilare, Legalizare, Nostrificare, Traduceri\" \/>\n<meta property=\"og:description\" content=\"\u00cen prezent, \u00een Moldova exist\u0103 14 b\u0103nci. Conform opiniei noastre, cea mai democratic\u0103, de \u00eencredere \u0219i potrivit\u0103 pentru a desf\u0103\u0219ura afaceri de la distan\u021b\u0103 este OTP Bank (fostul MOBIASBANCA Group Societe Generale S.A.). Ne bucur\u0103 loialitatea angaja\u021bilor b\u0103ncii \u0219i posibilitatea de a avea un contact personal pentru rezolvarea problemelor urgente. De asemenea, este convenabil s\u0103 ... Read more\" \/>\n<meta property=\"og:url\" content=\"https:\/\/bizmoldova.com\/ro\/bancile-din-moldova-pentru-afaceri\/\" \/>\n<meta property=\"og:site_name\" content=\"Acte, Documente Moldova. Apostilare, Legalizare, Nostrificare, Traduceri\" \/>\n<meta property=\"article:modified_time\" content=\"2024-09-29T12:55:09+00:00\" \/>\n<meta name=\"twitter:card\" content=\"summary_large_image\" \/>\n<meta name=\"twitter:label1\" content=\"Timp estimat pentru citire\" \/>\n\t<meta name=\"twitter:data1\" content=\"1 minut\" \/>\n<script type=\"application\/ld+json\" class=\"yoast-schema-graph\">{\"@context\":\"https:\\\/\\\/schema.org\",\"@graph\":[{\"@type\":\"WebPage\",\"@id\":\"https:\\\/\\\/bizmoldova.com\\\/ro\\\/bancile-din-moldova-pentru-afaceri\\\/\",\"url\":\"https:\\\/\\\/bizmoldova.com\\\/ro\\\/bancile-din-moldova-pentru-afaceri\\\/\",\"name\":\"B\u0103ncile din Moldova pentru afaceri - Acte, Documente Moldova. Apostilare, Legalizare, Nostrificare, Traduceri\",\"isPartOf\":{\"@id\":\"https:\\\/\\\/bizmoldova.com\\\/ro\\\/#website\"},\"datePublished\":\"2024-09-29T12:55:08+00:00\",\"dateModified\":\"2024-09-29T12:55:09+00:00\",\"breadcrumb\":{\"@id\":\"https:\\\/\\\/bizmoldova.com\\\/ro\\\/bancile-din-moldova-pentru-afaceri\\\/#breadcrumb\"},\"inLanguage\":\"ro-RO\",\"potentialAction\":[{\"@type\":\"ReadAction\",\"target\":[\"https:\\\/\\\/bizmoldova.com\\\/ro\\\/bancile-din-moldova-pentru-afaceri\\\/\"]}]},{\"@type\":\"BreadcrumbList\",\"@id\":\"https:\\\/\\\/bizmoldova.com\\\/ro\\\/bancile-din-moldova-pentru-afaceri\\\/#breadcrumb\",\"itemListElement\":[{\"@type\":\"ListItem\",\"position\":1,\"name\":\"Home\",\"item\":\"https:\\\/\\\/bizmoldova.com\\\/ro\\\/\"},{\"@type\":\"ListItem\",\"position\":2,\"name\":\"B\u0103ncile din Moldova pentru afaceri\"}]},{\"@type\":\"WebSite\",\"@id\":\"https:\\\/\\\/bizmoldova.com\\\/ro\\\/#website\",\"url\":\"https:\\\/\\\/bizmoldova.com\\\/ro\\\/\",\"name\":\"Acte, Documente Moldova. Apostilare, Legalizare, Nostrificare, Traduceri\",\"description\":\"Infiin\u021bare SRL. Acte, Documente, Apostila - Moldova\",\"potentialAction\":[{\"@type\":\"SearchAction\",\"target\":{\"@type\":\"EntryPoint\",\"urlTemplate\":\"https:\\\/\\\/bizmoldova.com\\\/ro\\\/?s={search_term_string}\"},\"query-input\":{\"@type\":\"PropertyValueSpecification\",\"valueRequired\":true,\"valueName\":\"search_term_string\"}}],\"inLanguage\":\"ro-RO\"}]}<\/script>\n<!-- \/ Yoast SEO plugin. -->","yoast_head_json":{"title":"B\u0103ncile din Moldova pentru afaceri - Acte, Documente Moldova. Apostilare, Legalizare, Nostrificare, Traduceri","robots":{"index":"index","follow":"follow","max-snippet":"max-snippet:-1","max-image-preview":"max-image-preview:large","max-video-preview":"max-video-preview:-1"},"canonical":"https:\/\/bizmoldova.com\/ro\/bancile-din-moldova-pentru-afaceri\/","og_locale":"ro_RO","og_type":"article","og_title":"B\u0103ncile din Moldova pentru afaceri - Acte, Documente Moldova. Apostilare, Legalizare, Nostrificare, Traduceri","og_description":"\u00cen prezent, \u00een Moldova exist\u0103 14 b\u0103nci. Conform opiniei noastre, cea mai democratic\u0103, de \u00eencredere \u0219i potrivit\u0103 pentru a desf\u0103\u0219ura afaceri de la distan\u021b\u0103 este OTP Bank (fostul MOBIASBANCA Group Societe Generale S.A.). Ne bucur\u0103 loialitatea angaja\u021bilor b\u0103ncii \u0219i posibilitatea de a avea un contact personal pentru rezolvarea problemelor urgente. De asemenea, este convenabil s\u0103 ... Read more","og_url":"https:\/\/bizmoldova.com\/ro\/bancile-din-moldova-pentru-afaceri\/","og_site_name":"Acte, Documente Moldova. Apostilare, Legalizare, Nostrificare, Traduceri","article_modified_time":"2024-09-29T12:55:09+00:00","twitter_card":"summary_large_image","twitter_misc":{"Timp estimat pentru citire":"1 minut"},"schema":{"@context":"https:\/\/schema.org","@graph":[{"@type":"WebPage","@id":"https:\/\/bizmoldova.com\/ro\/bancile-din-moldova-pentru-afaceri\/","url":"https:\/\/bizmoldova.com\/ro\/bancile-din-moldova-pentru-afaceri\/","name":"B\u0103ncile din Moldova pentru afaceri - Acte, Documente Moldova. Apostilare, Legalizare, Nostrificare, Traduceri","isPartOf":{"@id":"https:\/\/bizmoldova.com\/ro\/#website"},"datePublished":"2024-09-29T12:55:08+00:00","dateModified":"2024-09-29T12:55:09+00:00","breadcrumb":{"@id":"https:\/\/bizmoldova.com\/ro\/bancile-din-moldova-pentru-afaceri\/#breadcrumb"},"inLanguage":"ro-RO","potentialAction":[{"@type":"ReadAction","target":["https:\/\/bizmoldova.com\/ro\/bancile-din-moldova-pentru-afaceri\/"]}]},{"@type":"BreadcrumbList","@id":"https:\/\/bizmoldova.com\/ro\/bancile-din-moldova-pentru-afaceri\/#breadcrumb","itemListElement":[{"@type":"ListItem","position":1,"name":"Home","item":"https:\/\/bizmoldova.com\/ro\/"},{"@type":"ListItem","position":2,"name":"B\u0103ncile din Moldova pentru afaceri"}]},{"@type":"WebSite","@id":"https:\/\/bizmoldova.com\/ro\/#website","url":"https:\/\/bizmoldova.com\/ro\/","name":"Acte, Documente Moldova. Apostilare, Legalizare, Nostrificare, Traduceri","description":"Infiin\u021bare SRL. Acte, Documente, Apostila - Moldova","potentialAction":[{"@type":"SearchAction","target":{"@type":"EntryPoint","urlTemplate":"https:\/\/bizmoldova.com\/ro\/?s={search_term_string}"},"query-input":{"@type":"PropertyValueSpecification","valueRequired":true,"valueName":"search_term_string"}}],"inLanguage":"ro-RO"}]}},"_links":{"self":[{"href":"https:\/\/bizmoldova.com\/ro\/wp-json\/wp\/v2\/pages\/14","targetHints":{"allow":["GET"]}}],"collection":[{"href":"https:\/\/bizmoldova.com\/ro\/wp-json\/wp\/v2\/pages"}],"about":[{"href":"https:\/\/bizmoldova.com\/ro\/wp-json\/wp\/v2\/types\/page"}],"author":[{"embeddable":true,"href":"https:\/\/bizmoldova.com\/ro\/wp-json\/wp\/v2\/users\/1"}],"replies":[{"embeddable":true,"href":"https:\/\/bizmoldova.com\/ro\/wp-json\/wp\/v2\/comments?post=14"}],"version-history":[{"count":1,"href":"https:\/\/bizmoldova.com\/ro\/wp-json\/wp\/v2\/pages\/14\/revisions"}],"predecessor-version":[{"id":15,"href":"https:\/\/bizmoldova.com\/ro\/wp-json\/wp\/v2\/pages\/14\/revisions\/15"}],"wp:attachment":[{"href":"https:\/\/bizmoldova.com\/ro\/wp-json\/wp\/v2\/media?parent=14"}],"curies":[{"name":"wp","href":"https:\/\/api.w.org\/{rel}","templated":true}]}}