{"id":12,"date":"2024-09-27T11:09:40","date_gmt":"2024-09-27T11:09:40","guid":{"rendered":"https:\/\/bizmoldova.com\/ro\/?page_id=12"},"modified":"2024-09-27T11:09:40","modified_gmt":"2024-09-27T11:09:40","slug":"apostila-ucraina","status":"publish","type":"page","link":"https:\/\/bizmoldova.com\/ro\/apostila-ucraina\/","title":{"rendered":"Apostila Ucraina"},"content":{"rendered":"\n<p>Agen\u021bia noastr\u0103 ofer\u0103 servicii de apostilare pentru documente din Ucraina. Asigur\u0103m servicii de \u00eenalt\u0103 calitate \u0219i la timp.<\/p>\n\n\n\n<h3 class=\"wp-block-heading\"><strong>Ce este apostila ucrainean\u0103?<\/strong><\/h3>\n\n\n\n<p>Apostila \u00een Ucraina, la fel ca \u0219i \u00een alte \u021b\u0103ri membre ale Conven\u021biei de la Haga privind apostila, este o certificare oficial\u0103 a autenticit\u0103\u021bii semn\u0103turilor func\u021bionarilor pe documentele emise de organele oficiale din Ucraina. Apostila ucrainean\u0103 este o \u0219tampil\u0103 cu inscrip\u021bia &#8222;Apostille&#8221; care confirm\u0103 autenticitatea semn\u0103turii, legalitatea \u0219i valabilitatea juridic\u0103 a documentului.<\/p>\n\n\n\n<h3 class=\"wp-block-heading\"><strong>C\u00e2nd a devenit apostila obligatorie \u00een Ucraina?<\/strong><\/h3>\n\n\n\n<p>Apostila a devenit obligatorie \u00een Ucraina pe 22 decembrie 2003, prin urmare, documentele emise \u00eenainte de aceast\u0103 dat\u0103 nu sunt supuse apostil\u0103rii.<\/p>\n\n\n\n<h3 class=\"wp-block-heading\"><strong>Cum s\u0103 comanda\u021bi o apostil\u0103 pentru documente ob\u021binute \u00een Ucraina f\u0103r\u0103 a c\u0103l\u0103tori \u00een Ucraina?<\/strong><\/h3>\n\n\n\n<p>Pentru a comanda o apostil\u0103 online, pute\u021bi contacta agen\u021bia noastr\u0103 juridic\u0103 cu 18 ani de experien\u021b\u0103. Trebuie s\u0103 furniza\u021bi documentul original \u0219i s\u0103 pl\u0103ti\u021bi pentru serviciile noastre.<\/p>\n\n\n\n<h3 class=\"wp-block-heading\"><strong>Ce s\u0103 face\u021bi dac\u0103 a\u021bi pierdut documentul sau nu dori\u021bi s\u0103 trimite\u021bi originale?<\/strong><\/h3>\n\n\n\n<p>Dac\u0103 a\u021bi pierdut documentul sau prefera\u021bi s\u0103 nu trimite\u021bi originale, pute\u021bi comanda un duplicat al documentului \u00een noul format. Pentru aceasta, trebuie s\u0103 elibera\u021bi o procur\u0103 notarial\u0103 sau consular\u0103 pentru angajatul nostru \u0219i s\u0103 ne-o preda\u021bi sau s\u0103 o trimite\u021bi prin po\u0219t\u0103 sau prin serviciu de curierat.<\/p>\n","protected":false},"excerpt":{"rendered":"<p>Agen\u021bia noastr\u0103 ofer\u0103 servicii de apostilare pentru documente din Ucraina. Asigur\u0103m servicii de \u00eenalt\u0103 calitate \u0219i la timp. Ce este apostila ucrainean\u0103? Apostila \u00een Ucraina, la fel ca \u0219i \u00een alte \u021b\u0103ri membre ale Conven\u021biei de la Haga privind apostila, este o certificare oficial\u0103 a autenticit\u0103\u021bii semn\u0103turilor func\u021bionarilor pe documentele emise de organele oficiale din &#8230; <a title=\"Apostila Ucraina\" class=\"read-more\" href=\"https:\/\/bizmoldova.com\/ro\/apostila-ucraina\/\" aria-label=\"Cite\u0219te mai multe despre Apostila Ucraina\">Read more<\/a><\/p>\n","protected":false},"author":1,"featured_media":0,"parent":0,"menu_order":0,"comment_status":"closed","ping_status":"closed","template":"","meta":{"_acf_changed":false,"footnotes":""},"class_list":["post-12","page","type-page","status-publish"],"acf":[],"yoast_head":"<!-- This site is optimized with the Yoast SEO plugin v27.3 - https:\/\/yoast.com\/product\/yoast-seo-wordpress\/ -->\n<title>Apostila Ucraina - Acte, Documente Moldova. Apostilare, Legalizare, Nostrificare, Traduceri<\/title>\n<meta name=\"robots\" content=\"index, follow, max-snippet:-1, max-image-preview:large, max-video-preview:-1\" \/>\n<link rel=\"canonical\" href=\"https:\/\/bizmoldova.com\/ro\/apostila-ucraina\/\" \/>\n<meta property=\"og:locale\" content=\"ro_RO\" \/>\n<meta property=\"og:type\" content=\"article\" \/>\n<meta property=\"og:title\" content=\"Apostila Ucraina - Acte, Documente Moldova. Apostilare, Legalizare, Nostrificare, Traduceri\" \/>\n<meta property=\"og:description\" content=\"Agen\u021bia noastr\u0103 ofer\u0103 servicii de apostilare pentru documente din Ucraina. Asigur\u0103m servicii de \u00eenalt\u0103 calitate \u0219i la timp. Ce este apostila ucrainean\u0103? Apostila \u00een Ucraina, la fel ca \u0219i \u00een alte \u021b\u0103ri membre ale Conven\u021biei de la Haga privind apostila, este o certificare oficial\u0103 a autenticit\u0103\u021bii semn\u0103turilor func\u021bionarilor pe documentele emise de organele oficiale din ... Read more\" \/>\n<meta property=\"og:url\" content=\"https:\/\/bizmoldova.com\/ro\/apostila-ucraina\/\" \/>\n<meta property=\"og:site_name\" content=\"Acte, Documente Moldova. Apostilare, Legalizare, Nostrificare, Traduceri\" \/>\n<meta name=\"twitter:card\" content=\"summary_large_image\" \/>\n<meta name=\"twitter:label1\" content=\"Timp estimat pentru citire\" \/>\n\t<meta name=\"twitter:data1\" content=\"2 minute\" \/>\n<script type=\"application\/ld+json\" class=\"yoast-schema-graph\">{\"@context\":\"https:\\\/\\\/schema.org\",\"@graph\":[{\"@type\":\"WebPage\",\"@id\":\"https:\\\/\\\/bizmoldova.com\\\/ro\\\/apostila-ucraina\\\/\",\"url\":\"https:\\\/\\\/bizmoldova.com\\\/ro\\\/apostila-ucraina\\\/\",\"name\":\"Apostila Ucraina - Acte, Documente Moldova. Apostilare, Legalizare, Nostrificare, Traduceri\",\"isPartOf\":{\"@id\":\"https:\\\/\\\/bizmoldova.com\\\/ro\\\/#website\"},\"datePublished\":\"2024-09-27T11:09:40+00:00\",\"breadcrumb\":{\"@id\":\"https:\\\/\\\/bizmoldova.com\\\/ro\\\/apostila-ucraina\\\/#breadcrumb\"},\"inLanguage\":\"ro-RO\",\"potentialAction\":[{\"@type\":\"ReadAction\",\"target\":[\"https:\\\/\\\/bizmoldova.com\\\/ro\\\/apostila-ucraina\\\/\"]}]},{\"@type\":\"BreadcrumbList\",\"@id\":\"https:\\\/\\\/bizmoldova.com\\\/ro\\\/apostila-ucraina\\\/#breadcrumb\",\"itemListElement\":[{\"@type\":\"ListItem\",\"position\":1,\"name\":\"Home\",\"item\":\"https:\\\/\\\/bizmoldova.com\\\/ro\\\/\"},{\"@type\":\"ListItem\",\"position\":2,\"name\":\"Apostila Ucraina\"}]},{\"@type\":\"WebSite\",\"@id\":\"https:\\\/\\\/bizmoldova.com\\\/ro\\\/#website\",\"url\":\"https:\\\/\\\/bizmoldova.com\\\/ro\\\/\",\"name\":\"Acte, Documente Moldova. Apostilare, Legalizare, Nostrificare, Traduceri\",\"description\":\"Infiin\u021bare SRL. Acte, Documente, Apostila - Moldova\",\"potentialAction\":[{\"@type\":\"SearchAction\",\"target\":{\"@type\":\"EntryPoint\",\"urlTemplate\":\"https:\\\/\\\/bizmoldova.com\\\/ro\\\/?s={search_term_string}\"},\"query-input\":{\"@type\":\"PropertyValueSpecification\",\"valueRequired\":true,\"valueName\":\"search_term_string\"}}],\"inLanguage\":\"ro-RO\"}]}<\/script>\n<!-- \/ Yoast SEO plugin. -->","yoast_head_json":{"title":"Apostila Ucraina - Acte, Documente Moldova. Apostilare, Legalizare, Nostrificare, Traduceri","robots":{"index":"index","follow":"follow","max-snippet":"max-snippet:-1","max-image-preview":"max-image-preview:large","max-video-preview":"max-video-preview:-1"},"canonical":"https:\/\/bizmoldova.com\/ro\/apostila-ucraina\/","og_locale":"ro_RO","og_type":"article","og_title":"Apostila Ucraina - Acte, Documente Moldova. Apostilare, Legalizare, Nostrificare, Traduceri","og_description":"Agen\u021bia noastr\u0103 ofer\u0103 servicii de apostilare pentru documente din Ucraina. Asigur\u0103m servicii de \u00eenalt\u0103 calitate \u0219i la timp. Ce este apostila ucrainean\u0103? Apostila \u00een Ucraina, la fel ca \u0219i \u00een alte \u021b\u0103ri membre ale Conven\u021biei de la Haga privind apostila, este o certificare oficial\u0103 a autenticit\u0103\u021bii semn\u0103turilor func\u021bionarilor pe documentele emise de organele oficiale din ... Read more","og_url":"https:\/\/bizmoldova.com\/ro\/apostila-ucraina\/","og_site_name":"Acte, Documente Moldova. Apostilare, Legalizare, Nostrificare, Traduceri","twitter_card":"summary_large_image","twitter_misc":{"Timp estimat pentru citire":"2 minute"},"schema":{"@context":"https:\/\/schema.org","@graph":[{"@type":"WebPage","@id":"https:\/\/bizmoldova.com\/ro\/apostila-ucraina\/","url":"https:\/\/bizmoldova.com\/ro\/apostila-ucraina\/","name":"Apostila Ucraina - Acte, Documente Moldova. Apostilare, Legalizare, Nostrificare, Traduceri","isPartOf":{"@id":"https:\/\/bizmoldova.com\/ro\/#website"},"datePublished":"2024-09-27T11:09:40+00:00","breadcrumb":{"@id":"https:\/\/bizmoldova.com\/ro\/apostila-ucraina\/#breadcrumb"},"inLanguage":"ro-RO","potentialAction":[{"@type":"ReadAction","target":["https:\/\/bizmoldova.com\/ro\/apostila-ucraina\/"]}]},{"@type":"BreadcrumbList","@id":"https:\/\/bizmoldova.com\/ro\/apostila-ucraina\/#breadcrumb","itemListElement":[{"@type":"ListItem","position":1,"name":"Home","item":"https:\/\/bizmoldova.com\/ro\/"},{"@type":"ListItem","position":2,"name":"Apostila Ucraina"}]},{"@type":"WebSite","@id":"https:\/\/bizmoldova.com\/ro\/#website","url":"https:\/\/bizmoldova.com\/ro\/","name":"Acte, Documente Moldova. Apostilare, Legalizare, Nostrificare, Traduceri","description":"Infiin\u021bare SRL. Acte, Documente, Apostila - Moldova","potentialAction":[{"@type":"SearchAction","target":{"@type":"EntryPoint","urlTemplate":"https:\/\/bizmoldova.com\/ro\/?s={search_term_string}"},"query-input":{"@type":"PropertyValueSpecification","valueRequired":true,"valueName":"search_term_string"}}],"inLanguage":"ro-RO"}]}},"_links":{"self":[{"href":"https:\/\/bizmoldova.com\/ro\/wp-json\/wp\/v2\/pages\/12","targetHints":{"allow":["GET"]}}],"collection":[{"href":"https:\/\/bizmoldova.com\/ro\/wp-json\/wp\/v2\/pages"}],"about":[{"href":"https:\/\/bizmoldova.com\/ro\/wp-json\/wp\/v2\/types\/page"}],"author":[{"embeddable":true,"href":"https:\/\/bizmoldova.com\/ro\/wp-json\/wp\/v2\/users\/1"}],"replies":[{"embeddable":true,"href":"https:\/\/bizmoldova.com\/ro\/wp-json\/wp\/v2\/comments?post=12"}],"version-history":[{"count":1,"href":"https:\/\/bizmoldova.com\/ro\/wp-json\/wp\/v2\/pages\/12\/revisions"}],"predecessor-version":[{"id":13,"href":"https:\/\/bizmoldova.com\/ro\/wp-json\/wp\/v2\/pages\/12\/revisions\/13"}],"wp:attachment":[{"href":"https:\/\/bizmoldova.com\/ro\/wp-json\/wp\/v2\/media?parent=12"}],"curies":[{"name":"wp","href":"https:\/\/api.w.org\/{rel}","templated":true}]}}