{"id":9,"date":"2024-09-22T11:04:32","date_gmt":"2024-09-22T11:04:32","guid":{"rendered":"https:\/\/bizmoldova.com\/es\/?page_id=9"},"modified":"2024-09-22T11:04:32","modified_gmt":"2024-09-22T11:04:32","slug":"apostille-online-moldova","status":"publish","type":"page","link":"https:\/\/bizmoldova.com\/es\/apostille-online-moldova\/","title":{"rendered":"Apostille Online. Moldova"},"content":{"rendered":"\n<p>En la Rep\u00fablica de Moldavia, el sistema de solicitud de documentos en l\u00ednea ha estado en funcionamiento durante m\u00e1s de 5 a\u00f1os. Apostille online es muy conveniente. Sin embargo, acceder a dicho servicio lleva tiempo y requiere un n\u00famero de tel\u00e9fono m\u00f3vil de Moldavia. \u00bfPero qu\u00e9 hacer si, por ejemplo, est\u00e1s en el extranjero, en Italia, Espa\u00f1a, Rusia&#8230; o en cualquier otro lugar?<\/p>\n\n\n\n<p>Es posible que hayas o\u00eddo hablar del servicio de Apostille online, pero no puedas usarlo porque no tienes una firma digital.<\/p>\n\n\n\n<p>Cont\u00e1ctanos y realizaremos el tr\u00e1mite del Apostille online por ti. Una vez que el Apostille est\u00e9 listo, te lo enviaremos por el medio que prefieras \u2014 Whatsapp, Telegram, Skype, Viber, email.<\/p>\n\n\n<div class=\"wp-block-image\">\n<figure class=\"alignleft\"><img decoding=\"async\" src=\"http:\/\/bizmoldova.com\/wp-content\/uploads\/2019\/04\/Apostille-Apostila-Moldova.jpg\" alt=\"Recibir Apostille online en Moldavia\" class=\"wp-image-889\"\/><figcaption class=\"wp-element-caption\">Apostille enviado online desde Moldavia. Puedes recibirlo por cualquier mensajer\u00eda o correo electr\u00f3nico<\/figcaption><\/figure>\n<\/div>\n\n\n<figure class=\"wp-block-image\"><img decoding=\"async\" src=\"http:\/\/bizmoldova.com\/wp-content\/uploads\/2019\/04\/Apostille-Apostila-Moldova-2.jpg\" alt=\"Solicitar Apostille online Moldavia\" class=\"wp-image-891\"\/><figcaption class=\"wp-element-caption\">Apostille enviado online a un cliente por Viber. Moldavia &#8211; Italia<\/figcaption><\/figure>\n\n\n\n<p>Te recordamos que el sello de Apostille ya no existe en Moldavia desde 2012. Por lo tanto, no intentes buscar d\u00f3nde colocar el \u00absello h\u00famedo de Apostille\u00bb \u2014 simplemente no existe en Moldavia.<\/p>\n\n\n\n<h2 class=\"wp-block-heading\">\u00bfC\u00f3mo se ve el Apostille que recibes?<\/h2>\n\n\n\n<figure class=\"wp-block-image size-full\"><img decoding=\"async\" src=\"https:\/\/bizmoldova.com\/wp-content\/uploads\/2024\/04\/Apostila-Moldova.jpg\" alt=\"Apostille online Moldavia urgente\" class=\"wp-image-1373\"\/><\/figure>\n\n\n\n<p>Ll\u00e1manos y resolveremos tus problemas con el Apostille \u2014 online.<\/p>\n","protected":false},"excerpt":{"rendered":"<p>En la Rep\u00fablica de Moldavia, el sistema de solicitud de documentos en l\u00ednea ha estado en funcionamiento durante m\u00e1s de 5 a\u00f1os. Apostille online es muy conveniente. Sin embargo, acceder a dicho servicio lleva tiempo y requiere un n\u00famero de tel\u00e9fono m\u00f3vil de Moldavia. \u00bfPero qu\u00e9 hacer si, por ejemplo, est\u00e1s en el extranjero, en &#8230; <a title=\"Apostille Online. Moldova\" class=\"read-more\" href=\"https:\/\/bizmoldova.com\/es\/apostille-online-moldova\/\" aria-label=\"Leer m\u00e1s sobre Apostille Online. Moldova\">Leer m\u00e1s<\/a><\/p>\n","protected":false},"author":1,"featured_media":0,"parent":0,"menu_order":0,"comment_status":"closed","ping_status":"closed","template":"","meta":{"_acf_changed":false,"footnotes":""},"class_list":["post-9","page","type-page","status-publish"],"acf":[],"yoast_head":"<!-- This site is optimized with the Yoast SEO plugin v27.3 - https:\/\/yoast.com\/product\/yoast-seo-wordpress\/ -->\n<title>Apostille Online. Moldova - Documentos Moldavia. Apostilla, Legalizaci\u00f3n, Nostrificaci\u00f3n, Traducciones<\/title>\n<meta name=\"robots\" content=\"index, follow, max-snippet:-1, max-image-preview:large, max-video-preview:-1\" \/>\n<link rel=\"canonical\" href=\"https:\/\/bizmoldova.com\/es\/apostille-online-moldova\/\" \/>\n<meta property=\"og:locale\" content=\"es_ES\" \/>\n<meta property=\"og:type\" content=\"article\" \/>\n<meta property=\"og:title\" content=\"Apostille Online. Moldova - Documentos Moldavia. Apostilla, Legalizaci\u00f3n, Nostrificaci\u00f3n, Traducciones\" \/>\n<meta property=\"og:description\" content=\"En la Rep\u00fablica de Moldavia, el sistema de solicitud de documentos en l\u00ednea ha estado en funcionamiento durante m\u00e1s de 5 a\u00f1os. Apostille online es muy conveniente. Sin embargo, acceder a dicho servicio lleva tiempo y requiere un n\u00famero de tel\u00e9fono m\u00f3vil de Moldavia. \u00bfPero qu\u00e9 hacer si, por ejemplo, est\u00e1s en el extranjero, en ... Leer m\u00e1s\" \/>\n<meta property=\"og:url\" content=\"https:\/\/bizmoldova.com\/es\/apostille-online-moldova\/\" \/>\n<meta property=\"og:site_name\" content=\"Documentos Moldavia. Apostilla, Legalizaci\u00f3n, Nostrificaci\u00f3n, Traducciones\" \/>\n<meta property=\"og:image\" content=\"http:\/\/bizmoldova.com\/wp-content\/uploads\/2019\/04\/Apostille-Apostila-Moldova.jpg\" \/>\n<meta name=\"twitter:card\" content=\"summary_large_image\" \/>\n<meta name=\"twitter:label1\" content=\"Tiempo de lectura\" \/>\n\t<meta name=\"twitter:data1\" content=\"2 minutos\" \/>\n<script type=\"application\/ld+json\" class=\"yoast-schema-graph\">{\"@context\":\"https:\\\/\\\/schema.org\",\"@graph\":[{\"@type\":\"WebPage\",\"@id\":\"https:\\\/\\\/bizmoldova.com\\\/es\\\/apostille-online-moldova\\\/\",\"url\":\"https:\\\/\\\/bizmoldova.com\\\/es\\\/apostille-online-moldova\\\/\",\"name\":\"Apostille Online. Moldova - Documentos Moldavia. Apostilla, Legalizaci\u00f3n, Nostrificaci\u00f3n, Traducciones\",\"isPartOf\":{\"@id\":\"https:\\\/\\\/bizmoldova.com\\\/es\\\/#website\"},\"primaryImageOfPage\":{\"@id\":\"https:\\\/\\\/bizmoldova.com\\\/es\\\/apostille-online-moldova\\\/#primaryimage\"},\"image\":{\"@id\":\"https:\\\/\\\/bizmoldova.com\\\/es\\\/apostille-online-moldova\\\/#primaryimage\"},\"thumbnailUrl\":\"http:\\\/\\\/bizmoldova.com\\\/wp-content\\\/uploads\\\/2019\\\/04\\\/Apostille-Apostila-Moldova.jpg\",\"datePublished\":\"2024-09-22T11:04:32+00:00\",\"breadcrumb\":{\"@id\":\"https:\\\/\\\/bizmoldova.com\\\/es\\\/apostille-online-moldova\\\/#breadcrumb\"},\"inLanguage\":\"es\",\"potentialAction\":[{\"@type\":\"ReadAction\",\"target\":[\"https:\\\/\\\/bizmoldova.com\\\/es\\\/apostille-online-moldova\\\/\"]}]},{\"@type\":\"ImageObject\",\"inLanguage\":\"es\",\"@id\":\"https:\\\/\\\/bizmoldova.com\\\/es\\\/apostille-online-moldova\\\/#primaryimage\",\"url\":\"http:\\\/\\\/bizmoldova.com\\\/wp-content\\\/uploads\\\/2019\\\/04\\\/Apostille-Apostila-Moldova.jpg\",\"contentUrl\":\"http:\\\/\\\/bizmoldova.com\\\/wp-content\\\/uploads\\\/2019\\\/04\\\/Apostille-Apostila-Moldova.jpg\"},{\"@type\":\"BreadcrumbList\",\"@id\":\"https:\\\/\\\/bizmoldova.com\\\/es\\\/apostille-online-moldova\\\/#breadcrumb\",\"itemListElement\":[{\"@type\":\"ListItem\",\"position\":1,\"name\":\"Home\",\"item\":\"https:\\\/\\\/bizmoldova.com\\\/es\\\/\"},{\"@type\":\"ListItem\",\"position\":2,\"name\":\"Apostille Online. Moldova\"}]},{\"@type\":\"WebSite\",\"@id\":\"https:\\\/\\\/bizmoldova.com\\\/es\\\/#website\",\"url\":\"https:\\\/\\\/bizmoldova.com\\\/es\\\/\",\"name\":\"Documentos Moldavia. Apostilla, Legalizaci\u00f3n, Nostrificaci\u00f3n, Traducciones\",\"description\":\"Servicios Jur\u00eddicos Moldova\",\"potentialAction\":[{\"@type\":\"SearchAction\",\"target\":{\"@type\":\"EntryPoint\",\"urlTemplate\":\"https:\\\/\\\/bizmoldova.com\\\/es\\\/?s={search_term_string}\"},\"query-input\":{\"@type\":\"PropertyValueSpecification\",\"valueRequired\":true,\"valueName\":\"search_term_string\"}}],\"inLanguage\":\"es\"}]}<\/script>\n<!-- \/ Yoast SEO plugin. -->","yoast_head_json":{"title":"Apostille Online. Moldova - Documentos Moldavia. Apostilla, Legalizaci\u00f3n, Nostrificaci\u00f3n, Traducciones","robots":{"index":"index","follow":"follow","max-snippet":"max-snippet:-1","max-image-preview":"max-image-preview:large","max-video-preview":"max-video-preview:-1"},"canonical":"https:\/\/bizmoldova.com\/es\/apostille-online-moldova\/","og_locale":"es_ES","og_type":"article","og_title":"Apostille Online. Moldova - Documentos Moldavia. Apostilla, Legalizaci\u00f3n, Nostrificaci\u00f3n, Traducciones","og_description":"En la Rep\u00fablica de Moldavia, el sistema de solicitud de documentos en l\u00ednea ha estado en funcionamiento durante m\u00e1s de 5 a\u00f1os. Apostille online es muy conveniente. Sin embargo, acceder a dicho servicio lleva tiempo y requiere un n\u00famero de tel\u00e9fono m\u00f3vil de Moldavia. \u00bfPero qu\u00e9 hacer si, por ejemplo, est\u00e1s en el extranjero, en ... Leer m\u00e1s","og_url":"https:\/\/bizmoldova.com\/es\/apostille-online-moldova\/","og_site_name":"Documentos Moldavia. Apostilla, Legalizaci\u00f3n, Nostrificaci\u00f3n, Traducciones","og_image":[{"url":"http:\/\/bizmoldova.com\/wp-content\/uploads\/2019\/04\/Apostille-Apostila-Moldova.jpg","type":"","width":"","height":""}],"twitter_card":"summary_large_image","twitter_misc":{"Tiempo de lectura":"2 minutos"},"schema":{"@context":"https:\/\/schema.org","@graph":[{"@type":"WebPage","@id":"https:\/\/bizmoldova.com\/es\/apostille-online-moldova\/","url":"https:\/\/bizmoldova.com\/es\/apostille-online-moldova\/","name":"Apostille Online. Moldova - Documentos Moldavia. Apostilla, Legalizaci\u00f3n, Nostrificaci\u00f3n, Traducciones","isPartOf":{"@id":"https:\/\/bizmoldova.com\/es\/#website"},"primaryImageOfPage":{"@id":"https:\/\/bizmoldova.com\/es\/apostille-online-moldova\/#primaryimage"},"image":{"@id":"https:\/\/bizmoldova.com\/es\/apostille-online-moldova\/#primaryimage"},"thumbnailUrl":"http:\/\/bizmoldova.com\/wp-content\/uploads\/2019\/04\/Apostille-Apostila-Moldova.jpg","datePublished":"2024-09-22T11:04:32+00:00","breadcrumb":{"@id":"https:\/\/bizmoldova.com\/es\/apostille-online-moldova\/#breadcrumb"},"inLanguage":"es","potentialAction":[{"@type":"ReadAction","target":["https:\/\/bizmoldova.com\/es\/apostille-online-moldova\/"]}]},{"@type":"ImageObject","inLanguage":"es","@id":"https:\/\/bizmoldova.com\/es\/apostille-online-moldova\/#primaryimage","url":"http:\/\/bizmoldova.com\/wp-content\/uploads\/2019\/04\/Apostille-Apostila-Moldova.jpg","contentUrl":"http:\/\/bizmoldova.com\/wp-content\/uploads\/2019\/04\/Apostille-Apostila-Moldova.jpg"},{"@type":"BreadcrumbList","@id":"https:\/\/bizmoldova.com\/es\/apostille-online-moldova\/#breadcrumb","itemListElement":[{"@type":"ListItem","position":1,"name":"Home","item":"https:\/\/bizmoldova.com\/es\/"},{"@type":"ListItem","position":2,"name":"Apostille Online. Moldova"}]},{"@type":"WebSite","@id":"https:\/\/bizmoldova.com\/es\/#website","url":"https:\/\/bizmoldova.com\/es\/","name":"Documentos Moldavia. Apostilla, Legalizaci\u00f3n, Nostrificaci\u00f3n, Traducciones","description":"Servicios Jur\u00eddicos Moldova","potentialAction":[{"@type":"SearchAction","target":{"@type":"EntryPoint","urlTemplate":"https:\/\/bizmoldova.com\/es\/?s={search_term_string}"},"query-input":{"@type":"PropertyValueSpecification","valueRequired":true,"valueName":"search_term_string"}}],"inLanguage":"es"}]}},"_links":{"self":[{"href":"https:\/\/bizmoldova.com\/es\/wp-json\/wp\/v2\/pages\/9","targetHints":{"allow":["GET"]}}],"collection":[{"href":"https:\/\/bizmoldova.com\/es\/wp-json\/wp\/v2\/pages"}],"about":[{"href":"https:\/\/bizmoldova.com\/es\/wp-json\/wp\/v2\/types\/page"}],"author":[{"embeddable":true,"href":"https:\/\/bizmoldova.com\/es\/wp-json\/wp\/v2\/users\/1"}],"replies":[{"embeddable":true,"href":"https:\/\/bizmoldova.com\/es\/wp-json\/wp\/v2\/comments?post=9"}],"version-history":[{"count":1,"href":"https:\/\/bizmoldova.com\/es\/wp-json\/wp\/v2\/pages\/9\/revisions"}],"predecessor-version":[{"id":10,"href":"https:\/\/bizmoldova.com\/es\/wp-json\/wp\/v2\/pages\/9\/revisions\/10"}],"wp:attachment":[{"href":"https:\/\/bizmoldova.com\/es\/wp-json\/wp\/v2\/media?parent=9"}],"curies":[{"name":"wp","href":"https:\/\/api.w.org\/{rel}","templated":true}]}}