{"id":73,"date":"2024-10-02T19:07:08","date_gmt":"2024-10-02T17:07:08","guid":{"rendered":"https:\/\/bizmoldova.com\/es\/?page_id=73"},"modified":"2025-07-05T20:29:07","modified_gmt":"2025-07-05T18:29:07","slug":"contacte","status":"publish","type":"page","link":"https:\/\/bizmoldova.com\/es\/contacte\/","title":{"rendered":"Contactos"},"content":{"rendered":"\n<p><strong>Contactos &#8211; Consultas Jur\u00eddicas<\/strong><br>\nQueremos se\u00f1alar que las consultas jur\u00eddicas son de pago.<br>\nPara aquellos que piensan que pueden simplemente hacer una pregunta, por favor, formulen claramente su pregunta para que podamos determinar si podemos responder inmediatamente o no&#8230;<br>\nPreguntas como: \u00abEstoy llam\u00e1ndote, te encontr\u00e9 en internet y pens\u00e9 que podr\u00edas ayudarme&#8230;\u00bb Por favor, directamente al grano. Sin pre\u00e1mbulos, al asunto. Hay muchas llamadas que simplemente consumen tiempo.<br>\nGracias por su comprensi\u00f3n.<\/p>\n\n\n\n<p>Puede contactarnos para cualquier consulta en los n\u00fameros de tel\u00e9fono que se indican a continuaci\u00f3n.<\/p>\n\n\n\n<p><span style=\"color: #993300;\"><strong>Tel\u00e9fonos:<\/strong><\/span><\/p>\n\n\n\n<p>en Chisin\u00e1u (Moldavia)<br>\n<strong>M\u00f3vil:<\/strong> +373 67 666 333 (<strong><span style=\"color: #333399;\">Viber<\/span>, <span style=\"color: #008000;\">WhatsApp<\/span>,<span style=\"color: #3366ff;\"> Telegram<\/span><\/strong>)<\/p>\n\n\n\n<p><span style=\"color: #0000ff;\"><strong>Skype:<\/strong><\/span> muncacom<\/p>\n\n\n\n<p><span style=\"color: #993300;\"><strong>Correo electr\u00f3nico: <\/strong><\/span>apostille.document@gmail.com<\/p>\n","protected":false},"excerpt":{"rendered":"<p>Contactos &#8211; Consultas Jur\u00eddicas Queremos se\u00f1alar que las consultas jur\u00eddicas son de pago. Para aquellos que piensan que pueden simplemente hacer una pregunta, por favor, formulen claramente su pregunta para que podamos determinar si podemos responder inmediatamente o no&#8230; Preguntas como: \u00abEstoy llam\u00e1ndote, te encontr\u00e9 en internet y pens\u00e9 que podr\u00edas ayudarme&#8230;\u00bb Por favor, directamente &#8230; <a title=\"Contactos\" class=\"read-more\" href=\"https:\/\/bizmoldova.com\/es\/contacte\/\" aria-label=\"Leer m\u00e1s sobre Contactos\">Leer m\u00e1s<\/a><\/p>\n","protected":false},"author":1,"featured_media":0,"parent":0,"menu_order":0,"comment_status":"closed","ping_status":"closed","template":"","meta":{"_acf_changed":false,"footnotes":""},"class_list":["post-73","page","type-page","status-publish"],"acf":[],"yoast_head":"<!-- This site is optimized with the Yoast SEO plugin v27.3 - https:\/\/yoast.com\/product\/yoast-seo-wordpress\/ -->\n<title>Contactos - Documentos Moldavia. Apostilla, Legalizaci\u00f3n, Nostrificaci\u00f3n, Traducciones<\/title>\n<meta name=\"robots\" content=\"index, follow, max-snippet:-1, max-image-preview:large, max-video-preview:-1\" \/>\n<link rel=\"canonical\" href=\"https:\/\/bizmoldova.com\/es\/contacte\/\" \/>\n<meta property=\"og:locale\" content=\"es_ES\" \/>\n<meta property=\"og:type\" content=\"article\" \/>\n<meta property=\"og:title\" content=\"Contactos - Documentos Moldavia. Apostilla, Legalizaci\u00f3n, Nostrificaci\u00f3n, Traducciones\" \/>\n<meta property=\"og:description\" content=\"Contactos &#8211; Consultas Jur\u00eddicas Queremos se\u00f1alar que las consultas jur\u00eddicas son de pago. Para aquellos que piensan que pueden simplemente hacer una pregunta, por favor, formulen claramente su pregunta para que podamos determinar si podemos responder inmediatamente o no&#8230; Preguntas como: \u00abEstoy llam\u00e1ndote, te encontr\u00e9 en internet y pens\u00e9 que podr\u00edas ayudarme&#8230;\u00bb Por favor, directamente ... Leer m\u00e1s\" \/>\n<meta property=\"og:url\" content=\"https:\/\/bizmoldova.com\/es\/contacte\/\" \/>\n<meta property=\"og:site_name\" content=\"Documentos Moldavia. Apostilla, Legalizaci\u00f3n, Nostrificaci\u00f3n, Traducciones\" \/>\n<meta property=\"article:modified_time\" content=\"2025-07-05T18:29:07+00:00\" \/>\n<meta name=\"twitter:card\" content=\"summary_large_image\" \/>\n<meta name=\"twitter:label1\" content=\"Tiempo de lectura\" \/>\n\t<meta name=\"twitter:data1\" content=\"1 minuto\" \/>\n<script type=\"application\/ld+json\" class=\"yoast-schema-graph\">{\"@context\":\"https:\\\/\\\/schema.org\",\"@graph\":[{\"@type\":\"WebPage\",\"@id\":\"https:\\\/\\\/bizmoldova.com\\\/es\\\/contacte\\\/\",\"url\":\"https:\\\/\\\/bizmoldova.com\\\/es\\\/contacte\\\/\",\"name\":\"Contactos - Documentos Moldavia. Apostilla, Legalizaci\u00f3n, Nostrificaci\u00f3n, Traducciones\",\"isPartOf\":{\"@id\":\"https:\\\/\\\/bizmoldova.com\\\/es\\\/#website\"},\"datePublished\":\"2024-10-02T17:07:08+00:00\",\"dateModified\":\"2025-07-05T18:29:07+00:00\",\"breadcrumb\":{\"@id\":\"https:\\\/\\\/bizmoldova.com\\\/es\\\/contacte\\\/#breadcrumb\"},\"inLanguage\":\"es\",\"potentialAction\":[{\"@type\":\"ReadAction\",\"target\":[\"https:\\\/\\\/bizmoldova.com\\\/es\\\/contacte\\\/\"]}]},{\"@type\":\"BreadcrumbList\",\"@id\":\"https:\\\/\\\/bizmoldova.com\\\/es\\\/contacte\\\/#breadcrumb\",\"itemListElement\":[{\"@type\":\"ListItem\",\"position\":1,\"name\":\"Home\",\"item\":\"https:\\\/\\\/bizmoldova.com\\\/es\\\/\"},{\"@type\":\"ListItem\",\"position\":2,\"name\":\"Contactos\"}]},{\"@type\":\"WebSite\",\"@id\":\"https:\\\/\\\/bizmoldova.com\\\/es\\\/#website\",\"url\":\"https:\\\/\\\/bizmoldova.com\\\/es\\\/\",\"name\":\"Documentos Moldavia. Apostilla, Legalizaci\u00f3n, Nostrificaci\u00f3n, Traducciones\",\"description\":\"Servicios Jur\u00eddicos Moldova\",\"potentialAction\":[{\"@type\":\"SearchAction\",\"target\":{\"@type\":\"EntryPoint\",\"urlTemplate\":\"https:\\\/\\\/bizmoldova.com\\\/es\\\/?s={search_term_string}\"},\"query-input\":{\"@type\":\"PropertyValueSpecification\",\"valueRequired\":true,\"valueName\":\"search_term_string\"}}],\"inLanguage\":\"es\"}]}<\/script>\n<!-- \/ Yoast SEO plugin. -->","yoast_head_json":{"title":"Contactos - Documentos Moldavia. Apostilla, Legalizaci\u00f3n, Nostrificaci\u00f3n, Traducciones","robots":{"index":"index","follow":"follow","max-snippet":"max-snippet:-1","max-image-preview":"max-image-preview:large","max-video-preview":"max-video-preview:-1"},"canonical":"https:\/\/bizmoldova.com\/es\/contacte\/","og_locale":"es_ES","og_type":"article","og_title":"Contactos - Documentos Moldavia. Apostilla, Legalizaci\u00f3n, Nostrificaci\u00f3n, Traducciones","og_description":"Contactos &#8211; Consultas Jur\u00eddicas Queremos se\u00f1alar que las consultas jur\u00eddicas son de pago. Para aquellos que piensan que pueden simplemente hacer una pregunta, por favor, formulen claramente su pregunta para que podamos determinar si podemos responder inmediatamente o no&#8230; Preguntas como: \u00abEstoy llam\u00e1ndote, te encontr\u00e9 en internet y pens\u00e9 que podr\u00edas ayudarme&#8230;\u00bb Por favor, directamente ... Leer m\u00e1s","og_url":"https:\/\/bizmoldova.com\/es\/contacte\/","og_site_name":"Documentos Moldavia. Apostilla, Legalizaci\u00f3n, Nostrificaci\u00f3n, Traducciones","article_modified_time":"2025-07-05T18:29:07+00:00","twitter_card":"summary_large_image","twitter_misc":{"Tiempo de lectura":"1 minuto"},"schema":{"@context":"https:\/\/schema.org","@graph":[{"@type":"WebPage","@id":"https:\/\/bizmoldova.com\/es\/contacte\/","url":"https:\/\/bizmoldova.com\/es\/contacte\/","name":"Contactos - Documentos Moldavia. Apostilla, Legalizaci\u00f3n, Nostrificaci\u00f3n, Traducciones","isPartOf":{"@id":"https:\/\/bizmoldova.com\/es\/#website"},"datePublished":"2024-10-02T17:07:08+00:00","dateModified":"2025-07-05T18:29:07+00:00","breadcrumb":{"@id":"https:\/\/bizmoldova.com\/es\/contacte\/#breadcrumb"},"inLanguage":"es","potentialAction":[{"@type":"ReadAction","target":["https:\/\/bizmoldova.com\/es\/contacte\/"]}]},{"@type":"BreadcrumbList","@id":"https:\/\/bizmoldova.com\/es\/contacte\/#breadcrumb","itemListElement":[{"@type":"ListItem","position":1,"name":"Home","item":"https:\/\/bizmoldova.com\/es\/"},{"@type":"ListItem","position":2,"name":"Contactos"}]},{"@type":"WebSite","@id":"https:\/\/bizmoldova.com\/es\/#website","url":"https:\/\/bizmoldova.com\/es\/","name":"Documentos Moldavia. Apostilla, Legalizaci\u00f3n, Nostrificaci\u00f3n, Traducciones","description":"Servicios Jur\u00eddicos Moldova","potentialAction":[{"@type":"SearchAction","target":{"@type":"EntryPoint","urlTemplate":"https:\/\/bizmoldova.com\/es\/?s={search_term_string}"},"query-input":{"@type":"PropertyValueSpecification","valueRequired":true,"valueName":"search_term_string"}}],"inLanguage":"es"}]}},"_links":{"self":[{"href":"https:\/\/bizmoldova.com\/es\/wp-json\/wp\/v2\/pages\/73","targetHints":{"allow":["GET"]}}],"collection":[{"href":"https:\/\/bizmoldova.com\/es\/wp-json\/wp\/v2\/pages"}],"about":[{"href":"https:\/\/bizmoldova.com\/es\/wp-json\/wp\/v2\/types\/page"}],"author":[{"embeddable":true,"href":"https:\/\/bizmoldova.com\/es\/wp-json\/wp\/v2\/users\/1"}],"replies":[{"embeddable":true,"href":"https:\/\/bizmoldova.com\/es\/wp-json\/wp\/v2\/comments?post=73"}],"version-history":[{"count":4,"href":"https:\/\/bizmoldova.com\/es\/wp-json\/wp\/v2\/pages\/73\/revisions"}],"predecessor-version":[{"id":84,"href":"https:\/\/bizmoldova.com\/es\/wp-json\/wp\/v2\/pages\/73\/revisions\/84"}],"wp:attachment":[{"href":"https:\/\/bizmoldova.com\/es\/wp-json\/wp\/v2\/media?parent=73"}],"curies":[{"name":"wp","href":"https:\/\/api.w.org\/{rel}","templated":true}]}}