{"id":7,"date":"2024-09-22T10:55:50","date_gmt":"2024-09-22T10:55:50","guid":{"rendered":"https:\/\/bizmoldova.com\/es\/?page_id=7"},"modified":"2024-09-22T10:55:50","modified_gmt":"2024-09-22T10:55:50","slug":"declaracion-poder-para-la-salida-de-un-menor-al-extranjero","status":"publish","type":"page","link":"https:\/\/bizmoldova.com\/es\/declaracion-poder-para-la-salida-de-un-menor-al-extranjero\/","title":{"rendered":"Declaraci\u00f3n (Poder) para la Salida de un Menor al Extranjero"},"content":{"rendered":"\n<p>Hemos a\u00f1adido esta p\u00e1gina separada espec\u00edficamente debido a los crecientes casos en los que los oficiales de fronteras ucranianos exigen un apostille en las declaraciones (poderes) para la salida (acompa\u00f1amiento o traslado) de un menor al extranjero.<\/p>\n\n\n\n<p>El problema radica en que, dentro de los pa\u00edses de la CEI, no se requiere un apostille para los documentos de estos pa\u00edses. Sin embargo, por decirlo suavemente, funcionarios \u00abmal informados\u00bb o simplemente con motivos ego\u00edstas exigen un apostille para dichos documentos.<\/p>\n\n\n\n<p>Si usted enfrenta este problema con documentos de los siguientes pa\u00edses: Rusia, Ucrania, Moldavia, Bielorrusia, Uzbekist\u00e1n, Kirguist\u00e1n, Tayikist\u00e1n, Lituania, Letonia, Estonia, Kazajist\u00e1n \u2014 cont\u00e1ctenos. Resolveremos este asunto en el menor tiempo posible.<\/p>\n\n\n\n<p>Conf\u00ede en los profesionales.<\/p>\n","protected":false},"excerpt":{"rendered":"<p>Hemos a\u00f1adido esta p\u00e1gina separada espec\u00edficamente debido a los crecientes casos en los que los oficiales de fronteras ucranianos exigen un apostille en las declaraciones (poderes) para la salida (acompa\u00f1amiento o traslado) de un menor al extranjero. El problema radica en que, dentro de los pa\u00edses de la CEI, no se requiere un apostille para &#8230; <a title=\"Declaraci\u00f3n (Poder) para la Salida de un Menor al Extranjero\" class=\"read-more\" href=\"https:\/\/bizmoldova.com\/es\/declaracion-poder-para-la-salida-de-un-menor-al-extranjero\/\" aria-label=\"Leer m\u00e1s sobre Declaraci\u00f3n (Poder) para la Salida de un Menor al Extranjero\">Leer m\u00e1s<\/a><\/p>\n","protected":false},"author":1,"featured_media":0,"parent":0,"menu_order":0,"comment_status":"closed","ping_status":"closed","template":"","meta":{"_acf_changed":false,"footnotes":""},"class_list":["post-7","page","type-page","status-publish"],"acf":[],"yoast_head":"<!-- This site is optimized with the Yoast SEO plugin v27.4 - https:\/\/yoast.com\/product\/yoast-seo-wordpress\/ -->\n<title>Declaraci\u00f3n (Poder) para la Salida de un Menor al Extranjero - Documentos Moldavia. Apostilla, Legalizaci\u00f3n, Nostrificaci\u00f3n, Traducciones<\/title>\n<meta name=\"robots\" content=\"index, follow, max-snippet:-1, max-image-preview:large, max-video-preview:-1\" \/>\n<link rel=\"canonical\" href=\"https:\/\/bizmoldova.com\/es\/declaracion-poder-para-la-salida-de-un-menor-al-extranjero\/\" \/>\n<meta property=\"og:locale\" content=\"es_ES\" \/>\n<meta property=\"og:type\" content=\"article\" \/>\n<meta property=\"og:title\" content=\"Declaraci\u00f3n (Poder) para la Salida de un Menor al Extranjero - Documentos Moldavia. Apostilla, Legalizaci\u00f3n, Nostrificaci\u00f3n, Traducciones\" \/>\n<meta property=\"og:description\" content=\"Hemos a\u00f1adido esta p\u00e1gina separada espec\u00edficamente debido a los crecientes casos en los que los oficiales de fronteras ucranianos exigen un apostille en las declaraciones (poderes) para la salida (acompa\u00f1amiento o traslado) de un menor al extranjero. El problema radica en que, dentro de los pa\u00edses de la CEI, no se requiere un apostille para ... Leer m\u00e1s\" \/>\n<meta property=\"og:url\" content=\"https:\/\/bizmoldova.com\/es\/declaracion-poder-para-la-salida-de-un-menor-al-extranjero\/\" \/>\n<meta property=\"og:site_name\" content=\"Documentos Moldavia. Apostilla, Legalizaci\u00f3n, Nostrificaci\u00f3n, Traducciones\" \/>\n<meta name=\"twitter:card\" content=\"summary_large_image\" \/>\n<meta name=\"twitter:label1\" content=\"Tiempo de lectura\" \/>\n\t<meta name=\"twitter:data1\" content=\"1 minuto\" \/>\n<script type=\"application\/ld+json\" class=\"yoast-schema-graph\">{\"@context\":\"https:\\\/\\\/schema.org\",\"@graph\":[{\"@type\":\"WebPage\",\"@id\":\"https:\\\/\\\/bizmoldova.com\\\/es\\\/declaracion-poder-para-la-salida-de-un-menor-al-extranjero\\\/\",\"url\":\"https:\\\/\\\/bizmoldova.com\\\/es\\\/declaracion-poder-para-la-salida-de-un-menor-al-extranjero\\\/\",\"name\":\"Declaraci\u00f3n (Poder) para la Salida de un Menor al Extranjero - Documentos Moldavia. Apostilla, Legalizaci\u00f3n, Nostrificaci\u00f3n, Traducciones\",\"isPartOf\":{\"@id\":\"https:\\\/\\\/bizmoldova.com\\\/es\\\/#website\"},\"datePublished\":\"2024-09-22T10:55:50+00:00\",\"breadcrumb\":{\"@id\":\"https:\\\/\\\/bizmoldova.com\\\/es\\\/declaracion-poder-para-la-salida-de-un-menor-al-extranjero\\\/#breadcrumb\"},\"inLanguage\":\"es\",\"potentialAction\":[{\"@type\":\"ReadAction\",\"target\":[\"https:\\\/\\\/bizmoldova.com\\\/es\\\/declaracion-poder-para-la-salida-de-un-menor-al-extranjero\\\/\"]}]},{\"@type\":\"BreadcrumbList\",\"@id\":\"https:\\\/\\\/bizmoldova.com\\\/es\\\/declaracion-poder-para-la-salida-de-un-menor-al-extranjero\\\/#breadcrumb\",\"itemListElement\":[{\"@type\":\"ListItem\",\"position\":1,\"name\":\"Home\",\"item\":\"https:\\\/\\\/bizmoldova.com\\\/es\\\/\"},{\"@type\":\"ListItem\",\"position\":2,\"name\":\"Declaraci\u00f3n (Poder) para la Salida de un Menor al Extranjero\"}]},{\"@type\":\"WebSite\",\"@id\":\"https:\\\/\\\/bizmoldova.com\\\/es\\\/#website\",\"url\":\"https:\\\/\\\/bizmoldova.com\\\/es\\\/\",\"name\":\"Documentos Moldavia. Apostilla, Legalizaci\u00f3n, Nostrificaci\u00f3n, Traducciones\",\"description\":\"Servicios Jur\u00eddicos Moldova\",\"potentialAction\":[{\"@type\":\"SearchAction\",\"target\":{\"@type\":\"EntryPoint\",\"urlTemplate\":\"https:\\\/\\\/bizmoldova.com\\\/es\\\/?s={search_term_string}\"},\"query-input\":{\"@type\":\"PropertyValueSpecification\",\"valueRequired\":true,\"valueName\":\"search_term_string\"}}],\"inLanguage\":\"es\"}]}<\/script>\n<!-- \/ Yoast SEO plugin. -->","yoast_head_json":{"title":"Declaraci\u00f3n (Poder) para la Salida de un Menor al Extranjero - Documentos Moldavia. Apostilla, Legalizaci\u00f3n, Nostrificaci\u00f3n, Traducciones","robots":{"index":"index","follow":"follow","max-snippet":"max-snippet:-1","max-image-preview":"max-image-preview:large","max-video-preview":"max-video-preview:-1"},"canonical":"https:\/\/bizmoldova.com\/es\/declaracion-poder-para-la-salida-de-un-menor-al-extranjero\/","og_locale":"es_ES","og_type":"article","og_title":"Declaraci\u00f3n (Poder) para la Salida de un Menor al Extranjero - Documentos Moldavia. Apostilla, Legalizaci\u00f3n, Nostrificaci\u00f3n, Traducciones","og_description":"Hemos a\u00f1adido esta p\u00e1gina separada espec\u00edficamente debido a los crecientes casos en los que los oficiales de fronteras ucranianos exigen un apostille en las declaraciones (poderes) para la salida (acompa\u00f1amiento o traslado) de un menor al extranjero. El problema radica en que, dentro de los pa\u00edses de la CEI, no se requiere un apostille para ... Leer m\u00e1s","og_url":"https:\/\/bizmoldova.com\/es\/declaracion-poder-para-la-salida-de-un-menor-al-extranjero\/","og_site_name":"Documentos Moldavia. Apostilla, Legalizaci\u00f3n, Nostrificaci\u00f3n, Traducciones","twitter_card":"summary_large_image","twitter_misc":{"Tiempo de lectura":"1 minuto"},"schema":{"@context":"https:\/\/schema.org","@graph":[{"@type":"WebPage","@id":"https:\/\/bizmoldova.com\/es\/declaracion-poder-para-la-salida-de-un-menor-al-extranjero\/","url":"https:\/\/bizmoldova.com\/es\/declaracion-poder-para-la-salida-de-un-menor-al-extranjero\/","name":"Declaraci\u00f3n (Poder) para la Salida de un Menor al Extranjero - Documentos Moldavia. Apostilla, Legalizaci\u00f3n, Nostrificaci\u00f3n, Traducciones","isPartOf":{"@id":"https:\/\/bizmoldova.com\/es\/#website"},"datePublished":"2024-09-22T10:55:50+00:00","breadcrumb":{"@id":"https:\/\/bizmoldova.com\/es\/declaracion-poder-para-la-salida-de-un-menor-al-extranjero\/#breadcrumb"},"inLanguage":"es","potentialAction":[{"@type":"ReadAction","target":["https:\/\/bizmoldova.com\/es\/declaracion-poder-para-la-salida-de-un-menor-al-extranjero\/"]}]},{"@type":"BreadcrumbList","@id":"https:\/\/bizmoldova.com\/es\/declaracion-poder-para-la-salida-de-un-menor-al-extranjero\/#breadcrumb","itemListElement":[{"@type":"ListItem","position":1,"name":"Home","item":"https:\/\/bizmoldova.com\/es\/"},{"@type":"ListItem","position":2,"name":"Declaraci\u00f3n (Poder) para la Salida de un Menor al Extranjero"}]},{"@type":"WebSite","@id":"https:\/\/bizmoldova.com\/es\/#website","url":"https:\/\/bizmoldova.com\/es\/","name":"Documentos Moldavia. Apostilla, Legalizaci\u00f3n, Nostrificaci\u00f3n, Traducciones","description":"Servicios Jur\u00eddicos Moldova","potentialAction":[{"@type":"SearchAction","target":{"@type":"EntryPoint","urlTemplate":"https:\/\/bizmoldova.com\/es\/?s={search_term_string}"},"query-input":{"@type":"PropertyValueSpecification","valueRequired":true,"valueName":"search_term_string"}}],"inLanguage":"es"}]}},"_links":{"self":[{"href":"https:\/\/bizmoldova.com\/es\/wp-json\/wp\/v2\/pages\/7","targetHints":{"allow":["GET"]}}],"collection":[{"href":"https:\/\/bizmoldova.com\/es\/wp-json\/wp\/v2\/pages"}],"about":[{"href":"https:\/\/bizmoldova.com\/es\/wp-json\/wp\/v2\/types\/page"}],"author":[{"embeddable":true,"href":"https:\/\/bizmoldova.com\/es\/wp-json\/wp\/v2\/users\/1"}],"replies":[{"embeddable":true,"href":"https:\/\/bizmoldova.com\/es\/wp-json\/wp\/v2\/comments?post=7"}],"version-history":[{"count":1,"href":"https:\/\/bizmoldova.com\/es\/wp-json\/wp\/v2\/pages\/7\/revisions"}],"predecessor-version":[{"id":8,"href":"https:\/\/bizmoldova.com\/es\/wp-json\/wp\/v2\/pages\/7\/revisions\/8"}],"wp:attachment":[{"href":"https:\/\/bizmoldova.com\/es\/wp-json\/wp\/v2\/media?parent=7"}],"curies":[{"name":"wp","href":"https:\/\/api.w.org\/{rel}","templated":true}]}}