{"id":5,"date":"2024-09-21T18:36:07","date_gmt":"2024-09-21T18:36:07","guid":{"rendered":"https:\/\/bizmoldova.com\/es\/?page_id=5"},"modified":"2024-09-21T18:36:08","modified_gmt":"2024-09-21T18:36:08","slug":"apostilla-en-los-paises-de-la-cei","status":"publish","type":"page","link":"https:\/\/bizmoldova.com\/es\/apostilla-en-los-paises-de-la-cei\/","title":{"rendered":"Apostilla en los pa\u00edses de la CEI"},"content":{"rendered":"\n<p><strong>\u00bfEs necesario un apostille o legalizaci\u00f3n si un documento (certificado de nacimiento, certificado de matrimonio, diploma, etc.) debe presentarse en uno de los pa\u00edses de la CEI, y el documento tambi\u00e9n fue emitido en uno de los pa\u00edses de la CEI?<\/strong><\/p>\n\n\n\n<p>Seg\u00fan la Convenci\u00f3n de Minsk, firmada el 22 de enero de 1993, los documentos emitidos en un pa\u00eds de la CEI y presentados en otro pa\u00eds de la CEI no requieren apostille ni legalizaci\u00f3n.<\/p>\n\n\n\n<p>El \u00fanico requisito es que los documentos deben haber sido emitidos en un pa\u00eds de la CEI, no durante la \u00e9poca de la Uni\u00f3n Sovi\u00e9tica. En otras palabras, el documento debe ser del nuevo formato.<\/p>\n\n\n\n<p>Otro requisito se refiere a los diplomas y certificados. Estos solo se aceptan despu\u00e9s del proceso de nostrificaci\u00f3n, lo que significa que los diplomas y certificados deben ser validados por los ministerios correspondientes antes de ser presentados en uno de los pa\u00edses de la CEI.<\/p>\n\n\n\n<p>Es com\u00fan que los funcionarios, por error, crean que si un pa\u00eds es parte del Convenio de La Haya sobre el apostille, el apostille es obligatorio. Algunos funcionarios no est\u00e1n informados sobre la Convenci\u00f3n de Minsk \u2014 \u201cConvenci\u00f3n sobre Asistencia Jur\u00eddica y Relaciones Jur\u00eddicas en Materia Civil, Familiar y Penal\u201d.<\/p>\n\n\n\n<p><strong>Lista de pa\u00edses de la CEI:<\/strong><\/p>\n\n\n\n<p>Azerbaiy\u00e1n, Armenia, Bielorrusia, Kazajist\u00e1n, Kirguist\u00e1n, Moldavia, Rusia, Tayikist\u00e1n, Turkmenist\u00e1n, Uzbekist\u00e1n, Ucrania.<\/p>\n\n\n\n<p><strong>\u00bfQu\u00e9 hacer si en uno de los pa\u00edses de la CEI exigen un apostille para un documento emitido en otro pa\u00eds de la CEI?<\/strong><\/p>\n\n\n\n<p>Rem\u00edtase a la <strong>Convenci\u00f3n de Minsk<\/strong>, firmada el 22 de enero de 1993. Muchos funcionarios no la conocen y solo prestan atenci\u00f3n a la lista de pa\u00edses que forman parte del Convenio de Apostille.<\/p>\n\n\n\n<p><strong>\u00bfEs necesario presentar documentos en el nuevo formato, emitidos despu\u00e9s de la independencia de mi pa\u00eds, en otros pa\u00edses de la CEI?<\/strong><\/p>\n\n\n\n<p>S\u00ed, este requisito existe en la mayor\u00eda de los pa\u00edses de la CEI. Es recomendable no esperar y actualizar sus documentos al nuevo formato con anticipaci\u00f3n. En caso de ser necesario, por ejemplo, para un viaje al extranjero, simplemente puede enviar estos documentos actualizados a nuestra oficina para obtener el apostille.<\/p>\n","protected":false},"excerpt":{"rendered":"<p>\u00bfEs necesario un apostille o legalizaci\u00f3n si un documento (certificado de nacimiento, certificado de matrimonio, diploma, etc.) debe presentarse en uno de los pa\u00edses de la CEI, y el documento tambi\u00e9n fue emitido en uno de los pa\u00edses de la CEI? Seg\u00fan la Convenci\u00f3n de Minsk, firmada el 22 de enero de 1993, los documentos &#8230; <a title=\"Apostilla en los pa\u00edses de la CEI\" class=\"read-more\" href=\"https:\/\/bizmoldova.com\/es\/apostilla-en-los-paises-de-la-cei\/\" aria-label=\"Leer m\u00e1s sobre Apostilla en los pa\u00edses de la CEI\">Leer m\u00e1s<\/a><\/p>\n","protected":false},"author":1,"featured_media":0,"parent":0,"menu_order":0,"comment_status":"closed","ping_status":"closed","template":"","meta":{"_acf_changed":false,"footnotes":""},"class_list":["post-5","page","type-page","status-publish"],"acf":[],"yoast_head":"<!-- This site is optimized with the Yoast SEO plugin v27.2 - https:\/\/yoast.com\/product\/yoast-seo-wordpress\/ -->\n<title>Apostilla en los pa\u00edses de la CEI - Documentos Moldavia. Apostilla, Legalizaci\u00f3n, Nostrificaci\u00f3n, Traducciones<\/title>\n<meta name=\"robots\" content=\"index, follow, max-snippet:-1, max-image-preview:large, max-video-preview:-1\" \/>\n<link rel=\"canonical\" href=\"https:\/\/bizmoldova.com\/es\/apostilla-en-los-paises-de-la-cei\/\" \/>\n<meta property=\"og:locale\" content=\"es_ES\" \/>\n<meta property=\"og:type\" content=\"article\" \/>\n<meta property=\"og:title\" content=\"Apostilla en los pa\u00edses de la CEI - Documentos Moldavia. Apostilla, Legalizaci\u00f3n, Nostrificaci\u00f3n, Traducciones\" \/>\n<meta property=\"og:description\" content=\"\u00bfEs necesario un apostille o legalizaci\u00f3n si un documento (certificado de nacimiento, certificado de matrimonio, diploma, etc.) debe presentarse en uno de los pa\u00edses de la CEI, y el documento tambi\u00e9n fue emitido en uno de los pa\u00edses de la CEI? Seg\u00fan la Convenci\u00f3n de Minsk, firmada el 22 de enero de 1993, los documentos ... Leer m\u00e1s\" \/>\n<meta property=\"og:url\" content=\"https:\/\/bizmoldova.com\/es\/apostilla-en-los-paises-de-la-cei\/\" \/>\n<meta property=\"og:site_name\" content=\"Documentos Moldavia. Apostilla, Legalizaci\u00f3n, Nostrificaci\u00f3n, Traducciones\" \/>\n<meta property=\"article:modified_time\" content=\"2024-09-21T18:36:08+00:00\" \/>\n<meta name=\"twitter:card\" content=\"summary_large_image\" \/>\n<meta name=\"twitter:label1\" content=\"Tiempo de lectura\" \/>\n\t<meta name=\"twitter:data1\" content=\"2 minutos\" \/>\n<script type=\"application\/ld+json\" class=\"yoast-schema-graph\">{\"@context\":\"https:\/\/schema.org\",\"@graph\":[{\"@type\":\"WebPage\",\"@id\":\"https:\/\/bizmoldova.com\/es\/apostilla-en-los-paises-de-la-cei\/\",\"url\":\"https:\/\/bizmoldova.com\/es\/apostilla-en-los-paises-de-la-cei\/\",\"name\":\"Apostilla en los pa\u00edses de la CEI - Documentos Moldavia. Apostilla, Legalizaci\u00f3n, Nostrificaci\u00f3n, Traducciones\",\"isPartOf\":{\"@id\":\"https:\/\/bizmoldova.com\/es\/#website\"},\"datePublished\":\"2024-09-21T18:36:07+00:00\",\"dateModified\":\"2024-09-21T18:36:08+00:00\",\"breadcrumb\":{\"@id\":\"https:\/\/bizmoldova.com\/es\/apostilla-en-los-paises-de-la-cei\/#breadcrumb\"},\"inLanguage\":\"es\",\"potentialAction\":[{\"@type\":\"ReadAction\",\"target\":[\"https:\/\/bizmoldova.com\/es\/apostilla-en-los-paises-de-la-cei\/\"]}]},{\"@type\":\"BreadcrumbList\",\"@id\":\"https:\/\/bizmoldova.com\/es\/apostilla-en-los-paises-de-la-cei\/#breadcrumb\",\"itemListElement\":[{\"@type\":\"ListItem\",\"position\":1,\"name\":\"Home\",\"item\":\"https:\/\/bizmoldova.com\/es\/\"},{\"@type\":\"ListItem\",\"position\":2,\"name\":\"Apostilla en los pa\u00edses de la CEI\"}]},{\"@type\":\"WebSite\",\"@id\":\"https:\/\/bizmoldova.com\/es\/#website\",\"url\":\"https:\/\/bizmoldova.com\/es\/\",\"name\":\"Documentos Moldavia. Apostilla, Legalizaci\u00f3n, Nostrificaci\u00f3n, Traducciones\",\"description\":\"Servicios Jur\u00eddicos Moldova\",\"potentialAction\":[{\"@type\":\"SearchAction\",\"target\":{\"@type\":\"EntryPoint\",\"urlTemplate\":\"https:\/\/bizmoldova.com\/es\/?s={search_term_string}\"},\"query-input\":{\"@type\":\"PropertyValueSpecification\",\"valueRequired\":true,\"valueName\":\"search_term_string\"}}],\"inLanguage\":\"es\"}]}<\/script>\n<!-- \/ Yoast SEO plugin. -->","yoast_head_json":{"title":"Apostilla en los pa\u00edses de la CEI - Documentos Moldavia. Apostilla, Legalizaci\u00f3n, Nostrificaci\u00f3n, Traducciones","robots":{"index":"index","follow":"follow","max-snippet":"max-snippet:-1","max-image-preview":"max-image-preview:large","max-video-preview":"max-video-preview:-1"},"canonical":"https:\/\/bizmoldova.com\/es\/apostilla-en-los-paises-de-la-cei\/","og_locale":"es_ES","og_type":"article","og_title":"Apostilla en los pa\u00edses de la CEI - Documentos Moldavia. Apostilla, Legalizaci\u00f3n, Nostrificaci\u00f3n, Traducciones","og_description":"\u00bfEs necesario un apostille o legalizaci\u00f3n si un documento (certificado de nacimiento, certificado de matrimonio, diploma, etc.) debe presentarse en uno de los pa\u00edses de la CEI, y el documento tambi\u00e9n fue emitido en uno de los pa\u00edses de la CEI? Seg\u00fan la Convenci\u00f3n de Minsk, firmada el 22 de enero de 1993, los documentos ... Leer m\u00e1s","og_url":"https:\/\/bizmoldova.com\/es\/apostilla-en-los-paises-de-la-cei\/","og_site_name":"Documentos Moldavia. Apostilla, Legalizaci\u00f3n, Nostrificaci\u00f3n, Traducciones","article_modified_time":"2024-09-21T18:36:08+00:00","twitter_card":"summary_large_image","twitter_misc":{"Tiempo de lectura":"2 minutos"},"schema":{"@context":"https:\/\/schema.org","@graph":[{"@type":"WebPage","@id":"https:\/\/bizmoldova.com\/es\/apostilla-en-los-paises-de-la-cei\/","url":"https:\/\/bizmoldova.com\/es\/apostilla-en-los-paises-de-la-cei\/","name":"Apostilla en los pa\u00edses de la CEI - Documentos Moldavia. Apostilla, Legalizaci\u00f3n, Nostrificaci\u00f3n, Traducciones","isPartOf":{"@id":"https:\/\/bizmoldova.com\/es\/#website"},"datePublished":"2024-09-21T18:36:07+00:00","dateModified":"2024-09-21T18:36:08+00:00","breadcrumb":{"@id":"https:\/\/bizmoldova.com\/es\/apostilla-en-los-paises-de-la-cei\/#breadcrumb"},"inLanguage":"es","potentialAction":[{"@type":"ReadAction","target":["https:\/\/bizmoldova.com\/es\/apostilla-en-los-paises-de-la-cei\/"]}]},{"@type":"BreadcrumbList","@id":"https:\/\/bizmoldova.com\/es\/apostilla-en-los-paises-de-la-cei\/#breadcrumb","itemListElement":[{"@type":"ListItem","position":1,"name":"Home","item":"https:\/\/bizmoldova.com\/es\/"},{"@type":"ListItem","position":2,"name":"Apostilla en los pa\u00edses de la CEI"}]},{"@type":"WebSite","@id":"https:\/\/bizmoldova.com\/es\/#website","url":"https:\/\/bizmoldova.com\/es\/","name":"Documentos Moldavia. Apostilla, Legalizaci\u00f3n, Nostrificaci\u00f3n, Traducciones","description":"Servicios Jur\u00eddicos Moldova","potentialAction":[{"@type":"SearchAction","target":{"@type":"EntryPoint","urlTemplate":"https:\/\/bizmoldova.com\/es\/?s={search_term_string}"},"query-input":{"@type":"PropertyValueSpecification","valueRequired":true,"valueName":"search_term_string"}}],"inLanguage":"es"}]}},"_links":{"self":[{"href":"https:\/\/bizmoldova.com\/es\/wp-json\/wp\/v2\/pages\/5","targetHints":{"allow":["GET"]}}],"collection":[{"href":"https:\/\/bizmoldova.com\/es\/wp-json\/wp\/v2\/pages"}],"about":[{"href":"https:\/\/bizmoldova.com\/es\/wp-json\/wp\/v2\/types\/page"}],"author":[{"embeddable":true,"href":"https:\/\/bizmoldova.com\/es\/wp-json\/wp\/v2\/users\/1"}],"replies":[{"embeddable":true,"href":"https:\/\/bizmoldova.com\/es\/wp-json\/wp\/v2\/comments?post=5"}],"version-history":[{"count":1,"href":"https:\/\/bizmoldova.com\/es\/wp-json\/wp\/v2\/pages\/5\/revisions"}],"predecessor-version":[{"id":6,"href":"https:\/\/bizmoldova.com\/es\/wp-json\/wp\/v2\/pages\/5\/revisions\/6"}],"wp:attachment":[{"href":"https:\/\/bizmoldova.com\/es\/wp-json\/wp\/v2\/media?parent=5"}],"curies":[{"name":"wp","href":"https:\/\/api.w.org\/{rel}","templated":true}]}}