{"id":44,"date":"2024-09-30T17:56:18","date_gmt":"2024-09-30T17:56:18","guid":{"rendered":"https:\/\/bizmoldova.com\/es\/?page_id=44"},"modified":"2024-09-30T17:56:19","modified_gmt":"2024-09-30T17:56:19","slug":"aduana-de-moldavia-apertura-de-carpeta-registro","status":"publish","type":"page","link":"https:\/\/bizmoldova.com\/es\/aduana-de-moldavia-apertura-de-carpeta-registro\/","title":{"rendered":"Aduana de Moldavia. Apertura de carpeta. Registro"},"content":{"rendered":"\n<p>Ayudamos a las empresas moldavas y de la orilla izquierda del Dni\u00e9ster a abrir una carpeta de aduana en la Rep\u00fablica de Moldavia.<\/p>\n\n\n\n<h3 class=\"wp-block-heading\">\u00bfPor qu\u00e9 las empresas de Moldavia y de la orilla izquierda del Dni\u00e9ster necesitan abrir una carpeta de aduana en la Rep\u00fablica de Moldavia?<\/h3>\n\n\n\n<p>Seg\u00fan la legislaci\u00f3n vigente, el cruce de mercanc\u00edas a trav\u00e9s de la frontera solo puede ser realizado por agentes comerciales debidamente registrados.<\/p>\n\n\n\n<h3 class=\"wp-block-heading\">Nuestros servicios incluyen:<\/h3>\n\n\n\n<p><strong>Provisi\u00f3n de una lista de documentos<\/strong>:<\/p>\n\n\n\n<ol class=\"wp-block-list\"><\/ol>\n\n\n\n<ul class=\"wp-block-list\">\n<li>Proporcionamos una lista completa de los documentos necesarios para el registro en la aduana de Moldavia, as\u00ed como ejemplos de estos documentos.<\/li>\n<\/ul>\n\n\n\n<p><strong>Registro de la empresa<\/strong>:<\/p>\n\n\n\n<ol class=\"wp-block-list\"><\/ol>\n\n\n\n<ul class=\"wp-block-list\">\n<li>Despu\u00e9s de recibir los documentos necesarios, registramos la empresa de Moldavia o de la orilla izquierda del Dni\u00e9ster (PMR &#8211; Tir\u00e1spol, Bender, Dub\u0103sari, R\u00eebni\u021ba, Dnestrovsc, etc.) en la aduana.<\/li>\n<\/ul>\n\n\n\n<p><strong>Correcci\u00f3n de errores<\/strong>:<\/p>\n\n\n\n<ol class=\"wp-block-list\"><\/ol>\n\n\n\n<ul class=\"wp-block-list\">\n<li>Muy a menudo, los empresarios se ponen en contacto con nosotros despu\u00e9s de haber registrado sus empresas (de la orilla izquierda del Dni\u00e9ster) en la aduana, pero han cometido numerosos errores. Corregir estos errores es mucho m\u00e1s caro que realizar un registro correcto y abrir una carpeta de aduana con abogados profesionales.<\/li>\n<\/ul>\n\n\n\n<p><strong>Conexi\u00f3n con un agente de aduana<\/strong>:<\/p>\n\n\n\n<ol class=\"wp-block-list\"><\/ol>\n\n\n\n<ul class=\"wp-block-list\">\n<li>Despu\u00e9s del registro, le conectamos con un agente de aduana competente para resolver diversos asuntos en la aduana.<\/li>\n<\/ul>\n","protected":false},"excerpt":{"rendered":"<p>Ayudamos a las empresas moldavas y de la orilla izquierda del Dni\u00e9ster a abrir una carpeta de aduana en la Rep\u00fablica de Moldavia. \u00bfPor qu\u00e9 las empresas de Moldavia y de la orilla izquierda del Dni\u00e9ster necesitan abrir una carpeta de aduana en la Rep\u00fablica de Moldavia? Seg\u00fan la legislaci\u00f3n vigente, el cruce de mercanc\u00edas &#8230; <a title=\"Aduana de Moldavia. Apertura de carpeta. Registro\" class=\"read-more\" href=\"https:\/\/bizmoldova.com\/es\/aduana-de-moldavia-apertura-de-carpeta-registro\/\" aria-label=\"Leer m\u00e1s sobre Aduana de Moldavia. Apertura de carpeta. Registro\">Leer m\u00e1s<\/a><\/p>\n","protected":false},"author":1,"featured_media":0,"parent":0,"menu_order":0,"comment_status":"closed","ping_status":"closed","template":"","meta":{"_acf_changed":false,"footnotes":""},"class_list":["post-44","page","type-page","status-publish"],"acf":[],"yoast_head":"<!-- This site is optimized with the Yoast SEO plugin v27.3 - https:\/\/yoast.com\/product\/yoast-seo-wordpress\/ -->\n<title>Aduana de Moldavia. Apertura de carpeta. Registro - Documentos Moldavia. Apostilla, Legalizaci\u00f3n, Nostrificaci\u00f3n, Traducciones<\/title>\n<meta name=\"robots\" content=\"index, follow, max-snippet:-1, max-image-preview:large, max-video-preview:-1\" \/>\n<link rel=\"canonical\" href=\"https:\/\/bizmoldova.com\/es\/aduana-de-moldavia-apertura-de-carpeta-registro\/\" \/>\n<meta property=\"og:locale\" content=\"es_ES\" \/>\n<meta property=\"og:type\" content=\"article\" \/>\n<meta property=\"og:title\" content=\"Aduana de Moldavia. Apertura de carpeta. Registro - Documentos Moldavia. Apostilla, Legalizaci\u00f3n, Nostrificaci\u00f3n, Traducciones\" \/>\n<meta property=\"og:description\" content=\"Ayudamos a las empresas moldavas y de la orilla izquierda del Dni\u00e9ster a abrir una carpeta de aduana en la Rep\u00fablica de Moldavia. \u00bfPor qu\u00e9 las empresas de Moldavia y de la orilla izquierda del Dni\u00e9ster necesitan abrir una carpeta de aduana en la Rep\u00fablica de Moldavia? Seg\u00fan la legislaci\u00f3n vigente, el cruce de mercanc\u00edas ... Leer m\u00e1s\" \/>\n<meta property=\"og:url\" content=\"https:\/\/bizmoldova.com\/es\/aduana-de-moldavia-apertura-de-carpeta-registro\/\" \/>\n<meta property=\"og:site_name\" content=\"Documentos Moldavia. Apostilla, Legalizaci\u00f3n, Nostrificaci\u00f3n, Traducciones\" \/>\n<meta property=\"article:modified_time\" content=\"2024-09-30T17:56:19+00:00\" \/>\n<meta name=\"twitter:card\" content=\"summary_large_image\" \/>\n<meta name=\"twitter:label1\" content=\"Tiempo de lectura\" \/>\n\t<meta name=\"twitter:data1\" content=\"1 minuto\" \/>\n<script type=\"application\/ld+json\" class=\"yoast-schema-graph\">{\"@context\":\"https:\\\/\\\/schema.org\",\"@graph\":[{\"@type\":\"WebPage\",\"@id\":\"https:\\\/\\\/bizmoldova.com\\\/es\\\/aduana-de-moldavia-apertura-de-carpeta-registro\\\/\",\"url\":\"https:\\\/\\\/bizmoldova.com\\\/es\\\/aduana-de-moldavia-apertura-de-carpeta-registro\\\/\",\"name\":\"Aduana de Moldavia. Apertura de carpeta. Registro - Documentos Moldavia. Apostilla, Legalizaci\u00f3n, Nostrificaci\u00f3n, Traducciones\",\"isPartOf\":{\"@id\":\"https:\\\/\\\/bizmoldova.com\\\/es\\\/#website\"},\"datePublished\":\"2024-09-30T17:56:18+00:00\",\"dateModified\":\"2024-09-30T17:56:19+00:00\",\"breadcrumb\":{\"@id\":\"https:\\\/\\\/bizmoldova.com\\\/es\\\/aduana-de-moldavia-apertura-de-carpeta-registro\\\/#breadcrumb\"},\"inLanguage\":\"es\",\"potentialAction\":[{\"@type\":\"ReadAction\",\"target\":[\"https:\\\/\\\/bizmoldova.com\\\/es\\\/aduana-de-moldavia-apertura-de-carpeta-registro\\\/\"]}]},{\"@type\":\"BreadcrumbList\",\"@id\":\"https:\\\/\\\/bizmoldova.com\\\/es\\\/aduana-de-moldavia-apertura-de-carpeta-registro\\\/#breadcrumb\",\"itemListElement\":[{\"@type\":\"ListItem\",\"position\":1,\"name\":\"Home\",\"item\":\"https:\\\/\\\/bizmoldova.com\\\/es\\\/\"},{\"@type\":\"ListItem\",\"position\":2,\"name\":\"Aduana de Moldavia. Apertura de carpeta. Registro\"}]},{\"@type\":\"WebSite\",\"@id\":\"https:\\\/\\\/bizmoldova.com\\\/es\\\/#website\",\"url\":\"https:\\\/\\\/bizmoldova.com\\\/es\\\/\",\"name\":\"Documentos Moldavia. Apostilla, Legalizaci\u00f3n, Nostrificaci\u00f3n, Traducciones\",\"description\":\"Servicios Jur\u00eddicos Moldova\",\"potentialAction\":[{\"@type\":\"SearchAction\",\"target\":{\"@type\":\"EntryPoint\",\"urlTemplate\":\"https:\\\/\\\/bizmoldova.com\\\/es\\\/?s={search_term_string}\"},\"query-input\":{\"@type\":\"PropertyValueSpecification\",\"valueRequired\":true,\"valueName\":\"search_term_string\"}}],\"inLanguage\":\"es\"}]}<\/script>\n<!-- \/ Yoast SEO plugin. -->","yoast_head_json":{"title":"Aduana de Moldavia. Apertura de carpeta. Registro - Documentos Moldavia. Apostilla, Legalizaci\u00f3n, Nostrificaci\u00f3n, Traducciones","robots":{"index":"index","follow":"follow","max-snippet":"max-snippet:-1","max-image-preview":"max-image-preview:large","max-video-preview":"max-video-preview:-1"},"canonical":"https:\/\/bizmoldova.com\/es\/aduana-de-moldavia-apertura-de-carpeta-registro\/","og_locale":"es_ES","og_type":"article","og_title":"Aduana de Moldavia. Apertura de carpeta. Registro - Documentos Moldavia. Apostilla, Legalizaci\u00f3n, Nostrificaci\u00f3n, Traducciones","og_description":"Ayudamos a las empresas moldavas y de la orilla izquierda del Dni\u00e9ster a abrir una carpeta de aduana en la Rep\u00fablica de Moldavia. \u00bfPor qu\u00e9 las empresas de Moldavia y de la orilla izquierda del Dni\u00e9ster necesitan abrir una carpeta de aduana en la Rep\u00fablica de Moldavia? Seg\u00fan la legislaci\u00f3n vigente, el cruce de mercanc\u00edas ... Leer m\u00e1s","og_url":"https:\/\/bizmoldova.com\/es\/aduana-de-moldavia-apertura-de-carpeta-registro\/","og_site_name":"Documentos Moldavia. Apostilla, Legalizaci\u00f3n, Nostrificaci\u00f3n, Traducciones","article_modified_time":"2024-09-30T17:56:19+00:00","twitter_card":"summary_large_image","twitter_misc":{"Tiempo de lectura":"1 minuto"},"schema":{"@context":"https:\/\/schema.org","@graph":[{"@type":"WebPage","@id":"https:\/\/bizmoldova.com\/es\/aduana-de-moldavia-apertura-de-carpeta-registro\/","url":"https:\/\/bizmoldova.com\/es\/aduana-de-moldavia-apertura-de-carpeta-registro\/","name":"Aduana de Moldavia. Apertura de carpeta. Registro - Documentos Moldavia. Apostilla, Legalizaci\u00f3n, Nostrificaci\u00f3n, Traducciones","isPartOf":{"@id":"https:\/\/bizmoldova.com\/es\/#website"},"datePublished":"2024-09-30T17:56:18+00:00","dateModified":"2024-09-30T17:56:19+00:00","breadcrumb":{"@id":"https:\/\/bizmoldova.com\/es\/aduana-de-moldavia-apertura-de-carpeta-registro\/#breadcrumb"},"inLanguage":"es","potentialAction":[{"@type":"ReadAction","target":["https:\/\/bizmoldova.com\/es\/aduana-de-moldavia-apertura-de-carpeta-registro\/"]}]},{"@type":"BreadcrumbList","@id":"https:\/\/bizmoldova.com\/es\/aduana-de-moldavia-apertura-de-carpeta-registro\/#breadcrumb","itemListElement":[{"@type":"ListItem","position":1,"name":"Home","item":"https:\/\/bizmoldova.com\/es\/"},{"@type":"ListItem","position":2,"name":"Aduana de Moldavia. Apertura de carpeta. Registro"}]},{"@type":"WebSite","@id":"https:\/\/bizmoldova.com\/es\/#website","url":"https:\/\/bizmoldova.com\/es\/","name":"Documentos Moldavia. Apostilla, Legalizaci\u00f3n, Nostrificaci\u00f3n, Traducciones","description":"Servicios Jur\u00eddicos Moldova","potentialAction":[{"@type":"SearchAction","target":{"@type":"EntryPoint","urlTemplate":"https:\/\/bizmoldova.com\/es\/?s={search_term_string}"},"query-input":{"@type":"PropertyValueSpecification","valueRequired":true,"valueName":"search_term_string"}}],"inLanguage":"es"}]}},"_links":{"self":[{"href":"https:\/\/bizmoldova.com\/es\/wp-json\/wp\/v2\/pages\/44","targetHints":{"allow":["GET"]}}],"collection":[{"href":"https:\/\/bizmoldova.com\/es\/wp-json\/wp\/v2\/pages"}],"about":[{"href":"https:\/\/bizmoldova.com\/es\/wp-json\/wp\/v2\/types\/page"}],"author":[{"embeddable":true,"href":"https:\/\/bizmoldova.com\/es\/wp-json\/wp\/v2\/users\/1"}],"replies":[{"embeddable":true,"href":"https:\/\/bizmoldova.com\/es\/wp-json\/wp\/v2\/comments?post=44"}],"version-history":[{"count":1,"href":"https:\/\/bizmoldova.com\/es\/wp-json\/wp\/v2\/pages\/44\/revisions"}],"predecessor-version":[{"id":45,"href":"https:\/\/bizmoldova.com\/es\/wp-json\/wp\/v2\/pages\/44\/revisions\/45"}],"wp:attachment":[{"href":"https:\/\/bizmoldova.com\/es\/wp-json\/wp\/v2\/media?parent=44"}],"curies":[{"name":"wp","href":"https:\/\/api.w.org\/{rel}","templated":true}]}}