{"id":42,"date":"2024-09-30T09:13:40","date_gmt":"2024-09-30T09:13:40","guid":{"rendered":"https:\/\/bizmoldova.com\/es\/?page_id=42"},"modified":"2024-09-30T09:13:40","modified_gmt":"2024-09-30T09:13:40","slug":"documentos","status":"publish","type":"page","link":"https:\/\/bizmoldova.com\/es\/documentos\/","title":{"rendered":"Documentos"},"content":{"rendered":"<h2>Obtenci\u00f3n de Documentos por Poder Notarial<\/h2>\n<p>Nuestra empresa le ofrece servicios para la obtenci\u00f3n de documentos por poder notarial. Puede solicitar legalmente cualquier documento (por poder notarial) excepto pasaportes, documentos de identidad y licencias de conducir. Nuestros servicios son principalmente demandados por ciudadanos de Moldavia y otros pa\u00edses que se encuentran en el extranjero.<\/p>\n<p>Puede obtener cualquier documento de su inter\u00e9s de las autoridades estatales de la Rep\u00fablica de Moldavia sin necesidad de viajar al pa\u00eds.<\/p>\n<p>Todo lo que necesita es un poder notarial y un contrato con nosotros. El poder notarial para los ciudadanos de la CEI debe hacerse en cualquier notario. Puede solicitar el texto del poder notarial envi\u00e1ndonos una solicitud a trav\u00e9s del formulario que se encuentra a continuaci\u00f3n.<\/p>\n<p>Para los residentes de los pa\u00edses europeos que forman parte del Apostille <a title=\"Apostille. Lista de pa\u00edses participantes\" href=\"http:\/\/ru.wikipedia.org\/wiki\/%D0%93%D0%B0%D0%B0%D0%B3%D1%81%D0%BA%D0%B0%D1%8F_%D0%BA%D0%BE%D0%BD%D0%B2%D0%B5%D0%BD%D1%86%D0%B8%D1%8F_(1961)\" target=\"_blank\" rel=\"noopener\">(Convenio de La Haya que Suprime la Exigencia de Legalizaci\u00f3n de los Documentos P\u00fablicos Extranjeros, 5 de octubre de 1961)<\/a>, el poder notarial debe emitirse con apostilla, ya sea en un notario o sin apostilla en el consulado m\u00e1s cercano de la Rep\u00fablica de Moldavia. Puede solicitar el texto del poder notarial envi\u00e1ndonos una solicitud a trav\u00e9s del formulario que se encuentra a continuaci\u00f3n.<\/p>\n<p>Qu\u00e9 documentos puede obtener a trav\u00e9s de nosotros en moldavo con traducci\u00f3n notarial:<br \/>\n<strong>Certificado de nacimiento,<\/strong><br \/>\n<strong>Certificado de matrimonio,<\/strong><br \/>\n<strong>Certificado de divorcio,<\/strong><br \/>\n<strong>Certificado de defunci\u00f3n,<\/strong><br \/>\n<strong>Certificado de cambio de nombre,<\/strong><br \/>\n<strong>Certificado de capacidad matrimonial (certificado de no impedimento),<\/strong><br \/>\n<strong>Certificado de estado civil (certificado de no matrimonio),<\/strong><br \/>\n<strong>&#8211; en Chi\u015fin\u0103u y en las oficinas del registro civil de los distritos<\/strong><\/p>\n<p><strong>Certificado de antecedentes penales (certificado de no antecedentes penales, antecedentes penales)<\/strong><br \/>\n<strong>&#8211; en el Ministerio del Interior<\/strong><\/p>\n<p>Atendemos a los residentes de todas las ciudades de la Rep\u00fablica de Moldavia. Usted paga nuestros servicios y los gastos de viaje, y recibe los documentos solicitados a tiempo.<\/p>\n<p>Todo es completamente legal. Para ponerse en contacto con nosotros, env\u00edenos una solicitud a trav\u00e9s del formulario a continuaci\u00f3n o llame a los n\u00fameros de tel\u00e9fono indicados al final de la p\u00e1gina.<\/p>\n<p>En caso de que no se puedan obtener sus documentos debido a la ausencia de registros en los archivos del registro civil o en el Archivo Nacional, se emite un documento especial que indica esto:<\/p>\n<figure id=\"attachment_766\" aria-describedby=\"caption-attachment-766\" style=\"width: 615px\" class=\"wp-caption aligncenter\"><img loading=\"lazy\" decoding=\"async\" class=\"size-large wp-image-766\" src=\"http:\/\/bizmoldova.com\/wp-content\/uploads\/2013\/02\/aviz-Moldova-actul-de-stare-civila-723x1024.jpg\" alt=\"Extracto del Archivo del Registro Civil sobre la ausencia de informaci\u00f3n, registros\" width=\"625\" height=\"885\" \/><figcaption id=\"caption-attachment-766\" class=\"wp-caption-text\">Extracto del Archivo del Registro Civil sobre la ausencia de informaci\u00f3n, registros<\/figcaption><\/figure>\n<p>&nbsp;<\/p>\n","protected":false},"excerpt":{"rendered":"<p>Obtenci\u00f3n de Documentos por Poder Notarial Nuestra empresa le ofrece servicios para la obtenci\u00f3n de documentos por poder notarial. Puede solicitar legalmente cualquier documento (por poder notarial) excepto pasaportes, documentos de identidad y licencias de conducir. Nuestros servicios son principalmente demandados por ciudadanos de Moldavia y otros pa\u00edses que se encuentran en el extranjero. Puede &#8230; <a title=\"Documentos\" class=\"read-more\" href=\"https:\/\/bizmoldova.com\/es\/documentos\/\" aria-label=\"Leer m\u00e1s sobre Documentos\">Leer m\u00e1s<\/a><\/p>\n","protected":false},"author":1,"featured_media":0,"parent":0,"menu_order":0,"comment_status":"closed","ping_status":"closed","template":"","meta":{"_acf_changed":false,"footnotes":""},"class_list":["post-42","page","type-page","status-publish"],"acf":[],"yoast_head":"<!-- This site is optimized with the Yoast SEO plugin v27.3 - https:\/\/yoast.com\/product\/yoast-seo-wordpress\/ -->\n<title>Documentos - Documentos Moldavia. Apostilla, Legalizaci\u00f3n, Nostrificaci\u00f3n, Traducciones<\/title>\n<meta name=\"robots\" content=\"index, follow, max-snippet:-1, max-image-preview:large, max-video-preview:-1\" \/>\n<link rel=\"canonical\" href=\"https:\/\/bizmoldova.com\/es\/documentos\/\" \/>\n<meta property=\"og:locale\" content=\"es_ES\" \/>\n<meta property=\"og:type\" content=\"article\" \/>\n<meta property=\"og:title\" content=\"Documentos - Documentos Moldavia. Apostilla, Legalizaci\u00f3n, Nostrificaci\u00f3n, Traducciones\" \/>\n<meta property=\"og:description\" content=\"Obtenci\u00f3n de Documentos por Poder Notarial Nuestra empresa le ofrece servicios para la obtenci\u00f3n de documentos por poder notarial. Puede solicitar legalmente cualquier documento (por poder notarial) excepto pasaportes, documentos de identidad y licencias de conducir. Nuestros servicios son principalmente demandados por ciudadanos de Moldavia y otros pa\u00edses que se encuentran en el extranjero. Puede ... Leer m\u00e1s\" \/>\n<meta property=\"og:url\" content=\"https:\/\/bizmoldova.com\/es\/documentos\/\" \/>\n<meta property=\"og:site_name\" content=\"Documentos Moldavia. Apostilla, Legalizaci\u00f3n, Nostrificaci\u00f3n, Traducciones\" \/>\n<meta property=\"og:image\" content=\"http:\/\/bizmoldova.com\/wp-content\/uploads\/2013\/02\/aviz-Moldova-actul-de-stare-civila-723x1024.jpg\" \/>\n<meta name=\"twitter:card\" content=\"summary_large_image\" \/>\n<meta name=\"twitter:label1\" content=\"Tiempo de lectura\" \/>\n\t<meta name=\"twitter:data1\" content=\"2 minutos\" \/>\n<script type=\"application\/ld+json\" class=\"yoast-schema-graph\">{\"@context\":\"https:\\\/\\\/schema.org\",\"@graph\":[{\"@type\":\"WebPage\",\"@id\":\"https:\\\/\\\/bizmoldova.com\\\/es\\\/documentos\\\/\",\"url\":\"https:\\\/\\\/bizmoldova.com\\\/es\\\/documentos\\\/\",\"name\":\"Documentos - Documentos Moldavia. Apostilla, Legalizaci\u00f3n, Nostrificaci\u00f3n, Traducciones\",\"isPartOf\":{\"@id\":\"https:\\\/\\\/bizmoldova.com\\\/es\\\/#website\"},\"primaryImageOfPage\":{\"@id\":\"https:\\\/\\\/bizmoldova.com\\\/es\\\/documentos\\\/#primaryimage\"},\"image\":{\"@id\":\"https:\\\/\\\/bizmoldova.com\\\/es\\\/documentos\\\/#primaryimage\"},\"thumbnailUrl\":\"http:\\\/\\\/bizmoldova.com\\\/wp-content\\\/uploads\\\/2013\\\/02\\\/aviz-Moldova-actul-de-stare-civila-723x1024.jpg\",\"datePublished\":\"2024-09-30T09:13:40+00:00\",\"breadcrumb\":{\"@id\":\"https:\\\/\\\/bizmoldova.com\\\/es\\\/documentos\\\/#breadcrumb\"},\"inLanguage\":\"es\",\"potentialAction\":[{\"@type\":\"ReadAction\",\"target\":[\"https:\\\/\\\/bizmoldova.com\\\/es\\\/documentos\\\/\"]}]},{\"@type\":\"ImageObject\",\"inLanguage\":\"es\",\"@id\":\"https:\\\/\\\/bizmoldova.com\\\/es\\\/documentos\\\/#primaryimage\",\"url\":\"http:\\\/\\\/bizmoldova.com\\\/wp-content\\\/uploads\\\/2013\\\/02\\\/aviz-Moldova-actul-de-stare-civila-723x1024.jpg\",\"contentUrl\":\"http:\\\/\\\/bizmoldova.com\\\/wp-content\\\/uploads\\\/2013\\\/02\\\/aviz-Moldova-actul-de-stare-civila-723x1024.jpg\"},{\"@type\":\"BreadcrumbList\",\"@id\":\"https:\\\/\\\/bizmoldova.com\\\/es\\\/documentos\\\/#breadcrumb\",\"itemListElement\":[{\"@type\":\"ListItem\",\"position\":1,\"name\":\"Home\",\"item\":\"https:\\\/\\\/bizmoldova.com\\\/es\\\/\"},{\"@type\":\"ListItem\",\"position\":2,\"name\":\"Documentos\"}]},{\"@type\":\"WebSite\",\"@id\":\"https:\\\/\\\/bizmoldova.com\\\/es\\\/#website\",\"url\":\"https:\\\/\\\/bizmoldova.com\\\/es\\\/\",\"name\":\"Documentos Moldavia. Apostilla, Legalizaci\u00f3n, Nostrificaci\u00f3n, Traducciones\",\"description\":\"Servicios Jur\u00eddicos Moldova\",\"potentialAction\":[{\"@type\":\"SearchAction\",\"target\":{\"@type\":\"EntryPoint\",\"urlTemplate\":\"https:\\\/\\\/bizmoldova.com\\\/es\\\/?s={search_term_string}\"},\"query-input\":{\"@type\":\"PropertyValueSpecification\",\"valueRequired\":true,\"valueName\":\"search_term_string\"}}],\"inLanguage\":\"es\"}]}<\/script>\n<!-- \/ Yoast SEO plugin. -->","yoast_head_json":{"title":"Documentos - Documentos Moldavia. Apostilla, Legalizaci\u00f3n, Nostrificaci\u00f3n, Traducciones","robots":{"index":"index","follow":"follow","max-snippet":"max-snippet:-1","max-image-preview":"max-image-preview:large","max-video-preview":"max-video-preview:-1"},"canonical":"https:\/\/bizmoldova.com\/es\/documentos\/","og_locale":"es_ES","og_type":"article","og_title":"Documentos - Documentos Moldavia. Apostilla, Legalizaci\u00f3n, Nostrificaci\u00f3n, Traducciones","og_description":"Obtenci\u00f3n de Documentos por Poder Notarial Nuestra empresa le ofrece servicios para la obtenci\u00f3n de documentos por poder notarial. Puede solicitar legalmente cualquier documento (por poder notarial) excepto pasaportes, documentos de identidad y licencias de conducir. Nuestros servicios son principalmente demandados por ciudadanos de Moldavia y otros pa\u00edses que se encuentran en el extranjero. Puede ... Leer m\u00e1s","og_url":"https:\/\/bizmoldova.com\/es\/documentos\/","og_site_name":"Documentos Moldavia. Apostilla, Legalizaci\u00f3n, Nostrificaci\u00f3n, Traducciones","og_image":[{"url":"http:\/\/bizmoldova.com\/wp-content\/uploads\/2013\/02\/aviz-Moldova-actul-de-stare-civila-723x1024.jpg","type":"","width":"","height":""}],"twitter_card":"summary_large_image","twitter_misc":{"Tiempo de lectura":"2 minutos"},"schema":{"@context":"https:\/\/schema.org","@graph":[{"@type":"WebPage","@id":"https:\/\/bizmoldova.com\/es\/documentos\/","url":"https:\/\/bizmoldova.com\/es\/documentos\/","name":"Documentos - Documentos Moldavia. Apostilla, Legalizaci\u00f3n, Nostrificaci\u00f3n, Traducciones","isPartOf":{"@id":"https:\/\/bizmoldova.com\/es\/#website"},"primaryImageOfPage":{"@id":"https:\/\/bizmoldova.com\/es\/documentos\/#primaryimage"},"image":{"@id":"https:\/\/bizmoldova.com\/es\/documentos\/#primaryimage"},"thumbnailUrl":"http:\/\/bizmoldova.com\/wp-content\/uploads\/2013\/02\/aviz-Moldova-actul-de-stare-civila-723x1024.jpg","datePublished":"2024-09-30T09:13:40+00:00","breadcrumb":{"@id":"https:\/\/bizmoldova.com\/es\/documentos\/#breadcrumb"},"inLanguage":"es","potentialAction":[{"@type":"ReadAction","target":["https:\/\/bizmoldova.com\/es\/documentos\/"]}]},{"@type":"ImageObject","inLanguage":"es","@id":"https:\/\/bizmoldova.com\/es\/documentos\/#primaryimage","url":"http:\/\/bizmoldova.com\/wp-content\/uploads\/2013\/02\/aviz-Moldova-actul-de-stare-civila-723x1024.jpg","contentUrl":"http:\/\/bizmoldova.com\/wp-content\/uploads\/2013\/02\/aviz-Moldova-actul-de-stare-civila-723x1024.jpg"},{"@type":"BreadcrumbList","@id":"https:\/\/bizmoldova.com\/es\/documentos\/#breadcrumb","itemListElement":[{"@type":"ListItem","position":1,"name":"Home","item":"https:\/\/bizmoldova.com\/es\/"},{"@type":"ListItem","position":2,"name":"Documentos"}]},{"@type":"WebSite","@id":"https:\/\/bizmoldova.com\/es\/#website","url":"https:\/\/bizmoldova.com\/es\/","name":"Documentos Moldavia. Apostilla, Legalizaci\u00f3n, Nostrificaci\u00f3n, Traducciones","description":"Servicios Jur\u00eddicos Moldova","potentialAction":[{"@type":"SearchAction","target":{"@type":"EntryPoint","urlTemplate":"https:\/\/bizmoldova.com\/es\/?s={search_term_string}"},"query-input":{"@type":"PropertyValueSpecification","valueRequired":true,"valueName":"search_term_string"}}],"inLanguage":"es"}]}},"_links":{"self":[{"href":"https:\/\/bizmoldova.com\/es\/wp-json\/wp\/v2\/pages\/42","targetHints":{"allow":["GET"]}}],"collection":[{"href":"https:\/\/bizmoldova.com\/es\/wp-json\/wp\/v2\/pages"}],"about":[{"href":"https:\/\/bizmoldova.com\/es\/wp-json\/wp\/v2\/types\/page"}],"author":[{"embeddable":true,"href":"https:\/\/bizmoldova.com\/es\/wp-json\/wp\/v2\/users\/1"}],"replies":[{"embeddable":true,"href":"https:\/\/bizmoldova.com\/es\/wp-json\/wp\/v2\/comments?post=42"}],"version-history":[{"count":1,"href":"https:\/\/bizmoldova.com\/es\/wp-json\/wp\/v2\/pages\/42\/revisions"}],"predecessor-version":[{"id":43,"href":"https:\/\/bizmoldova.com\/es\/wp-json\/wp\/v2\/pages\/42\/revisions\/43"}],"wp:attachment":[{"href":"https:\/\/bizmoldova.com\/es\/wp-json\/wp\/v2\/media?parent=42"}],"curies":[{"name":"wp","href":"https:\/\/api.w.org\/{rel}","templated":true}]}}