{"id":40,"date":"2024-09-29T19:49:57","date_gmt":"2024-09-29T19:49:57","guid":{"rendered":"https:\/\/bizmoldova.com\/es\/?page_id=40"},"modified":"2024-10-02T14:01:39","modified_gmt":"2024-10-02T12:01:39","slug":"registro-de-empresas","status":"publish","type":"page","link":"https:\/\/bizmoldova.com\/es\/registro-de-empresas\/","title":{"rendered":"Registro de Empresas. Crear una empresa"},"content":{"rendered":"<h3>En Moldavia, se pueden registrar tres tipos de empresas:<\/h3>\n<p>1. Empresario Individual (EI) &#8211; para personas privadas, ciudadanos de Moldavia<br \/>\n2. Sociedad de Responsabilidad Limitada (SRL) &#8211; en moldavo, abreviada como SRL<br \/>\n3. Sociedad An\u00f3nima (SA)<\/p>\n<p>Las SA en Moldavia no se han registrado desde hace alg\u00fan tiempo. En Moldavia, se puede registrar una empresa en un plazo de 1 a 3 d\u00edas. La primera autoridad a la que se dirige un futuro empresario es la Agencia de Servicios P\u00fablicos (ASP &#8211; Agen\u021bia Servicii Publice). Al contactar con este organismo gubernamental, es esencial estar bien preparado, saber exactamente en qu\u00e9 se dedicar\u00e1 la empresa y tener nombres listos.<\/p>\n<figure id=\"attachment_610\" aria-describedby=\"caption-attachment-610\" style=\"width: 734px\" class=\"wp-caption aligncenter\"><a href=\"http:\/\/bizmoldova.com\/wp-content\/uploads\/2013\/02\/\u0411\u0438\u0437\u043d\u0435\u0441-\u041b\u0438\u0433\u0430-\u0416\u0423\u0420\u041d\u0410\u041b001.jpg\"><img loading=\"lazy\" decoding=\"async\" class=\"wp-image-610 size-large\" title=\"Certificado de registro de la empresa en Moldavia. La Sociedad de Responsabilidad Limitada recibe tanto el n\u00famero de registro como el c\u00f3digo fiscal\" src=\"https:\/\/bizmoldova.com\/wp-content\/uploads\/2013\/02\/\u0411\u0438\u0437\u043d\u0435\u0441-\u041b\u0438\u0433\u0430-\u0416\u0423\u0420\u041d\u0410\u041b001-744x1024.jpg\" alt=\"Certificado de registro de la empresa en Moldavia para la Sociedad de Responsabilidad Limitada - SRL\" width=\"744\" height=\"1024\" \/><\/a><figcaption id=\"caption-attachment-610\" class=\"wp-caption-text\">Estos certificados ya no se emiten. Solo se emite un extra de color verde en papel de seguridad con los datos de la empresa, as\u00ed como los nombres y apellidos de los fundadores y del director (administrador).<\/figcaption><\/figure>\n<p>En la ASP, necesitar\u00e1s una lista de documentos necesaria:<br \/>\n&#8211; Pasaportes de los fundadores<br \/>\n&#8211; 5 nombres previamente preparados para tu empresa o compa\u00f1\u00eda (te aconsejamos que elabores muchos m\u00e1s nombres, ya que a menudo los buenos nombres pegajosos ya est\u00e1n ocupados)<br \/>\n&#8211; Una direcci\u00f3n legal para la futura empresa (por cierto, en Moldavia, no es obligatorio que esta sea la direcci\u00f3n de residencia de uno de los fundadores)<br \/>\n&#8211; La cantidad necesaria para pagar la inscripci\u00f3n de la empresa y las tasas estatales.<\/p>\n<p>Aqu\u00ed, la legislaci\u00f3n de Moldavia extra\u00f1amente sugiere a los empresarios que depositen dinero en una cuenta temporal de la futura empresa. Si hay un solo fundador, se deposita la cantidad total requerida por la ley como capital social. Cuando hay varios fundadores, la cantidad se puede pagar en partes. Inicialmente, se deposita la mitad de la cantidad en la cuenta de la empresa, y luego, dentro de seis meses, se aporta la parte restante del capital social.<\/p>\n<h2>Elecci\u00f3n de un Banco<\/h2>\n<p>Nuestra empresa prefiere cooperar solo con algunos bancos confiables en la Rep\u00fablica de Moldavia. Son bancos de confianza que han operado con \u00e9xito en Moldavia durante m\u00e1s de 15 a\u00f1os. Lamentablemente, no podemos revelar los nombres de los bancos respetables en este sitio web para no ofender a los competidores o a los nuevos bancos, algunos de los cuales, por cierto, han construido una buena reputaci\u00f3n recientemente.<\/p>\n<p>Para abrir una cuenta, debes tener una cantidad que contribuir al capital social. El capital social tambi\u00e9n se puede depositar m\u00e1s tarde, pero recomendamos hacerlo de inmediato.<\/p>\n<h2>Registro en la Inspecci\u00f3n Tributaria<\/h2>\n<p>Dentro de unos d\u00edas despu\u00e9s del registro de la empresa, se registra autom\u00e1ticamente en la inspecci\u00f3n tributaria. En la oficina en l\u00ednea de la inspecci\u00f3n tributaria, debes indicar al director y al contador de la empresa ya registrada, ya que pueden surgir situaciones y preguntas inesperadas.<\/p>\n<h2>Registro de Empresas en Moldavia: Trampas<\/h2>\n<p>Desafortunadamente, cuando los legisladores moldavos llegaron a la conclusi\u00f3n de que, dado que se hab\u00eda abolido el instituto de la residencia, permitieron a la C\u00e1mara de Registro no exigir a los fundadores ning\u00fan comprobante de la direcci\u00f3n legal de la futura empresa. En este organismo, simplemente te dir\u00e1n que eres responsable de la informaci\u00f3n proporcionada.<\/p>\n<p>Esto presenta una trampa seria. Si registras una empresa en una direcci\u00f3n donde, por ejemplo, solo resides pero no est\u00e1s registrado, corres el riesgo de tener que empezar todo de nuevo, es decir, realizar cambios en los estatutos de la empresa o, en esencia, volver a registrarla.<\/p>\n<p>La cuesti\u00f3n es que, cuando la inspecci\u00f3n tributaria realiza una verificaci\u00f3n, no solo se te pedir\u00e1n los documentos obtenidos en la c\u00e1mara de registro, sino tambi\u00e9n un contrato de arrendamiento notariado o una carta del propietario del apartamento o de la oficina alquilada, permiti\u00e9ndote usar la direcci\u00f3n como la direcci\u00f3n legal de la empresa.<\/p>\n<p>Este es solo un ejemplo donde un empresario, al no comprender completamente las reglas de registro y los procesos de inscripci\u00f3n en la inspecci\u00f3n tributaria, se encuentra en una situaci\u00f3n dif\u00edcil. Hay muchos ejemplos as\u00ed, y solo los abogados experimentados en consultor\u00eda empresarial pueden ayudar a resolverlos.<\/p>\n<h2>Empresas Listas<\/h2>\n<p>\u00bfQu\u00e9 es una empresa lista? Es una empresa ya existente y en funcionamiento. Incluso si la empresa no hace nada, opera como un sujeto del derecho tributario. Para mantenerla para futura venta, se contratan contadores y directores que pueden gestionar m\u00e1s de una empresa similar. \u00bfPor qu\u00e9 contratar personas y mantener tal empresa? Para que los clientes tengan la oportunidad de comprar un negocio en el tiempo m\u00e1s corto: un d\u00eda. El nombre es uno de los factores m\u00e1s importantes en la compra de una empresa por parte del cliente. Pero lo m\u00e1s crucial es la rapidez de la re-registro y los tipos de actividades.<\/p>\n<p>Una empresa lista tambi\u00e9n garantiza que no tendr\u00e1s que buscar una direcci\u00f3n legal para tu futura empresa.<\/p>\n<p>Desafortunadamente, en Moldavia, solo unas pocas firmas legales serias pueden ofrecer a los clientes una empresa lista. Cuando compras una empresa lista a personas no verificadas, corres el riesgo de heredar enormes deudas de la empresa. Incluso una empresa de auditor\u00eda no te ayudar\u00e1 a verificar si todo est\u00e1 claro con la empresa. Por eso, solo vendemos empresas de nuestros clientes, que han sido verificadas por nosotros, y toda la documentaci\u00f3n ha sido gestionada por nosotros.<\/p>\n<h2>Re-registro de Empresas<\/h2>\n<p>Al re-registrar una empresa, muchos fundadores enfrentan dificultades como la falta de tiempo para resolver problemas menores pero que consumen mucho tiempo. Aqu\u00ed, siempre es conveniente consultar a abogados que tienen conexiones y pueden resolver problemas en un plazo m\u00e1s corto.<\/p>\n<p>Adem\u00e1s, los errores cometidos durante el re-registro pueden afectar posteriormente la situaci\u00f3n de la documentaci\u00f3n.<\/p>\n","protected":false},"excerpt":{"rendered":"<p>En Moldavia, se pueden registrar tres tipos de empresas: 1. Empresario Individual (EI) &#8211; para personas privadas, ciudadanos de Moldavia 2. Sociedad de Responsabilidad Limitada (SRL) &#8211; en moldavo, abreviada como SRL 3. Sociedad An\u00f3nima (SA) Las SA en Moldavia no se han registrado desde hace alg\u00fan tiempo. En Moldavia, se puede registrar una empresa &#8230; <a title=\"Registro de Empresas. Crear una empresa\" class=\"read-more\" href=\"https:\/\/bizmoldova.com\/es\/registro-de-empresas\/\" aria-label=\"Leer m\u00e1s sobre Registro de Empresas. Crear una empresa\">Leer m\u00e1s<\/a><\/p>\n","protected":false},"author":1,"featured_media":0,"parent":0,"menu_order":0,"comment_status":"closed","ping_status":"closed","template":"","meta":{"_acf_changed":false,"footnotes":""},"class_list":["post-40","page","type-page","status-publish"],"acf":[],"yoast_head":"<!-- This site is optimized with the Yoast SEO plugin v27.4 - https:\/\/yoast.com\/product\/yoast-seo-wordpress\/ -->\n<title>Registro de Empresas. Crear una empresa - Documentos Moldavia. Apostilla, Legalizaci\u00f3n, Nostrificaci\u00f3n, Traducciones<\/title>\n<meta name=\"robots\" content=\"index, follow, max-snippet:-1, max-image-preview:large, max-video-preview:-1\" \/>\n<link rel=\"canonical\" href=\"https:\/\/bizmoldova.com\/es\/registro-de-empresas\/\" \/>\n<meta property=\"og:locale\" content=\"es_ES\" \/>\n<meta property=\"og:type\" content=\"article\" \/>\n<meta property=\"og:title\" content=\"Registro de Empresas. Crear una empresa - Documentos Moldavia. Apostilla, Legalizaci\u00f3n, Nostrificaci\u00f3n, Traducciones\" \/>\n<meta property=\"og:description\" content=\"En Moldavia, se pueden registrar tres tipos de empresas: 1. Empresario Individual (EI) &#8211; para personas privadas, ciudadanos de Moldavia 2. Sociedad de Responsabilidad Limitada (SRL) &#8211; en moldavo, abreviada como SRL 3. Sociedad An\u00f3nima (SA) Las SA en Moldavia no se han registrado desde hace alg\u00fan tiempo. En Moldavia, se puede registrar una empresa ... Leer m\u00e1s\" \/>\n<meta property=\"og:url\" content=\"https:\/\/bizmoldova.com\/es\/registro-de-empresas\/\" \/>\n<meta property=\"og:site_name\" content=\"Documentos Moldavia. Apostilla, Legalizaci\u00f3n, Nostrificaci\u00f3n, Traducciones\" \/>\n<meta property=\"article:modified_time\" content=\"2024-10-02T12:01:39+00:00\" \/>\n<meta name=\"twitter:card\" content=\"summary_large_image\" \/>\n<meta name=\"twitter:label1\" content=\"Tiempo de lectura\" \/>\n\t<meta name=\"twitter:data1\" content=\"5 minutos\" \/>\n<script type=\"application\/ld+json\" class=\"yoast-schema-graph\">{\"@context\":\"https:\\\/\\\/schema.org\",\"@graph\":[{\"@type\":\"WebPage\",\"@id\":\"https:\\\/\\\/bizmoldova.com\\\/es\\\/registro-de-empresas\\\/\",\"url\":\"https:\\\/\\\/bizmoldova.com\\\/es\\\/registro-de-empresas\\\/\",\"name\":\"Registro de Empresas. Crear una empresa - Documentos Moldavia. Apostilla, Legalizaci\u00f3n, Nostrificaci\u00f3n, Traducciones\",\"isPartOf\":{\"@id\":\"https:\\\/\\\/bizmoldova.com\\\/es\\\/#website\"},\"datePublished\":\"2024-09-29T19:49:57+00:00\",\"dateModified\":\"2024-10-02T12:01:39+00:00\",\"breadcrumb\":{\"@id\":\"https:\\\/\\\/bizmoldova.com\\\/es\\\/registro-de-empresas\\\/#breadcrumb\"},\"inLanguage\":\"es\",\"potentialAction\":[{\"@type\":\"ReadAction\",\"target\":[\"https:\\\/\\\/bizmoldova.com\\\/es\\\/registro-de-empresas\\\/\"]}]},{\"@type\":\"BreadcrumbList\",\"@id\":\"https:\\\/\\\/bizmoldova.com\\\/es\\\/registro-de-empresas\\\/#breadcrumb\",\"itemListElement\":[{\"@type\":\"ListItem\",\"position\":1,\"name\":\"Home\",\"item\":\"https:\\\/\\\/bizmoldova.com\\\/es\\\/\"},{\"@type\":\"ListItem\",\"position\":2,\"name\":\"Registro de Empresas. Crear una empresa\"}]},{\"@type\":\"WebSite\",\"@id\":\"https:\\\/\\\/bizmoldova.com\\\/es\\\/#website\",\"url\":\"https:\\\/\\\/bizmoldova.com\\\/es\\\/\",\"name\":\"Documentos Moldavia. Apostilla, Legalizaci\u00f3n, Nostrificaci\u00f3n, Traducciones\",\"description\":\"Servicios Jur\u00eddicos Moldova\",\"potentialAction\":[{\"@type\":\"SearchAction\",\"target\":{\"@type\":\"EntryPoint\",\"urlTemplate\":\"https:\\\/\\\/bizmoldova.com\\\/es\\\/?s={search_term_string}\"},\"query-input\":{\"@type\":\"PropertyValueSpecification\",\"valueRequired\":true,\"valueName\":\"search_term_string\"}}],\"inLanguage\":\"es\"}]}<\/script>\n<!-- \/ Yoast SEO plugin. -->","yoast_head_json":{"title":"Registro de Empresas. Crear una empresa - Documentos Moldavia. Apostilla, Legalizaci\u00f3n, Nostrificaci\u00f3n, Traducciones","robots":{"index":"index","follow":"follow","max-snippet":"max-snippet:-1","max-image-preview":"max-image-preview:large","max-video-preview":"max-video-preview:-1"},"canonical":"https:\/\/bizmoldova.com\/es\/registro-de-empresas\/","og_locale":"es_ES","og_type":"article","og_title":"Registro de Empresas. Crear una empresa - Documentos Moldavia. Apostilla, Legalizaci\u00f3n, Nostrificaci\u00f3n, Traducciones","og_description":"En Moldavia, se pueden registrar tres tipos de empresas: 1. Empresario Individual (EI) &#8211; para personas privadas, ciudadanos de Moldavia 2. Sociedad de Responsabilidad Limitada (SRL) &#8211; en moldavo, abreviada como SRL 3. Sociedad An\u00f3nima (SA) Las SA en Moldavia no se han registrado desde hace alg\u00fan tiempo. En Moldavia, se puede registrar una empresa ... Leer m\u00e1s","og_url":"https:\/\/bizmoldova.com\/es\/registro-de-empresas\/","og_site_name":"Documentos Moldavia. Apostilla, Legalizaci\u00f3n, Nostrificaci\u00f3n, Traducciones","article_modified_time":"2024-10-02T12:01:39+00:00","twitter_card":"summary_large_image","twitter_misc":{"Tiempo de lectura":"5 minutos"},"schema":{"@context":"https:\/\/schema.org","@graph":[{"@type":"WebPage","@id":"https:\/\/bizmoldova.com\/es\/registro-de-empresas\/","url":"https:\/\/bizmoldova.com\/es\/registro-de-empresas\/","name":"Registro de Empresas. Crear una empresa - Documentos Moldavia. Apostilla, Legalizaci\u00f3n, Nostrificaci\u00f3n, Traducciones","isPartOf":{"@id":"https:\/\/bizmoldova.com\/es\/#website"},"datePublished":"2024-09-29T19:49:57+00:00","dateModified":"2024-10-02T12:01:39+00:00","breadcrumb":{"@id":"https:\/\/bizmoldova.com\/es\/registro-de-empresas\/#breadcrumb"},"inLanguage":"es","potentialAction":[{"@type":"ReadAction","target":["https:\/\/bizmoldova.com\/es\/registro-de-empresas\/"]}]},{"@type":"BreadcrumbList","@id":"https:\/\/bizmoldova.com\/es\/registro-de-empresas\/#breadcrumb","itemListElement":[{"@type":"ListItem","position":1,"name":"Home","item":"https:\/\/bizmoldova.com\/es\/"},{"@type":"ListItem","position":2,"name":"Registro de Empresas. Crear una empresa"}]},{"@type":"WebSite","@id":"https:\/\/bizmoldova.com\/es\/#website","url":"https:\/\/bizmoldova.com\/es\/","name":"Documentos Moldavia. Apostilla, Legalizaci\u00f3n, Nostrificaci\u00f3n, Traducciones","description":"Servicios Jur\u00eddicos Moldova","potentialAction":[{"@type":"SearchAction","target":{"@type":"EntryPoint","urlTemplate":"https:\/\/bizmoldova.com\/es\/?s={search_term_string}"},"query-input":{"@type":"PropertyValueSpecification","valueRequired":true,"valueName":"search_term_string"}}],"inLanguage":"es"}]}},"_links":{"self":[{"href":"https:\/\/bizmoldova.com\/es\/wp-json\/wp\/v2\/pages\/40","targetHints":{"allow":["GET"]}}],"collection":[{"href":"https:\/\/bizmoldova.com\/es\/wp-json\/wp\/v2\/pages"}],"about":[{"href":"https:\/\/bizmoldova.com\/es\/wp-json\/wp\/v2\/types\/page"}],"author":[{"embeddable":true,"href":"https:\/\/bizmoldova.com\/es\/wp-json\/wp\/v2\/users\/1"}],"replies":[{"embeddable":true,"href":"https:\/\/bizmoldova.com\/es\/wp-json\/wp\/v2\/comments?post=40"}],"version-history":[{"count":2,"href":"https:\/\/bizmoldova.com\/es\/wp-json\/wp\/v2\/pages\/40\/revisions"}],"predecessor-version":[{"id":66,"href":"https:\/\/bizmoldova.com\/es\/wp-json\/wp\/v2\/pages\/40\/revisions\/66"}],"wp:attachment":[{"href":"https:\/\/bizmoldova.com\/es\/wp-json\/wp\/v2\/media?parent=40"}],"curies":[{"name":"wp","href":"https:\/\/api.w.org\/{rel}","templated":true}]}}