{"id":38,"date":"2024-09-29T17:54:02","date_gmt":"2024-09-29T17:54:02","guid":{"rendered":"https:\/\/bizmoldova.com\/es\/?page_id=38"},"modified":"2024-09-29T17:54:02","modified_gmt":"2024-09-29T17:54:02","slug":"servicios-juridicos-en-chisinau-moldavia","status":"publish","type":"page","link":"https:\/\/bizmoldova.com\/es\/","title":{"rendered":"Servicios Jur\u00eddicos en Chisin\u00e1u, Moldavia"},"content":{"rendered":"\n<p><strong>La firma de abogados Business Liga<\/strong> ofrece servicios jur\u00eddicos en Moldavia y Ruman\u00eda (Chisin\u00e1u, Bucarest, Ia\u0219i y otras ciudades).<\/p>\n\n\n\n<p><strong>\u00a1TENEMOS GRANDES CONEXIONES, PERO NOS BASAMOS EN LA LEY!<\/strong><\/p>\n\n\n\n<p><strong>Nuestra empresa fue fundada en 2005 como una agencia de consultor\u00eda. Las firmas de abogados en Moldavia solo se han desarrollado en los \u00faltimos a\u00f1os. Sin embargo, llevamos casi 20 a\u00f1os operando.<\/strong><\/p>\n\n\n\n<p>Los servicios jur\u00eddicos y las consultas en diversas ramas del derecho son la principal direcci\u00f3n de nuestra actividad. Moldavia, Chisin\u00e1u. Nuestra empresa ha estado proporcionando servicios jur\u00eddicos en Moldavia durante 20 a\u00f1os.<\/p>\n\n\n\n<p>Proporcionamos servicios jur\u00eddicos en la Rep\u00fablica de Moldavia y Ruman\u00eda.<\/p>\n\n\n\n<h3 class=\"wp-block-heading\"><strong>Servicios Jur\u00eddicos para Empresas<\/strong><\/h3>\n\n\n\n<ol class=\"wp-block-list\">\n    <li><strong>Asesoramiento jur\u00eddico para empresas<\/strong><\/li>\n    <li>Nuestra <strong>firma de abogados<\/strong> ofrece servicios jur\u00eddicos para empresas y organizaciones (servicios jur\u00eddicos y consultas)\n        &#8211; Derecho empresarial\n        &#8211; Derecho fiscal en Moldavia y Ruman\u00eda\n        &#8211; Contratos y participaci\u00f3n en negociaciones\n        &#8211; Consultor\u00eda empresarial\n        &#8211; Organizaci\u00f3n empresarial en Moldavia y Ruman\u00eda\n        &#8211; Inmigraci\u00f3n empresarial\n        &#8211; Inversiones extranjeras en Moldavia y Ruman\u00eda\n    <\/li>\n    <li><strong>Registro de LLC (Sociedad de Responsabilidad Limitada).<\/strong><\/li>\n    <li><strong>Apertura de cuentas bancarias &#8211; bancos en Europa y EE.UU.<\/strong><\/li>\n    <li>Registro de empresas como residentes de la Zona Econ\u00f3mica Libre.<\/li>\n    <li><strong>Registro de empresas &#8211; residentes del Parque Tecnol\u00f3gico en la Rep\u00fablica de Moldavia.<\/strong><\/li>\n    <li><strong>B\u00fasqueda, examen y registro de marcas.<\/strong><\/li>\n    <li><strong>Compra y venta de negocios existentes.<\/strong> Tambi\u00e9n puede ofrecer su negocio para la venta.<\/li>\n    <li><strong>Casos civiles.<\/strong> Adquisici\u00f3n de la ciudadan\u00eda de Moldavia, cuestiones de herencia, divorcio, reclamaciones y otros asuntos.<\/li>\n    <li><strong>Derechos de autor.<\/strong> Protecci\u00f3n de derechos sobre contenido, obras, patentes, marcas.<\/li>\n    <li><strong>Transacciones inmobiliarias.<\/strong> Consultor\u00eda inmobiliaria, apoyo en transacciones.<\/li>\n    <li><strong><a title=\"Registro de empresas. LLC, JSC. Moldavia\" href=\"http:\/\/bizmoldova.com\/%d1%80%d0%b5%d0%b3%d0%b8%d1%81%d1%82%d1%80%d0%b0%d1%86%d0%b8%d1%8f-%d0%bf%d1%80%d0%b5%d0%b4%d0%bf%d1%80%d0%b8%d1%8f%d1%82%d0%b8%d0%b9-%d0%be%d0%be%d0%be\/\" target=\"_blank\" rel=\"noopener\">Registro y liquidaci\u00f3n de empresas, compa\u00f1\u00edas de todas las formas de propiedad<\/a>.<\/strong><\/li>\n    <li><strong>Direcci\u00f3n legal y servicios de secretar\u00eda para empresas en el territorio de la Rep\u00fablica de Moldavia y en el extranjero.<\/strong><\/li>\n    <li><strong>Preparaci\u00f3n de un conjunto completo de documentos para empresas y organizaciones sin fines de lucro (estatutos, descripciones de puestos, contratos de trabajo, registro en la inspecci\u00f3n fiscal y el departamento de estad\u00edsticas, instrucciones de seguridad laboral, contratos est\u00e1ndar, muestras de actas de reuniones generales y mucho m\u00e1s).<\/strong><\/li>\n    <li><strong><a title=\"Apostilla y legalizaci\u00f3n de documentos\" href=\"http:\/\/bizmoldova.com\/%D0%BA%D0%BE%D0%BD%D1%81%D1%83%D0%BB%D1%8C%D1%81%D0%BA%D0%B0%D1%8F-%D0%BB%D0%B5%D0%B3%D0%B0%D0%BB%D0%B8%D0%B7%D0%B0%D1%86%D0%B8%D1%8F-%D0%B8-%D0%B0%D0%BF%D0%BE%D1%81%D1%82%D0%B8%D0%BB%D1%8C\/\" target=\"_blank\" rel=\"noopener\">Legalizaci\u00f3n de documentos. Apostilla para entidades legales<\/a><\/strong><\/li>\n    <li><strong>Preparaci\u00f3n de cualquier documento, opiniones jur\u00eddicas, informes en Moldavia para personas f\u00edsicas y jur\u00eddicas que no se encuentren en el territorio de la Rep\u00fablica de Moldavia.<\/strong><\/li>\n    <li><strong>B\u00fasqueda de representantes, agentes y distribuidores en el territorio de la Rep\u00fablica de Moldavia para su negocio.<\/strong><\/li>\n    <li><strong>B\u00fasqueda y selecci\u00f3n de locales de oficina para empresas.<\/strong><\/li>\n<\/ol>\n\n\n\n<p><strong>As\u00ed como otros servicios jur\u00eddicos y consultor\u00eda empresarial.<\/strong><\/p>\n\n\n\n<h3 class=\"wp-block-heading\"><strong>Servicios Jur\u00eddicos para Personas F\u00edsicas<\/strong><\/h3>\n\n\n\n<ol class=\"wp-block-list\">\n    <li><strong>Registro de IP (Empresa Individual), patente.<\/strong><\/li>\n    <li><strong>Casos familiares.<\/strong><\/li>\n    <li><strong>Transacciones inmobiliarias.<\/strong> Consultor\u00eda inmobiliaria, apoyo en transacciones.<\/li>\n    <li><strong>Obtenci\u00f3n de documentos de las oficinas del registro civil:<\/strong> certificado de nacimiento, certificado de matrimonio, certificado de divorcio, certificado de estado civil (casado\/soltero), certificado de antecedentes penales, certificado de cambio de nombre, certificados de propiedad o ausencia de bienes inmuebles (Oficina de Vivienda, Agencia de Servicios P\u00fablicos).<\/li>\n    <li><strong><a title=\"Apostilla y legalizaci\u00f3n de documentos\" href=\"http:\/\/bizmoldova.com\/%D0%BA%D0%BE%D0%BD%D1%81%D1%83%D0%BB%D1%8C%D1%81%D0%BA%D0%B0%D1%8F-%D0%BB%D0%B5%D0%B3%D0%B0%D0%BB%D0%B8%D0%B7%D0%B0%D1%86%D0%B8%D1%8F-%D0%B8-%D0%B0%D0%BF%D0%BE%D1%81%D1%82%D0%B8%D0%BB%D1%8C\/\" target=\"_blank\" rel=\"noopener\">Legalizaci\u00f3n de documentos. Apostilla<\/a><\/strong><\/li>\n    <li><strong>Preparaci\u00f3n de cualquier documento, opiniones jur\u00eddicas, informes en Moldavia para personas f\u00edsicas que no se encuentren en el territorio de la Rep\u00fablica de Moldavia.<\/strong><\/li>\n<\/ol>\n\n\n<p><strong>Y tambi\u00e9n otros servicios jur\u00eddicos y consultas para personas f\u00edsicas.<\/strong><\/p>\n","protected":false},"excerpt":{"rendered":"<p>La firma de abogados Business Liga ofrece servicios jur\u00eddicos en Moldavia y Ruman\u00eda (Chisin\u00e1u, Bucarest, Ia\u0219i y otras ciudades). \u00a1TENEMOS GRANDES CONEXIONES, PERO NOS BASAMOS EN LA LEY! Nuestra empresa fue fundada en 2005 como una agencia de consultor\u00eda. Las firmas de abogados en Moldavia solo se han desarrollado en los \u00faltimos a\u00f1os. Sin embargo, &#8230; <a title=\"Servicios Jur\u00eddicos en Chisin\u00e1u, Moldavia\" class=\"read-more\" href=\"https:\/\/bizmoldova.com\/es\/\" aria-label=\"Leer m\u00e1s sobre Servicios Jur\u00eddicos en Chisin\u00e1u, Moldavia\">Leer m\u00e1s<\/a><\/p>\n","protected":false},"author":1,"featured_media":0,"parent":0,"menu_order":0,"comment_status":"closed","ping_status":"closed","template":"","meta":{"_acf_changed":false,"footnotes":""},"class_list":["post-38","page","type-page","status-publish"],"acf":[],"yoast_head":"<!-- This site is optimized with the Yoast SEO plugin v27.4 - https:\/\/yoast.com\/product\/yoast-seo-wordpress\/ -->\n<title>Servicios Jur\u00eddicos en Chisin\u00e1u, Moldavia - Documentos Moldavia. Apostilla, Legalizaci\u00f3n, Nostrificaci\u00f3n, Traducciones<\/title>\n<meta name=\"robots\" content=\"index, follow, max-snippet:-1, max-image-preview:large, max-video-preview:-1\" \/>\n<link rel=\"canonical\" href=\"https:\/\/bizmoldova.com\/es\/\" \/>\n<meta property=\"og:locale\" content=\"es_ES\" \/>\n<meta property=\"og:type\" content=\"article\" \/>\n<meta property=\"og:title\" content=\"Servicios Jur\u00eddicos en Chisin\u00e1u, Moldavia - Documentos Moldavia. Apostilla, Legalizaci\u00f3n, Nostrificaci\u00f3n, Traducciones\" \/>\n<meta property=\"og:description\" content=\"La firma de abogados Business Liga ofrece servicios jur\u00eddicos en Moldavia y Ruman\u00eda (Chisin\u00e1u, Bucarest, Ia\u0219i y otras ciudades). \u00a1TENEMOS GRANDES CONEXIONES, PERO NOS BASAMOS EN LA LEY! Nuestra empresa fue fundada en 2005 como una agencia de consultor\u00eda. Las firmas de abogados en Moldavia solo se han desarrollado en los \u00faltimos a\u00f1os. Sin embargo, ... Leer m\u00e1s\" \/>\n<meta property=\"og:url\" content=\"https:\/\/bizmoldova.com\/es\/\" \/>\n<meta property=\"og:site_name\" content=\"Documentos Moldavia. Apostilla, Legalizaci\u00f3n, Nostrificaci\u00f3n, Traducciones\" \/>\n<meta name=\"twitter:card\" content=\"summary_large_image\" \/>\n<meta name=\"twitter:label1\" content=\"Tiempo de lectura\" \/>\n\t<meta name=\"twitter:data1\" content=\"3 minutos\" \/>\n<script type=\"application\/ld+json\" class=\"yoast-schema-graph\">{\"@context\":\"https:\\\/\\\/schema.org\",\"@graph\":[{\"@type\":\"WebPage\",\"@id\":\"https:\\\/\\\/bizmoldova.com\\\/es\\\/\",\"url\":\"https:\\\/\\\/bizmoldova.com\\\/es\\\/\",\"name\":\"Servicios Jur\u00eddicos en Chisin\u00e1u, Moldavia - Documentos Moldavia. Apostilla, Legalizaci\u00f3n, Nostrificaci\u00f3n, Traducciones\",\"isPartOf\":{\"@id\":\"https:\\\/\\\/bizmoldova.com\\\/es\\\/#website\"},\"datePublished\":\"2024-09-29T17:54:02+00:00\",\"breadcrumb\":{\"@id\":\"https:\\\/\\\/bizmoldova.com\\\/es\\\/#breadcrumb\"},\"inLanguage\":\"es\",\"potentialAction\":[{\"@type\":\"ReadAction\",\"target\":[\"https:\\\/\\\/bizmoldova.com\\\/es\\\/\"]}]},{\"@type\":\"BreadcrumbList\",\"@id\":\"https:\\\/\\\/bizmoldova.com\\\/es\\\/#breadcrumb\",\"itemListElement\":[{\"@type\":\"ListItem\",\"position\":1,\"name\":\"Home\",\"item\":\"https:\\\/\\\/bizmoldova.com\\\/es\\\/\"},{\"@type\":\"ListItem\",\"position\":2,\"name\":\"Servicios Jur\u00eddicos en Chisin\u00e1u, Moldavia\"}]},{\"@type\":\"WebSite\",\"@id\":\"https:\\\/\\\/bizmoldova.com\\\/es\\\/#website\",\"url\":\"https:\\\/\\\/bizmoldova.com\\\/es\\\/\",\"name\":\"Documentos Moldavia. Apostilla, Legalizaci\u00f3n, Nostrificaci\u00f3n, Traducciones\",\"description\":\"Servicios Jur\u00eddicos Moldova\",\"potentialAction\":[{\"@type\":\"SearchAction\",\"target\":{\"@type\":\"EntryPoint\",\"urlTemplate\":\"https:\\\/\\\/bizmoldova.com\\\/es\\\/?s={search_term_string}\"},\"query-input\":{\"@type\":\"PropertyValueSpecification\",\"valueRequired\":true,\"valueName\":\"search_term_string\"}}],\"inLanguage\":\"es\"}]}<\/script>\n<!-- \/ Yoast SEO plugin. -->","yoast_head_json":{"title":"Servicios Jur\u00eddicos en Chisin\u00e1u, Moldavia - Documentos Moldavia. Apostilla, Legalizaci\u00f3n, Nostrificaci\u00f3n, Traducciones","robots":{"index":"index","follow":"follow","max-snippet":"max-snippet:-1","max-image-preview":"max-image-preview:large","max-video-preview":"max-video-preview:-1"},"canonical":"https:\/\/bizmoldova.com\/es\/","og_locale":"es_ES","og_type":"article","og_title":"Servicios Jur\u00eddicos en Chisin\u00e1u, Moldavia - Documentos Moldavia. Apostilla, Legalizaci\u00f3n, Nostrificaci\u00f3n, Traducciones","og_description":"La firma de abogados Business Liga ofrece servicios jur\u00eddicos en Moldavia y Ruman\u00eda (Chisin\u00e1u, Bucarest, Ia\u0219i y otras ciudades). \u00a1TENEMOS GRANDES CONEXIONES, PERO NOS BASAMOS EN LA LEY! Nuestra empresa fue fundada en 2005 como una agencia de consultor\u00eda. Las firmas de abogados en Moldavia solo se han desarrollado en los \u00faltimos a\u00f1os. Sin embargo, ... Leer m\u00e1s","og_url":"https:\/\/bizmoldova.com\/es\/","og_site_name":"Documentos Moldavia. Apostilla, Legalizaci\u00f3n, Nostrificaci\u00f3n, Traducciones","twitter_card":"summary_large_image","twitter_misc":{"Tiempo de lectura":"3 minutos"},"schema":{"@context":"https:\/\/schema.org","@graph":[{"@type":"WebPage","@id":"https:\/\/bizmoldova.com\/es\/","url":"https:\/\/bizmoldova.com\/es\/","name":"Servicios Jur\u00eddicos en Chisin\u00e1u, Moldavia - Documentos Moldavia. Apostilla, Legalizaci\u00f3n, Nostrificaci\u00f3n, Traducciones","isPartOf":{"@id":"https:\/\/bizmoldova.com\/es\/#website"},"datePublished":"2024-09-29T17:54:02+00:00","breadcrumb":{"@id":"https:\/\/bizmoldova.com\/es\/#breadcrumb"},"inLanguage":"es","potentialAction":[{"@type":"ReadAction","target":["https:\/\/bizmoldova.com\/es\/"]}]},{"@type":"BreadcrumbList","@id":"https:\/\/bizmoldova.com\/es\/#breadcrumb","itemListElement":[{"@type":"ListItem","position":1,"name":"Home","item":"https:\/\/bizmoldova.com\/es\/"},{"@type":"ListItem","position":2,"name":"Servicios Jur\u00eddicos en Chisin\u00e1u, Moldavia"}]},{"@type":"WebSite","@id":"https:\/\/bizmoldova.com\/es\/#website","url":"https:\/\/bizmoldova.com\/es\/","name":"Documentos Moldavia. Apostilla, Legalizaci\u00f3n, Nostrificaci\u00f3n, Traducciones","description":"Servicios Jur\u00eddicos Moldova","potentialAction":[{"@type":"SearchAction","target":{"@type":"EntryPoint","urlTemplate":"https:\/\/bizmoldova.com\/es\/?s={search_term_string}"},"query-input":{"@type":"PropertyValueSpecification","valueRequired":true,"valueName":"search_term_string"}}],"inLanguage":"es"}]}},"_links":{"self":[{"href":"https:\/\/bizmoldova.com\/es\/wp-json\/wp\/v2\/pages\/38","targetHints":{"allow":["GET"]}}],"collection":[{"href":"https:\/\/bizmoldova.com\/es\/wp-json\/wp\/v2\/pages"}],"about":[{"href":"https:\/\/bizmoldova.com\/es\/wp-json\/wp\/v2\/types\/page"}],"author":[{"embeddable":true,"href":"https:\/\/bizmoldova.com\/es\/wp-json\/wp\/v2\/users\/1"}],"replies":[{"embeddable":true,"href":"https:\/\/bizmoldova.com\/es\/wp-json\/wp\/v2\/comments?post=38"}],"version-history":[{"count":1,"href":"https:\/\/bizmoldova.com\/es\/wp-json\/wp\/v2\/pages\/38\/revisions"}],"predecessor-version":[{"id":39,"href":"https:\/\/bizmoldova.com\/es\/wp-json\/wp\/v2\/pages\/38\/revisions\/39"}],"wp:attachment":[{"href":"https:\/\/bizmoldova.com\/es\/wp-json\/wp\/v2\/media?parent=38"}],"curies":[{"name":"wp","href":"https:\/\/api.w.org\/{rel}","templated":true}]}}