{"id":36,"date":"2024-09-29T17:19:28","date_gmt":"2024-09-29T17:19:28","guid":{"rendered":"https:\/\/bizmoldova.com\/es\/?page_id=36"},"modified":"2024-09-29T17:19:29","modified_gmt":"2024-09-29T17:19:29","slug":"transcripcion-de-documentos-traduccion-de-documentos","status":"publish","type":"page","link":"https:\/\/bizmoldova.com\/es\/transcripcion-de-documentos-traduccion-de-documentos\/","title":{"rendered":"Transcripci\u00f3n de documentos. Traducci\u00f3n de documentos"},"content":{"rendered":"\n<h2 class=\"wp-block-heading\">Transcripci\u00f3n de Documentos. Traducci\u00f3n de Documentos<\/h2>\n\n\n\n<p>\u00bfQu\u00e9 es la transcripci\u00f3n? Es la conversi\u00f3n letra por letra de nombres, apellidos y patron\u00edmicos a otro idioma, teniendo en cuenta las reglas ling\u00fc\u00edsticas. Se debe prestar especial atenci\u00f3n a la pronunciaci\u00f3n de las combinaciones de letras y de las letras mismas, ya que las reglas para escribir sonidos con letras son diferentes en distintos idiomas. Por ejemplo, en el apellido Cheban: ingl\u00e9s &#8211; Cheban, alem\u00e1n &#8211; Tscheban, rumano &#8211; Ceban.<\/p>\n\n\n\n<p>Al convertir documentos extranjeros a documentos rumanos, moldavos u otros pa\u00edses, a menudo es necesario traducir correctamente el nombre, el apellido y el patron\u00edmico. Sin embargo, es esencial recordar que, seg\u00fan las reglas de traducci\u00f3n, parad\u00f3jicamente, los nombres, los patron\u00edmicos y los apellidos no se traducen. Estos datos se transcriben.<\/p>\n\n\n\n<p>Los nombres que tienen doble escritura en ingl\u00e9s (por ejemplo, en un pasaporte ucraniano) y en rumano a menudo crean confusiones en la pr\u00e1ctica. Por ejemplo, Alexey (ingl\u00e9s) y Alexei (rumano). Tales discrepancias no pueden considerarse un error. Sin embargo, tales diferencias pueden convertirse en motivo de rechazo para aceptar documentos por parte de un organismo extranjero o incluso en el pa\u00eds de origen.<\/p>\n\n\n\n<p>La transcripci\u00f3n de documentos al rumano se lleva a cabo seg\u00fan las reglas establecidas por la legislaci\u00f3n de la Rep\u00fablica de Moldavia. Estas reglas solo se pueden eludir si el funcionario es incompetente y no las conoce. Sin embargo, en este caso, tambi\u00e9n puede suceder algo m\u00e1s. Si un funcionario es incompetente, puede violar las reglas incluso cuando hay un requisito legal de escribir \u00abcorrectamente\u00bb.<\/p>\n\n\n\n<p>La transcripci\u00f3n de documentos extranjeros para Ruman\u00eda a veces plantea preguntas. Por ejemplo, puede haber una escritura en el pasaporte, una escritura diferente en la c\u00e9dula moldava y una tercera escritura en el certificado de nacimiento. Solo los profesionales pueden brindar orientaci\u00f3n y asistencia aqu\u00ed.<\/p>\n\n\n\n<h2 class=\"wp-block-heading\">Servicio de Transcripci\u00f3n<\/h2>\n\n\n\n<p>El servicio de Transcripci\u00f3n (Transcriere) est\u00e1 disponible en nuestra empresa para los siguientes documentos: certificado de matrimonio, certificado de nacimiento, certificado de divorcio, certificado de antecedentes penales, copia del o los pasaportes, certificado de estado civil. Hay dos plazos de transcripci\u00f3n: hasta 1 mes &#8211; transcripci\u00f3n urgente. Tambi\u00e9n est\u00e1 disponible un servicio a un precio aceptable: transcripci\u00f3n en seis (6) a diez (10) meses.<\/p>\n\n\n\n<p>No olvides que, adem\u00e1s de la transcripci\u00f3n, tambi\u00e9n puede ser necesario:<\/p>\n\n\n\n<ul class=\"wp-block-list\">\n    <li>Solicitar (obtener) certificados de matrimonio, certificados de divorcio, certificados de nacimiento, certificados de antecedentes penales tanto en la Rep\u00fablica de Moldavia como en Ruman\u00eda, as\u00ed como en el extranjero, por ejemplo, en Rusia, Ucrania, Bielorrusia, Kazajist\u00e1n, Azerbaiy\u00e1n, Armenia, Tayikist\u00e1n, Uzbekist\u00e1n, Letonia, Lituania, Estonia.<\/li>\n<\/ul>\n\n\n\n<p>Todos estos servicios son proporcionados por Business Liga SRL.<\/p>\n\n\n\n<p>Puedes contactarnos usando los mensajeros: WhatsApp, Viber, Telegram<\/p>\n\n\n\n<p>+373 67666333<\/p>\n\n","protected":false},"excerpt":{"rendered":"<p>Transcripci\u00f3n de Documentos. Traducci\u00f3n de Documentos \u00bfQu\u00e9 es la transcripci\u00f3n? Es la conversi\u00f3n letra por letra de nombres, apellidos y patron\u00edmicos a otro idioma, teniendo en cuenta las reglas ling\u00fc\u00edsticas. Se debe prestar especial atenci\u00f3n a la pronunciaci\u00f3n de las combinaciones de letras y de las letras mismas, ya que las reglas para escribir sonidos &#8230; <a title=\"Transcripci\u00f3n de documentos. Traducci\u00f3n de documentos\" class=\"read-more\" href=\"https:\/\/bizmoldova.com\/es\/transcripcion-de-documentos-traduccion-de-documentos\/\" aria-label=\"Leer m\u00e1s sobre Transcripci\u00f3n de documentos. Traducci\u00f3n de documentos\">Leer m\u00e1s<\/a><\/p>\n","protected":false},"author":1,"featured_media":0,"parent":0,"menu_order":0,"comment_status":"closed","ping_status":"closed","template":"","meta":{"_acf_changed":false,"footnotes":""},"class_list":["post-36","page","type-page","status-publish"],"acf":[],"yoast_head":"<!-- This site is optimized with the Yoast SEO plugin v27.3 - https:\/\/yoast.com\/product\/yoast-seo-wordpress\/ -->\n<title>Transcripci\u00f3n de documentos. Traducci\u00f3n de documentos - Documentos Moldavia. Apostilla, Legalizaci\u00f3n, Nostrificaci\u00f3n, Traducciones<\/title>\n<meta name=\"robots\" content=\"index, follow, max-snippet:-1, max-image-preview:large, max-video-preview:-1\" \/>\n<link rel=\"canonical\" href=\"https:\/\/bizmoldova.com\/es\/transcripcion-de-documentos-traduccion-de-documentos\/\" \/>\n<meta property=\"og:locale\" content=\"es_ES\" \/>\n<meta property=\"og:type\" content=\"article\" \/>\n<meta property=\"og:title\" content=\"Transcripci\u00f3n de documentos. Traducci\u00f3n de documentos - Documentos Moldavia. Apostilla, Legalizaci\u00f3n, Nostrificaci\u00f3n, Traducciones\" \/>\n<meta property=\"og:description\" content=\"Transcripci\u00f3n de Documentos. Traducci\u00f3n de Documentos \u00bfQu\u00e9 es la transcripci\u00f3n? Es la conversi\u00f3n letra por letra de nombres, apellidos y patron\u00edmicos a otro idioma, teniendo en cuenta las reglas ling\u00fc\u00edsticas. Se debe prestar especial atenci\u00f3n a la pronunciaci\u00f3n de las combinaciones de letras y de las letras mismas, ya que las reglas para escribir sonidos ... Leer m\u00e1s\" \/>\n<meta property=\"og:url\" content=\"https:\/\/bizmoldova.com\/es\/transcripcion-de-documentos-traduccion-de-documentos\/\" \/>\n<meta property=\"og:site_name\" content=\"Documentos Moldavia. Apostilla, Legalizaci\u00f3n, Nostrificaci\u00f3n, Traducciones\" \/>\n<meta property=\"article:modified_time\" content=\"2024-09-29T17:19:29+00:00\" \/>\n<meta name=\"twitter:card\" content=\"summary_large_image\" \/>\n<meta name=\"twitter:label1\" content=\"Tiempo de lectura\" \/>\n\t<meta name=\"twitter:data1\" content=\"3 minutos\" \/>\n<script type=\"application\/ld+json\" class=\"yoast-schema-graph\">{\"@context\":\"https:\\\/\\\/schema.org\",\"@graph\":[{\"@type\":\"WebPage\",\"@id\":\"https:\\\/\\\/bizmoldova.com\\\/es\\\/transcripcion-de-documentos-traduccion-de-documentos\\\/\",\"url\":\"https:\\\/\\\/bizmoldova.com\\\/es\\\/transcripcion-de-documentos-traduccion-de-documentos\\\/\",\"name\":\"Transcripci\u00f3n de documentos. Traducci\u00f3n de documentos - Documentos Moldavia. Apostilla, Legalizaci\u00f3n, Nostrificaci\u00f3n, Traducciones\",\"isPartOf\":{\"@id\":\"https:\\\/\\\/bizmoldova.com\\\/es\\\/#website\"},\"datePublished\":\"2024-09-29T17:19:28+00:00\",\"dateModified\":\"2024-09-29T17:19:29+00:00\",\"breadcrumb\":{\"@id\":\"https:\\\/\\\/bizmoldova.com\\\/es\\\/transcripcion-de-documentos-traduccion-de-documentos\\\/#breadcrumb\"},\"inLanguage\":\"es\",\"potentialAction\":[{\"@type\":\"ReadAction\",\"target\":[\"https:\\\/\\\/bizmoldova.com\\\/es\\\/transcripcion-de-documentos-traduccion-de-documentos\\\/\"]}]},{\"@type\":\"BreadcrumbList\",\"@id\":\"https:\\\/\\\/bizmoldova.com\\\/es\\\/transcripcion-de-documentos-traduccion-de-documentos\\\/#breadcrumb\",\"itemListElement\":[{\"@type\":\"ListItem\",\"position\":1,\"name\":\"Home\",\"item\":\"https:\\\/\\\/bizmoldova.com\\\/es\\\/\"},{\"@type\":\"ListItem\",\"position\":2,\"name\":\"Transcripci\u00f3n de documentos. Traducci\u00f3n de documentos\"}]},{\"@type\":\"WebSite\",\"@id\":\"https:\\\/\\\/bizmoldova.com\\\/es\\\/#website\",\"url\":\"https:\\\/\\\/bizmoldova.com\\\/es\\\/\",\"name\":\"Documentos Moldavia. Apostilla, Legalizaci\u00f3n, Nostrificaci\u00f3n, Traducciones\",\"description\":\"Servicios Jur\u00eddicos Moldova\",\"potentialAction\":[{\"@type\":\"SearchAction\",\"target\":{\"@type\":\"EntryPoint\",\"urlTemplate\":\"https:\\\/\\\/bizmoldova.com\\\/es\\\/?s={search_term_string}\"},\"query-input\":{\"@type\":\"PropertyValueSpecification\",\"valueRequired\":true,\"valueName\":\"search_term_string\"}}],\"inLanguage\":\"es\"}]}<\/script>\n<!-- \/ Yoast SEO plugin. -->","yoast_head_json":{"title":"Transcripci\u00f3n de documentos. Traducci\u00f3n de documentos - Documentos Moldavia. Apostilla, Legalizaci\u00f3n, Nostrificaci\u00f3n, Traducciones","robots":{"index":"index","follow":"follow","max-snippet":"max-snippet:-1","max-image-preview":"max-image-preview:large","max-video-preview":"max-video-preview:-1"},"canonical":"https:\/\/bizmoldova.com\/es\/transcripcion-de-documentos-traduccion-de-documentos\/","og_locale":"es_ES","og_type":"article","og_title":"Transcripci\u00f3n de documentos. Traducci\u00f3n de documentos - Documentos Moldavia. Apostilla, Legalizaci\u00f3n, Nostrificaci\u00f3n, Traducciones","og_description":"Transcripci\u00f3n de Documentos. Traducci\u00f3n de Documentos \u00bfQu\u00e9 es la transcripci\u00f3n? Es la conversi\u00f3n letra por letra de nombres, apellidos y patron\u00edmicos a otro idioma, teniendo en cuenta las reglas ling\u00fc\u00edsticas. Se debe prestar especial atenci\u00f3n a la pronunciaci\u00f3n de las combinaciones de letras y de las letras mismas, ya que las reglas para escribir sonidos ... Leer m\u00e1s","og_url":"https:\/\/bizmoldova.com\/es\/transcripcion-de-documentos-traduccion-de-documentos\/","og_site_name":"Documentos Moldavia. Apostilla, Legalizaci\u00f3n, Nostrificaci\u00f3n, Traducciones","article_modified_time":"2024-09-29T17:19:29+00:00","twitter_card":"summary_large_image","twitter_misc":{"Tiempo de lectura":"3 minutos"},"schema":{"@context":"https:\/\/schema.org","@graph":[{"@type":"WebPage","@id":"https:\/\/bizmoldova.com\/es\/transcripcion-de-documentos-traduccion-de-documentos\/","url":"https:\/\/bizmoldova.com\/es\/transcripcion-de-documentos-traduccion-de-documentos\/","name":"Transcripci\u00f3n de documentos. Traducci\u00f3n de documentos - Documentos Moldavia. Apostilla, Legalizaci\u00f3n, Nostrificaci\u00f3n, Traducciones","isPartOf":{"@id":"https:\/\/bizmoldova.com\/es\/#website"},"datePublished":"2024-09-29T17:19:28+00:00","dateModified":"2024-09-29T17:19:29+00:00","breadcrumb":{"@id":"https:\/\/bizmoldova.com\/es\/transcripcion-de-documentos-traduccion-de-documentos\/#breadcrumb"},"inLanguage":"es","potentialAction":[{"@type":"ReadAction","target":["https:\/\/bizmoldova.com\/es\/transcripcion-de-documentos-traduccion-de-documentos\/"]}]},{"@type":"BreadcrumbList","@id":"https:\/\/bizmoldova.com\/es\/transcripcion-de-documentos-traduccion-de-documentos\/#breadcrumb","itemListElement":[{"@type":"ListItem","position":1,"name":"Home","item":"https:\/\/bizmoldova.com\/es\/"},{"@type":"ListItem","position":2,"name":"Transcripci\u00f3n de documentos. Traducci\u00f3n de documentos"}]},{"@type":"WebSite","@id":"https:\/\/bizmoldova.com\/es\/#website","url":"https:\/\/bizmoldova.com\/es\/","name":"Documentos Moldavia. Apostilla, Legalizaci\u00f3n, Nostrificaci\u00f3n, Traducciones","description":"Servicios Jur\u00eddicos Moldova","potentialAction":[{"@type":"SearchAction","target":{"@type":"EntryPoint","urlTemplate":"https:\/\/bizmoldova.com\/es\/?s={search_term_string}"},"query-input":{"@type":"PropertyValueSpecification","valueRequired":true,"valueName":"search_term_string"}}],"inLanguage":"es"}]}},"_links":{"self":[{"href":"https:\/\/bizmoldova.com\/es\/wp-json\/wp\/v2\/pages\/36","targetHints":{"allow":["GET"]}}],"collection":[{"href":"https:\/\/bizmoldova.com\/es\/wp-json\/wp\/v2\/pages"}],"about":[{"href":"https:\/\/bizmoldova.com\/es\/wp-json\/wp\/v2\/types\/page"}],"author":[{"embeddable":true,"href":"https:\/\/bizmoldova.com\/es\/wp-json\/wp\/v2\/users\/1"}],"replies":[{"embeddable":true,"href":"https:\/\/bizmoldova.com\/es\/wp-json\/wp\/v2\/comments?post=36"}],"version-history":[{"count":1,"href":"https:\/\/bizmoldova.com\/es\/wp-json\/wp\/v2\/pages\/36\/revisions"}],"predecessor-version":[{"id":37,"href":"https:\/\/bizmoldova.com\/es\/wp-json\/wp\/v2\/pages\/36\/revisions\/37"}],"wp:attachment":[{"href":"https:\/\/bizmoldova.com\/es\/wp-json\/wp\/v2\/media?parent=36"}],"curies":[{"name":"wp","href":"https:\/\/api.w.org\/{rel}","templated":true}]}}