{"id":34,"date":"2024-09-29T17:07:01","date_gmt":"2024-09-29T17:07:01","guid":{"rendered":"https:\/\/bizmoldova.com\/es\/?page_id=34"},"modified":"2024-09-29T17:07:01","modified_gmt":"2024-09-29T17:07:01","slug":"%d1%81iudadania-rumana","status":"publish","type":"page","link":"https:\/\/bizmoldova.com\/es\/%d1%81iudadania-rumana\/","title":{"rendered":"\u0421iudadan\u00eda rumana"},"content":{"rendered":"<h2 class=\"wp-block-heading\">Formas de adquirir la ciudadan\u00eda rumana<\/h2>\n<p>La ciudadan\u00eda rumana se puede adquirir de las siguientes maneras:<\/p>\n<ul>\n<li>por nacimiento<\/li>\n<li>a trav\u00e9s de la adopci\u00f3n<\/li>\n<li>por solicitud<\/li>\n<\/ul>\n<h3 class=\"wp-block-heading\">Adquisici\u00f3n de la ciudadan\u00eda rumana por nacimiento<\/h3>\n<p>Los ni\u00f1os nacidos en Ruman\u00eda de ciudadanos rumanos son ciudadanos de Ruman\u00eda.<\/p>\n<p>Tambi\u00e9n son ciudadanos de Ruman\u00eda aquellos que:<\/p>\n<ul>\n<li>nacieron en el territorio de Ruman\u00eda, incluso si solo uno de los padres es ciudadano rumano;<\/li>\n<li>nacieron en el extranjero, y ambos padres o uno de ellos tiene la ciudadan\u00eda rumana.<\/li>\n<\/ul>\n<p>Un ni\u00f1o encontrado en el territorio de Ruman\u00eda se considera ciudadano rumano si sus padres son desconocidos.<\/p>\n<p>La ciudadan\u00eda rumana se adquiere por parte de un ni\u00f1o extranjero o ap\u00e1trida a trav\u00e9s de la adopci\u00f3n, si los adoptantes son ciudadanos rumanos y el adoptado no ha alcanzado los 18 a\u00f1os.<\/p>\n<h3 class=\"wp-block-heading\">Adquisici\u00f3n de la ciudadan\u00eda rumana por solicitud en base a condiciones legales<\/h3>\n<p>La ciudadan\u00eda rumana puede ser otorgada a solicitud de una persona ap\u00e1trida o un ciudadano extranjero, si se cumplen las siguientes condiciones:<\/p>\n<ul>\n<li>naci\u00f3 y reside en el momento de presentar la solicitud en el territorio de Ruman\u00eda;<\/li>\n<li>a pesar de no haber nacido en este territorio, reside en el territorio de Ruman\u00eda legalmente durante al menos 8 a\u00f1os;<\/li>\n<li>en caso de estar casado y residir con un ciudadano rumano, por lo menos 5 a\u00f1os desde la fecha de matrimonio;<\/li>\n<li>demuestra su comportamiento, acciones y lealtad al estado rumano y declara que no ha realizado ni apoyado, as\u00ed como tampoco ha realizado o apoyado en el pasado acciones contra el orden p\u00fablico o la seguridad nacional;<\/li>\n<li>tiene al menos 18 a\u00f1os;<\/li>\n<li>tiene medios de subsistencia legales en Ruman\u00eda, de acuerdo con la legislaci\u00f3n sobre el r\u00e9gimen de extranjeros;<\/li>\n<li>es conocido por su buen comportamiento y no ha sido condenado ni en Ruman\u00eda ni en el extranjero por un delito que lo haga indeseable como ciudadano rumano;<\/li>\n<li>conoce el idioma rumano y posee conocimientos elementales sobre la cultura y civilizaci\u00f3n rumanas suficientes para integrarse en la vida social;<\/li>\n<li>conoce las disposiciones de la Constituci\u00f3n de Ruman\u00eda y el himno nacional.<\/li>\n<\/ul>\n<p>La aprobaci\u00f3n de las solicitudes de concesi\u00f3n o restauraci\u00f3n de la ciudadan\u00eda rumana se realiza mediante una decisi\u00f3n del Gobierno, que eval\u00faa las propuestas del Ministro de Justicia.<\/p>\n<h3 class=\"wp-block-heading\">Solicitud de concesi\u00f3n de la ciudadan\u00eda rumana<\/h3>\n<p>se presenta en persona o, en casos justificados, a trav\u00e9s de un representante con un poder notarial especial (o un poder debidamente elaborado, por ejemplo, en el consulado) y debe ir acompa\u00f1ada de documentos que confirmen el cumplimiento de las condiciones legales para presentar documentos y obtener la ciudadan\u00eda rumana.<\/p>\n<p>La solicitud de concesi\u00f3n de la ciudadan\u00eda rumana se env\u00eda a la comisi\u00f3n para establecer las condiciones de concesi\u00f3n de la ciudadan\u00eda, que funciona bajo el Ministerio de Justicia.<\/p>\n<p>La comisi\u00f3n dispone, a expensas del solicitante, la publicaci\u00f3n de un extracto de la solicitud de concesi\u00f3n de la ciudadan\u00eda rumana en el Monitor Oficial de Ruman\u00eda.<\/p>\n<p>La consideraci\u00f3n de la solicitud por parte de la comisi\u00f3n solo puede llevarse a cabo despu\u00e9s de 30 d\u00edas desde la fecha de su publicaci\u00f3n.<\/p>\n<p>La persona a la que se le concede la ciudadan\u00eda rumana con la residencia establecida en el pa\u00eds presenta un juramento de lealtad a Ruman\u00eda dentro de los 6 meses ante el Ministro de Justicia o un secretario de estado especialmente delegado para este fin.<\/p>\n<p>Una persona que ha recibido la ciudadan\u00eda rumana mientras reside en el extranjero presenta el juramento de lealtad ante el jefe de la misi\u00f3n diplom\u00e1tica o consular de Ruman\u00eda en el pa\u00eds de residencia.<\/p>\n<h3 class=\"wp-block-heading\">La ciudadan\u00eda rumana se adquiere a partir de la fecha de aceptaci\u00f3n del juramento de lealtad al estado rumano<\/h3>\n<p>Despu\u00e9s de aceptar el juramento, el Ministro de Justicia o el jefe de la misi\u00f3n diplom\u00e1tica o consular emite a la persona a la que se le otorg\u00f3 la ciudadan\u00eda un certificado con la fotograf\u00eda del propietario. En caso de que los ni\u00f1os menores adquieran la ciudadan\u00eda junto con sus padres, ser\u00e1n incluidos en el certificado.<\/p>\n<p>P\u00e9rdida de la ciudadan\u00eda rumana<\/p>\n<p>La ciudadan\u00eda rumana se pierde en los siguientes casos:<\/p>\n<ul>\n<li>revocaci\u00f3n de la ciudadan\u00eda<\/li>\n<p>    &#8230;\n<\/ul>\n","protected":false},"excerpt":{"rendered":"<p>Formas de adquirir la ciudadan\u00eda rumana La ciudadan\u00eda rumana se puede adquirir de las siguientes maneras: por nacimiento a trav\u00e9s de la adopci\u00f3n por solicitud Adquisici\u00f3n de la ciudadan\u00eda rumana por nacimiento Los ni\u00f1os nacidos en Ruman\u00eda de ciudadanos rumanos son ciudadanos de Ruman\u00eda. Tambi\u00e9n son ciudadanos de Ruman\u00eda aquellos que: nacieron en el territorio &#8230; <a title=\"\u0421iudadan\u00eda rumana\" class=\"read-more\" href=\"https:\/\/bizmoldova.com\/es\/%d1%81iudadania-rumana\/\" aria-label=\"Leer m\u00e1s sobre \u0421iudadan\u00eda rumana\">Leer m\u00e1s<\/a><\/p>\n","protected":false},"author":1,"featured_media":0,"parent":0,"menu_order":0,"comment_status":"closed","ping_status":"closed","template":"","meta":{"_acf_changed":false,"footnotes":""},"class_list":["post-34","page","type-page","status-publish"],"acf":[],"yoast_head":"<!-- This site is optimized with the Yoast SEO plugin v27.3 - https:\/\/yoast.com\/product\/yoast-seo-wordpress\/ -->\n<title>\u0421iudadan\u00eda rumana - Documentos Moldavia. Apostilla, Legalizaci\u00f3n, Nostrificaci\u00f3n, Traducciones<\/title>\n<meta name=\"robots\" content=\"index, follow, max-snippet:-1, max-image-preview:large, max-video-preview:-1\" \/>\n<link rel=\"canonical\" href=\"https:\/\/bizmoldova.com\/es\/\u0441iudadania-rumana\/\" \/>\n<meta property=\"og:locale\" content=\"es_ES\" \/>\n<meta property=\"og:type\" content=\"article\" \/>\n<meta property=\"og:title\" content=\"\u0421iudadan\u00eda rumana - Documentos Moldavia. Apostilla, Legalizaci\u00f3n, Nostrificaci\u00f3n, Traducciones\" \/>\n<meta property=\"og:description\" content=\"Formas de adquirir la ciudadan\u00eda rumana La ciudadan\u00eda rumana se puede adquirir de las siguientes maneras: por nacimiento a trav\u00e9s de la adopci\u00f3n por solicitud Adquisici\u00f3n de la ciudadan\u00eda rumana por nacimiento Los ni\u00f1os nacidos en Ruman\u00eda de ciudadanos rumanos son ciudadanos de Ruman\u00eda. Tambi\u00e9n son ciudadanos de Ruman\u00eda aquellos que: nacieron en el territorio ... Leer m\u00e1s\" \/>\n<meta property=\"og:url\" content=\"https:\/\/bizmoldova.com\/es\/\u0441iudadania-rumana\/\" \/>\n<meta property=\"og:site_name\" content=\"Documentos Moldavia. Apostilla, Legalizaci\u00f3n, Nostrificaci\u00f3n, Traducciones\" \/>\n<meta name=\"twitter:card\" content=\"summary_large_image\" \/>\n<meta name=\"twitter:label1\" content=\"Tiempo de lectura\" \/>\n\t<meta name=\"twitter:data1\" content=\"4 minutos\" \/>\n<script type=\"application\/ld+json\" class=\"yoast-schema-graph\">{\"@context\":\"https:\\\/\\\/schema.org\",\"@graph\":[{\"@type\":\"WebPage\",\"@id\":\"https:\\\/\\\/bizmoldova.com\\\/es\\\/%d1%81iudadania-rumana\\\/\",\"url\":\"https:\\\/\\\/bizmoldova.com\\\/es\\\/%d1%81iudadania-rumana\\\/\",\"name\":\"\u0421iudadan\u00eda rumana - Documentos Moldavia. Apostilla, Legalizaci\u00f3n, Nostrificaci\u00f3n, Traducciones\",\"isPartOf\":{\"@id\":\"https:\\\/\\\/bizmoldova.com\\\/es\\\/#website\"},\"datePublished\":\"2024-09-29T17:07:01+00:00\",\"breadcrumb\":{\"@id\":\"https:\\\/\\\/bizmoldova.com\\\/es\\\/%d1%81iudadania-rumana\\\/#breadcrumb\"},\"inLanguage\":\"es\",\"potentialAction\":[{\"@type\":\"ReadAction\",\"target\":[\"https:\\\/\\\/bizmoldova.com\\\/es\\\/%d1%81iudadania-rumana\\\/\"]}]},{\"@type\":\"BreadcrumbList\",\"@id\":\"https:\\\/\\\/bizmoldova.com\\\/es\\\/%d1%81iudadania-rumana\\\/#breadcrumb\",\"itemListElement\":[{\"@type\":\"ListItem\",\"position\":1,\"name\":\"Home\",\"item\":\"https:\\\/\\\/bizmoldova.com\\\/es\\\/\"},{\"@type\":\"ListItem\",\"position\":2,\"name\":\"\u0421iudadan\u00eda rumana\"}]},{\"@type\":\"WebSite\",\"@id\":\"https:\\\/\\\/bizmoldova.com\\\/es\\\/#website\",\"url\":\"https:\\\/\\\/bizmoldova.com\\\/es\\\/\",\"name\":\"Documentos Moldavia. Apostilla, Legalizaci\u00f3n, Nostrificaci\u00f3n, Traducciones\",\"description\":\"Servicios Jur\u00eddicos Moldova\",\"potentialAction\":[{\"@type\":\"SearchAction\",\"target\":{\"@type\":\"EntryPoint\",\"urlTemplate\":\"https:\\\/\\\/bizmoldova.com\\\/es\\\/?s={search_term_string}\"},\"query-input\":{\"@type\":\"PropertyValueSpecification\",\"valueRequired\":true,\"valueName\":\"search_term_string\"}}],\"inLanguage\":\"es\"}]}<\/script>\n<!-- \/ Yoast SEO plugin. -->","yoast_head_json":{"title":"\u0421iudadan\u00eda rumana - Documentos Moldavia. Apostilla, Legalizaci\u00f3n, Nostrificaci\u00f3n, Traducciones","robots":{"index":"index","follow":"follow","max-snippet":"max-snippet:-1","max-image-preview":"max-image-preview:large","max-video-preview":"max-video-preview:-1"},"canonical":"https:\/\/bizmoldova.com\/es\/\u0441iudadania-rumana\/","og_locale":"es_ES","og_type":"article","og_title":"\u0421iudadan\u00eda rumana - Documentos Moldavia. Apostilla, Legalizaci\u00f3n, Nostrificaci\u00f3n, Traducciones","og_description":"Formas de adquirir la ciudadan\u00eda rumana La ciudadan\u00eda rumana se puede adquirir de las siguientes maneras: por nacimiento a trav\u00e9s de la adopci\u00f3n por solicitud Adquisici\u00f3n de la ciudadan\u00eda rumana por nacimiento Los ni\u00f1os nacidos en Ruman\u00eda de ciudadanos rumanos son ciudadanos de Ruman\u00eda. Tambi\u00e9n son ciudadanos de Ruman\u00eda aquellos que: nacieron en el territorio ... Leer m\u00e1s","og_url":"https:\/\/bizmoldova.com\/es\/\u0441iudadania-rumana\/","og_site_name":"Documentos Moldavia. Apostilla, Legalizaci\u00f3n, Nostrificaci\u00f3n, Traducciones","twitter_card":"summary_large_image","twitter_misc":{"Tiempo de lectura":"4 minutos"},"schema":{"@context":"https:\/\/schema.org","@graph":[{"@type":"WebPage","@id":"https:\/\/bizmoldova.com\/es\/%d1%81iudadania-rumana\/","url":"https:\/\/bizmoldova.com\/es\/%d1%81iudadania-rumana\/","name":"\u0421iudadan\u00eda rumana - Documentos Moldavia. Apostilla, Legalizaci\u00f3n, Nostrificaci\u00f3n, Traducciones","isPartOf":{"@id":"https:\/\/bizmoldova.com\/es\/#website"},"datePublished":"2024-09-29T17:07:01+00:00","breadcrumb":{"@id":"https:\/\/bizmoldova.com\/es\/%d1%81iudadania-rumana\/#breadcrumb"},"inLanguage":"es","potentialAction":[{"@type":"ReadAction","target":["https:\/\/bizmoldova.com\/es\/%d1%81iudadania-rumana\/"]}]},{"@type":"BreadcrumbList","@id":"https:\/\/bizmoldova.com\/es\/%d1%81iudadania-rumana\/#breadcrumb","itemListElement":[{"@type":"ListItem","position":1,"name":"Home","item":"https:\/\/bizmoldova.com\/es\/"},{"@type":"ListItem","position":2,"name":"\u0421iudadan\u00eda rumana"}]},{"@type":"WebSite","@id":"https:\/\/bizmoldova.com\/es\/#website","url":"https:\/\/bizmoldova.com\/es\/","name":"Documentos Moldavia. Apostilla, Legalizaci\u00f3n, Nostrificaci\u00f3n, Traducciones","description":"Servicios Jur\u00eddicos Moldova","potentialAction":[{"@type":"SearchAction","target":{"@type":"EntryPoint","urlTemplate":"https:\/\/bizmoldova.com\/es\/?s={search_term_string}"},"query-input":{"@type":"PropertyValueSpecification","valueRequired":true,"valueName":"search_term_string"}}],"inLanguage":"es"}]}},"_links":{"self":[{"href":"https:\/\/bizmoldova.com\/es\/wp-json\/wp\/v2\/pages\/34","targetHints":{"allow":["GET"]}}],"collection":[{"href":"https:\/\/bizmoldova.com\/es\/wp-json\/wp\/v2\/pages"}],"about":[{"href":"https:\/\/bizmoldova.com\/es\/wp-json\/wp\/v2\/types\/page"}],"author":[{"embeddable":true,"href":"https:\/\/bizmoldova.com\/es\/wp-json\/wp\/v2\/users\/1"}],"replies":[{"embeddable":true,"href":"https:\/\/bizmoldova.com\/es\/wp-json\/wp\/v2\/comments?post=34"}],"version-history":[{"count":1,"href":"https:\/\/bizmoldova.com\/es\/wp-json\/wp\/v2\/pages\/34\/revisions"}],"predecessor-version":[{"id":35,"href":"https:\/\/bizmoldova.com\/es\/wp-json\/wp\/v2\/pages\/34\/revisions\/35"}],"wp:attachment":[{"href":"https:\/\/bizmoldova.com\/es\/wp-json\/wp\/v2\/media?parent=34"}],"curies":[{"name":"wp","href":"https:\/\/api.w.org\/{rel}","templated":true}]}}