{"id":32,"date":"2024-09-29T16:58:51","date_gmt":"2024-09-29T16:58:51","guid":{"rendered":"https:\/\/bizmoldova.com\/es\/?page_id=32"},"modified":"2024-09-29T16:58:51","modified_gmt":"2024-09-29T16:58:51","slug":"como-cerrar-una-srl-en-moldavia-moldova","status":"publish","type":"page","link":"https:\/\/bizmoldova.com\/es\/como-cerrar-una-srl-en-moldavia-moldova\/","title":{"rendered":"C\u00f3mo cerrar una SRL en Moldavia (Moldova)"},"content":{"rendered":"<p>Si su SRL no ha funcionado bien o si sus socios le han fallado. El tipo de actividad que eligi\u00f3 no genera ganancias. La empresa ha gastado y necesita cerrarse&#8230;<\/p>\n<p>Hay muchas razones para la disoluci\u00f3n de una empresa.<\/p>\n<p>Le ayudaremos a encontrar la soluci\u00f3n \u00f3ptima dentro del marco legal. Recuerde, solo abogados especializados con una gran experiencia pueden ayudar a resolver este tipo de cuestiones.<\/p>\n<p>Cont\u00e1ctenos si necesita cerrar su empresa (SRL &#8211; Sociedad de Responsabilidad Limitada).<\/p>\n","protected":false},"excerpt":{"rendered":"<p>Si su SRL no ha funcionado bien o si sus socios le han fallado. El tipo de actividad que eligi\u00f3 no genera ganancias. La empresa ha gastado y necesita cerrarse&#8230; Hay muchas razones para la disoluci\u00f3n de una empresa. Le ayudaremos a encontrar la soluci\u00f3n \u00f3ptima dentro del marco legal. Recuerde, solo abogados especializados con &#8230; <a title=\"C\u00f3mo cerrar una SRL en Moldavia (Moldova)\" class=\"read-more\" href=\"https:\/\/bizmoldova.com\/es\/como-cerrar-una-srl-en-moldavia-moldova\/\" aria-label=\"Leer m\u00e1s sobre C\u00f3mo cerrar una SRL en Moldavia (Moldova)\">Leer m\u00e1s<\/a><\/p>\n","protected":false},"author":1,"featured_media":0,"parent":0,"menu_order":0,"comment_status":"closed","ping_status":"closed","template":"","meta":{"_acf_changed":false,"footnotes":""},"class_list":["post-32","page","type-page","status-publish"],"acf":[],"yoast_head":"<!-- This site is optimized with the Yoast SEO plugin v27.3 - https:\/\/yoast.com\/product\/yoast-seo-wordpress\/ -->\n<title>C\u00f3mo cerrar una SRL en Moldavia (Moldova) - Documentos Moldavia. Apostilla, Legalizaci\u00f3n, Nostrificaci\u00f3n, Traducciones<\/title>\n<meta name=\"robots\" content=\"index, follow, max-snippet:-1, max-image-preview:large, max-video-preview:-1\" \/>\n<link rel=\"canonical\" href=\"https:\/\/bizmoldova.com\/es\/como-cerrar-una-srl-en-moldavia-moldova\/\" \/>\n<meta property=\"og:locale\" content=\"es_ES\" \/>\n<meta property=\"og:type\" content=\"article\" \/>\n<meta property=\"og:title\" content=\"C\u00f3mo cerrar una SRL en Moldavia (Moldova) - Documentos Moldavia. Apostilla, Legalizaci\u00f3n, Nostrificaci\u00f3n, Traducciones\" \/>\n<meta property=\"og:description\" content=\"Si su SRL no ha funcionado bien o si sus socios le han fallado. El tipo de actividad que eligi\u00f3 no genera ganancias. La empresa ha gastado y necesita cerrarse&#8230; Hay muchas razones para la disoluci\u00f3n de una empresa. Le ayudaremos a encontrar la soluci\u00f3n \u00f3ptima dentro del marco legal. Recuerde, solo abogados especializados con ... Leer m\u00e1s\" \/>\n<meta property=\"og:url\" content=\"https:\/\/bizmoldova.com\/es\/como-cerrar-una-srl-en-moldavia-moldova\/\" \/>\n<meta property=\"og:site_name\" content=\"Documentos Moldavia. Apostilla, Legalizaci\u00f3n, Nostrificaci\u00f3n, Traducciones\" \/>\n<meta name=\"twitter:card\" content=\"summary_large_image\" \/>\n<meta name=\"twitter:label1\" content=\"Tiempo de lectura\" \/>\n\t<meta name=\"twitter:data1\" content=\"1 minuto\" \/>\n<script type=\"application\/ld+json\" class=\"yoast-schema-graph\">{\"@context\":\"https:\\\/\\\/schema.org\",\"@graph\":[{\"@type\":\"WebPage\",\"@id\":\"https:\\\/\\\/bizmoldova.com\\\/es\\\/como-cerrar-una-srl-en-moldavia-moldova\\\/\",\"url\":\"https:\\\/\\\/bizmoldova.com\\\/es\\\/como-cerrar-una-srl-en-moldavia-moldova\\\/\",\"name\":\"C\u00f3mo cerrar una SRL en Moldavia (Moldova) - Documentos Moldavia. Apostilla, Legalizaci\u00f3n, Nostrificaci\u00f3n, Traducciones\",\"isPartOf\":{\"@id\":\"https:\\\/\\\/bizmoldova.com\\\/es\\\/#website\"},\"datePublished\":\"2024-09-29T16:58:51+00:00\",\"breadcrumb\":{\"@id\":\"https:\\\/\\\/bizmoldova.com\\\/es\\\/como-cerrar-una-srl-en-moldavia-moldova\\\/#breadcrumb\"},\"inLanguage\":\"es\",\"potentialAction\":[{\"@type\":\"ReadAction\",\"target\":[\"https:\\\/\\\/bizmoldova.com\\\/es\\\/como-cerrar-una-srl-en-moldavia-moldova\\\/\"]}]},{\"@type\":\"BreadcrumbList\",\"@id\":\"https:\\\/\\\/bizmoldova.com\\\/es\\\/como-cerrar-una-srl-en-moldavia-moldova\\\/#breadcrumb\",\"itemListElement\":[{\"@type\":\"ListItem\",\"position\":1,\"name\":\"Home\",\"item\":\"https:\\\/\\\/bizmoldova.com\\\/es\\\/\"},{\"@type\":\"ListItem\",\"position\":2,\"name\":\"C\u00f3mo cerrar una SRL en Moldavia (Moldova)\"}]},{\"@type\":\"WebSite\",\"@id\":\"https:\\\/\\\/bizmoldova.com\\\/es\\\/#website\",\"url\":\"https:\\\/\\\/bizmoldova.com\\\/es\\\/\",\"name\":\"Documentos Moldavia. Apostilla, Legalizaci\u00f3n, Nostrificaci\u00f3n, Traducciones\",\"description\":\"Servicios Jur\u00eddicos Moldova\",\"potentialAction\":[{\"@type\":\"SearchAction\",\"target\":{\"@type\":\"EntryPoint\",\"urlTemplate\":\"https:\\\/\\\/bizmoldova.com\\\/es\\\/?s={search_term_string}\"},\"query-input\":{\"@type\":\"PropertyValueSpecification\",\"valueRequired\":true,\"valueName\":\"search_term_string\"}}],\"inLanguage\":\"es\"}]}<\/script>\n<!-- \/ Yoast SEO plugin. -->","yoast_head_json":{"title":"C\u00f3mo cerrar una SRL en Moldavia (Moldova) - Documentos Moldavia. Apostilla, Legalizaci\u00f3n, Nostrificaci\u00f3n, Traducciones","robots":{"index":"index","follow":"follow","max-snippet":"max-snippet:-1","max-image-preview":"max-image-preview:large","max-video-preview":"max-video-preview:-1"},"canonical":"https:\/\/bizmoldova.com\/es\/como-cerrar-una-srl-en-moldavia-moldova\/","og_locale":"es_ES","og_type":"article","og_title":"C\u00f3mo cerrar una SRL en Moldavia (Moldova) - Documentos Moldavia. Apostilla, Legalizaci\u00f3n, Nostrificaci\u00f3n, Traducciones","og_description":"Si su SRL no ha funcionado bien o si sus socios le han fallado. El tipo de actividad que eligi\u00f3 no genera ganancias. La empresa ha gastado y necesita cerrarse&#8230; Hay muchas razones para la disoluci\u00f3n de una empresa. Le ayudaremos a encontrar la soluci\u00f3n \u00f3ptima dentro del marco legal. Recuerde, solo abogados especializados con ... Leer m\u00e1s","og_url":"https:\/\/bizmoldova.com\/es\/como-cerrar-una-srl-en-moldavia-moldova\/","og_site_name":"Documentos Moldavia. Apostilla, Legalizaci\u00f3n, Nostrificaci\u00f3n, Traducciones","twitter_card":"summary_large_image","twitter_misc":{"Tiempo de lectura":"1 minuto"},"schema":{"@context":"https:\/\/schema.org","@graph":[{"@type":"WebPage","@id":"https:\/\/bizmoldova.com\/es\/como-cerrar-una-srl-en-moldavia-moldova\/","url":"https:\/\/bizmoldova.com\/es\/como-cerrar-una-srl-en-moldavia-moldova\/","name":"C\u00f3mo cerrar una SRL en Moldavia (Moldova) - Documentos Moldavia. Apostilla, Legalizaci\u00f3n, Nostrificaci\u00f3n, Traducciones","isPartOf":{"@id":"https:\/\/bizmoldova.com\/es\/#website"},"datePublished":"2024-09-29T16:58:51+00:00","breadcrumb":{"@id":"https:\/\/bizmoldova.com\/es\/como-cerrar-una-srl-en-moldavia-moldova\/#breadcrumb"},"inLanguage":"es","potentialAction":[{"@type":"ReadAction","target":["https:\/\/bizmoldova.com\/es\/como-cerrar-una-srl-en-moldavia-moldova\/"]}]},{"@type":"BreadcrumbList","@id":"https:\/\/bizmoldova.com\/es\/como-cerrar-una-srl-en-moldavia-moldova\/#breadcrumb","itemListElement":[{"@type":"ListItem","position":1,"name":"Home","item":"https:\/\/bizmoldova.com\/es\/"},{"@type":"ListItem","position":2,"name":"C\u00f3mo cerrar una SRL en Moldavia (Moldova)"}]},{"@type":"WebSite","@id":"https:\/\/bizmoldova.com\/es\/#website","url":"https:\/\/bizmoldova.com\/es\/","name":"Documentos Moldavia. Apostilla, Legalizaci\u00f3n, Nostrificaci\u00f3n, Traducciones","description":"Servicios Jur\u00eddicos Moldova","potentialAction":[{"@type":"SearchAction","target":{"@type":"EntryPoint","urlTemplate":"https:\/\/bizmoldova.com\/es\/?s={search_term_string}"},"query-input":{"@type":"PropertyValueSpecification","valueRequired":true,"valueName":"search_term_string"}}],"inLanguage":"es"}]}},"_links":{"self":[{"href":"https:\/\/bizmoldova.com\/es\/wp-json\/wp\/v2\/pages\/32","targetHints":{"allow":["GET"]}}],"collection":[{"href":"https:\/\/bizmoldova.com\/es\/wp-json\/wp\/v2\/pages"}],"about":[{"href":"https:\/\/bizmoldova.com\/es\/wp-json\/wp\/v2\/types\/page"}],"author":[{"embeddable":true,"href":"https:\/\/bizmoldova.com\/es\/wp-json\/wp\/v2\/users\/1"}],"replies":[{"embeddable":true,"href":"https:\/\/bizmoldova.com\/es\/wp-json\/wp\/v2\/comments?post=32"}],"version-history":[{"count":1,"href":"https:\/\/bizmoldova.com\/es\/wp-json\/wp\/v2\/pages\/32\/revisions"}],"predecessor-version":[{"id":33,"href":"https:\/\/bizmoldova.com\/es\/wp-json\/wp\/v2\/pages\/32\/revisions\/33"}],"wp:attachment":[{"href":"https:\/\/bizmoldova.com\/es\/wp-json\/wp\/v2\/media?parent=32"}],"curies":[{"name":"wp","href":"https:\/\/api.w.org\/{rel}","templated":true}]}}