{"id":30,"date":"2024-09-29T16:48:22","date_gmt":"2024-09-29T16:48:22","guid":{"rendered":"https:\/\/bizmoldova.com\/es\/?page_id=30"},"modified":"2024-09-29T16:48:22","modified_gmt":"2024-09-29T16:48:22","slug":"apostilla-en-moldavia-chisinau","status":"publish","type":"page","link":"https:\/\/bizmoldova.com\/es\/apostilla-en-moldavia-chisinau\/","title":{"rendered":"Apostilla en Moldavia, Chisinau"},"content":{"rendered":"<p>La Rep\u00fablica de Moldavia se encuentra entre los pa\u00edses que han renunciado a la legalizaci\u00f3n consular de documentos.<br \/>\nLa apostilla en Moldavia se ha utilizado desde el 16 de marzo de 2007; sin embargo, Moldavia se uni\u00f3 a la Convenci\u00f3n de La Haya antes.<\/p>\n<p>El \u00fanico pa\u00eds\u2014Alemania\u2014se ha opuesto a la adhesi\u00f3n de Moldavia a la Convenci\u00f3n de La Haya sobre apostillas.<br \/>\nActualmente, para reconocer los documentos moldavos en Alemania, se requiere la legalizaci\u00f3n consular para documentos de ambos pa\u00edses.<\/p>\n<h2><span style=\"line-height: 1.714285714; font-size: 1rem;\">Autoridades Moldavas y Apostilla<\/span><\/h2>\n<p>La apostilla en la Rep\u00fablica de Moldavia puede aplicarse a documentos nuevos (es decir, aquellos obtenidos en la Rep\u00fablica de Moldavia, pero no en la SSR Moldava).<\/p>\n<p>El Ministerio de Justicia aplica apostillas a los siguientes documentos: certificados de nacimiento, certificados de matrimonio, certificados de divorcio.<\/p>\n<p>Las apostillas pueden aplicarse tanto a documentos de estado civil como a documentos de personas jur\u00eddicas en la Rep\u00fablica de Moldavia.<\/p>\n<p><strong>Validez de la Apostilla<\/strong><\/p>\n<p>A menudo, nuestros clientes preguntan cu\u00e1nto tiempo es v\u00e1lida la apostilla. La apostilla en s\u00ed no tiene fecha de caducidad.<br \/>\nLo que importa es el documento al que est\u00e1 adherida la apostilla.<br \/>\nVerifique el per\u00edodo de validez en los documentos mismos. Por lo general, todas las autoridades se basan en el per\u00edodo de validez especificado en el documento.<br \/>\nPor ejemplo, un certificado de antecedentes penales de Moldavia indica un per\u00edodo de validez de 3 meses.<\/p>\n<p>En ocasiones, el per\u00edodo de validez de los documentos es establecido por las autoridades receptoras.<br \/>\nUn ejemplo es el caso del certificado de estado civil.<\/p>\n<p>Tenga en cuenta que el per\u00edodo de validez de la apostilla aplicada coincide con el del documento.<\/p>\n","protected":false},"excerpt":{"rendered":"<p>La Rep\u00fablica de Moldavia se encuentra entre los pa\u00edses que han renunciado a la legalizaci\u00f3n consular de documentos. La apostilla en Moldavia se ha utilizado desde el 16 de marzo de 2007; sin embargo, Moldavia se uni\u00f3 a la Convenci\u00f3n de La Haya antes. El \u00fanico pa\u00eds\u2014Alemania\u2014se ha opuesto a la adhesi\u00f3n de Moldavia a &#8230; <a title=\"Apostilla en Moldavia, Chisinau\" class=\"read-more\" href=\"https:\/\/bizmoldova.com\/es\/apostilla-en-moldavia-chisinau\/\" aria-label=\"Leer m\u00e1s sobre Apostilla en Moldavia, Chisinau\">Leer m\u00e1s<\/a><\/p>\n","protected":false},"author":1,"featured_media":0,"parent":0,"menu_order":0,"comment_status":"closed","ping_status":"closed","template":"","meta":{"_acf_changed":false,"footnotes":""},"class_list":["post-30","page","type-page","status-publish"],"acf":[],"yoast_head":"<!-- This site is optimized with the Yoast SEO plugin v27.3 - https:\/\/yoast.com\/product\/yoast-seo-wordpress\/ -->\n<title>Apostilla en Moldavia, Chisinau - Documentos Moldavia. Apostilla, Legalizaci\u00f3n, Nostrificaci\u00f3n, Traducciones<\/title>\n<meta name=\"robots\" content=\"index, follow, max-snippet:-1, max-image-preview:large, max-video-preview:-1\" \/>\n<link rel=\"canonical\" href=\"https:\/\/bizmoldova.com\/es\/apostilla-en-moldavia-chisinau\/\" \/>\n<meta property=\"og:locale\" content=\"es_ES\" \/>\n<meta property=\"og:type\" content=\"article\" \/>\n<meta property=\"og:title\" content=\"Apostilla en Moldavia, Chisinau - Documentos Moldavia. Apostilla, Legalizaci\u00f3n, Nostrificaci\u00f3n, Traducciones\" \/>\n<meta property=\"og:description\" content=\"La Rep\u00fablica de Moldavia se encuentra entre los pa\u00edses que han renunciado a la legalizaci\u00f3n consular de documentos. La apostilla en Moldavia se ha utilizado desde el 16 de marzo de 2007; sin embargo, Moldavia se uni\u00f3 a la Convenci\u00f3n de La Haya antes. El \u00fanico pa\u00eds\u2014Alemania\u2014se ha opuesto a la adhesi\u00f3n de Moldavia a ... Leer m\u00e1s\" \/>\n<meta property=\"og:url\" content=\"https:\/\/bizmoldova.com\/es\/apostilla-en-moldavia-chisinau\/\" \/>\n<meta property=\"og:site_name\" content=\"Documentos Moldavia. Apostilla, Legalizaci\u00f3n, Nostrificaci\u00f3n, Traducciones\" \/>\n<meta name=\"twitter:card\" content=\"summary_large_image\" \/>\n<meta name=\"twitter:label1\" content=\"Tiempo de lectura\" \/>\n\t<meta name=\"twitter:data1\" content=\"2 minutos\" \/>\n<script type=\"application\/ld+json\" class=\"yoast-schema-graph\">{\"@context\":\"https:\\\/\\\/schema.org\",\"@graph\":[{\"@type\":\"WebPage\",\"@id\":\"https:\\\/\\\/bizmoldova.com\\\/es\\\/apostilla-en-moldavia-chisinau\\\/\",\"url\":\"https:\\\/\\\/bizmoldova.com\\\/es\\\/apostilla-en-moldavia-chisinau\\\/\",\"name\":\"Apostilla en Moldavia, Chisinau - Documentos Moldavia. Apostilla, Legalizaci\u00f3n, Nostrificaci\u00f3n, Traducciones\",\"isPartOf\":{\"@id\":\"https:\\\/\\\/bizmoldova.com\\\/es\\\/#website\"},\"datePublished\":\"2024-09-29T16:48:22+00:00\",\"breadcrumb\":{\"@id\":\"https:\\\/\\\/bizmoldova.com\\\/es\\\/apostilla-en-moldavia-chisinau\\\/#breadcrumb\"},\"inLanguage\":\"es\",\"potentialAction\":[{\"@type\":\"ReadAction\",\"target\":[\"https:\\\/\\\/bizmoldova.com\\\/es\\\/apostilla-en-moldavia-chisinau\\\/\"]}]},{\"@type\":\"BreadcrumbList\",\"@id\":\"https:\\\/\\\/bizmoldova.com\\\/es\\\/apostilla-en-moldavia-chisinau\\\/#breadcrumb\",\"itemListElement\":[{\"@type\":\"ListItem\",\"position\":1,\"name\":\"Home\",\"item\":\"https:\\\/\\\/bizmoldova.com\\\/es\\\/\"},{\"@type\":\"ListItem\",\"position\":2,\"name\":\"Apostilla en Moldavia, Chisinau\"}]},{\"@type\":\"WebSite\",\"@id\":\"https:\\\/\\\/bizmoldova.com\\\/es\\\/#website\",\"url\":\"https:\\\/\\\/bizmoldova.com\\\/es\\\/\",\"name\":\"Documentos Moldavia. Apostilla, Legalizaci\u00f3n, Nostrificaci\u00f3n, Traducciones\",\"description\":\"Servicios Jur\u00eddicos Moldova\",\"potentialAction\":[{\"@type\":\"SearchAction\",\"target\":{\"@type\":\"EntryPoint\",\"urlTemplate\":\"https:\\\/\\\/bizmoldova.com\\\/es\\\/?s={search_term_string}\"},\"query-input\":{\"@type\":\"PropertyValueSpecification\",\"valueRequired\":true,\"valueName\":\"search_term_string\"}}],\"inLanguage\":\"es\"}]}<\/script>\n<!-- \/ Yoast SEO plugin. -->","yoast_head_json":{"title":"Apostilla en Moldavia, Chisinau - Documentos Moldavia. Apostilla, Legalizaci\u00f3n, Nostrificaci\u00f3n, Traducciones","robots":{"index":"index","follow":"follow","max-snippet":"max-snippet:-1","max-image-preview":"max-image-preview:large","max-video-preview":"max-video-preview:-1"},"canonical":"https:\/\/bizmoldova.com\/es\/apostilla-en-moldavia-chisinau\/","og_locale":"es_ES","og_type":"article","og_title":"Apostilla en Moldavia, Chisinau - Documentos Moldavia. Apostilla, Legalizaci\u00f3n, Nostrificaci\u00f3n, Traducciones","og_description":"La Rep\u00fablica de Moldavia se encuentra entre los pa\u00edses que han renunciado a la legalizaci\u00f3n consular de documentos. La apostilla en Moldavia se ha utilizado desde el 16 de marzo de 2007; sin embargo, Moldavia se uni\u00f3 a la Convenci\u00f3n de La Haya antes. El \u00fanico pa\u00eds\u2014Alemania\u2014se ha opuesto a la adhesi\u00f3n de Moldavia a ... Leer m\u00e1s","og_url":"https:\/\/bizmoldova.com\/es\/apostilla-en-moldavia-chisinau\/","og_site_name":"Documentos Moldavia. Apostilla, Legalizaci\u00f3n, Nostrificaci\u00f3n, Traducciones","twitter_card":"summary_large_image","twitter_misc":{"Tiempo de lectura":"2 minutos"},"schema":{"@context":"https:\/\/schema.org","@graph":[{"@type":"WebPage","@id":"https:\/\/bizmoldova.com\/es\/apostilla-en-moldavia-chisinau\/","url":"https:\/\/bizmoldova.com\/es\/apostilla-en-moldavia-chisinau\/","name":"Apostilla en Moldavia, Chisinau - Documentos Moldavia. Apostilla, Legalizaci\u00f3n, Nostrificaci\u00f3n, Traducciones","isPartOf":{"@id":"https:\/\/bizmoldova.com\/es\/#website"},"datePublished":"2024-09-29T16:48:22+00:00","breadcrumb":{"@id":"https:\/\/bizmoldova.com\/es\/apostilla-en-moldavia-chisinau\/#breadcrumb"},"inLanguage":"es","potentialAction":[{"@type":"ReadAction","target":["https:\/\/bizmoldova.com\/es\/apostilla-en-moldavia-chisinau\/"]}]},{"@type":"BreadcrumbList","@id":"https:\/\/bizmoldova.com\/es\/apostilla-en-moldavia-chisinau\/#breadcrumb","itemListElement":[{"@type":"ListItem","position":1,"name":"Home","item":"https:\/\/bizmoldova.com\/es\/"},{"@type":"ListItem","position":2,"name":"Apostilla en Moldavia, Chisinau"}]},{"@type":"WebSite","@id":"https:\/\/bizmoldova.com\/es\/#website","url":"https:\/\/bizmoldova.com\/es\/","name":"Documentos Moldavia. Apostilla, Legalizaci\u00f3n, Nostrificaci\u00f3n, Traducciones","description":"Servicios Jur\u00eddicos Moldova","potentialAction":[{"@type":"SearchAction","target":{"@type":"EntryPoint","urlTemplate":"https:\/\/bizmoldova.com\/es\/?s={search_term_string}"},"query-input":{"@type":"PropertyValueSpecification","valueRequired":true,"valueName":"search_term_string"}}],"inLanguage":"es"}]}},"_links":{"self":[{"href":"https:\/\/bizmoldova.com\/es\/wp-json\/wp\/v2\/pages\/30","targetHints":{"allow":["GET"]}}],"collection":[{"href":"https:\/\/bizmoldova.com\/es\/wp-json\/wp\/v2\/pages"}],"about":[{"href":"https:\/\/bizmoldova.com\/es\/wp-json\/wp\/v2\/types\/page"}],"author":[{"embeddable":true,"href":"https:\/\/bizmoldova.com\/es\/wp-json\/wp\/v2\/users\/1"}],"replies":[{"embeddable":true,"href":"https:\/\/bizmoldova.com\/es\/wp-json\/wp\/v2\/comments?post=30"}],"version-history":[{"count":1,"href":"https:\/\/bizmoldova.com\/es\/wp-json\/wp\/v2\/pages\/30\/revisions"}],"predecessor-version":[{"id":31,"href":"https:\/\/bizmoldova.com\/es\/wp-json\/wp\/v2\/pages\/30\/revisions\/31"}],"wp:attachment":[{"href":"https:\/\/bizmoldova.com\/es\/wp-json\/wp\/v2\/media?parent=30"}],"curies":[{"name":"wp","href":"https:\/\/api.w.org\/{rel}","templated":true}]}}