{"id":28,"date":"2024-09-29T16:38:22","date_gmt":"2024-09-29T16:38:22","guid":{"rendered":"https:\/\/bizmoldova.com\/es\/?page_id=28"},"modified":"2024-09-29T16:38:22","modified_gmt":"2024-09-29T16:38:22","slug":"re-registro-de-matrimonios-y-divorcios-registrados-en-estados-extranjeros","status":"publish","type":"page","link":"https:\/\/bizmoldova.com\/es\/re-registro-de-matrimonios-y-divorcios-registrados-en-estados-extranjeros\/","title":{"rendered":"Re-registro de Matrimonios y Divorcios Registrados en Estados Extranjeros"},"content":{"rendered":"\n<p>Si un ciudadano de la Rep\u00fablica de Moldavia cambia su apellido en un matrimonio celebrado en un pa\u00eds extranjero, tras re-registrar el matrimonio en Moldavia, est\u00e1 obligado a reemplazar su documento de identidad por uno nuevo (con el apellido del c\u00f3nyuge).<\/p>\n\n\n\n<p>A veces es necesario re-registrar el matrimonio y el divorcio, en el que la ciudadana de Moldavia regresa a su apellido anterior al matrimonio. Si se re-registran simult\u00e1neamente, la ciudadana de Moldavia no necesitar\u00e1 obtener un nuevo documento de identidad (al menos uno temporal). Es decir, si solo se re-registra el matrimonio, la ciudadana de Moldavia tendr\u00e1 que obtener al menos un documento de identidad temporal para re-registrar el divorcio.<\/p>\n\n\n\n<p>En algunos pa\u00edses (por ejemplo, Israel), en la decisi\u00f3n judicial sobre el divorcio no se indica que la esposa haya cambiado su apellido por el apellido anterior al matrimonio. Por lo tanto, es necesario re-registrar el matrimonio y el divorcio simult\u00e1neamente (para evitar la necesidad de obtener un documento de identidad temporal). Sin embargo, la ciudadana de Moldavia tendr\u00e1 que presentar personalmente una solicitud para cambiar su apellido al apellido anterior al matrimonio.<\/p>\n\n\n\n<p><strong><em>Para llevar a cabo este procedimiento, puede contactar con nuestra agencia. Nuestros abogados son competentes en estos asuntos y tienen una gran experiencia.<\/em><\/strong><\/p>\n\n","protected":false},"excerpt":{"rendered":"<p>Si un ciudadano de la Rep\u00fablica de Moldavia cambia su apellido en un matrimonio celebrado en un pa\u00eds extranjero, tras re-registrar el matrimonio en Moldavia, est\u00e1 obligado a reemplazar su documento de identidad por uno nuevo (con el apellido del c\u00f3nyuge). A veces es necesario re-registrar el matrimonio y el divorcio, en el que la &#8230; <a title=\"Re-registro de Matrimonios y Divorcios Registrados en Estados Extranjeros\" class=\"read-more\" href=\"https:\/\/bizmoldova.com\/es\/re-registro-de-matrimonios-y-divorcios-registrados-en-estados-extranjeros\/\" aria-label=\"Leer m\u00e1s sobre Re-registro de Matrimonios y Divorcios Registrados en Estados Extranjeros\">Leer m\u00e1s<\/a><\/p>\n","protected":false},"author":1,"featured_media":0,"parent":0,"menu_order":0,"comment_status":"closed","ping_status":"closed","template":"","meta":{"_acf_changed":false,"footnotes":""},"class_list":["post-28","page","type-page","status-publish"],"acf":[],"yoast_head":"<!-- This site is optimized with the Yoast SEO plugin v27.4 - https:\/\/yoast.com\/product\/yoast-seo-wordpress\/ -->\n<title>Re-registro de Matrimonios y Divorcios Registrados en Estados Extranjeros - Documentos Moldavia. Apostilla, Legalizaci\u00f3n, Nostrificaci\u00f3n, Traducciones<\/title>\n<meta name=\"robots\" content=\"index, follow, max-snippet:-1, max-image-preview:large, max-video-preview:-1\" \/>\n<link rel=\"canonical\" href=\"https:\/\/bizmoldova.com\/es\/re-registro-de-matrimonios-y-divorcios-registrados-en-estados-extranjeros\/\" \/>\n<meta property=\"og:locale\" content=\"es_ES\" \/>\n<meta property=\"og:type\" content=\"article\" \/>\n<meta property=\"og:title\" content=\"Re-registro de Matrimonios y Divorcios Registrados en Estados Extranjeros - Documentos Moldavia. Apostilla, Legalizaci\u00f3n, Nostrificaci\u00f3n, Traducciones\" \/>\n<meta property=\"og:description\" content=\"Si un ciudadano de la Rep\u00fablica de Moldavia cambia su apellido en un matrimonio celebrado en un pa\u00eds extranjero, tras re-registrar el matrimonio en Moldavia, est\u00e1 obligado a reemplazar su documento de identidad por uno nuevo (con el apellido del c\u00f3nyuge). A veces es necesario re-registrar el matrimonio y el divorcio, en el que la ... Leer m\u00e1s\" \/>\n<meta property=\"og:url\" content=\"https:\/\/bizmoldova.com\/es\/re-registro-de-matrimonios-y-divorcios-registrados-en-estados-extranjeros\/\" \/>\n<meta property=\"og:site_name\" content=\"Documentos Moldavia. Apostilla, Legalizaci\u00f3n, Nostrificaci\u00f3n, Traducciones\" \/>\n<meta name=\"twitter:card\" content=\"summary_large_image\" \/>\n<meta name=\"twitter:label1\" content=\"Tiempo de lectura\" \/>\n\t<meta name=\"twitter:data1\" content=\"1 minuto\" \/>\n<script type=\"application\/ld+json\" class=\"yoast-schema-graph\">{\"@context\":\"https:\\\/\\\/schema.org\",\"@graph\":[{\"@type\":\"WebPage\",\"@id\":\"https:\\\/\\\/bizmoldova.com\\\/es\\\/re-registro-de-matrimonios-y-divorcios-registrados-en-estados-extranjeros\\\/\",\"url\":\"https:\\\/\\\/bizmoldova.com\\\/es\\\/re-registro-de-matrimonios-y-divorcios-registrados-en-estados-extranjeros\\\/\",\"name\":\"Re-registro de Matrimonios y Divorcios Registrados en Estados Extranjeros - Documentos Moldavia. Apostilla, Legalizaci\u00f3n, Nostrificaci\u00f3n, Traducciones\",\"isPartOf\":{\"@id\":\"https:\\\/\\\/bizmoldova.com\\\/es\\\/#website\"},\"datePublished\":\"2024-09-29T16:38:22+00:00\",\"breadcrumb\":{\"@id\":\"https:\\\/\\\/bizmoldova.com\\\/es\\\/re-registro-de-matrimonios-y-divorcios-registrados-en-estados-extranjeros\\\/#breadcrumb\"},\"inLanguage\":\"es\",\"potentialAction\":[{\"@type\":\"ReadAction\",\"target\":[\"https:\\\/\\\/bizmoldova.com\\\/es\\\/re-registro-de-matrimonios-y-divorcios-registrados-en-estados-extranjeros\\\/\"]}]},{\"@type\":\"BreadcrumbList\",\"@id\":\"https:\\\/\\\/bizmoldova.com\\\/es\\\/re-registro-de-matrimonios-y-divorcios-registrados-en-estados-extranjeros\\\/#breadcrumb\",\"itemListElement\":[{\"@type\":\"ListItem\",\"position\":1,\"name\":\"Home\",\"item\":\"https:\\\/\\\/bizmoldova.com\\\/es\\\/\"},{\"@type\":\"ListItem\",\"position\":2,\"name\":\"Re-registro de Matrimonios y Divorcios Registrados en Estados Extranjeros\"}]},{\"@type\":\"WebSite\",\"@id\":\"https:\\\/\\\/bizmoldova.com\\\/es\\\/#website\",\"url\":\"https:\\\/\\\/bizmoldova.com\\\/es\\\/\",\"name\":\"Documentos Moldavia. Apostilla, Legalizaci\u00f3n, Nostrificaci\u00f3n, Traducciones\",\"description\":\"Servicios Jur\u00eddicos Moldova\",\"potentialAction\":[{\"@type\":\"SearchAction\",\"target\":{\"@type\":\"EntryPoint\",\"urlTemplate\":\"https:\\\/\\\/bizmoldova.com\\\/es\\\/?s={search_term_string}\"},\"query-input\":{\"@type\":\"PropertyValueSpecification\",\"valueRequired\":true,\"valueName\":\"search_term_string\"}}],\"inLanguage\":\"es\"}]}<\/script>\n<!-- \/ Yoast SEO plugin. -->","yoast_head_json":{"title":"Re-registro de Matrimonios y Divorcios Registrados en Estados Extranjeros - Documentos Moldavia. Apostilla, Legalizaci\u00f3n, Nostrificaci\u00f3n, Traducciones","robots":{"index":"index","follow":"follow","max-snippet":"max-snippet:-1","max-image-preview":"max-image-preview:large","max-video-preview":"max-video-preview:-1"},"canonical":"https:\/\/bizmoldova.com\/es\/re-registro-de-matrimonios-y-divorcios-registrados-en-estados-extranjeros\/","og_locale":"es_ES","og_type":"article","og_title":"Re-registro de Matrimonios y Divorcios Registrados en Estados Extranjeros - Documentos Moldavia. Apostilla, Legalizaci\u00f3n, Nostrificaci\u00f3n, Traducciones","og_description":"Si un ciudadano de la Rep\u00fablica de Moldavia cambia su apellido en un matrimonio celebrado en un pa\u00eds extranjero, tras re-registrar el matrimonio en Moldavia, est\u00e1 obligado a reemplazar su documento de identidad por uno nuevo (con el apellido del c\u00f3nyuge). A veces es necesario re-registrar el matrimonio y el divorcio, en el que la ... Leer m\u00e1s","og_url":"https:\/\/bizmoldova.com\/es\/re-registro-de-matrimonios-y-divorcios-registrados-en-estados-extranjeros\/","og_site_name":"Documentos Moldavia. Apostilla, Legalizaci\u00f3n, Nostrificaci\u00f3n, Traducciones","twitter_card":"summary_large_image","twitter_misc":{"Tiempo de lectura":"1 minuto"},"schema":{"@context":"https:\/\/schema.org","@graph":[{"@type":"WebPage","@id":"https:\/\/bizmoldova.com\/es\/re-registro-de-matrimonios-y-divorcios-registrados-en-estados-extranjeros\/","url":"https:\/\/bizmoldova.com\/es\/re-registro-de-matrimonios-y-divorcios-registrados-en-estados-extranjeros\/","name":"Re-registro de Matrimonios y Divorcios Registrados en Estados Extranjeros - Documentos Moldavia. Apostilla, Legalizaci\u00f3n, Nostrificaci\u00f3n, Traducciones","isPartOf":{"@id":"https:\/\/bizmoldova.com\/es\/#website"},"datePublished":"2024-09-29T16:38:22+00:00","breadcrumb":{"@id":"https:\/\/bizmoldova.com\/es\/re-registro-de-matrimonios-y-divorcios-registrados-en-estados-extranjeros\/#breadcrumb"},"inLanguage":"es","potentialAction":[{"@type":"ReadAction","target":["https:\/\/bizmoldova.com\/es\/re-registro-de-matrimonios-y-divorcios-registrados-en-estados-extranjeros\/"]}]},{"@type":"BreadcrumbList","@id":"https:\/\/bizmoldova.com\/es\/re-registro-de-matrimonios-y-divorcios-registrados-en-estados-extranjeros\/#breadcrumb","itemListElement":[{"@type":"ListItem","position":1,"name":"Home","item":"https:\/\/bizmoldova.com\/es\/"},{"@type":"ListItem","position":2,"name":"Re-registro de Matrimonios y Divorcios Registrados en Estados Extranjeros"}]},{"@type":"WebSite","@id":"https:\/\/bizmoldova.com\/es\/#website","url":"https:\/\/bizmoldova.com\/es\/","name":"Documentos Moldavia. Apostilla, Legalizaci\u00f3n, Nostrificaci\u00f3n, Traducciones","description":"Servicios Jur\u00eddicos Moldova","potentialAction":[{"@type":"SearchAction","target":{"@type":"EntryPoint","urlTemplate":"https:\/\/bizmoldova.com\/es\/?s={search_term_string}"},"query-input":{"@type":"PropertyValueSpecification","valueRequired":true,"valueName":"search_term_string"}}],"inLanguage":"es"}]}},"_links":{"self":[{"href":"https:\/\/bizmoldova.com\/es\/wp-json\/wp\/v2\/pages\/28","targetHints":{"allow":["GET"]}}],"collection":[{"href":"https:\/\/bizmoldova.com\/es\/wp-json\/wp\/v2\/pages"}],"about":[{"href":"https:\/\/bizmoldova.com\/es\/wp-json\/wp\/v2\/types\/page"}],"author":[{"embeddable":true,"href":"https:\/\/bizmoldova.com\/es\/wp-json\/wp\/v2\/users\/1"}],"replies":[{"embeddable":true,"href":"https:\/\/bizmoldova.com\/es\/wp-json\/wp\/v2\/comments?post=28"}],"version-history":[{"count":1,"href":"https:\/\/bizmoldova.com\/es\/wp-json\/wp\/v2\/pages\/28\/revisions"}],"predecessor-version":[{"id":29,"href":"https:\/\/bizmoldova.com\/es\/wp-json\/wp\/v2\/pages\/28\/revisions\/29"}],"wp:attachment":[{"href":"https:\/\/bizmoldova.com\/es\/wp-json\/wp\/v2\/media?parent=28"}],"curies":[{"name":"wp","href":"https:\/\/api.w.org\/{rel}","templated":true}]}}