{"id":26,"date":"2024-09-29T16:29:11","date_gmt":"2024-09-29T16:29:11","guid":{"rendered":"https:\/\/bizmoldova.com\/es\/?page_id=26"},"modified":"2024-09-29T16:29:11","modified_gmt":"2024-09-29T16:29:11","slug":"registro-de-organizaciones-publicas-en-la-republica-de-moldavia","status":"publish","type":"page","link":"https:\/\/bizmoldova.com\/es\/registro-de-organizaciones-publicas-en-la-republica-de-moldavia\/","title":{"rendered":"Registro de Organizaciones P\u00fablicas en la Rep\u00fablica de Moldavia"},"content":{"rendered":"\n<p>Nuestra empresa lleva 19 a\u00f1os dedic\u00e1ndose al registro de organizaciones p\u00fablicas en la Rep\u00fablica de Moldavia.<\/p>\n\n\n\n<p>Lo que ofrecemos para el registro de organizaciones p\u00fablicas:<\/p>\n\n\n\n<ul class=\"wp-block-list\">\n    \n    <li>Consultas (qu\u00e9 documentos se necesitan para el registro de una organizaci\u00f3n p\u00fablica, cu\u00e1les son los requisitos, plazos y condiciones)<\/li>\n    \n\n    \n    <li>Preparaci\u00f3n del estatuto<\/li>\n    \n\n    \n    <li>Modificaciones al estatuto<\/li>\n    \n\n    \n    <li>Preparaci\u00f3n de actas de reuniones<\/li>\n    \n\n    \n    <li>Representaci\u00f3n ante las autoridades estatales de Moldavia para el registro de la organizaci\u00f3n p\u00fablica, presentaci\u00f3n de solicitudes e informes<\/li>\n    \n<\/ul>\n\n\n\n<p>Entre nuestros clientes se encuentran KOMBAT (\u041aOMBAT) \u2014 un club de lucha (con la participaci\u00f3n de un campe\u00f3n mundial de Moldavia), la Sociedad de Criadores de Perros y muchas otras organizaciones.<\/p>\n\n\n\n<p><strong>Puede contactarnos por tel\u00e9fono en Moldavia: +373 67 666 333 (Viber, WhatsApp, Telegram).<\/strong><\/p>\n\n\n\n<p><strong>o por correo electr\u00f3nico: apostille.document@gmail.com<\/strong><\/p>\n\n","protected":false},"excerpt":{"rendered":"<p>Nuestra empresa lleva 19 a\u00f1os dedic\u00e1ndose al registro de organizaciones p\u00fablicas en la Rep\u00fablica de Moldavia. Lo que ofrecemos para el registro de organizaciones p\u00fablicas: Entre nuestros clientes se encuentran KOMBAT (\u041aOMBAT) \u2014 un club de lucha (con la participaci\u00f3n de un campe\u00f3n mundial de Moldavia), la Sociedad de Criadores de Perros y muchas otras &#8230; <a title=\"Registro de Organizaciones P\u00fablicas en la Rep\u00fablica de Moldavia\" class=\"read-more\" href=\"https:\/\/bizmoldova.com\/es\/registro-de-organizaciones-publicas-en-la-republica-de-moldavia\/\" aria-label=\"Leer m\u00e1s sobre Registro de Organizaciones P\u00fablicas en la Rep\u00fablica de Moldavia\">Leer m\u00e1s<\/a><\/p>\n","protected":false},"author":1,"featured_media":0,"parent":0,"menu_order":0,"comment_status":"closed","ping_status":"closed","template":"","meta":{"_acf_changed":false,"footnotes":""},"class_list":["post-26","page","type-page","status-publish"],"acf":[],"yoast_head":"<!-- This site is optimized with the Yoast SEO plugin v27.4 - https:\/\/yoast.com\/product\/yoast-seo-wordpress\/ -->\n<title>Registro de Organizaciones P\u00fablicas en la Rep\u00fablica de Moldavia - Documentos Moldavia. Apostilla, Legalizaci\u00f3n, Nostrificaci\u00f3n, Traducciones<\/title>\n<meta name=\"robots\" content=\"index, follow, max-snippet:-1, max-image-preview:large, max-video-preview:-1\" \/>\n<link rel=\"canonical\" href=\"https:\/\/bizmoldova.com\/es\/registro-de-organizaciones-publicas-en-la-republica-de-moldavia\/\" \/>\n<meta property=\"og:locale\" content=\"es_ES\" \/>\n<meta property=\"og:type\" content=\"article\" \/>\n<meta property=\"og:title\" content=\"Registro de Organizaciones P\u00fablicas en la Rep\u00fablica de Moldavia - Documentos Moldavia. Apostilla, Legalizaci\u00f3n, Nostrificaci\u00f3n, Traducciones\" \/>\n<meta property=\"og:description\" content=\"Nuestra empresa lleva 19 a\u00f1os dedic\u00e1ndose al registro de organizaciones p\u00fablicas en la Rep\u00fablica de Moldavia. Lo que ofrecemos para el registro de organizaciones p\u00fablicas: Entre nuestros clientes se encuentran KOMBAT (\u041aOMBAT) \u2014 un club de lucha (con la participaci\u00f3n de un campe\u00f3n mundial de Moldavia), la Sociedad de Criadores de Perros y muchas otras ... Leer m\u00e1s\" \/>\n<meta property=\"og:url\" content=\"https:\/\/bizmoldova.com\/es\/registro-de-organizaciones-publicas-en-la-republica-de-moldavia\/\" \/>\n<meta property=\"og:site_name\" content=\"Documentos Moldavia. Apostilla, Legalizaci\u00f3n, Nostrificaci\u00f3n, Traducciones\" \/>\n<meta name=\"twitter:card\" content=\"summary_large_image\" \/>\n<meta name=\"twitter:label1\" content=\"Tiempo de lectura\" \/>\n\t<meta name=\"twitter:data1\" content=\"1 minuto\" \/>\n<script type=\"application\/ld+json\" class=\"yoast-schema-graph\">{\"@context\":\"https:\\\/\\\/schema.org\",\"@graph\":[{\"@type\":\"WebPage\",\"@id\":\"https:\\\/\\\/bizmoldova.com\\\/es\\\/registro-de-organizaciones-publicas-en-la-republica-de-moldavia\\\/\",\"url\":\"https:\\\/\\\/bizmoldova.com\\\/es\\\/registro-de-organizaciones-publicas-en-la-republica-de-moldavia\\\/\",\"name\":\"Registro de Organizaciones P\u00fablicas en la Rep\u00fablica de Moldavia - Documentos Moldavia. Apostilla, Legalizaci\u00f3n, Nostrificaci\u00f3n, Traducciones\",\"isPartOf\":{\"@id\":\"https:\\\/\\\/bizmoldova.com\\\/es\\\/#website\"},\"datePublished\":\"2024-09-29T16:29:11+00:00\",\"breadcrumb\":{\"@id\":\"https:\\\/\\\/bizmoldova.com\\\/es\\\/registro-de-organizaciones-publicas-en-la-republica-de-moldavia\\\/#breadcrumb\"},\"inLanguage\":\"es\",\"potentialAction\":[{\"@type\":\"ReadAction\",\"target\":[\"https:\\\/\\\/bizmoldova.com\\\/es\\\/registro-de-organizaciones-publicas-en-la-republica-de-moldavia\\\/\"]}]},{\"@type\":\"BreadcrumbList\",\"@id\":\"https:\\\/\\\/bizmoldova.com\\\/es\\\/registro-de-organizaciones-publicas-en-la-republica-de-moldavia\\\/#breadcrumb\",\"itemListElement\":[{\"@type\":\"ListItem\",\"position\":1,\"name\":\"Home\",\"item\":\"https:\\\/\\\/bizmoldova.com\\\/es\\\/\"},{\"@type\":\"ListItem\",\"position\":2,\"name\":\"Registro de Organizaciones P\u00fablicas en la Rep\u00fablica de Moldavia\"}]},{\"@type\":\"WebSite\",\"@id\":\"https:\\\/\\\/bizmoldova.com\\\/es\\\/#website\",\"url\":\"https:\\\/\\\/bizmoldova.com\\\/es\\\/\",\"name\":\"Documentos Moldavia. Apostilla, Legalizaci\u00f3n, Nostrificaci\u00f3n, Traducciones\",\"description\":\"Servicios Jur\u00eddicos Moldova\",\"potentialAction\":[{\"@type\":\"SearchAction\",\"target\":{\"@type\":\"EntryPoint\",\"urlTemplate\":\"https:\\\/\\\/bizmoldova.com\\\/es\\\/?s={search_term_string}\"},\"query-input\":{\"@type\":\"PropertyValueSpecification\",\"valueRequired\":true,\"valueName\":\"search_term_string\"}}],\"inLanguage\":\"es\"}]}<\/script>\n<!-- \/ Yoast SEO plugin. -->","yoast_head_json":{"title":"Registro de Organizaciones P\u00fablicas en la Rep\u00fablica de Moldavia - Documentos Moldavia. Apostilla, Legalizaci\u00f3n, Nostrificaci\u00f3n, Traducciones","robots":{"index":"index","follow":"follow","max-snippet":"max-snippet:-1","max-image-preview":"max-image-preview:large","max-video-preview":"max-video-preview:-1"},"canonical":"https:\/\/bizmoldova.com\/es\/registro-de-organizaciones-publicas-en-la-republica-de-moldavia\/","og_locale":"es_ES","og_type":"article","og_title":"Registro de Organizaciones P\u00fablicas en la Rep\u00fablica de Moldavia - Documentos Moldavia. Apostilla, Legalizaci\u00f3n, Nostrificaci\u00f3n, Traducciones","og_description":"Nuestra empresa lleva 19 a\u00f1os dedic\u00e1ndose al registro de organizaciones p\u00fablicas en la Rep\u00fablica de Moldavia. Lo que ofrecemos para el registro de organizaciones p\u00fablicas: Entre nuestros clientes se encuentran KOMBAT (\u041aOMBAT) \u2014 un club de lucha (con la participaci\u00f3n de un campe\u00f3n mundial de Moldavia), la Sociedad de Criadores de Perros y muchas otras ... Leer m\u00e1s","og_url":"https:\/\/bizmoldova.com\/es\/registro-de-organizaciones-publicas-en-la-republica-de-moldavia\/","og_site_name":"Documentos Moldavia. Apostilla, Legalizaci\u00f3n, Nostrificaci\u00f3n, Traducciones","twitter_card":"summary_large_image","twitter_misc":{"Tiempo de lectura":"1 minuto"},"schema":{"@context":"https:\/\/schema.org","@graph":[{"@type":"WebPage","@id":"https:\/\/bizmoldova.com\/es\/registro-de-organizaciones-publicas-en-la-republica-de-moldavia\/","url":"https:\/\/bizmoldova.com\/es\/registro-de-organizaciones-publicas-en-la-republica-de-moldavia\/","name":"Registro de Organizaciones P\u00fablicas en la Rep\u00fablica de Moldavia - Documentos Moldavia. Apostilla, Legalizaci\u00f3n, Nostrificaci\u00f3n, Traducciones","isPartOf":{"@id":"https:\/\/bizmoldova.com\/es\/#website"},"datePublished":"2024-09-29T16:29:11+00:00","breadcrumb":{"@id":"https:\/\/bizmoldova.com\/es\/registro-de-organizaciones-publicas-en-la-republica-de-moldavia\/#breadcrumb"},"inLanguage":"es","potentialAction":[{"@type":"ReadAction","target":["https:\/\/bizmoldova.com\/es\/registro-de-organizaciones-publicas-en-la-republica-de-moldavia\/"]}]},{"@type":"BreadcrumbList","@id":"https:\/\/bizmoldova.com\/es\/registro-de-organizaciones-publicas-en-la-republica-de-moldavia\/#breadcrumb","itemListElement":[{"@type":"ListItem","position":1,"name":"Home","item":"https:\/\/bizmoldova.com\/es\/"},{"@type":"ListItem","position":2,"name":"Registro de Organizaciones P\u00fablicas en la Rep\u00fablica de Moldavia"}]},{"@type":"WebSite","@id":"https:\/\/bizmoldova.com\/es\/#website","url":"https:\/\/bizmoldova.com\/es\/","name":"Documentos Moldavia. Apostilla, Legalizaci\u00f3n, Nostrificaci\u00f3n, Traducciones","description":"Servicios Jur\u00eddicos Moldova","potentialAction":[{"@type":"SearchAction","target":{"@type":"EntryPoint","urlTemplate":"https:\/\/bizmoldova.com\/es\/?s={search_term_string}"},"query-input":{"@type":"PropertyValueSpecification","valueRequired":true,"valueName":"search_term_string"}}],"inLanguage":"es"}]}},"_links":{"self":[{"href":"https:\/\/bizmoldova.com\/es\/wp-json\/wp\/v2\/pages\/26","targetHints":{"allow":["GET"]}}],"collection":[{"href":"https:\/\/bizmoldova.com\/es\/wp-json\/wp\/v2\/pages"}],"about":[{"href":"https:\/\/bizmoldova.com\/es\/wp-json\/wp\/v2\/types\/page"}],"author":[{"embeddable":true,"href":"https:\/\/bizmoldova.com\/es\/wp-json\/wp\/v2\/users\/1"}],"replies":[{"embeddable":true,"href":"https:\/\/bizmoldova.com\/es\/wp-json\/wp\/v2\/comments?post=26"}],"version-history":[{"count":1,"href":"https:\/\/bizmoldova.com\/es\/wp-json\/wp\/v2\/pages\/26\/revisions"}],"predecessor-version":[{"id":27,"href":"https:\/\/bizmoldova.com\/es\/wp-json\/wp\/v2\/pages\/26\/revisions\/27"}],"wp:attachment":[{"href":"https:\/\/bizmoldova.com\/es\/wp-json\/wp\/v2\/media?parent=26"}],"curies":[{"name":"wp","href":"https:\/\/api.w.org\/{rel}","templated":true}]}}