{"id":24,"date":"2024-09-29T16:17:26","date_gmt":"2024-09-29T16:17:26","guid":{"rendered":"https:\/\/bizmoldova.com\/es\/?page_id=24"},"modified":"2024-09-29T16:17:26","modified_gmt":"2024-09-29T16:17:26","slug":"documentos-para-la-ciudadania-rumana","status":"publish","type":"page","link":"https:\/\/bizmoldova.com\/es\/documentos-para-la-ciudadania-rumana\/","title":{"rendered":"Documentos para la Ciudadan\u00eda Rumana"},"content":{"rendered":"\n<p>Para los ciudadanos de pa\u00edses extranjeros que solicitan la ciudadan\u00eda rumana, existen una serie de requisitos documentales que deben ser proporcionados. Aqu\u00ed est\u00e1n los principales:<\/p>\n\n\n\n<p><strong>Documentos de Identidad<\/strong>:<\/p>\n\n\n\n<ul class=\"wp-block-list\">\n    \n    <li>Pasaporte v\u00e1lido u otro documento de identidad.<\/li>\n    \n<\/ul>\n\n\n\n<p><strong>Prueba de Residencia<\/strong> (si la solicitud se basa en la residencia):<\/p>\n\n\n\n<ul class=\"wp-block-list\">\n    \n    <li>Documentos que confirmen la residencia legal en Ruman\u00eda durante el per\u00edodo requerido (por ejemplo, al menos 8 a\u00f1os, o 5 a\u00f1os para aquellos casados con ciudadanos rumanos).<\/li>\n    \n<\/ul>\n\n\n\n<p><strong>Documentos sobre el Estado Civil<\/strong>:<\/p>\n\n\n\n<ul class=\"wp-block-list\">\n    \n    <li>Certificado de matrimonio si el solicitante est\u00e1 casado con un ciudadano rumano.<\/li>\n    \n\n    \n    <li>Certificado de nacimiento para los hijos si tambi\u00e9n est\u00e1n solicitando la ciudadan\u00eda.<\/li>\n    \n<\/ul>\n\n\n\n<p><strong>Prueba de Solvencia Econ\u00f3mica<\/strong>:<\/p>\n\n\n\n<ul class=\"wp-block-list\">\n    \n    <li>Documentos que demuestren recursos financieros suficientes para mantener a s\u00ed mismo y a su familia en Ruman\u00eda (por ejemplo, extractos bancarios, comprobante de salario del lugar de trabajo).<\/li>\n    \n<\/ul>\n\n\n\n<p><strong>Certificado de Antecedentes Penales<\/strong>:<\/p>\n\n\n\n<ul class=\"wp-block-list\">\n    \n    <li>Certificado nacional de antecedentes penales de Moldavia y de cualquier otro pa\u00eds donde el solicitante haya residido m\u00e1s de 6 meses despu\u00e9s de cumplir 16 a\u00f1os.<\/li>\n    \n\n    \n    <li>Certificado de antecedentes penales de Ruman\u00eda.<\/li>\n    \n<\/ul>\n\n\n\n<p><strong>Pruebas de Conocimiento del Idioma y la Cultura Rumana<\/strong>:<\/p>\n\n\n\n<ul class=\"wp-block-list\">\n    \n    <li>Certificados u otros documentos que confirmen el conocimiento del idioma rumano y de la cultura rumana b\u00e1sica.<\/li>\n    \n<\/ul>\n\n\n\n<p><strong>Otros Documentos Legales<\/strong>:<\/p>\n\n\n\n<ul class=\"wp-block-list\">\n    \n    <li>Documentos que confirmen cambios de nombre u otros cambios significativos en la informaci\u00f3n personal, si corresponde.<\/li>\n    \n<\/ul>\n\n\n\n<p><strong>Declaraci\u00f3n de Lealtad<\/strong>:<\/p>\n\n\n\n<ul class=\"wp-block-list\">\n    \n    <li>Una declaraci\u00f3n escrita que confirme la lealtad a Ruman\u00eda y la ausencia de apoyo a acciones contra el orden p\u00fablico y la seguridad nacional.<\/li>\n    \n<\/ul>\n\n\n\n<p>Todos los documentos que no est\u00e9n en rumano deben ser traducidos al rumano y notarizados. Tambi\u00e9n es importante verificar si se requiere apostillado o legalizaci\u00f3n de documentos extranjeros antes de presentarlos a las autoridades rumanas.<\/p>\n\n","protected":false},"excerpt":{"rendered":"<p>Para los ciudadanos de pa\u00edses extranjeros que solicitan la ciudadan\u00eda rumana, existen una serie de requisitos documentales que deben ser proporcionados. Aqu\u00ed est\u00e1n los principales: Documentos de Identidad: Prueba de Residencia (si la solicitud se basa en la residencia): Documentos sobre el Estado Civil: Prueba de Solvencia Econ\u00f3mica: Certificado de Antecedentes Penales: Pruebas de Conocimiento &#8230; <a title=\"Documentos para la Ciudadan\u00eda Rumana\" class=\"read-more\" href=\"https:\/\/bizmoldova.com\/es\/documentos-para-la-ciudadania-rumana\/\" aria-label=\"Leer m\u00e1s sobre Documentos para la Ciudadan\u00eda Rumana\">Leer m\u00e1s<\/a><\/p>\n","protected":false},"author":1,"featured_media":0,"parent":0,"menu_order":0,"comment_status":"closed","ping_status":"closed","template":"","meta":{"_acf_changed":false,"footnotes":""},"class_list":["post-24","page","type-page","status-publish"],"acf":[],"yoast_head":"<!-- This site is optimized with the Yoast SEO plugin v27.3 - https:\/\/yoast.com\/product\/yoast-seo-wordpress\/ -->\n<title>Documentos para la Ciudadan\u00eda Rumana - Documentos Moldavia. Apostilla, Legalizaci\u00f3n, Nostrificaci\u00f3n, Traducciones<\/title>\n<meta name=\"robots\" content=\"index, follow, max-snippet:-1, max-image-preview:large, max-video-preview:-1\" \/>\n<link rel=\"canonical\" href=\"https:\/\/bizmoldova.com\/es\/documentos-para-la-ciudadania-rumana\/\" \/>\n<meta property=\"og:locale\" content=\"es_ES\" \/>\n<meta property=\"og:type\" content=\"article\" \/>\n<meta property=\"og:title\" content=\"Documentos para la Ciudadan\u00eda Rumana - Documentos Moldavia. Apostilla, Legalizaci\u00f3n, Nostrificaci\u00f3n, Traducciones\" \/>\n<meta property=\"og:description\" content=\"Para los ciudadanos de pa\u00edses extranjeros que solicitan la ciudadan\u00eda rumana, existen una serie de requisitos documentales que deben ser proporcionados. Aqu\u00ed est\u00e1n los principales: Documentos de Identidad: Prueba de Residencia (si la solicitud se basa en la residencia): Documentos sobre el Estado Civil: Prueba de Solvencia Econ\u00f3mica: Certificado de Antecedentes Penales: Pruebas de Conocimiento ... Leer m\u00e1s\" \/>\n<meta property=\"og:url\" content=\"https:\/\/bizmoldova.com\/es\/documentos-para-la-ciudadania-rumana\/\" \/>\n<meta property=\"og:site_name\" content=\"Documentos Moldavia. Apostilla, Legalizaci\u00f3n, Nostrificaci\u00f3n, Traducciones\" \/>\n<meta name=\"twitter:card\" content=\"summary_large_image\" \/>\n<meta name=\"twitter:label1\" content=\"Tiempo de lectura\" \/>\n\t<meta name=\"twitter:data1\" content=\"2 minutos\" \/>\n<script type=\"application\/ld+json\" class=\"yoast-schema-graph\">{\"@context\":\"https:\\\/\\\/schema.org\",\"@graph\":[{\"@type\":\"WebPage\",\"@id\":\"https:\\\/\\\/bizmoldova.com\\\/es\\\/documentos-para-la-ciudadania-rumana\\\/\",\"url\":\"https:\\\/\\\/bizmoldova.com\\\/es\\\/documentos-para-la-ciudadania-rumana\\\/\",\"name\":\"Documentos para la Ciudadan\u00eda Rumana - Documentos Moldavia. Apostilla, Legalizaci\u00f3n, Nostrificaci\u00f3n, Traducciones\",\"isPartOf\":{\"@id\":\"https:\\\/\\\/bizmoldova.com\\\/es\\\/#website\"},\"datePublished\":\"2024-09-29T16:17:26+00:00\",\"breadcrumb\":{\"@id\":\"https:\\\/\\\/bizmoldova.com\\\/es\\\/documentos-para-la-ciudadania-rumana\\\/#breadcrumb\"},\"inLanguage\":\"es\",\"potentialAction\":[{\"@type\":\"ReadAction\",\"target\":[\"https:\\\/\\\/bizmoldova.com\\\/es\\\/documentos-para-la-ciudadania-rumana\\\/\"]}]},{\"@type\":\"BreadcrumbList\",\"@id\":\"https:\\\/\\\/bizmoldova.com\\\/es\\\/documentos-para-la-ciudadania-rumana\\\/#breadcrumb\",\"itemListElement\":[{\"@type\":\"ListItem\",\"position\":1,\"name\":\"Home\",\"item\":\"https:\\\/\\\/bizmoldova.com\\\/es\\\/\"},{\"@type\":\"ListItem\",\"position\":2,\"name\":\"Documentos para la Ciudadan\u00eda Rumana\"}]},{\"@type\":\"WebSite\",\"@id\":\"https:\\\/\\\/bizmoldova.com\\\/es\\\/#website\",\"url\":\"https:\\\/\\\/bizmoldova.com\\\/es\\\/\",\"name\":\"Documentos Moldavia. Apostilla, Legalizaci\u00f3n, Nostrificaci\u00f3n, Traducciones\",\"description\":\"Servicios Jur\u00eddicos Moldova\",\"potentialAction\":[{\"@type\":\"SearchAction\",\"target\":{\"@type\":\"EntryPoint\",\"urlTemplate\":\"https:\\\/\\\/bizmoldova.com\\\/es\\\/?s={search_term_string}\"},\"query-input\":{\"@type\":\"PropertyValueSpecification\",\"valueRequired\":true,\"valueName\":\"search_term_string\"}}],\"inLanguage\":\"es\"}]}<\/script>\n<!-- \/ Yoast SEO plugin. -->","yoast_head_json":{"title":"Documentos para la Ciudadan\u00eda Rumana - Documentos Moldavia. Apostilla, Legalizaci\u00f3n, Nostrificaci\u00f3n, Traducciones","robots":{"index":"index","follow":"follow","max-snippet":"max-snippet:-1","max-image-preview":"max-image-preview:large","max-video-preview":"max-video-preview:-1"},"canonical":"https:\/\/bizmoldova.com\/es\/documentos-para-la-ciudadania-rumana\/","og_locale":"es_ES","og_type":"article","og_title":"Documentos para la Ciudadan\u00eda Rumana - Documentos Moldavia. Apostilla, Legalizaci\u00f3n, Nostrificaci\u00f3n, Traducciones","og_description":"Para los ciudadanos de pa\u00edses extranjeros que solicitan la ciudadan\u00eda rumana, existen una serie de requisitos documentales que deben ser proporcionados. Aqu\u00ed est\u00e1n los principales: Documentos de Identidad: Prueba de Residencia (si la solicitud se basa en la residencia): Documentos sobre el Estado Civil: Prueba de Solvencia Econ\u00f3mica: Certificado de Antecedentes Penales: Pruebas de Conocimiento ... Leer m\u00e1s","og_url":"https:\/\/bizmoldova.com\/es\/documentos-para-la-ciudadania-rumana\/","og_site_name":"Documentos Moldavia. Apostilla, Legalizaci\u00f3n, Nostrificaci\u00f3n, Traducciones","twitter_card":"summary_large_image","twitter_misc":{"Tiempo de lectura":"2 minutos"},"schema":{"@context":"https:\/\/schema.org","@graph":[{"@type":"WebPage","@id":"https:\/\/bizmoldova.com\/es\/documentos-para-la-ciudadania-rumana\/","url":"https:\/\/bizmoldova.com\/es\/documentos-para-la-ciudadania-rumana\/","name":"Documentos para la Ciudadan\u00eda Rumana - Documentos Moldavia. Apostilla, Legalizaci\u00f3n, Nostrificaci\u00f3n, Traducciones","isPartOf":{"@id":"https:\/\/bizmoldova.com\/es\/#website"},"datePublished":"2024-09-29T16:17:26+00:00","breadcrumb":{"@id":"https:\/\/bizmoldova.com\/es\/documentos-para-la-ciudadania-rumana\/#breadcrumb"},"inLanguage":"es","potentialAction":[{"@type":"ReadAction","target":["https:\/\/bizmoldova.com\/es\/documentos-para-la-ciudadania-rumana\/"]}]},{"@type":"BreadcrumbList","@id":"https:\/\/bizmoldova.com\/es\/documentos-para-la-ciudadania-rumana\/#breadcrumb","itemListElement":[{"@type":"ListItem","position":1,"name":"Home","item":"https:\/\/bizmoldova.com\/es\/"},{"@type":"ListItem","position":2,"name":"Documentos para la Ciudadan\u00eda Rumana"}]},{"@type":"WebSite","@id":"https:\/\/bizmoldova.com\/es\/#website","url":"https:\/\/bizmoldova.com\/es\/","name":"Documentos Moldavia. Apostilla, Legalizaci\u00f3n, Nostrificaci\u00f3n, Traducciones","description":"Servicios Jur\u00eddicos Moldova","potentialAction":[{"@type":"SearchAction","target":{"@type":"EntryPoint","urlTemplate":"https:\/\/bizmoldova.com\/es\/?s={search_term_string}"},"query-input":{"@type":"PropertyValueSpecification","valueRequired":true,"valueName":"search_term_string"}}],"inLanguage":"es"}]}},"_links":{"self":[{"href":"https:\/\/bizmoldova.com\/es\/wp-json\/wp\/v2\/pages\/24","targetHints":{"allow":["GET"]}}],"collection":[{"href":"https:\/\/bizmoldova.com\/es\/wp-json\/wp\/v2\/pages"}],"about":[{"href":"https:\/\/bizmoldova.com\/es\/wp-json\/wp\/v2\/types\/page"}],"author":[{"embeddable":true,"href":"https:\/\/bizmoldova.com\/es\/wp-json\/wp\/v2\/users\/1"}],"replies":[{"embeddable":true,"href":"https:\/\/bizmoldova.com\/es\/wp-json\/wp\/v2\/comments?post=24"}],"version-history":[{"count":1,"href":"https:\/\/bizmoldova.com\/es\/wp-json\/wp\/v2\/pages\/24\/revisions"}],"predecessor-version":[{"id":25,"href":"https:\/\/bizmoldova.com\/es\/wp-json\/wp\/v2\/pages\/24\/revisions\/25"}],"wp:attachment":[{"href":"https:\/\/bizmoldova.com\/es\/wp-json\/wp\/v2\/media?parent=24"}],"curies":[{"name":"wp","href":"https:\/\/api.w.org\/{rel}","templated":true}]}}