{"id":22,"date":"2024-09-29T16:01:02","date_gmt":"2024-09-29T16:01:02","guid":{"rendered":"https:\/\/bizmoldova.com\/es\/?page_id=22"},"modified":"2024-09-29T16:01:03","modified_gmt":"2024-09-29T16:01:03","slug":"diplomas-y-certificados-nostrificacion-legalizacion-y-apostilla","status":"publish","type":"page","link":"https:\/\/bizmoldova.com\/es\/diplomas-y-certificados-nostrificacion-legalizacion-y-apostilla\/","title":{"rendered":"Diplomas y certificados. Nostrificaci\u00f3n, legalizaci\u00f3n y apostilla"},"content":{"rendered":"<p>La nostrificaci\u00f3n de diplomas y certificados es el proceso de reconocimiento de documentos de Estados extranjeros sobre educaci\u00f3n secundaria, superior y de posgrado. El procedimiento implica el reconocimiento por parte de las autoridades competentes de estos documentos como legales en el territorio del Estado donde se obtuvo el documento.<\/p>\n<p><img loading=\"lazy\" decoding=\"async\" class=\"size-full wp-image-365 \" style=\"border: 1px solid grey;\" src=\"http:\/\/bizmoldova.com\/wp-content\/uploads\/2013\/05\/Diplom-Moldova-diploma-de-licenta.jpg\" alt=\"T\u00edtulo universitario - Universidad Estatal de Moldavia\" width=\"656\" height=\"431\" \/> T\u00edtulo universitario &#8211; Moldavia<\/caption>\n<p><img loading=\"lazy\" decoding=\"async\" class=\"size-full wp-image-366 \" style=\"border: 1px solid grey;\" src=\"http:\/\/bizmoldova.com\/wp-content\/uploads\/2013\/05\/Diplom-spravka.jpg\" alt=\"Confirmaci\u00f3n o nostrificaci\u00f3n del diploma para otros Estados\" width=\"612\" height=\"842\" \/> Confirmaci\u00f3n o nostrificaci\u00f3n del diploma<\/caption>\n<p>La nostrificaci\u00f3n en diferentes pa\u00edses pasa por etapas similares:<\/p>\n<ol>\n<li>Confirmaci\u00f3n del diploma o certificado en la instituci\u00f3n educativa.<\/li>\n<li>Confirmaci\u00f3n en el ministerio correspondiente.<\/li>\n<\/ol>\n<p>Por lo general, el procedimiento tarda alrededor de un mes.<\/p>\n<p>Para las universidades y escuelas t\u00e9cnicas de Transnistria, lamentablemente, el procedimiento est\u00e1 complicado. Para el reconocimiento de estos diplomas, se requiere una evaluaci\u00f3n del diploma por parte de la universidad correspondiente en Moldavia. Despu\u00e9s de determinar las diferencias en el plan de estudios, se programan ex\u00e1menes para las materias que no est\u00e1n en el plan de estudios de la universidad transnistriana, pero s\u00ed en el plan de estudios moldavo. Solo entonces se lleva a cabo el procedimiento descrito anteriormente.<\/p>\n<p>Un ejemplo de las diferencias en los ex\u00e1menes se muestra a continuaci\u00f3n. La Facultad de Psicolog\u00eda de la Universidad de Tiraspol&#8230; Result\u00f3 ser m\u00e1s f\u00e1cil de lo que pensaba y tem\u00eda la clienta. En lugar de 5 ex\u00e1menes, hab\u00eda trabajos&#8230; Como result\u00f3, tambi\u00e9n hay personas comprensivas en las universidades de Moldavia&#8230;<\/p>\n<p><img loading=\"lazy\" decoding=\"async\" class=\"size-full wp-image-867\" src=\"http:\/\/bizmoldova.com\/wp-content\/uploads\/2018\/04\/Examen-Psihologie-Nostrificare.jpg\" alt=\"Nostrificaci\u00f3n del diploma transnistriano. Presentaci\u00f3n de ex\u00e1menes\" width=\"578\" height=\"386\" \/> 5 ex\u00e1menes fueron reemplazados por trabajos&#8230;<\/caption>\n<p>Si necesita presentar su diploma en el extranjero, debe apostillar el diploma o legalizarlo en el consulado correspondiente del Estado al que debe presentarlo.<\/p>\n","protected":false},"excerpt":{"rendered":"<p>La nostrificaci\u00f3n de diplomas y certificados es el proceso de reconocimiento de documentos de Estados extranjeros sobre educaci\u00f3n secundaria, superior y de posgrado. El procedimiento implica el reconocimiento por parte de las autoridades competentes de estos documentos como legales en el territorio del Estado donde se obtuvo el documento. T\u00edtulo universitario &#8211; Moldavia Confirmaci\u00f3n o &#8230; <a title=\"Diplomas y certificados. Nostrificaci\u00f3n, legalizaci\u00f3n y apostilla\" class=\"read-more\" href=\"https:\/\/bizmoldova.com\/es\/diplomas-y-certificados-nostrificacion-legalizacion-y-apostilla\/\" aria-label=\"Leer m\u00e1s sobre Diplomas y certificados. Nostrificaci\u00f3n, legalizaci\u00f3n y apostilla\">Leer m\u00e1s<\/a><\/p>\n","protected":false},"author":1,"featured_media":0,"parent":0,"menu_order":0,"comment_status":"closed","ping_status":"closed","template":"","meta":{"_acf_changed":false,"footnotes":""},"class_list":["post-22","page","type-page","status-publish"],"acf":[],"yoast_head":"<!-- This site is optimized with the Yoast SEO plugin v27.3 - https:\/\/yoast.com\/product\/yoast-seo-wordpress\/ -->\n<title>Diplomas y certificados. Nostrificaci\u00f3n, legalizaci\u00f3n y apostilla - Documentos Moldavia. Apostilla, Legalizaci\u00f3n, Nostrificaci\u00f3n, Traducciones<\/title>\n<meta name=\"robots\" content=\"index, follow, max-snippet:-1, max-image-preview:large, max-video-preview:-1\" \/>\n<link rel=\"canonical\" href=\"https:\/\/bizmoldova.com\/es\/diplomas-y-certificados-nostrificacion-legalizacion-y-apostilla\/\" \/>\n<meta property=\"og:locale\" content=\"es_ES\" \/>\n<meta property=\"og:type\" content=\"article\" \/>\n<meta property=\"og:title\" content=\"Diplomas y certificados. Nostrificaci\u00f3n, legalizaci\u00f3n y apostilla - Documentos Moldavia. Apostilla, Legalizaci\u00f3n, Nostrificaci\u00f3n, Traducciones\" \/>\n<meta property=\"og:description\" content=\"La nostrificaci\u00f3n de diplomas y certificados es el proceso de reconocimiento de documentos de Estados extranjeros sobre educaci\u00f3n secundaria, superior y de posgrado. El procedimiento implica el reconocimiento por parte de las autoridades competentes de estos documentos como legales en el territorio del Estado donde se obtuvo el documento. T\u00edtulo universitario &#8211; Moldavia Confirmaci\u00f3n o ... Leer m\u00e1s\" \/>\n<meta property=\"og:url\" content=\"https:\/\/bizmoldova.com\/es\/diplomas-y-certificados-nostrificacion-legalizacion-y-apostilla\/\" \/>\n<meta property=\"og:site_name\" content=\"Documentos Moldavia. Apostilla, Legalizaci\u00f3n, Nostrificaci\u00f3n, Traducciones\" \/>\n<meta property=\"article:modified_time\" content=\"2024-09-29T16:01:03+00:00\" \/>\n<meta property=\"og:image\" content=\"http:\/\/bizmoldova.com\/wp-content\/uploads\/2013\/05\/Diplom-Moldova-diploma-de-licenta.jpg\" \/>\n<meta name=\"twitter:card\" content=\"summary_large_image\" \/>\n<meta name=\"twitter:label1\" content=\"Tiempo de lectura\" \/>\n\t<meta name=\"twitter:data1\" content=\"2 minutos\" \/>\n<script type=\"application\/ld+json\" class=\"yoast-schema-graph\">{\"@context\":\"https:\\\/\\\/schema.org\",\"@graph\":[{\"@type\":\"WebPage\",\"@id\":\"https:\\\/\\\/bizmoldova.com\\\/es\\\/diplomas-y-certificados-nostrificacion-legalizacion-y-apostilla\\\/\",\"url\":\"https:\\\/\\\/bizmoldova.com\\\/es\\\/diplomas-y-certificados-nostrificacion-legalizacion-y-apostilla\\\/\",\"name\":\"Diplomas y certificados. Nostrificaci\u00f3n, legalizaci\u00f3n y apostilla - Documentos Moldavia. Apostilla, Legalizaci\u00f3n, Nostrificaci\u00f3n, Traducciones\",\"isPartOf\":{\"@id\":\"https:\\\/\\\/bizmoldova.com\\\/es\\\/#website\"},\"primaryImageOfPage\":{\"@id\":\"https:\\\/\\\/bizmoldova.com\\\/es\\\/diplomas-y-certificados-nostrificacion-legalizacion-y-apostilla\\\/#primaryimage\"},\"image\":{\"@id\":\"https:\\\/\\\/bizmoldova.com\\\/es\\\/diplomas-y-certificados-nostrificacion-legalizacion-y-apostilla\\\/#primaryimage\"},\"thumbnailUrl\":\"http:\\\/\\\/bizmoldova.com\\\/wp-content\\\/uploads\\\/2013\\\/05\\\/Diplom-Moldova-diploma-de-licenta.jpg\",\"datePublished\":\"2024-09-29T16:01:02+00:00\",\"dateModified\":\"2024-09-29T16:01:03+00:00\",\"breadcrumb\":{\"@id\":\"https:\\\/\\\/bizmoldova.com\\\/es\\\/diplomas-y-certificados-nostrificacion-legalizacion-y-apostilla\\\/#breadcrumb\"},\"inLanguage\":\"es\",\"potentialAction\":[{\"@type\":\"ReadAction\",\"target\":[\"https:\\\/\\\/bizmoldova.com\\\/es\\\/diplomas-y-certificados-nostrificacion-legalizacion-y-apostilla\\\/\"]}]},{\"@type\":\"ImageObject\",\"inLanguage\":\"es\",\"@id\":\"https:\\\/\\\/bizmoldova.com\\\/es\\\/diplomas-y-certificados-nostrificacion-legalizacion-y-apostilla\\\/#primaryimage\",\"url\":\"http:\\\/\\\/bizmoldova.com\\\/wp-content\\\/uploads\\\/2013\\\/05\\\/Diplom-Moldova-diploma-de-licenta.jpg\",\"contentUrl\":\"http:\\\/\\\/bizmoldova.com\\\/wp-content\\\/uploads\\\/2013\\\/05\\\/Diplom-Moldova-diploma-de-licenta.jpg\"},{\"@type\":\"BreadcrumbList\",\"@id\":\"https:\\\/\\\/bizmoldova.com\\\/es\\\/diplomas-y-certificados-nostrificacion-legalizacion-y-apostilla\\\/#breadcrumb\",\"itemListElement\":[{\"@type\":\"ListItem\",\"position\":1,\"name\":\"Home\",\"item\":\"https:\\\/\\\/bizmoldova.com\\\/es\\\/\"},{\"@type\":\"ListItem\",\"position\":2,\"name\":\"Diplomas y certificados. Nostrificaci\u00f3n, legalizaci\u00f3n y apostilla\"}]},{\"@type\":\"WebSite\",\"@id\":\"https:\\\/\\\/bizmoldova.com\\\/es\\\/#website\",\"url\":\"https:\\\/\\\/bizmoldova.com\\\/es\\\/\",\"name\":\"Documentos Moldavia. Apostilla, Legalizaci\u00f3n, Nostrificaci\u00f3n, Traducciones\",\"description\":\"Servicios Jur\u00eddicos Moldova\",\"potentialAction\":[{\"@type\":\"SearchAction\",\"target\":{\"@type\":\"EntryPoint\",\"urlTemplate\":\"https:\\\/\\\/bizmoldova.com\\\/es\\\/?s={search_term_string}\"},\"query-input\":{\"@type\":\"PropertyValueSpecification\",\"valueRequired\":true,\"valueName\":\"search_term_string\"}}],\"inLanguage\":\"es\"}]}<\/script>\n<!-- \/ Yoast SEO plugin. -->","yoast_head_json":{"title":"Diplomas y certificados. Nostrificaci\u00f3n, legalizaci\u00f3n y apostilla - Documentos Moldavia. Apostilla, Legalizaci\u00f3n, Nostrificaci\u00f3n, Traducciones","robots":{"index":"index","follow":"follow","max-snippet":"max-snippet:-1","max-image-preview":"max-image-preview:large","max-video-preview":"max-video-preview:-1"},"canonical":"https:\/\/bizmoldova.com\/es\/diplomas-y-certificados-nostrificacion-legalizacion-y-apostilla\/","og_locale":"es_ES","og_type":"article","og_title":"Diplomas y certificados. Nostrificaci\u00f3n, legalizaci\u00f3n y apostilla - Documentos Moldavia. Apostilla, Legalizaci\u00f3n, Nostrificaci\u00f3n, Traducciones","og_description":"La nostrificaci\u00f3n de diplomas y certificados es el proceso de reconocimiento de documentos de Estados extranjeros sobre educaci\u00f3n secundaria, superior y de posgrado. El procedimiento implica el reconocimiento por parte de las autoridades competentes de estos documentos como legales en el territorio del Estado donde se obtuvo el documento. T\u00edtulo universitario &#8211; Moldavia Confirmaci\u00f3n o ... Leer m\u00e1s","og_url":"https:\/\/bizmoldova.com\/es\/diplomas-y-certificados-nostrificacion-legalizacion-y-apostilla\/","og_site_name":"Documentos Moldavia. Apostilla, Legalizaci\u00f3n, Nostrificaci\u00f3n, Traducciones","article_modified_time":"2024-09-29T16:01:03+00:00","og_image":[{"url":"http:\/\/bizmoldova.com\/wp-content\/uploads\/2013\/05\/Diplom-Moldova-diploma-de-licenta.jpg","type":"","width":"","height":""}],"twitter_card":"summary_large_image","twitter_misc":{"Tiempo de lectura":"2 minutos"},"schema":{"@context":"https:\/\/schema.org","@graph":[{"@type":"WebPage","@id":"https:\/\/bizmoldova.com\/es\/diplomas-y-certificados-nostrificacion-legalizacion-y-apostilla\/","url":"https:\/\/bizmoldova.com\/es\/diplomas-y-certificados-nostrificacion-legalizacion-y-apostilla\/","name":"Diplomas y certificados. Nostrificaci\u00f3n, legalizaci\u00f3n y apostilla - Documentos Moldavia. Apostilla, Legalizaci\u00f3n, Nostrificaci\u00f3n, Traducciones","isPartOf":{"@id":"https:\/\/bizmoldova.com\/es\/#website"},"primaryImageOfPage":{"@id":"https:\/\/bizmoldova.com\/es\/diplomas-y-certificados-nostrificacion-legalizacion-y-apostilla\/#primaryimage"},"image":{"@id":"https:\/\/bizmoldova.com\/es\/diplomas-y-certificados-nostrificacion-legalizacion-y-apostilla\/#primaryimage"},"thumbnailUrl":"http:\/\/bizmoldova.com\/wp-content\/uploads\/2013\/05\/Diplom-Moldova-diploma-de-licenta.jpg","datePublished":"2024-09-29T16:01:02+00:00","dateModified":"2024-09-29T16:01:03+00:00","breadcrumb":{"@id":"https:\/\/bizmoldova.com\/es\/diplomas-y-certificados-nostrificacion-legalizacion-y-apostilla\/#breadcrumb"},"inLanguage":"es","potentialAction":[{"@type":"ReadAction","target":["https:\/\/bizmoldova.com\/es\/diplomas-y-certificados-nostrificacion-legalizacion-y-apostilla\/"]}]},{"@type":"ImageObject","inLanguage":"es","@id":"https:\/\/bizmoldova.com\/es\/diplomas-y-certificados-nostrificacion-legalizacion-y-apostilla\/#primaryimage","url":"http:\/\/bizmoldova.com\/wp-content\/uploads\/2013\/05\/Diplom-Moldova-diploma-de-licenta.jpg","contentUrl":"http:\/\/bizmoldova.com\/wp-content\/uploads\/2013\/05\/Diplom-Moldova-diploma-de-licenta.jpg"},{"@type":"BreadcrumbList","@id":"https:\/\/bizmoldova.com\/es\/diplomas-y-certificados-nostrificacion-legalizacion-y-apostilla\/#breadcrumb","itemListElement":[{"@type":"ListItem","position":1,"name":"Home","item":"https:\/\/bizmoldova.com\/es\/"},{"@type":"ListItem","position":2,"name":"Diplomas y certificados. Nostrificaci\u00f3n, legalizaci\u00f3n y apostilla"}]},{"@type":"WebSite","@id":"https:\/\/bizmoldova.com\/es\/#website","url":"https:\/\/bizmoldova.com\/es\/","name":"Documentos Moldavia. Apostilla, Legalizaci\u00f3n, Nostrificaci\u00f3n, Traducciones","description":"Servicios Jur\u00eddicos Moldova","potentialAction":[{"@type":"SearchAction","target":{"@type":"EntryPoint","urlTemplate":"https:\/\/bizmoldova.com\/es\/?s={search_term_string}"},"query-input":{"@type":"PropertyValueSpecification","valueRequired":true,"valueName":"search_term_string"}}],"inLanguage":"es"}]}},"_links":{"self":[{"href":"https:\/\/bizmoldova.com\/es\/wp-json\/wp\/v2\/pages\/22","targetHints":{"allow":["GET"]}}],"collection":[{"href":"https:\/\/bizmoldova.com\/es\/wp-json\/wp\/v2\/pages"}],"about":[{"href":"https:\/\/bizmoldova.com\/es\/wp-json\/wp\/v2\/types\/page"}],"author":[{"embeddable":true,"href":"https:\/\/bizmoldova.com\/es\/wp-json\/wp\/v2\/users\/1"}],"replies":[{"embeddable":true,"href":"https:\/\/bizmoldova.com\/es\/wp-json\/wp\/v2\/comments?post=22"}],"version-history":[{"count":1,"href":"https:\/\/bizmoldova.com\/es\/wp-json\/wp\/v2\/pages\/22\/revisions"}],"predecessor-version":[{"id":23,"href":"https:\/\/bizmoldova.com\/es\/wp-json\/wp\/v2\/pages\/22\/revisions\/23"}],"wp:attachment":[{"href":"https:\/\/bizmoldova.com\/es\/wp-json\/wp\/v2\/media?parent=22"}],"curies":[{"name":"wp","href":"https:\/\/api.w.org\/{rel}","templated":true}]}}