{"id":15,"date":"2024-09-27T11:20:08","date_gmt":"2024-09-27T11:20:08","guid":{"rendered":"https:\/\/bizmoldova.com\/es\/?page_id=15"},"modified":"2024-09-27T11:20:09","modified_gmt":"2024-09-27T11:20:09","slug":"bancos-en-moldavia-para-empresas","status":"publish","type":"page","link":"https:\/\/bizmoldova.com\/es\/bancos-en-moldavia-para-empresas\/","title":{"rendered":"Bancos en Moldavia para Empresas"},"content":{"rendered":"\n<p>Actualmente, hay 14 bancos en Moldavia. Seg\u00fan nuestra opini\u00f3n, el banco m\u00e1s democr\u00e1tico, confiable y adecuado para realizar negocios de forma remota es OTP Bank (anteriormente MOBIASBANCA Group Societe Generale S.A.). Es destacable la lealtad de los empleados del banco y la posibilidad de establecer contacto personal para resolver cuestiones urgentes. Tambi\u00e9n es conveniente trabajar con un poder notarial del titular de la cuenta (el propietario o el director de la empresa).<\/p>\n\n\n\n<p>Recientemente, se ha permitido en los bancos el uso de una sola firma para realizar pagos. No es necesario especificar un contador, especialmente si es atendido por una firma contable.<\/p>\n\n\n\n<p>El plazo para la apertura de una cuenta temporal en el banco para el aporte de capital social var\u00eda de media hora a una hora. La apertura de cuentas permanentes se realiza en plazos similares. Sin embargo, las cuentas corrientes no se activan de inmediato, sino despu\u00e9s de la confirmaci\u00f3n por parte de la autoridad fiscal. Normalmente, esto toma entre 2 y 5 d\u00edas.<\/p>\n","protected":false},"excerpt":{"rendered":"<p>Actualmente, hay 14 bancos en Moldavia. Seg\u00fan nuestra opini\u00f3n, el banco m\u00e1s democr\u00e1tico, confiable y adecuado para realizar negocios de forma remota es OTP Bank (anteriormente MOBIASBANCA Group Societe Generale S.A.). Es destacable la lealtad de los empleados del banco y la posibilidad de establecer contacto personal para resolver cuestiones urgentes. Tambi\u00e9n es conveniente trabajar &#8230; <a title=\"Bancos en Moldavia para Empresas\" class=\"read-more\" href=\"https:\/\/bizmoldova.com\/es\/bancos-en-moldavia-para-empresas\/\" aria-label=\"Leer m\u00e1s sobre Bancos en Moldavia para Empresas\">Leer m\u00e1s<\/a><\/p>\n","protected":false},"author":1,"featured_media":0,"parent":0,"menu_order":0,"comment_status":"closed","ping_status":"closed","template":"","meta":{"_acf_changed":false,"footnotes":""},"class_list":["post-15","page","type-page","status-publish"],"acf":[],"yoast_head":"<!-- This site is optimized with the Yoast SEO plugin v27.3 - https:\/\/yoast.com\/product\/yoast-seo-wordpress\/ -->\n<title>Bancos en Moldavia para Empresas - Documentos Moldavia. Apostilla, Legalizaci\u00f3n, Nostrificaci\u00f3n, Traducciones<\/title>\n<meta name=\"robots\" content=\"index, follow, max-snippet:-1, max-image-preview:large, max-video-preview:-1\" \/>\n<link rel=\"canonical\" href=\"https:\/\/bizmoldova.com\/es\/bancos-en-moldavia-para-empresas\/\" \/>\n<meta property=\"og:locale\" content=\"es_ES\" \/>\n<meta property=\"og:type\" content=\"article\" \/>\n<meta property=\"og:title\" content=\"Bancos en Moldavia para Empresas - Documentos Moldavia. Apostilla, Legalizaci\u00f3n, Nostrificaci\u00f3n, Traducciones\" \/>\n<meta property=\"og:description\" content=\"Actualmente, hay 14 bancos en Moldavia. Seg\u00fan nuestra opini\u00f3n, el banco m\u00e1s democr\u00e1tico, confiable y adecuado para realizar negocios de forma remota es OTP Bank (anteriormente MOBIASBANCA Group Societe Generale S.A.). Es destacable la lealtad de los empleados del banco y la posibilidad de establecer contacto personal para resolver cuestiones urgentes. Tambi\u00e9n es conveniente trabajar ... Leer m\u00e1s\" \/>\n<meta property=\"og:url\" content=\"https:\/\/bizmoldova.com\/es\/bancos-en-moldavia-para-empresas\/\" \/>\n<meta property=\"og:site_name\" content=\"Documentos Moldavia. Apostilla, Legalizaci\u00f3n, Nostrificaci\u00f3n, Traducciones\" \/>\n<meta property=\"article:modified_time\" content=\"2024-09-27T11:20:09+00:00\" \/>\n<meta name=\"twitter:card\" content=\"summary_large_image\" \/>\n<meta name=\"twitter:label1\" content=\"Tiempo de lectura\" \/>\n\t<meta name=\"twitter:data1\" content=\"1 minuto\" \/>\n<script type=\"application\/ld+json\" class=\"yoast-schema-graph\">{\"@context\":\"https:\\\/\\\/schema.org\",\"@graph\":[{\"@type\":\"WebPage\",\"@id\":\"https:\\\/\\\/bizmoldova.com\\\/es\\\/bancos-en-moldavia-para-empresas\\\/\",\"url\":\"https:\\\/\\\/bizmoldova.com\\\/es\\\/bancos-en-moldavia-para-empresas\\\/\",\"name\":\"Bancos en Moldavia para Empresas - Documentos Moldavia. Apostilla, Legalizaci\u00f3n, Nostrificaci\u00f3n, Traducciones\",\"isPartOf\":{\"@id\":\"https:\\\/\\\/bizmoldova.com\\\/es\\\/#website\"},\"datePublished\":\"2024-09-27T11:20:08+00:00\",\"dateModified\":\"2024-09-27T11:20:09+00:00\",\"breadcrumb\":{\"@id\":\"https:\\\/\\\/bizmoldova.com\\\/es\\\/bancos-en-moldavia-para-empresas\\\/#breadcrumb\"},\"inLanguage\":\"es\",\"potentialAction\":[{\"@type\":\"ReadAction\",\"target\":[\"https:\\\/\\\/bizmoldova.com\\\/es\\\/bancos-en-moldavia-para-empresas\\\/\"]}]},{\"@type\":\"BreadcrumbList\",\"@id\":\"https:\\\/\\\/bizmoldova.com\\\/es\\\/bancos-en-moldavia-para-empresas\\\/#breadcrumb\",\"itemListElement\":[{\"@type\":\"ListItem\",\"position\":1,\"name\":\"Home\",\"item\":\"https:\\\/\\\/bizmoldova.com\\\/es\\\/\"},{\"@type\":\"ListItem\",\"position\":2,\"name\":\"Bancos en Moldavia para Empresas\"}]},{\"@type\":\"WebSite\",\"@id\":\"https:\\\/\\\/bizmoldova.com\\\/es\\\/#website\",\"url\":\"https:\\\/\\\/bizmoldova.com\\\/es\\\/\",\"name\":\"Documentos Moldavia. Apostilla, Legalizaci\u00f3n, Nostrificaci\u00f3n, Traducciones\",\"description\":\"Servicios Jur\u00eddicos Moldova\",\"potentialAction\":[{\"@type\":\"SearchAction\",\"target\":{\"@type\":\"EntryPoint\",\"urlTemplate\":\"https:\\\/\\\/bizmoldova.com\\\/es\\\/?s={search_term_string}\"},\"query-input\":{\"@type\":\"PropertyValueSpecification\",\"valueRequired\":true,\"valueName\":\"search_term_string\"}}],\"inLanguage\":\"es\"}]}<\/script>\n<!-- \/ Yoast SEO plugin. -->","yoast_head_json":{"title":"Bancos en Moldavia para Empresas - Documentos Moldavia. Apostilla, Legalizaci\u00f3n, Nostrificaci\u00f3n, Traducciones","robots":{"index":"index","follow":"follow","max-snippet":"max-snippet:-1","max-image-preview":"max-image-preview:large","max-video-preview":"max-video-preview:-1"},"canonical":"https:\/\/bizmoldova.com\/es\/bancos-en-moldavia-para-empresas\/","og_locale":"es_ES","og_type":"article","og_title":"Bancos en Moldavia para Empresas - Documentos Moldavia. Apostilla, Legalizaci\u00f3n, Nostrificaci\u00f3n, Traducciones","og_description":"Actualmente, hay 14 bancos en Moldavia. Seg\u00fan nuestra opini\u00f3n, el banco m\u00e1s democr\u00e1tico, confiable y adecuado para realizar negocios de forma remota es OTP Bank (anteriormente MOBIASBANCA Group Societe Generale S.A.). Es destacable la lealtad de los empleados del banco y la posibilidad de establecer contacto personal para resolver cuestiones urgentes. Tambi\u00e9n es conveniente trabajar ... Leer m\u00e1s","og_url":"https:\/\/bizmoldova.com\/es\/bancos-en-moldavia-para-empresas\/","og_site_name":"Documentos Moldavia. Apostilla, Legalizaci\u00f3n, Nostrificaci\u00f3n, Traducciones","article_modified_time":"2024-09-27T11:20:09+00:00","twitter_card":"summary_large_image","twitter_misc":{"Tiempo de lectura":"1 minuto"},"schema":{"@context":"https:\/\/schema.org","@graph":[{"@type":"WebPage","@id":"https:\/\/bizmoldova.com\/es\/bancos-en-moldavia-para-empresas\/","url":"https:\/\/bizmoldova.com\/es\/bancos-en-moldavia-para-empresas\/","name":"Bancos en Moldavia para Empresas - Documentos Moldavia. Apostilla, Legalizaci\u00f3n, Nostrificaci\u00f3n, Traducciones","isPartOf":{"@id":"https:\/\/bizmoldova.com\/es\/#website"},"datePublished":"2024-09-27T11:20:08+00:00","dateModified":"2024-09-27T11:20:09+00:00","breadcrumb":{"@id":"https:\/\/bizmoldova.com\/es\/bancos-en-moldavia-para-empresas\/#breadcrumb"},"inLanguage":"es","potentialAction":[{"@type":"ReadAction","target":["https:\/\/bizmoldova.com\/es\/bancos-en-moldavia-para-empresas\/"]}]},{"@type":"BreadcrumbList","@id":"https:\/\/bizmoldova.com\/es\/bancos-en-moldavia-para-empresas\/#breadcrumb","itemListElement":[{"@type":"ListItem","position":1,"name":"Home","item":"https:\/\/bizmoldova.com\/es\/"},{"@type":"ListItem","position":2,"name":"Bancos en Moldavia para Empresas"}]},{"@type":"WebSite","@id":"https:\/\/bizmoldova.com\/es\/#website","url":"https:\/\/bizmoldova.com\/es\/","name":"Documentos Moldavia. Apostilla, Legalizaci\u00f3n, Nostrificaci\u00f3n, Traducciones","description":"Servicios Jur\u00eddicos Moldova","potentialAction":[{"@type":"SearchAction","target":{"@type":"EntryPoint","urlTemplate":"https:\/\/bizmoldova.com\/es\/?s={search_term_string}"},"query-input":{"@type":"PropertyValueSpecification","valueRequired":true,"valueName":"search_term_string"}}],"inLanguage":"es"}]}},"_links":{"self":[{"href":"https:\/\/bizmoldova.com\/es\/wp-json\/wp\/v2\/pages\/15","targetHints":{"allow":["GET"]}}],"collection":[{"href":"https:\/\/bizmoldova.com\/es\/wp-json\/wp\/v2\/pages"}],"about":[{"href":"https:\/\/bizmoldova.com\/es\/wp-json\/wp\/v2\/types\/page"}],"author":[{"embeddable":true,"href":"https:\/\/bizmoldova.com\/es\/wp-json\/wp\/v2\/users\/1"}],"replies":[{"embeddable":true,"href":"https:\/\/bizmoldova.com\/es\/wp-json\/wp\/v2\/comments?post=15"}],"version-history":[{"count":1,"href":"https:\/\/bizmoldova.com\/es\/wp-json\/wp\/v2\/pages\/15\/revisions"}],"predecessor-version":[{"id":16,"href":"https:\/\/bizmoldova.com\/es\/wp-json\/wp\/v2\/pages\/15\/revisions\/16"}],"wp:attachment":[{"href":"https:\/\/bizmoldova.com\/es\/wp-json\/wp\/v2\/media?parent=15"}],"curies":[{"name":"wp","href":"https:\/\/api.w.org\/{rel}","templated":true}]}}