{"id":13,"date":"2024-09-27T11:07:45","date_gmt":"2024-09-27T11:07:45","guid":{"rendered":"https:\/\/bizmoldova.com\/es\/?page_id=13"},"modified":"2024-09-27T11:08:49","modified_gmt":"2024-09-27T11:08:49","slug":"apostilla-ucrania","status":"publish","type":"page","link":"https:\/\/bizmoldova.com\/es\/apostilla-ucrania\/","title":{"rendered":"Apostilla Ucrania"},"content":{"rendered":"\n<p>Nuestra agencia proporciona servicios de apostilla para documentos de Ucrania. Garantizamos un servicio de alta calidad y puntual.<\/p>\n\n\n\n<h3 class=\"wp-block-heading\"><strong>\u00bfQu\u00e9 es una apostilla ucraniana?<\/strong><\/h3>\n\n\n\n<p>Una apostilla en Ucrania, al igual que en otros pa\u00edses miembros de la Convenci\u00f3n de La Haya sobre la Apostilla, es una certificaci\u00f3n oficial de la autenticidad de las firmas de los funcionarios en documentos emitidos por organismos oficiales de Ucrania. La apostilla ucraniana es un sello con la inscripci\u00f3n \u00abApostille\u00bb que confirma la autenticidad de la firma, la legalidad y la validez legal del documento.<\/p>\n\n\n\n<h3 class=\"wp-block-heading\"><strong>\u00bfCu\u00e1ndo se volvi\u00f3 obligatoria la apostilla en Ucrania?<\/strong><\/h3>\n\n\n\n<p>La apostilla se volvi\u00f3 obligatoria en Ucrania el 22 de diciembre de 2003, por lo tanto, los documentos emitidos antes de esta fecha no est\u00e1n sujetos a apostilla.<\/p>\n\n\n\n<h3 class=\"wp-block-heading\"><strong>\u00bfC\u00f3mo solicitar una apostilla para documentos obtenidos en Ucrania sin viajar a Ucrania?<\/strong><\/h3>\n\n\n\n<p>Para solicitar una apostilla en l\u00ednea, puede ponerse en contacto con nuestra agencia legal con 18 a\u00f1os de experiencia. Necesitar\u00e1 proporcionar el documento original y pagar por nuestros servicios.<\/p>\n\n\n\n<h3 class=\"wp-block-heading\"><strong>\u00bfQu\u00e9 hacer si ha perdido el documento o no quiere enviar los originales?<\/strong><\/h3>\n\n\n\n<p>Si ha perdido el documento o prefiere no enviar los originales, puede solicitar un duplicado del documento en el nuevo formato. Para ello, debe emitir un poder notarial o consular a nuestro empleado y entreg\u00e1rnoslo o enviarlo por correo o servicio de mensajer\u00eda.<\/p>\n","protected":false},"excerpt":{"rendered":"<p>Nuestra agencia proporciona servicios de apostilla para documentos de Ucrania. Garantizamos un servicio de alta calidad y puntual. \u00bfQu\u00e9 es una apostilla ucraniana? Una apostilla en Ucrania, al igual que en otros pa\u00edses miembros de la Convenci\u00f3n de La Haya sobre la Apostilla, es una certificaci\u00f3n oficial de la autenticidad de las firmas de los &#8230; <a title=\"Apostilla Ucrania\" class=\"read-more\" href=\"https:\/\/bizmoldova.com\/es\/apostilla-ucrania\/\" aria-label=\"Leer m\u00e1s sobre Apostilla Ucrania\">Leer m\u00e1s<\/a><\/p>\n","protected":false},"author":1,"featured_media":0,"parent":0,"menu_order":0,"comment_status":"closed","ping_status":"closed","template":"","meta":{"_acf_changed":false,"footnotes":""},"class_list":["post-13","page","type-page","status-publish"],"acf":[],"yoast_head":"<!-- This site is optimized with the Yoast SEO plugin v27.4 - https:\/\/yoast.com\/product\/yoast-seo-wordpress\/ -->\n<title>Apostilla Ucrania - Documentos Moldavia. Apostilla, Legalizaci\u00f3n, Nostrificaci\u00f3n, Traducciones<\/title>\n<meta name=\"robots\" content=\"index, follow, max-snippet:-1, max-image-preview:large, max-video-preview:-1\" \/>\n<link rel=\"canonical\" href=\"https:\/\/bizmoldova.com\/es\/apostilla-ucrania\/\" \/>\n<meta property=\"og:locale\" content=\"es_ES\" \/>\n<meta property=\"og:type\" content=\"article\" \/>\n<meta property=\"og:title\" content=\"Apostilla Ucrania - Documentos Moldavia. Apostilla, Legalizaci\u00f3n, Nostrificaci\u00f3n, Traducciones\" \/>\n<meta property=\"og:description\" content=\"Nuestra agencia proporciona servicios de apostilla para documentos de Ucrania. Garantizamos un servicio de alta calidad y puntual. \u00bfQu\u00e9 es una apostilla ucraniana? Una apostilla en Ucrania, al igual que en otros pa\u00edses miembros de la Convenci\u00f3n de La Haya sobre la Apostilla, es una certificaci\u00f3n oficial de la autenticidad de las firmas de los ... Leer m\u00e1s\" \/>\n<meta property=\"og:url\" content=\"https:\/\/bizmoldova.com\/es\/apostilla-ucrania\/\" \/>\n<meta property=\"og:site_name\" content=\"Documentos Moldavia. Apostilla, Legalizaci\u00f3n, Nostrificaci\u00f3n, Traducciones\" \/>\n<meta property=\"article:modified_time\" content=\"2024-09-27T11:08:49+00:00\" \/>\n<meta name=\"twitter:card\" content=\"summary_large_image\" \/>\n<meta name=\"twitter:label1\" content=\"Tiempo de lectura\" \/>\n\t<meta name=\"twitter:data1\" content=\"2 minutos\" \/>\n<script type=\"application\/ld+json\" class=\"yoast-schema-graph\">{\"@context\":\"https:\\\/\\\/schema.org\",\"@graph\":[{\"@type\":\"WebPage\",\"@id\":\"https:\\\/\\\/bizmoldova.com\\\/es\\\/apostilla-ucrania\\\/\",\"url\":\"https:\\\/\\\/bizmoldova.com\\\/es\\\/apostilla-ucrania\\\/\",\"name\":\"Apostilla Ucrania - Documentos Moldavia. Apostilla, Legalizaci\u00f3n, Nostrificaci\u00f3n, Traducciones\",\"isPartOf\":{\"@id\":\"https:\\\/\\\/bizmoldova.com\\\/es\\\/#website\"},\"datePublished\":\"2024-09-27T11:07:45+00:00\",\"dateModified\":\"2024-09-27T11:08:49+00:00\",\"breadcrumb\":{\"@id\":\"https:\\\/\\\/bizmoldova.com\\\/es\\\/apostilla-ucrania\\\/#breadcrumb\"},\"inLanguage\":\"es\",\"potentialAction\":[{\"@type\":\"ReadAction\",\"target\":[\"https:\\\/\\\/bizmoldova.com\\\/es\\\/apostilla-ucrania\\\/\"]}]},{\"@type\":\"BreadcrumbList\",\"@id\":\"https:\\\/\\\/bizmoldova.com\\\/es\\\/apostilla-ucrania\\\/#breadcrumb\",\"itemListElement\":[{\"@type\":\"ListItem\",\"position\":1,\"name\":\"Home\",\"item\":\"https:\\\/\\\/bizmoldova.com\\\/es\\\/\"},{\"@type\":\"ListItem\",\"position\":2,\"name\":\"Apostilla Ucrania\"}]},{\"@type\":\"WebSite\",\"@id\":\"https:\\\/\\\/bizmoldova.com\\\/es\\\/#website\",\"url\":\"https:\\\/\\\/bizmoldova.com\\\/es\\\/\",\"name\":\"Documentos Moldavia. Apostilla, Legalizaci\u00f3n, Nostrificaci\u00f3n, Traducciones\",\"description\":\"Servicios Jur\u00eddicos Moldova\",\"potentialAction\":[{\"@type\":\"SearchAction\",\"target\":{\"@type\":\"EntryPoint\",\"urlTemplate\":\"https:\\\/\\\/bizmoldova.com\\\/es\\\/?s={search_term_string}\"},\"query-input\":{\"@type\":\"PropertyValueSpecification\",\"valueRequired\":true,\"valueName\":\"search_term_string\"}}],\"inLanguage\":\"es\"}]}<\/script>\n<!-- \/ Yoast SEO plugin. -->","yoast_head_json":{"title":"Apostilla Ucrania - Documentos Moldavia. Apostilla, Legalizaci\u00f3n, Nostrificaci\u00f3n, Traducciones","robots":{"index":"index","follow":"follow","max-snippet":"max-snippet:-1","max-image-preview":"max-image-preview:large","max-video-preview":"max-video-preview:-1"},"canonical":"https:\/\/bizmoldova.com\/es\/apostilla-ucrania\/","og_locale":"es_ES","og_type":"article","og_title":"Apostilla Ucrania - Documentos Moldavia. Apostilla, Legalizaci\u00f3n, Nostrificaci\u00f3n, Traducciones","og_description":"Nuestra agencia proporciona servicios de apostilla para documentos de Ucrania. Garantizamos un servicio de alta calidad y puntual. \u00bfQu\u00e9 es una apostilla ucraniana? Una apostilla en Ucrania, al igual que en otros pa\u00edses miembros de la Convenci\u00f3n de La Haya sobre la Apostilla, es una certificaci\u00f3n oficial de la autenticidad de las firmas de los ... Leer m\u00e1s","og_url":"https:\/\/bizmoldova.com\/es\/apostilla-ucrania\/","og_site_name":"Documentos Moldavia. Apostilla, Legalizaci\u00f3n, Nostrificaci\u00f3n, Traducciones","article_modified_time":"2024-09-27T11:08:49+00:00","twitter_card":"summary_large_image","twitter_misc":{"Tiempo de lectura":"2 minutos"},"schema":{"@context":"https:\/\/schema.org","@graph":[{"@type":"WebPage","@id":"https:\/\/bizmoldova.com\/es\/apostilla-ucrania\/","url":"https:\/\/bizmoldova.com\/es\/apostilla-ucrania\/","name":"Apostilla Ucrania - Documentos Moldavia. Apostilla, Legalizaci\u00f3n, Nostrificaci\u00f3n, Traducciones","isPartOf":{"@id":"https:\/\/bizmoldova.com\/es\/#website"},"datePublished":"2024-09-27T11:07:45+00:00","dateModified":"2024-09-27T11:08:49+00:00","breadcrumb":{"@id":"https:\/\/bizmoldova.com\/es\/apostilla-ucrania\/#breadcrumb"},"inLanguage":"es","potentialAction":[{"@type":"ReadAction","target":["https:\/\/bizmoldova.com\/es\/apostilla-ucrania\/"]}]},{"@type":"BreadcrumbList","@id":"https:\/\/bizmoldova.com\/es\/apostilla-ucrania\/#breadcrumb","itemListElement":[{"@type":"ListItem","position":1,"name":"Home","item":"https:\/\/bizmoldova.com\/es\/"},{"@type":"ListItem","position":2,"name":"Apostilla Ucrania"}]},{"@type":"WebSite","@id":"https:\/\/bizmoldova.com\/es\/#website","url":"https:\/\/bizmoldova.com\/es\/","name":"Documentos Moldavia. Apostilla, Legalizaci\u00f3n, Nostrificaci\u00f3n, Traducciones","description":"Servicios Jur\u00eddicos Moldova","potentialAction":[{"@type":"SearchAction","target":{"@type":"EntryPoint","urlTemplate":"https:\/\/bizmoldova.com\/es\/?s={search_term_string}"},"query-input":{"@type":"PropertyValueSpecification","valueRequired":true,"valueName":"search_term_string"}}],"inLanguage":"es"}]}},"_links":{"self":[{"href":"https:\/\/bizmoldova.com\/es\/wp-json\/wp\/v2\/pages\/13","targetHints":{"allow":["GET"]}}],"collection":[{"href":"https:\/\/bizmoldova.com\/es\/wp-json\/wp\/v2\/pages"}],"about":[{"href":"https:\/\/bizmoldova.com\/es\/wp-json\/wp\/v2\/types\/page"}],"author":[{"embeddable":true,"href":"https:\/\/bizmoldova.com\/es\/wp-json\/wp\/v2\/users\/1"}],"replies":[{"embeddable":true,"href":"https:\/\/bizmoldova.com\/es\/wp-json\/wp\/v2\/comments?post=13"}],"version-history":[{"count":1,"href":"https:\/\/bizmoldova.com\/es\/wp-json\/wp\/v2\/pages\/13\/revisions"}],"predecessor-version":[{"id":14,"href":"https:\/\/bizmoldova.com\/es\/wp-json\/wp\/v2\/pages\/13\/revisions\/14"}],"wp:attachment":[{"href":"https:\/\/bizmoldova.com\/es\/wp-json\/wp\/v2\/media?parent=13"}],"curies":[{"name":"wp","href":"https:\/\/api.w.org\/{rel}","templated":true}]}}