{"id":11,"date":"2024-09-22T11:55:14","date_gmt":"2024-09-22T11:55:14","guid":{"rendered":"https:\/\/bizmoldova.com\/es\/?page_id=11"},"modified":"2024-09-22T11:55:15","modified_gmt":"2024-09-22T11:55:15","slug":"ciudadania-de-la-republica-de-moldova","status":"publish","type":"page","link":"https:\/\/bizmoldova.com\/es\/ciudadania-de-la-republica-de-moldova\/","title":{"rendered":"Ciudadan\u00eda de la Rep\u00fablica de Moldova"},"content":{"rendered":"\n<p>Liga Empresarial SRL lleva m\u00e1s de 20 a\u00f1os ofreciendo servicios de calidad para la adquisici\u00f3n y recuperaci\u00f3n de la ciudadan\u00eda de la Rep\u00fablica de Moldavia: inmigraci\u00f3n de negocios, reunificaci\u00f3n familiar, recuperaci\u00f3n de la ciudadan\u00eda perdida, recuperaci\u00f3n de la ciudadan\u00eda tras la renuncia, permisos de residencia en la Rep\u00fablica de Moldavia y otros casos relacionados con la ciudadan\u00eda.<\/p>\n\n\n\n<p><\/p>\n\n\n\n<h2 class=\"wp-block-heading\">Adquisici\u00f3n de la ciudadan\u00eda de la Rep\u00fablica de Moldova<\/h2>\n\n\n\n<h5 class=\"wp-block-heading\"><strong>Art\u00edculo 10. Bases para la adquisici\u00f3n de la ciudadan\u00eda<\/strong><\/h5>\n\n\n\n<p>(1) La ciudadan\u00eda de la Rep\u00fablica de Moldavia se adquiere:<\/p>\n\n\n\n<p>a) por nacimiento;<\/p>\n\n\n\n<p>b) por reconocimiento;<\/p>\n\n\n\n<p>c) por adopci\u00f3n;<\/p>\n\n\n\n<p>d) por recuperaci\u00f3n de la ciudadan\u00eda;<\/p>\n\n\n\n<p>e) por naturalizaci\u00f3n.<\/p>\n\n\n\n<p>(2) La ciudadan\u00eda de la Rep\u00fablica de Moldavia tambi\u00e9n puede adquirirse con base en tratados internacionales, en los que la Rep\u00fablica de Moldavia sea parte.<\/p>\n\n\n\n<h5 class=\"wp-block-heading\"><strong>Art\u00edculo 11. Adquisici\u00f3n de la ciudadan\u00eda por nacimiento<\/strong><\/h5>\n\n\n\n<p>(1) Es ciudadano de la Rep\u00fablica de Moldavia un ni\u00f1o:<\/p>\n\n\n\n<p>a) cuyos padres, o al menos uno de ellos, sea ciudadano de la Rep\u00fablica de Moldavia en el momento del nacimiento;<\/p>\n\n\n\n<p>b) nacido en el territorio de la Rep\u00fablica de Moldavia de padres que sean ap\u00e1tridas o personas con protecci\u00f3n internacional;<\/p>\n\n\n\n<p>c) nacido en el territorio de la Rep\u00fablica de Moldavia de padres que sean ciudadanos de otros pa\u00edses o de los cuales uno sea ap\u00e1trida o beneficiario de protecci\u00f3n internacional, y el otro sea ciudadano extranjero, siempre que al momento del nacimiento, al menos uno de los padres tenga derecho de residencia o disfrute de protecci\u00f3n internacional otorgada por las autoridades competentes de la Rep\u00fablica de Moldavia, o sea reconocido como ap\u00e1trida por dichas autoridades.<\/p>\n\n\n\n<p>(2) Un ni\u00f1o encontrado en el territorio de la Rep\u00fablica de Moldavia es considerado su ciudadano hasta que se demuestre lo contrario antes de cumplir los 18 a\u00f1os.<\/p>\n\n\n\n<p>(3) La ciudadan\u00eda de un ni\u00f1o, conforme al inciso c) del p\u00e1rrafo (1), se determina por mutuo acuerdo entre los padres. Si los padres no llegan a un acuerdo, la cuesti\u00f3n de la ciudadan\u00eda del ni\u00f1o ser\u00e1 resuelta por el tribunal de acuerdo con los intereses del ni\u00f1o. Si el ni\u00f1o tiene 14 a\u00f1os o m\u00e1s, se requiere su consentimiento notariado.<\/p>\n\n\n\n<h5 class=\"wp-block-heading\"><strong>Art\u00edculo 12. Adquisici\u00f3n de la ciudadan\u00eda por reconocimiento<\/strong><\/h5>\n\n\n\n<p>(1) Se reconocen como ciudadanos de la Rep\u00fablica de Moldavia las personas que hayan adquirido y conservado la ciudadan\u00eda de la Rep\u00fablica de Moldavia conforme a la legislaci\u00f3n anterior, as\u00ed como las personas que hayan adquirido la ciudadan\u00eda conforme a esta ley.<\/p>\n\n\n\n<p>(11) Las personas nacidas en el territorio de la Rep\u00fablica de Moldavia mayores de 18 a\u00f1os, que no est\u00e9n registradas ante la autoridad competente como ciudadanos de la Rep\u00fablica de Moldavia y no posean un documento que confirme su ciudadan\u00eda, ser\u00e1n reconocidas como ciudadanos de la Rep\u00fablica de Moldavia, consider\u00e1ndose la fecha de adquisici\u00f3n de la ciudadan\u00eda la fecha del consentimiento otorgado por escrito. Si la persona no est\u00e1 de acuerdo con esta fecha de adquisici\u00f3n de la ciudadan\u00eda, a su solicitud, la autoridad competente determinar\u00e1 la fecha de adquisici\u00f3n bas\u00e1ndose en documentos que demuestren que cumpl\u00eda o cumple las condiciones establecidas en la legislaci\u00f3n de ciudadan\u00eda vigente o anterior bajo la cual fue declarada ciudadana de la Rep\u00fablica de Moldavia.<\/p>\n\n\n\n<p>(2) Son reconocidos como ciudadanos de la Rep\u00fablica de Moldavia las personas que expresen el deseo de convertirse en ciudadanos de la Rep\u00fablica de Moldavia, a saber:<\/p>\n\n\n\n<p>a) personas nacidas en el extranjero que tengan al menos uno de sus padres, abuelos o bisabuelos nacidos en el territorio de la Rep\u00fablica de Moldavia;<\/p>\n\n\n\n<p>b) personas que resid\u00edan en Besarabia, el norte de Bucovina, el distrito de Hertsa y la MASSR antes del 28 de junio de 1940, y sus descendientes;<\/p>\n\n\n\n<p>c) personas que fueron expulsadas o abandonaron el territorio de la Rep\u00fablica de Moldavia a partir del 28 de junio de 1940, y sus descendientes;<\/p>\n\n\n\n<p>d) personas que resid\u00edan legal y permanentemente en el territorio de la Rep\u00fablica de Moldavia antes del 23 de junio de 1990 y contin\u00faan residiendo all\u00ed en la actualidad.<\/p>\n\n\n\n<p>(3) Las personas mencionadas en el p\u00e1rrafo (2) de este art\u00edculo no pueden ser reconocidas como ciudadanos de la Rep\u00fablica de Moldavia si, durante el proceso de reconocimiento, proporcionan informaci\u00f3n falsa o ocultan hechos esenciales que, de haber sido conocidos, habr\u00edan llevado al rechazo de la solicitud, y\/o est\u00e1n sujetas a las disposiciones de los incisos a)\u2013e) del p\u00e1rrafo (1) del art\u00edculo 20.<\/p>\n\n\n\n<h5 class=\"wp-block-heading\"><strong>Art\u00edculo 16. Recuperaci\u00f3n de la ciudadan\u00eda<\/strong><\/h5>\n\n\n\n<p>(1) Una persona que anteriormente haya sido ciudadana de la Rep\u00fablica de Moldavia puede, a su solicitud, recuperar dicha ciudadan\u00eda, conservando su ciudadan\u00eda extranjera si as\u00ed lo desea, excepto en los casos previstos en los incisos a)-d) del art\u00edculo 20.<\/p>\n\n\n\n<p>(2) A una persona que haya sido despojada de la ciudadan\u00eda de la Rep\u00fablica de Moldavia conforme al inciso c) del art\u00edculo 23, no se le puede restaurar la ciudadan\u00eda. En los dem\u00e1s casos previstos en el art\u00edculo 23, la ciudadan\u00eda solo puede restaurarse mediante naturalizaci\u00f3n, despu\u00e9s de al menos 5 a\u00f1os de residencia legal y permanente en el territorio de la Rep\u00fablica de Moldavia desde el d\u00eda de la p\u00e9rdida de la ciudadan\u00eda.<\/p>\n\n\n\n<h5 class=\"wp-block-heading\"><strong>Art\u00edculo 17. Condiciones para la naturalizaci\u00f3n<\/strong><\/h5>\n\n\n\n<p>(1) La ciudadan\u00eda de la Rep\u00fablica de Moldavia puede otorgarse a solicitud de un extranjero o ap\u00e1trida que resida legal y permanentemente en la Rep\u00fablica de Moldavia, que conozca y respete las disposiciones de la Constituci\u00f3n, que haya pasado un examen de competencia del idioma estatal y tenga fuentes de ingresos legales, siempre que se cumpla una de las siguientes condiciones:<\/p>\n\n\n\n<p>a) ha residido en el territorio de la Rep\u00fablica de Moldavia durante al menos los \u00faltimos 10 a\u00f1os. Para los ap\u00e1tridas, refugiados y personas con protecci\u00f3n humanitaria y asilo pol\u00edtico, el plazo es de 8 a\u00f1os;<\/p>\n\n\n\n<p>b) ha residido en el territorio de la Rep\u00fablica de Moldavia durante 5 a\u00f1os antes de alcanzar la mayor\u00eda de edad;<\/p>\n\n\n\n<p>c) est\u00e1 casado con un ciudadano de la Rep\u00fablica de Moldavia por al menos 3 a\u00f1os y ha residido continuamente en el territorio de la Rep\u00fablica de Moldavia durante los \u00faltimos 3 a\u00f1os;<\/p>\n\n\n\n<p>d) ha residido en el territorio de la Rep\u00fablica de Moldavia durante los \u00faltimos 3 a\u00f1os con sus padres (incluidos adoptivos) o hijos (incluidos adoptados), que sean ciudadanos de la Rep\u00fablica de Moldavia.<\/p>\n\n\n\n<p>(2) El Gobierno establecer\u00e1 el procedimiento para determinar los niveles de conocimiento de las disposiciones de la Constituci\u00f3n y de competencia del idioma estatal de las personas que soliciten la ciudadan\u00eda de la Rep\u00fablica de Moldavia.<\/p>\n\n\n\n<p>(3) El plazo de residencia legal y permanente de un extranjero en el territorio de la Rep\u00fablica de Moldavia se cuenta desde la fecha en que las autoridades competentes de la Rep\u00fablica de Moldavia le otorgan el derecho de residencia en el pa\u00eds. La fecha de emisi\u00f3n del documento que confirma el derecho de residencia del extranjero en la Rep\u00fablica de Moldavia se considera la fecha de autorizaci\u00f3n de residencia y se confirma mediante documentos oficiales emitidos por las autoridades competentes de la Rep\u00fablica de Moldavia o datos del Registro Estatal de Poblaci\u00f3n.<\/p>\n\n\n\n<p>(4) La residencia de un extranjero en el territorio de la Rep\u00fablica de Moldavia se considera legal y permanente si, despu\u00e9s de la autorizaci\u00f3n de residencia:<\/p>\n\n\n\n<p>a) el extranjero no ha emigrado de la Rep\u00fablica de Moldavia;<\/p>\n\n\n\n<p>b) no se le ha anulado o revocado el derecho de residencia, ni se le ha anulado o terminado el estatus de ap\u00e1trida o refugiado;<\/p>\n\n\n\n<p>c) la extensi\u00f3n de su derecho de residencia se ha realizado de manera continua.<\/p>\n\n\n\n<p>(5) En el caso de un extranjero que durante su estancia legal en el territorio de la Rep\u00fablica de Moldavia haya cambiado su estatus legal, al calcular el per\u00edodo de residencia, se tendr\u00e1 en cuenta el tiempo de residencia bajo su estatus anterior, siempre que dicho per\u00edodo sea continuo.<\/p>\n\n\n\n<h5 class=\"wp-block-heading\"><strong>Art\u00edculo 19. Ciudadan\u00eda de los hijos cuyos padres adquieren la ciudadan\u00eda de la Rep\u00fablica de Moldavia<\/strong><\/h5>\n\n\n\n<p>(1) Un ni\u00f1o nacido de ciudadanos extranjeros o ap\u00e1tridas que adquieren la ciudadan\u00eda de la Rep\u00fablica de Moldavia adquiere la ciudadan\u00eda simult\u00e1neamente con sus padres.<\/p>\n\n\n\n<p>(2) Si solo uno de los padres adquiere la ciudadan\u00eda de la Rep\u00fablica de Moldavia, la cuesti\u00f3n de la ciudadan\u00eda del ni\u00f1o se resolver\u00e1 por mutuo acuerdo entre los padres. Si los padres no pueden llegar a un acuerdo, el tribunal decidir\u00e1 la cuesti\u00f3n de la ciudadan\u00eda del ni\u00f1o en funci\u00f3n de sus intereses, pero solo si hay una solicitud de los padres sobre el asunto. Si el ni\u00f1o no adquiere la ciudadan\u00eda de la Rep\u00fablica de Moldavia junto con uno de sus padres, tendr\u00e1 derecho a adquirirla m\u00e1s tarde, antes de cumplir los 18 a\u00f1os, en las mismas condiciones que su progenitor.<\/p>\n\n\n\n<p>(3) Si el ni\u00f1o tiene 14 a\u00f1os o m\u00e1s, en los casos previstos por los p\u00e1rrafos (1) y (2), se requiere su consentimiento notarial.<\/p>\n\n\n\n<h5 class=\"wp-block-heading\"><strong>Art\u00edculo 20. Bases para la denegaci\u00f3n de la concesi\u00f3n o restauraci\u00f3n de la ciudadan\u00eda<\/strong><\/h5>\n\n\n\n<p>(1) La ciudadan\u00eda de la Rep\u00fablica de Moldavia no se concede ni se restaura a las personas que:<\/p>\n\n\n\n<p>a) han cometido delitos internacionales, militares o contra la humanidad;<\/p>\n\n\n\n<p>b) est\u00e1n involucradas en actividades terroristas;<\/p>\n\n\n\n<p>c) est\u00e1n cumpliendo o deben cumplir una sentencia de prisi\u00f3n en virtud de una sentencia judicial durante el per\u00edodo de revisi\u00f3n de la solicitud, tienen antecedentes penales no borrados o est\u00e1n bajo investigaci\u00f3n criminal;<\/p>\n\n\n\n<p>d) realizan actividades dirigidas a socavar la seguridad del Estado, el orden p\u00fablico, la salud y la moral de la poblaci\u00f3n;<\/p>\n\n\n\n<p>e) no cumplen completamente con las condiciones para adquirir la ciudadan\u00eda de la Rep\u00fablica de Moldavia establecidas por esta ley;<\/p>\n\n\n\n<p>\u200bf) proporcionan informaci\u00f3n falsa o ocultan hechos esenciales durante el proceso de concesi\u00f3n o restauraci\u00f3n de la ciudadan\u00eda.<\/p>\n","protected":false},"excerpt":{"rendered":"<p>Liga Empresarial SRL lleva m\u00e1s de 20 a\u00f1os ofreciendo servicios de calidad para la adquisici\u00f3n y recuperaci\u00f3n de la ciudadan\u00eda de la Rep\u00fablica de Moldavia: inmigraci\u00f3n de negocios, reunificaci\u00f3n familiar, recuperaci\u00f3n de la ciudadan\u00eda perdida, recuperaci\u00f3n de la ciudadan\u00eda tras la renuncia, permisos de residencia en la Rep\u00fablica de Moldavia y otros casos relacionados con &#8230; <a title=\"Ciudadan\u00eda de la Rep\u00fablica de Moldova\" class=\"read-more\" href=\"https:\/\/bizmoldova.com\/es\/ciudadania-de-la-republica-de-moldova\/\" aria-label=\"Leer m\u00e1s sobre Ciudadan\u00eda de la Rep\u00fablica de Moldova\">Leer m\u00e1s<\/a><\/p>\n","protected":false},"author":1,"featured_media":0,"parent":0,"menu_order":0,"comment_status":"closed","ping_status":"closed","template":"","meta":{"_acf_changed":false,"footnotes":""},"class_list":["post-11","page","type-page","status-publish"],"acf":[],"yoast_head":"<!-- This site is optimized with the Yoast SEO plugin v27.4 - https:\/\/yoast.com\/product\/yoast-seo-wordpress\/ -->\n<title>Ciudadan\u00eda de la Rep\u00fablica de Moldova - Documentos Moldavia. Apostilla, Legalizaci\u00f3n, Nostrificaci\u00f3n, Traducciones<\/title>\n<meta name=\"robots\" content=\"index, follow, max-snippet:-1, max-image-preview:large, max-video-preview:-1\" \/>\n<link rel=\"canonical\" href=\"https:\/\/bizmoldova.com\/es\/ciudadania-de-la-republica-de-moldova\/\" \/>\n<meta property=\"og:locale\" content=\"es_ES\" \/>\n<meta property=\"og:type\" content=\"article\" \/>\n<meta property=\"og:title\" content=\"Ciudadan\u00eda de la Rep\u00fablica de Moldova - Documentos Moldavia. Apostilla, Legalizaci\u00f3n, Nostrificaci\u00f3n, Traducciones\" \/>\n<meta property=\"og:description\" content=\"Liga Empresarial SRL lleva m\u00e1s de 20 a\u00f1os ofreciendo servicios de calidad para la adquisici\u00f3n y recuperaci\u00f3n de la ciudadan\u00eda de la Rep\u00fablica de Moldavia: inmigraci\u00f3n de negocios, reunificaci\u00f3n familiar, recuperaci\u00f3n de la ciudadan\u00eda perdida, recuperaci\u00f3n de la ciudadan\u00eda tras la renuncia, permisos de residencia en la Rep\u00fablica de Moldavia y otros casos relacionados con ... Leer m\u00e1s\" \/>\n<meta property=\"og:url\" content=\"https:\/\/bizmoldova.com\/es\/ciudadania-de-la-republica-de-moldova\/\" \/>\n<meta property=\"og:site_name\" content=\"Documentos Moldavia. Apostilla, Legalizaci\u00f3n, Nostrificaci\u00f3n, Traducciones\" \/>\n<meta property=\"article:modified_time\" content=\"2024-09-22T11:55:15+00:00\" \/>\n<meta name=\"twitter:card\" content=\"summary_large_image\" \/>\n<meta name=\"twitter:label1\" content=\"Tiempo de lectura\" \/>\n\t<meta name=\"twitter:data1\" content=\"8 minutos\" \/>\n<script type=\"application\/ld+json\" class=\"yoast-schema-graph\">{\"@context\":\"https:\\\/\\\/schema.org\",\"@graph\":[{\"@type\":\"WebPage\",\"@id\":\"https:\\\/\\\/bizmoldova.com\\\/es\\\/ciudadania-de-la-republica-de-moldova\\\/\",\"url\":\"https:\\\/\\\/bizmoldova.com\\\/es\\\/ciudadania-de-la-republica-de-moldova\\\/\",\"name\":\"Ciudadan\u00eda de la Rep\u00fablica de Moldova - Documentos Moldavia. Apostilla, Legalizaci\u00f3n, Nostrificaci\u00f3n, Traducciones\",\"isPartOf\":{\"@id\":\"https:\\\/\\\/bizmoldova.com\\\/es\\\/#website\"},\"datePublished\":\"2024-09-22T11:55:14+00:00\",\"dateModified\":\"2024-09-22T11:55:15+00:00\",\"breadcrumb\":{\"@id\":\"https:\\\/\\\/bizmoldova.com\\\/es\\\/ciudadania-de-la-republica-de-moldova\\\/#breadcrumb\"},\"inLanguage\":\"es\",\"potentialAction\":[{\"@type\":\"ReadAction\",\"target\":[\"https:\\\/\\\/bizmoldova.com\\\/es\\\/ciudadania-de-la-republica-de-moldova\\\/\"]}]},{\"@type\":\"BreadcrumbList\",\"@id\":\"https:\\\/\\\/bizmoldova.com\\\/es\\\/ciudadania-de-la-republica-de-moldova\\\/#breadcrumb\",\"itemListElement\":[{\"@type\":\"ListItem\",\"position\":1,\"name\":\"Home\",\"item\":\"https:\\\/\\\/bizmoldova.com\\\/es\\\/\"},{\"@type\":\"ListItem\",\"position\":2,\"name\":\"Ciudadan\u00eda de la Rep\u00fablica de Moldova\"}]},{\"@type\":\"WebSite\",\"@id\":\"https:\\\/\\\/bizmoldova.com\\\/es\\\/#website\",\"url\":\"https:\\\/\\\/bizmoldova.com\\\/es\\\/\",\"name\":\"Documentos Moldavia. Apostilla, Legalizaci\u00f3n, Nostrificaci\u00f3n, Traducciones\",\"description\":\"Servicios Jur\u00eddicos Moldova\",\"potentialAction\":[{\"@type\":\"SearchAction\",\"target\":{\"@type\":\"EntryPoint\",\"urlTemplate\":\"https:\\\/\\\/bizmoldova.com\\\/es\\\/?s={search_term_string}\"},\"query-input\":{\"@type\":\"PropertyValueSpecification\",\"valueRequired\":true,\"valueName\":\"search_term_string\"}}],\"inLanguage\":\"es\"}]}<\/script>\n<!-- \/ Yoast SEO plugin. -->","yoast_head_json":{"title":"Ciudadan\u00eda de la Rep\u00fablica de Moldova - Documentos Moldavia. Apostilla, Legalizaci\u00f3n, Nostrificaci\u00f3n, Traducciones","robots":{"index":"index","follow":"follow","max-snippet":"max-snippet:-1","max-image-preview":"max-image-preview:large","max-video-preview":"max-video-preview:-1"},"canonical":"https:\/\/bizmoldova.com\/es\/ciudadania-de-la-republica-de-moldova\/","og_locale":"es_ES","og_type":"article","og_title":"Ciudadan\u00eda de la Rep\u00fablica de Moldova - Documentos Moldavia. Apostilla, Legalizaci\u00f3n, Nostrificaci\u00f3n, Traducciones","og_description":"Liga Empresarial SRL lleva m\u00e1s de 20 a\u00f1os ofreciendo servicios de calidad para la adquisici\u00f3n y recuperaci\u00f3n de la ciudadan\u00eda de la Rep\u00fablica de Moldavia: inmigraci\u00f3n de negocios, reunificaci\u00f3n familiar, recuperaci\u00f3n de la ciudadan\u00eda perdida, recuperaci\u00f3n de la ciudadan\u00eda tras la renuncia, permisos de residencia en la Rep\u00fablica de Moldavia y otros casos relacionados con ... Leer m\u00e1s","og_url":"https:\/\/bizmoldova.com\/es\/ciudadania-de-la-republica-de-moldova\/","og_site_name":"Documentos Moldavia. Apostilla, Legalizaci\u00f3n, Nostrificaci\u00f3n, Traducciones","article_modified_time":"2024-09-22T11:55:15+00:00","twitter_card":"summary_large_image","twitter_misc":{"Tiempo de lectura":"8 minutos"},"schema":{"@context":"https:\/\/schema.org","@graph":[{"@type":"WebPage","@id":"https:\/\/bizmoldova.com\/es\/ciudadania-de-la-republica-de-moldova\/","url":"https:\/\/bizmoldova.com\/es\/ciudadania-de-la-republica-de-moldova\/","name":"Ciudadan\u00eda de la Rep\u00fablica de Moldova - Documentos Moldavia. Apostilla, Legalizaci\u00f3n, Nostrificaci\u00f3n, Traducciones","isPartOf":{"@id":"https:\/\/bizmoldova.com\/es\/#website"},"datePublished":"2024-09-22T11:55:14+00:00","dateModified":"2024-09-22T11:55:15+00:00","breadcrumb":{"@id":"https:\/\/bizmoldova.com\/es\/ciudadania-de-la-republica-de-moldova\/#breadcrumb"},"inLanguage":"es","potentialAction":[{"@type":"ReadAction","target":["https:\/\/bizmoldova.com\/es\/ciudadania-de-la-republica-de-moldova\/"]}]},{"@type":"BreadcrumbList","@id":"https:\/\/bizmoldova.com\/es\/ciudadania-de-la-republica-de-moldova\/#breadcrumb","itemListElement":[{"@type":"ListItem","position":1,"name":"Home","item":"https:\/\/bizmoldova.com\/es\/"},{"@type":"ListItem","position":2,"name":"Ciudadan\u00eda de la Rep\u00fablica de Moldova"}]},{"@type":"WebSite","@id":"https:\/\/bizmoldova.com\/es\/#website","url":"https:\/\/bizmoldova.com\/es\/","name":"Documentos Moldavia. Apostilla, Legalizaci\u00f3n, Nostrificaci\u00f3n, Traducciones","description":"Servicios Jur\u00eddicos Moldova","potentialAction":[{"@type":"SearchAction","target":{"@type":"EntryPoint","urlTemplate":"https:\/\/bizmoldova.com\/es\/?s={search_term_string}"},"query-input":{"@type":"PropertyValueSpecification","valueRequired":true,"valueName":"search_term_string"}}],"inLanguage":"es"}]}},"_links":{"self":[{"href":"https:\/\/bizmoldova.com\/es\/wp-json\/wp\/v2\/pages\/11","targetHints":{"allow":["GET"]}}],"collection":[{"href":"https:\/\/bizmoldova.com\/es\/wp-json\/wp\/v2\/pages"}],"about":[{"href":"https:\/\/bizmoldova.com\/es\/wp-json\/wp\/v2\/types\/page"}],"author":[{"embeddable":true,"href":"https:\/\/bizmoldova.com\/es\/wp-json\/wp\/v2\/users\/1"}],"replies":[{"embeddable":true,"href":"https:\/\/bizmoldova.com\/es\/wp-json\/wp\/v2\/comments?post=11"}],"version-history":[{"count":1,"href":"https:\/\/bizmoldova.com\/es\/wp-json\/wp\/v2\/pages\/11\/revisions"}],"predecessor-version":[{"id":12,"href":"https:\/\/bizmoldova.com\/es\/wp-json\/wp\/v2\/pages\/11\/revisions\/12"}],"wp:attachment":[{"href":"https:\/\/bizmoldova.com\/es\/wp-json\/wp\/v2\/media?parent=11"}],"curies":[{"name":"wp","href":"https:\/\/api.w.org\/{rel}","templated":true}]}}