{"id":90,"date":"2024-10-02T17:01:14","date_gmt":"2024-10-02T17:01:14","guid":{"rendered":"https:\/\/bizmoldova.com\/de\/?page_id=90"},"modified":"2025-07-05T18:30:07","modified_gmt":"2025-07-05T18:30:07","slug":"kontakte","status":"publish","type":"page","link":"https:\/\/bizmoldova.com\/de\/kontakte\/","title":{"rendered":"Kontakte"},"content":{"rendered":"\n<p><strong>Kontakte &#8211; Rechtsberatung<\/strong><br>\nWir m\u00f6chten darauf hinweisen, dass Rechtsberatungen kostenpflichtig sind.<br>\nAlle, die glauben, einfach nur eine Frage stellen zu k\u00f6nnen, bitten wir, diese klar zu formulieren, damit wir feststellen k\u00f6nnen, ob wir sofort antworten k\u00f6nnen oder nicht&#8230;<br>\nFragen wie: \u201eIch rufe Sie an, habe Sie im Internet gefunden und dachte, Sie k\u00f6nnen mir helfen\u2026\u201c Bitte nur zur Sache. Ohne Einleitung, direkt zum Punkt. Es gibt sehr viele Anrufe, die einfach nur Zeit kosten.<br>\nDanke f\u00fcr Ihr Verst\u00e4ndnis.<\/p>\n\n\n\n<p>Sie k\u00f6nnen uns bei allen Fragen unter den unten angegebenen Telefonnummern erreichen.<\/p>\n\n\n\n<p><span style=\"color: #993300;\"><strong>Telefonnummern:<\/strong><\/span><\/p>\n\n\n\n<p>in Chi\u0219in\u0103u (Moldawien)<br>\n<strong>Mobil:<\/strong> +373 67 666 333 (<strong><span style=\"color: #333399;\">Viber<\/span>, <span style=\"color: #008000;\">WhatsApp<\/span>,<span style=\"color: #3366ff;\"> Telegram<\/span><\/strong>)<\/p>\n\n\n\n<p><span style=\"color: #0000ff;\"><strong>Skype:<\/strong><\/span> muncacom<\/p>\n\n\n\n<p><span style=\"color: #993300;\"><strong>E-Mail: <\/strong><\/span>apostille.document@gmail.com<\/p>\n","protected":false},"excerpt":{"rendered":"<p>Kontakte &#8211; Rechtsberatung Wir m\u00f6chten darauf hinweisen, dass Rechtsberatungen kostenpflichtig sind. Alle, die glauben, einfach nur eine Frage stellen zu k\u00f6nnen, bitten wir, diese klar zu formulieren, damit wir feststellen k\u00f6nnen, ob wir sofort antworten k\u00f6nnen oder nicht&#8230; Fragen wie: \u201eIch rufe Sie an, habe Sie im Internet gefunden und dachte, Sie k\u00f6nnen mir helfen\u2026\u201c &#8230; <a title=\"Kontakte\" class=\"read-more\" href=\"https:\/\/bizmoldova.com\/de\/kontakte\/\" aria-label=\"Mehr Informationen \u00fcber Kontakte\">Weiterlesen &#8230;<\/a><\/p>\n","protected":false},"author":1,"featured_media":0,"parent":0,"menu_order":0,"comment_status":"closed","ping_status":"closed","template":"","meta":{"_acf_changed":false,"footnotes":""},"class_list":["post-90","page","type-page","status-publish"],"acf":[],"yoast_head":"<!-- This site is optimized with the Yoast SEO plugin v27.4 - https:\/\/yoast.com\/product\/yoast-seo-wordpress\/ -->\n<title>Kontakte - Dokumente Moldawien. Apostille, Legalisierung, Nostrifizierung, \u00dcbersetzungen<\/title>\n<meta name=\"robots\" content=\"index, follow, max-snippet:-1, max-image-preview:large, max-video-preview:-1\" \/>\n<link rel=\"canonical\" href=\"https:\/\/bizmoldova.com\/de\/kontakte\/\" \/>\n<meta property=\"og:locale\" content=\"de_DE\" \/>\n<meta property=\"og:type\" content=\"article\" \/>\n<meta property=\"og:title\" content=\"Kontakte - Dokumente Moldawien. Apostille, Legalisierung, Nostrifizierung, \u00dcbersetzungen\" \/>\n<meta property=\"og:description\" content=\"Kontakte &#8211; Rechtsberatung Wir m\u00f6chten darauf hinweisen, dass Rechtsberatungen kostenpflichtig sind. Alle, die glauben, einfach nur eine Frage stellen zu k\u00f6nnen, bitten wir, diese klar zu formulieren, damit wir feststellen k\u00f6nnen, ob wir sofort antworten k\u00f6nnen oder nicht&#8230; Fragen wie: \u201eIch rufe Sie an, habe Sie im Internet gefunden und dachte, Sie k\u00f6nnen mir helfen\u2026\u201c ... Weiterlesen ...\" \/>\n<meta property=\"og:url\" content=\"https:\/\/bizmoldova.com\/de\/kontakte\/\" \/>\n<meta property=\"og:site_name\" content=\"Dokumente Moldawien. Apostille, Legalisierung, Nostrifizierung, \u00dcbersetzungen\" \/>\n<meta property=\"article:modified_time\" content=\"2025-07-05T18:30:07+00:00\" \/>\n<meta name=\"twitter:card\" content=\"summary_large_image\" \/>\n<meta name=\"twitter:label1\" content=\"Gesch\u00e4tzte Lesezeit\" \/>\n\t<meta name=\"twitter:data1\" content=\"1\u00a0Minute\" \/>\n<script type=\"application\/ld+json\" class=\"yoast-schema-graph\">{\"@context\":\"https:\\\/\\\/schema.org\",\"@graph\":[{\"@type\":\"WebPage\",\"@id\":\"https:\\\/\\\/bizmoldova.com\\\/de\\\/kontakte\\\/\",\"url\":\"https:\\\/\\\/bizmoldova.com\\\/de\\\/kontakte\\\/\",\"name\":\"Kontakte - Dokumente Moldawien. Apostille, Legalisierung, Nostrifizierung, \u00dcbersetzungen\",\"isPartOf\":{\"@id\":\"https:\\\/\\\/bizmoldova.com\\\/de\\\/#website\"},\"datePublished\":\"2024-10-02T17:01:14+00:00\",\"dateModified\":\"2025-07-05T18:30:07+00:00\",\"breadcrumb\":{\"@id\":\"https:\\\/\\\/bizmoldova.com\\\/de\\\/kontakte\\\/#breadcrumb\"},\"inLanguage\":\"de\",\"potentialAction\":[{\"@type\":\"ReadAction\",\"target\":[\"https:\\\/\\\/bizmoldova.com\\\/de\\\/kontakte\\\/\"]}]},{\"@type\":\"BreadcrumbList\",\"@id\":\"https:\\\/\\\/bizmoldova.com\\\/de\\\/kontakte\\\/#breadcrumb\",\"itemListElement\":[{\"@type\":\"ListItem\",\"position\":1,\"name\":\"Home\",\"item\":\"https:\\\/\\\/bizmoldova.com\\\/de\\\/\"},{\"@type\":\"ListItem\",\"position\":2,\"name\":\"Kontakte\"}]},{\"@type\":\"WebSite\",\"@id\":\"https:\\\/\\\/bizmoldova.com\\\/de\\\/#website\",\"url\":\"https:\\\/\\\/bizmoldova.com\\\/de\\\/\",\"name\":\"Dokumente Moldawien. Apostille, Legalisierung, Nostrifizierung, \u00dcbersetzungen\",\"description\":\"Dokumente Moldawien. Apostille, Legalisierung, Nostrifizierung, \u00dcbersetzungen\",\"potentialAction\":[{\"@type\":\"SearchAction\",\"target\":{\"@type\":\"EntryPoint\",\"urlTemplate\":\"https:\\\/\\\/bizmoldova.com\\\/de\\\/?s={search_term_string}\"},\"query-input\":{\"@type\":\"PropertyValueSpecification\",\"valueRequired\":true,\"valueName\":\"search_term_string\"}}],\"inLanguage\":\"de\"}]}<\/script>\n<!-- \/ Yoast SEO plugin. -->","yoast_head_json":{"title":"Kontakte - Dokumente Moldawien. Apostille, Legalisierung, Nostrifizierung, \u00dcbersetzungen","robots":{"index":"index","follow":"follow","max-snippet":"max-snippet:-1","max-image-preview":"max-image-preview:large","max-video-preview":"max-video-preview:-1"},"canonical":"https:\/\/bizmoldova.com\/de\/kontakte\/","og_locale":"de_DE","og_type":"article","og_title":"Kontakte - Dokumente Moldawien. Apostille, Legalisierung, Nostrifizierung, \u00dcbersetzungen","og_description":"Kontakte &#8211; Rechtsberatung Wir m\u00f6chten darauf hinweisen, dass Rechtsberatungen kostenpflichtig sind. Alle, die glauben, einfach nur eine Frage stellen zu k\u00f6nnen, bitten wir, diese klar zu formulieren, damit wir feststellen k\u00f6nnen, ob wir sofort antworten k\u00f6nnen oder nicht&#8230; Fragen wie: \u201eIch rufe Sie an, habe Sie im Internet gefunden und dachte, Sie k\u00f6nnen mir helfen\u2026\u201c ... Weiterlesen ...","og_url":"https:\/\/bizmoldova.com\/de\/kontakte\/","og_site_name":"Dokumente Moldawien. Apostille, Legalisierung, Nostrifizierung, \u00dcbersetzungen","article_modified_time":"2025-07-05T18:30:07+00:00","twitter_card":"summary_large_image","twitter_misc":{"Gesch\u00e4tzte Lesezeit":"1\u00a0Minute"},"schema":{"@context":"https:\/\/schema.org","@graph":[{"@type":"WebPage","@id":"https:\/\/bizmoldova.com\/de\/kontakte\/","url":"https:\/\/bizmoldova.com\/de\/kontakte\/","name":"Kontakte - Dokumente Moldawien. Apostille, Legalisierung, Nostrifizierung, \u00dcbersetzungen","isPartOf":{"@id":"https:\/\/bizmoldova.com\/de\/#website"},"datePublished":"2024-10-02T17:01:14+00:00","dateModified":"2025-07-05T18:30:07+00:00","breadcrumb":{"@id":"https:\/\/bizmoldova.com\/de\/kontakte\/#breadcrumb"},"inLanguage":"de","potentialAction":[{"@type":"ReadAction","target":["https:\/\/bizmoldova.com\/de\/kontakte\/"]}]},{"@type":"BreadcrumbList","@id":"https:\/\/bizmoldova.com\/de\/kontakte\/#breadcrumb","itemListElement":[{"@type":"ListItem","position":1,"name":"Home","item":"https:\/\/bizmoldova.com\/de\/"},{"@type":"ListItem","position":2,"name":"Kontakte"}]},{"@type":"WebSite","@id":"https:\/\/bizmoldova.com\/de\/#website","url":"https:\/\/bizmoldova.com\/de\/","name":"Dokumente Moldawien. Apostille, Legalisierung, Nostrifizierung, \u00dcbersetzungen","description":"Dokumente Moldawien. Apostille, Legalisierung, Nostrifizierung, \u00dcbersetzungen","potentialAction":[{"@type":"SearchAction","target":{"@type":"EntryPoint","urlTemplate":"https:\/\/bizmoldova.com\/de\/?s={search_term_string}"},"query-input":{"@type":"PropertyValueSpecification","valueRequired":true,"valueName":"search_term_string"}}],"inLanguage":"de"}]}},"_links":{"self":[{"href":"https:\/\/bizmoldova.com\/de\/wp-json\/wp\/v2\/pages\/90","targetHints":{"allow":["GET"]}}],"collection":[{"href":"https:\/\/bizmoldova.com\/de\/wp-json\/wp\/v2\/pages"}],"about":[{"href":"https:\/\/bizmoldova.com\/de\/wp-json\/wp\/v2\/types\/page"}],"author":[{"embeddable":true,"href":"https:\/\/bizmoldova.com\/de\/wp-json\/wp\/v2\/users\/1"}],"replies":[{"embeddable":true,"href":"https:\/\/bizmoldova.com\/de\/wp-json\/wp\/v2\/comments?post=90"}],"version-history":[{"count":2,"href":"https:\/\/bizmoldova.com\/de\/wp-json\/wp\/v2\/pages\/90\/revisions"}],"predecessor-version":[{"id":100,"href":"https:\/\/bizmoldova.com\/de\/wp-json\/wp\/v2\/pages\/90\/revisions\/100"}],"wp:attachment":[{"href":"https:\/\/bizmoldova.com\/de\/wp-json\/wp\/v2\/media?parent=90"}],"curies":[{"name":"wp","href":"https:\/\/api.w.org\/{rel}","templated":true}]}}