{"id":8,"date":"2024-09-22T10:52:03","date_gmt":"2024-09-22T10:52:03","guid":{"rendered":"https:\/\/bizmoldova.com\/de\/?page_id=8"},"modified":"2024-09-22T10:52:04","modified_gmt":"2024-09-22T10:52:04","slug":"erklaerung-vollmacht-fuer-die-ausreise-eines-kindes-ins-ausland","status":"publish","type":"page","link":"https:\/\/bizmoldova.com\/de\/erklaerung-vollmacht-fuer-die-ausreise-eines-kindes-ins-ausland\/","title":{"rendered":"Erkl\u00e4rung (Vollmacht) f\u00fcr die Ausreise eines Kindes ins Ausland"},"content":{"rendered":"\n<p>Wir haben diese separate Seite speziell hinzugef\u00fcgt, da es vermehrt F\u00e4lle gibt, in denen ukrainische Grenzbeamte die Apostillierung von Erkl\u00e4rungen (Vollmachten) f\u00fcr die Ausreise (Begleitung oder Mitnahme) eines minderj\u00e4hrigen Kindes ins Ausland verlangen.<\/p>\n\n\n\n<p>Das Problem besteht darin, dass in den GUS-L\u00e4ndern f\u00fcr Dokumente aus diesen L\u00e4ndern keine Apostille erforderlich ist. Allerdings verlangen, um es milde auszudr\u00fccken, &#8222;unwissende&#8220; Beamte oder einfach nur eigenn\u00fctzige Personen eine Apostille f\u00fcr solche Dokumente.<\/p>\n\n\n\n<p>Wenn Sie ein solches Problem mit Dokumenten aus den folgenden L\u00e4ndern haben: Russland, Ukraine, Moldawien, Belarus, Usbekistan, Kirgisistan, Tadschikistan, Litauen, Lettland, Estland, Kasachstan \u2014 wenden Sie sich an uns. Wir l\u00f6sen dieses Problem in k\u00fcrzester Zeit.<\/p>\n\n\n\n<p>Vertrauen Sie den Profis.<\/p>\n\n\n\n<p><\/p>\n","protected":false},"excerpt":{"rendered":"<p>Wir haben diese separate Seite speziell hinzugef\u00fcgt, da es vermehrt F\u00e4lle gibt, in denen ukrainische Grenzbeamte die Apostillierung von Erkl\u00e4rungen (Vollmachten) f\u00fcr die Ausreise (Begleitung oder Mitnahme) eines minderj\u00e4hrigen Kindes ins Ausland verlangen. Das Problem besteht darin, dass in den GUS-L\u00e4ndern f\u00fcr Dokumente aus diesen L\u00e4ndern keine Apostille erforderlich ist. Allerdings verlangen, um es milde &#8230; <a title=\"Erkl\u00e4rung (Vollmacht) f\u00fcr die Ausreise eines Kindes ins Ausland\" class=\"read-more\" href=\"https:\/\/bizmoldova.com\/de\/erklaerung-vollmacht-fuer-die-ausreise-eines-kindes-ins-ausland\/\" aria-label=\"Mehr Informationen \u00fcber Erkl\u00e4rung (Vollmacht) f\u00fcr die Ausreise eines Kindes ins Ausland\">Weiterlesen &#8230;<\/a><\/p>\n","protected":false},"author":1,"featured_media":0,"parent":0,"menu_order":0,"comment_status":"closed","ping_status":"closed","template":"","meta":{"_acf_changed":false,"footnotes":""},"class_list":["post-8","page","type-page","status-publish"],"acf":[],"yoast_head":"<!-- This site is optimized with the Yoast SEO plugin v27.4 - https:\/\/yoast.com\/product\/yoast-seo-wordpress\/ -->\n<title>Erkl\u00e4rung (Vollmacht) f\u00fcr die Ausreise eines Kindes ins Ausland - Dokumente Moldawien. Apostille, Legalisierung, Nostrifizierung, \u00dcbersetzungen<\/title>\n<meta name=\"robots\" content=\"index, follow, max-snippet:-1, max-image-preview:large, max-video-preview:-1\" \/>\n<link rel=\"canonical\" href=\"https:\/\/bizmoldova.com\/de\/erklaerung-vollmacht-fuer-die-ausreise-eines-kindes-ins-ausland\/\" \/>\n<meta property=\"og:locale\" content=\"de_DE\" \/>\n<meta property=\"og:type\" content=\"article\" \/>\n<meta property=\"og:title\" content=\"Erkl\u00e4rung (Vollmacht) f\u00fcr die Ausreise eines Kindes ins Ausland - Dokumente Moldawien. Apostille, Legalisierung, Nostrifizierung, \u00dcbersetzungen\" \/>\n<meta property=\"og:description\" content=\"Wir haben diese separate Seite speziell hinzugef\u00fcgt, da es vermehrt F\u00e4lle gibt, in denen ukrainische Grenzbeamte die Apostillierung von Erkl\u00e4rungen (Vollmachten) f\u00fcr die Ausreise (Begleitung oder Mitnahme) eines minderj\u00e4hrigen Kindes ins Ausland verlangen. Das Problem besteht darin, dass in den GUS-L\u00e4ndern f\u00fcr Dokumente aus diesen L\u00e4ndern keine Apostille erforderlich ist. Allerdings verlangen, um es milde ... Weiterlesen ...\" \/>\n<meta property=\"og:url\" content=\"https:\/\/bizmoldova.com\/de\/erklaerung-vollmacht-fuer-die-ausreise-eines-kindes-ins-ausland\/\" \/>\n<meta property=\"og:site_name\" content=\"Dokumente Moldawien. Apostille, Legalisierung, Nostrifizierung, \u00dcbersetzungen\" \/>\n<meta property=\"article:modified_time\" content=\"2024-09-22T10:52:04+00:00\" \/>\n<meta name=\"twitter:card\" content=\"summary_large_image\" \/>\n<meta name=\"twitter:label1\" content=\"Gesch\u00e4tzte Lesezeit\" \/>\n\t<meta name=\"twitter:data1\" content=\"1\u00a0Minute\" \/>\n<script type=\"application\/ld+json\" class=\"yoast-schema-graph\">{\"@context\":\"https:\\\/\\\/schema.org\",\"@graph\":[{\"@type\":\"WebPage\",\"@id\":\"https:\\\/\\\/bizmoldova.com\\\/de\\\/erklaerung-vollmacht-fuer-die-ausreise-eines-kindes-ins-ausland\\\/\",\"url\":\"https:\\\/\\\/bizmoldova.com\\\/de\\\/erklaerung-vollmacht-fuer-die-ausreise-eines-kindes-ins-ausland\\\/\",\"name\":\"Erkl\u00e4rung (Vollmacht) f\u00fcr die Ausreise eines Kindes ins Ausland - Dokumente Moldawien. Apostille, Legalisierung, Nostrifizierung, \u00dcbersetzungen\",\"isPartOf\":{\"@id\":\"https:\\\/\\\/bizmoldova.com\\\/de\\\/#website\"},\"datePublished\":\"2024-09-22T10:52:03+00:00\",\"dateModified\":\"2024-09-22T10:52:04+00:00\",\"breadcrumb\":{\"@id\":\"https:\\\/\\\/bizmoldova.com\\\/de\\\/erklaerung-vollmacht-fuer-die-ausreise-eines-kindes-ins-ausland\\\/#breadcrumb\"},\"inLanguage\":\"de\",\"potentialAction\":[{\"@type\":\"ReadAction\",\"target\":[\"https:\\\/\\\/bizmoldova.com\\\/de\\\/erklaerung-vollmacht-fuer-die-ausreise-eines-kindes-ins-ausland\\\/\"]}]},{\"@type\":\"BreadcrumbList\",\"@id\":\"https:\\\/\\\/bizmoldova.com\\\/de\\\/erklaerung-vollmacht-fuer-die-ausreise-eines-kindes-ins-ausland\\\/#breadcrumb\",\"itemListElement\":[{\"@type\":\"ListItem\",\"position\":1,\"name\":\"Home\",\"item\":\"https:\\\/\\\/bizmoldova.com\\\/de\\\/\"},{\"@type\":\"ListItem\",\"position\":2,\"name\":\"Erkl\u00e4rung (Vollmacht) f\u00fcr die Ausreise eines Kindes ins Ausland\"}]},{\"@type\":\"WebSite\",\"@id\":\"https:\\\/\\\/bizmoldova.com\\\/de\\\/#website\",\"url\":\"https:\\\/\\\/bizmoldova.com\\\/de\\\/\",\"name\":\"Dokumente Moldawien. Apostille, Legalisierung, Nostrifizierung, \u00dcbersetzungen\",\"description\":\"Dokumente Moldawien. Apostille, Legalisierung, Nostrifizierung, \u00dcbersetzungen\",\"potentialAction\":[{\"@type\":\"SearchAction\",\"target\":{\"@type\":\"EntryPoint\",\"urlTemplate\":\"https:\\\/\\\/bizmoldova.com\\\/de\\\/?s={search_term_string}\"},\"query-input\":{\"@type\":\"PropertyValueSpecification\",\"valueRequired\":true,\"valueName\":\"search_term_string\"}}],\"inLanguage\":\"de\"}]}<\/script>\n<!-- \/ Yoast SEO plugin. -->","yoast_head_json":{"title":"Erkl\u00e4rung (Vollmacht) f\u00fcr die Ausreise eines Kindes ins Ausland - Dokumente Moldawien. Apostille, Legalisierung, Nostrifizierung, \u00dcbersetzungen","robots":{"index":"index","follow":"follow","max-snippet":"max-snippet:-1","max-image-preview":"max-image-preview:large","max-video-preview":"max-video-preview:-1"},"canonical":"https:\/\/bizmoldova.com\/de\/erklaerung-vollmacht-fuer-die-ausreise-eines-kindes-ins-ausland\/","og_locale":"de_DE","og_type":"article","og_title":"Erkl\u00e4rung (Vollmacht) f\u00fcr die Ausreise eines Kindes ins Ausland - Dokumente Moldawien. Apostille, Legalisierung, Nostrifizierung, \u00dcbersetzungen","og_description":"Wir haben diese separate Seite speziell hinzugef\u00fcgt, da es vermehrt F\u00e4lle gibt, in denen ukrainische Grenzbeamte die Apostillierung von Erkl\u00e4rungen (Vollmachten) f\u00fcr die Ausreise (Begleitung oder Mitnahme) eines minderj\u00e4hrigen Kindes ins Ausland verlangen. Das Problem besteht darin, dass in den GUS-L\u00e4ndern f\u00fcr Dokumente aus diesen L\u00e4ndern keine Apostille erforderlich ist. Allerdings verlangen, um es milde ... Weiterlesen ...","og_url":"https:\/\/bizmoldova.com\/de\/erklaerung-vollmacht-fuer-die-ausreise-eines-kindes-ins-ausland\/","og_site_name":"Dokumente Moldawien. Apostille, Legalisierung, Nostrifizierung, \u00dcbersetzungen","article_modified_time":"2024-09-22T10:52:04+00:00","twitter_card":"summary_large_image","twitter_misc":{"Gesch\u00e4tzte Lesezeit":"1\u00a0Minute"},"schema":{"@context":"https:\/\/schema.org","@graph":[{"@type":"WebPage","@id":"https:\/\/bizmoldova.com\/de\/erklaerung-vollmacht-fuer-die-ausreise-eines-kindes-ins-ausland\/","url":"https:\/\/bizmoldova.com\/de\/erklaerung-vollmacht-fuer-die-ausreise-eines-kindes-ins-ausland\/","name":"Erkl\u00e4rung (Vollmacht) f\u00fcr die Ausreise eines Kindes ins Ausland - Dokumente Moldawien. Apostille, Legalisierung, Nostrifizierung, \u00dcbersetzungen","isPartOf":{"@id":"https:\/\/bizmoldova.com\/de\/#website"},"datePublished":"2024-09-22T10:52:03+00:00","dateModified":"2024-09-22T10:52:04+00:00","breadcrumb":{"@id":"https:\/\/bizmoldova.com\/de\/erklaerung-vollmacht-fuer-die-ausreise-eines-kindes-ins-ausland\/#breadcrumb"},"inLanguage":"de","potentialAction":[{"@type":"ReadAction","target":["https:\/\/bizmoldova.com\/de\/erklaerung-vollmacht-fuer-die-ausreise-eines-kindes-ins-ausland\/"]}]},{"@type":"BreadcrumbList","@id":"https:\/\/bizmoldova.com\/de\/erklaerung-vollmacht-fuer-die-ausreise-eines-kindes-ins-ausland\/#breadcrumb","itemListElement":[{"@type":"ListItem","position":1,"name":"Home","item":"https:\/\/bizmoldova.com\/de\/"},{"@type":"ListItem","position":2,"name":"Erkl\u00e4rung (Vollmacht) f\u00fcr die Ausreise eines Kindes ins Ausland"}]},{"@type":"WebSite","@id":"https:\/\/bizmoldova.com\/de\/#website","url":"https:\/\/bizmoldova.com\/de\/","name":"Dokumente Moldawien. Apostille, Legalisierung, Nostrifizierung, \u00dcbersetzungen","description":"Dokumente Moldawien. Apostille, Legalisierung, Nostrifizierung, \u00dcbersetzungen","potentialAction":[{"@type":"SearchAction","target":{"@type":"EntryPoint","urlTemplate":"https:\/\/bizmoldova.com\/de\/?s={search_term_string}"},"query-input":{"@type":"PropertyValueSpecification","valueRequired":true,"valueName":"search_term_string"}}],"inLanguage":"de"}]}},"_links":{"self":[{"href":"https:\/\/bizmoldova.com\/de\/wp-json\/wp\/v2\/pages\/8","targetHints":{"allow":["GET"]}}],"collection":[{"href":"https:\/\/bizmoldova.com\/de\/wp-json\/wp\/v2\/pages"}],"about":[{"href":"https:\/\/bizmoldova.com\/de\/wp-json\/wp\/v2\/types\/page"}],"author":[{"embeddable":true,"href":"https:\/\/bizmoldova.com\/de\/wp-json\/wp\/v2\/users\/1"}],"replies":[{"embeddable":true,"href":"https:\/\/bizmoldova.com\/de\/wp-json\/wp\/v2\/comments?post=8"}],"version-history":[{"count":1,"href":"https:\/\/bizmoldova.com\/de\/wp-json\/wp\/v2\/pages\/8\/revisions"}],"predecessor-version":[{"id":9,"href":"https:\/\/bizmoldova.com\/de\/wp-json\/wp\/v2\/pages\/8\/revisions\/9"}],"wp:attachment":[{"href":"https:\/\/bizmoldova.com\/de\/wp-json\/wp\/v2\/media?parent=8"}],"curies":[{"name":"wp","href":"https:\/\/api.w.org\/{rel}","templated":true}]}}