{"id":60,"date":"2024-10-01T12:02:39","date_gmt":"2024-10-01T12:02:39","guid":{"rendered":"https:\/\/bizmoldova.com\/de\/?page_id=60"},"modified":"2024-10-01T12:06:12","modified_gmt":"2024-10-01T12:06:12","slug":"gruendung-eines-unternehmens-vom-typ-gmbh-srl-sarl-auf-rumaenisch-ltd-auf-englisch-anforderungen-schritte","status":"publish","type":"page","link":"https:\/\/bizmoldova.com\/de\/gruendung-eines-unternehmens-vom-typ-gmbh-srl-sarl-auf-rumaenisch-ltd-auf-englisch-anforderungen-schritte\/","title":{"rendered":"Gr\u00fcndung eines Unternehmens vom Typ GmbH (SRL\/SARL auf Rum\u00e4nisch, LTD auf Englisch). Anforderungen. Schritte"},"content":{"rendered":"\n<h2 class=\"wp-block-heading\">1. Engagieren Sie einen professionellen Anwalt oder eine Kanzlei<\/h2>\n\n\n\n<p>Ein Anwalt oder eine Anwaltskanzlei hilft Ihnen, Fallstricke zu erkennen und Wege zu finden, diese bei der Unternehmensgr\u00fcndung zu umgehen.<\/p>\n\n\n\n<p>Dar\u00fcber hinaus erm\u00f6glichen korrekt vorbereitete Dokumente, sp\u00e4tere Konsequenzen zu vermeiden.<\/p>\n\n\n\n<p>Die Gr\u00fcndung eines Unternehmens mit einem guten Namen und einem erfolgreichen Start wird Ihren Erfolg bestimmen.<\/p>\n\n\n\n<h2 class=\"wp-block-heading\">2. Name der juristischen Person. Firmenname<\/h2>\n\n\n\n<p>Sie sollten im Voraus mehrere Namen vorbereiten, bevor Sie die Dokumente zur Unternehmensgr\u00fcndung einreichen.<\/p>\n\n\n\n<p>Alle Firmennamen in Moldawien werden in lateinischer Schrift eingetragen. Dies kann auch eine Transliteration sein.<\/p>\n\n\n\n<p>Der Firmenname darf nicht mit einem bereits registrierten Namen \u00fcbereinstimmen. Er muss sich mindestens um drei Buchstaben von bestehenden Namen unterscheiden. Au\u00dferdem wird Ihnen wahrscheinlich nicht gestattet, dass Ihr Name ein Bestandteil eines anderen Namens &#8211; eines anderen Unternehmens &#8211; ist. Zum Beispiel wird einem bestehenden Unternehmen &#8222;SuperCom&#8220; h\u00f6chstwahrscheinlich die Registrierung eines Unternehmens namens &#8222;Super&#8220; verweigert.<\/p>\n\n\n\n<p>Der Firmenname darf auch nicht mit einer in Moldawien registrierten Handelsmarke \u00fcbereinstimmen.<\/p>\n\n\n\n<h2 class=\"wp-block-heading\">3. Firmenlogo (falls vorhanden)<\/h2>\n\n\n\n<p>Bevor Sie ein schnell erstelltes Logo auf den Firmensiegel setzen &#8211; stellen Sie sicher, dass es nicht an eingetragene Handelsmarken oder Logos und Bezeichnungen anderer Unternehmen erinnert. Andernfalls sind Unannehmlichkeiten vorprogrammiert.<\/p>\n\n\n\n<p>Das Firmenlogo (Emblem) muss im Voraus &#8211; vor der Unternehmensgr\u00fcndung &#8211; vorbereitet werden. Es kann auf dem Firmensiegel verwendet werden.<\/p>\n\n\n\n<h2 class=\"wp-block-heading\">4. Juristische Adresse des Unternehmens<\/h2>\n\n\n\n<p>Vor der Gr\u00fcndung des Unternehmens sollten Sie sich \u00fcber die juristische Adresse im Klaren sein.<\/p>\n\n\n\n<p>Folgende Punkte sind zu beachten:<\/p>\n\n\n\n<ul class=\"wp-block-list\">\n<li>Ihre Steuerbeh\u00f6rde wird sich in dem Sektor oder Bezirk befinden, in dem das Unternehmen registriert ist. Daher sollten Sie nicht vorschnell ein Unternehmen in einem Dorf registrieren, wenn Sie beabsichtigen, in der Hauptstadt zu arbeiten. Wenn die Steuerpr\u00fcfung feststellt, dass Sie nicht an der juristischen Adresse ans\u00e4ssig sind, sind Strafen unvermeidlich.<\/li>\n\n\n\n<li>Die juristische Adresse wird in allen offiziellen Dokumenten des Unternehmens angegeben, und Sie sollten sofort die Existenz von Abteilungen, Niederlassungen und Vertretungen planen.<\/li>\n\n\n\n<li>Die juristische Adresse kann im Notfall als separate Dienstleistung ausgelagert werden. Aber bedenken Sie! Es gibt viele Unternehmen, die ihre Dienstleistungen f\u00fcr Sie schlecht verwalten. Zum Beispiel gab es in der Praxis einer uns bekannten Firma einen Fall, in dem die Steuerbeh\u00f6rde mit einer Pr\u00fcfung zum juristischen Sitz des Unternehmens kam, und die dortige Sekret\u00e4rin erkl\u00e4rte, dass &#8222;wir nur Postadressen bereitstellen&#8220;. Ein kompetenter Sekret\u00e4r oder Anwalt sollte best\u00e4tigen, dass die juristische Adresse des Kunden hier liegt und eine Vollmacht zur Vertretung der Interessen des Kundenunternehmens vorlegen.<\/li>\n<\/ul>\n\n\n\n<h2 class=\"wp-block-heading\">5. Studieren Sie im Voraus die Steuerpolitik des Unternehmens<\/h2>\n\n\n\n<p>In Moldawien gibt es drei Hauptsteuern:<\/p>\n\n\n\n<p>K\u00f6rperschaftsteuer, Dividendensteuer, Mehrwertsteuer.<\/p>\n\n\n\n<p>Sowie Verbrauchssteuern auf bestimmte Warenarten.<\/p>\n\n\n\n<h2 class=\"wp-block-heading\">6. Bestimmen Sie im Voraus die Gesch\u00e4ftst\u00e4tigkeiten des Unternehmens<\/h2>\n\n\n\n<p>Es w\u00e4re nicht ganz richtig, wenn ein landwirtschaftliches Unternehmen im T\u00e4tigkeitsbereich Beratung angeben w\u00fcrde.<\/p>\n\n\n\n<p>Ein Anwalt oder eine Anwaltskanzlei hilft Ihnen, Fallstricke zu erkennen und Wege zu finden, diese bei der Unternehmensgr\u00fcndung zu umgehen.<\/p>\n\n\n\n<p>Dar\u00fcber hinaus erm\u00f6glichen korrekt vorbereitete Dokumente, sp\u00e4tere Konsequenzen zu vermeiden.<\/p>\n\n\n\n<p>Die Gr\u00fcndung eines Unternehmens mit einem guten Namen und einem erfolgreichen Start wird Ihren Erfolg bestimmen.<\/p>\n\n\n\n<p>Wenn Sie beabsichtigen, originale Waren zu verkaufen, macht es Sinn, die Registrierung einer Handelsmarke oder Marke in der Republik Moldawien zu beantragen.<\/p>\n\n\n\n<p>Sie k\u00f6nnen sich f\u00fcr alle oben genannten Dienstleistungen an uns wenden.<\/p>\n\n\n\n<p>Wir w\u00fcnschen Ihnen viel Erfolg!<\/p>\n","protected":false},"excerpt":{"rendered":"<p>1. Engagieren Sie einen professionellen Anwalt oder eine Kanzlei Ein Anwalt oder eine Anwaltskanzlei hilft Ihnen, Fallstricke zu erkennen und Wege zu finden, diese bei der Unternehmensgr\u00fcndung zu umgehen. Dar\u00fcber hinaus erm\u00f6glichen korrekt vorbereitete Dokumente, sp\u00e4tere Konsequenzen zu vermeiden. Die Gr\u00fcndung eines Unternehmens mit einem guten Namen und einem erfolgreichen Start wird Ihren Erfolg bestimmen. &#8230; <a title=\"Gr\u00fcndung eines Unternehmens vom Typ GmbH (SRL\/SARL auf Rum\u00e4nisch, LTD auf Englisch). Anforderungen. Schritte\" class=\"read-more\" href=\"https:\/\/bizmoldova.com\/de\/gruendung-eines-unternehmens-vom-typ-gmbh-srl-sarl-auf-rumaenisch-ltd-auf-englisch-anforderungen-schritte\/\" aria-label=\"Mehr Informationen \u00fcber Gr\u00fcndung eines Unternehmens vom Typ GmbH (SRL\/SARL auf Rum\u00e4nisch, LTD auf Englisch). Anforderungen. Schritte\">Weiterlesen &#8230;<\/a><\/p>\n","protected":false},"author":1,"featured_media":0,"parent":0,"menu_order":0,"comment_status":"closed","ping_status":"closed","template":"","meta":{"_acf_changed":false,"footnotes":""},"class_list":["post-60","page","type-page","status-publish"],"acf":[],"yoast_head":"<!-- This site is optimized with the Yoast SEO plugin v27.3 - https:\/\/yoast.com\/product\/yoast-seo-wordpress\/ -->\n<title>Gr\u00fcndung eines Unternehmens vom Typ GmbH (SRL\/SARL auf Rum\u00e4nisch, LTD auf Englisch). Anforderungen. Schritte - Dokumente Moldawien. Apostille, Legalisierung, Nostrifizierung, \u00dcbersetzungen<\/title>\n<meta name=\"robots\" content=\"index, follow, max-snippet:-1, max-image-preview:large, max-video-preview:-1\" \/>\n<link rel=\"canonical\" href=\"https:\/\/bizmoldova.com\/de\/gruendung-eines-unternehmens-vom-typ-gmbh-srl-sarl-auf-rumaenisch-ltd-auf-englisch-anforderungen-schritte\/\" \/>\n<meta property=\"og:locale\" content=\"de_DE\" \/>\n<meta property=\"og:type\" content=\"article\" \/>\n<meta property=\"og:title\" content=\"Gr\u00fcndung eines Unternehmens vom Typ GmbH (SRL\/SARL auf Rum\u00e4nisch, LTD auf Englisch). Anforderungen. Schritte - Dokumente Moldawien. Apostille, Legalisierung, Nostrifizierung, \u00dcbersetzungen\" \/>\n<meta property=\"og:description\" content=\"1. Engagieren Sie einen professionellen Anwalt oder eine Kanzlei Ein Anwalt oder eine Anwaltskanzlei hilft Ihnen, Fallstricke zu erkennen und Wege zu finden, diese bei der Unternehmensgr\u00fcndung zu umgehen. Dar\u00fcber hinaus erm\u00f6glichen korrekt vorbereitete Dokumente, sp\u00e4tere Konsequenzen zu vermeiden. Die Gr\u00fcndung eines Unternehmens mit einem guten Namen und einem erfolgreichen Start wird Ihren Erfolg bestimmen. ... Weiterlesen ...\" \/>\n<meta property=\"og:url\" content=\"https:\/\/bizmoldova.com\/de\/gruendung-eines-unternehmens-vom-typ-gmbh-srl-sarl-auf-rumaenisch-ltd-auf-englisch-anforderungen-schritte\/\" \/>\n<meta property=\"og:site_name\" content=\"Dokumente Moldawien. Apostille, Legalisierung, Nostrifizierung, \u00dcbersetzungen\" \/>\n<meta property=\"article:modified_time\" content=\"2024-10-01T12:06:12+00:00\" \/>\n<meta name=\"twitter:card\" content=\"summary_large_image\" \/>\n<meta name=\"twitter:label1\" content=\"Gesch\u00e4tzte Lesezeit\" \/>\n\t<meta name=\"twitter:data1\" content=\"3\u00a0Minuten\" \/>\n<script type=\"application\/ld+json\" class=\"yoast-schema-graph\">{\"@context\":\"https:\\\/\\\/schema.org\",\"@graph\":[{\"@type\":\"WebPage\",\"@id\":\"https:\\\/\\\/bizmoldova.com\\\/de\\\/gruendung-eines-unternehmens-vom-typ-gmbh-srl-sarl-auf-rumaenisch-ltd-auf-englisch-anforderungen-schritte\\\/\",\"url\":\"https:\\\/\\\/bizmoldova.com\\\/de\\\/gruendung-eines-unternehmens-vom-typ-gmbh-srl-sarl-auf-rumaenisch-ltd-auf-englisch-anforderungen-schritte\\\/\",\"name\":\"Gr\u00fcndung eines Unternehmens vom Typ GmbH (SRL\\\/SARL auf Rum\u00e4nisch, LTD auf Englisch). Anforderungen. Schritte - Dokumente Moldawien. Apostille, Legalisierung, Nostrifizierung, \u00dcbersetzungen\",\"isPartOf\":{\"@id\":\"https:\\\/\\\/bizmoldova.com\\\/de\\\/#website\"},\"datePublished\":\"2024-10-01T12:02:39+00:00\",\"dateModified\":\"2024-10-01T12:06:12+00:00\",\"breadcrumb\":{\"@id\":\"https:\\\/\\\/bizmoldova.com\\\/de\\\/gruendung-eines-unternehmens-vom-typ-gmbh-srl-sarl-auf-rumaenisch-ltd-auf-englisch-anforderungen-schritte\\\/#breadcrumb\"},\"inLanguage\":\"de\",\"potentialAction\":[{\"@type\":\"ReadAction\",\"target\":[\"https:\\\/\\\/bizmoldova.com\\\/de\\\/gruendung-eines-unternehmens-vom-typ-gmbh-srl-sarl-auf-rumaenisch-ltd-auf-englisch-anforderungen-schritte\\\/\"]}]},{\"@type\":\"BreadcrumbList\",\"@id\":\"https:\\\/\\\/bizmoldova.com\\\/de\\\/gruendung-eines-unternehmens-vom-typ-gmbh-srl-sarl-auf-rumaenisch-ltd-auf-englisch-anforderungen-schritte\\\/#breadcrumb\",\"itemListElement\":[{\"@type\":\"ListItem\",\"position\":1,\"name\":\"Home\",\"item\":\"https:\\\/\\\/bizmoldova.com\\\/de\\\/\"},{\"@type\":\"ListItem\",\"position\":2,\"name\":\"Gr\u00fcndung eines Unternehmens vom Typ GmbH (SRL\\\/SARL auf Rum\u00e4nisch, LTD auf Englisch). Anforderungen. Schritte\"}]},{\"@type\":\"WebSite\",\"@id\":\"https:\\\/\\\/bizmoldova.com\\\/de\\\/#website\",\"url\":\"https:\\\/\\\/bizmoldova.com\\\/de\\\/\",\"name\":\"Dokumente Moldawien. Apostille, Legalisierung, Nostrifizierung, \u00dcbersetzungen\",\"description\":\"Dokumente Moldawien. Apostille, Legalisierung, Nostrifizierung, \u00dcbersetzungen\",\"potentialAction\":[{\"@type\":\"SearchAction\",\"target\":{\"@type\":\"EntryPoint\",\"urlTemplate\":\"https:\\\/\\\/bizmoldova.com\\\/de\\\/?s={search_term_string}\"},\"query-input\":{\"@type\":\"PropertyValueSpecification\",\"valueRequired\":true,\"valueName\":\"search_term_string\"}}],\"inLanguage\":\"de\"}]}<\/script>\n<!-- \/ Yoast SEO plugin. -->","yoast_head_json":{"title":"Gr\u00fcndung eines Unternehmens vom Typ GmbH (SRL\/SARL auf Rum\u00e4nisch, LTD auf Englisch). Anforderungen. Schritte - Dokumente Moldawien. Apostille, Legalisierung, Nostrifizierung, \u00dcbersetzungen","robots":{"index":"index","follow":"follow","max-snippet":"max-snippet:-1","max-image-preview":"max-image-preview:large","max-video-preview":"max-video-preview:-1"},"canonical":"https:\/\/bizmoldova.com\/de\/gruendung-eines-unternehmens-vom-typ-gmbh-srl-sarl-auf-rumaenisch-ltd-auf-englisch-anforderungen-schritte\/","og_locale":"de_DE","og_type":"article","og_title":"Gr\u00fcndung eines Unternehmens vom Typ GmbH (SRL\/SARL auf Rum\u00e4nisch, LTD auf Englisch). Anforderungen. Schritte - Dokumente Moldawien. Apostille, Legalisierung, Nostrifizierung, \u00dcbersetzungen","og_description":"1. Engagieren Sie einen professionellen Anwalt oder eine Kanzlei Ein Anwalt oder eine Anwaltskanzlei hilft Ihnen, Fallstricke zu erkennen und Wege zu finden, diese bei der Unternehmensgr\u00fcndung zu umgehen. Dar\u00fcber hinaus erm\u00f6glichen korrekt vorbereitete Dokumente, sp\u00e4tere Konsequenzen zu vermeiden. Die Gr\u00fcndung eines Unternehmens mit einem guten Namen und einem erfolgreichen Start wird Ihren Erfolg bestimmen. ... Weiterlesen ...","og_url":"https:\/\/bizmoldova.com\/de\/gruendung-eines-unternehmens-vom-typ-gmbh-srl-sarl-auf-rumaenisch-ltd-auf-englisch-anforderungen-schritte\/","og_site_name":"Dokumente Moldawien. Apostille, Legalisierung, Nostrifizierung, \u00dcbersetzungen","article_modified_time":"2024-10-01T12:06:12+00:00","twitter_card":"summary_large_image","twitter_misc":{"Gesch\u00e4tzte Lesezeit":"3\u00a0Minuten"},"schema":{"@context":"https:\/\/schema.org","@graph":[{"@type":"WebPage","@id":"https:\/\/bizmoldova.com\/de\/gruendung-eines-unternehmens-vom-typ-gmbh-srl-sarl-auf-rumaenisch-ltd-auf-englisch-anforderungen-schritte\/","url":"https:\/\/bizmoldova.com\/de\/gruendung-eines-unternehmens-vom-typ-gmbh-srl-sarl-auf-rumaenisch-ltd-auf-englisch-anforderungen-schritte\/","name":"Gr\u00fcndung eines Unternehmens vom Typ GmbH (SRL\/SARL auf Rum\u00e4nisch, LTD auf Englisch). Anforderungen. Schritte - Dokumente Moldawien. Apostille, Legalisierung, Nostrifizierung, \u00dcbersetzungen","isPartOf":{"@id":"https:\/\/bizmoldova.com\/de\/#website"},"datePublished":"2024-10-01T12:02:39+00:00","dateModified":"2024-10-01T12:06:12+00:00","breadcrumb":{"@id":"https:\/\/bizmoldova.com\/de\/gruendung-eines-unternehmens-vom-typ-gmbh-srl-sarl-auf-rumaenisch-ltd-auf-englisch-anforderungen-schritte\/#breadcrumb"},"inLanguage":"de","potentialAction":[{"@type":"ReadAction","target":["https:\/\/bizmoldova.com\/de\/gruendung-eines-unternehmens-vom-typ-gmbh-srl-sarl-auf-rumaenisch-ltd-auf-englisch-anforderungen-schritte\/"]}]},{"@type":"BreadcrumbList","@id":"https:\/\/bizmoldova.com\/de\/gruendung-eines-unternehmens-vom-typ-gmbh-srl-sarl-auf-rumaenisch-ltd-auf-englisch-anforderungen-schritte\/#breadcrumb","itemListElement":[{"@type":"ListItem","position":1,"name":"Home","item":"https:\/\/bizmoldova.com\/de\/"},{"@type":"ListItem","position":2,"name":"Gr\u00fcndung eines Unternehmens vom Typ GmbH (SRL\/SARL auf Rum\u00e4nisch, LTD auf Englisch). Anforderungen. Schritte"}]},{"@type":"WebSite","@id":"https:\/\/bizmoldova.com\/de\/#website","url":"https:\/\/bizmoldova.com\/de\/","name":"Dokumente Moldawien. Apostille, Legalisierung, Nostrifizierung, \u00dcbersetzungen","description":"Dokumente Moldawien. Apostille, Legalisierung, Nostrifizierung, \u00dcbersetzungen","potentialAction":[{"@type":"SearchAction","target":{"@type":"EntryPoint","urlTemplate":"https:\/\/bizmoldova.com\/de\/?s={search_term_string}"},"query-input":{"@type":"PropertyValueSpecification","valueRequired":true,"valueName":"search_term_string"}}],"inLanguage":"de"}]}},"_links":{"self":[{"href":"https:\/\/bizmoldova.com\/de\/wp-json\/wp\/v2\/pages\/60","targetHints":{"allow":["GET"]}}],"collection":[{"href":"https:\/\/bizmoldova.com\/de\/wp-json\/wp\/v2\/pages"}],"about":[{"href":"https:\/\/bizmoldova.com\/de\/wp-json\/wp\/v2\/types\/page"}],"author":[{"embeddable":true,"href":"https:\/\/bizmoldova.com\/de\/wp-json\/wp\/v2\/users\/1"}],"replies":[{"embeddable":true,"href":"https:\/\/bizmoldova.com\/de\/wp-json\/wp\/v2\/comments?post=60"}],"version-history":[{"count":2,"href":"https:\/\/bizmoldova.com\/de\/wp-json\/wp\/v2\/pages\/60\/revisions"}],"predecessor-version":[{"id":63,"href":"https:\/\/bizmoldova.com\/de\/wp-json\/wp\/v2\/pages\/60\/revisions\/63"}],"wp:attachment":[{"href":"https:\/\/bizmoldova.com\/de\/wp-json\/wp\/v2\/media?parent=60"}],"curies":[{"name":"wp","href":"https:\/\/api.w.org\/{rel}","templated":true}]}}