{"id":57,"date":"2024-09-30T16:54:17","date_gmt":"2024-09-30T16:54:17","guid":{"rendered":"https:\/\/bizmoldova.com\/de\/?page_id=57"},"modified":"2024-09-30T17:52:42","modified_gmt":"2024-09-30T17:52:42","slug":"registrierungoll-moldau-akte-eroeffnen-registrierung","status":"publish","type":"page","link":"https:\/\/bizmoldova.com\/de\/registrierungoll-moldau-akte-eroeffnen-registrierung\/","title":{"rendered":"Registrierungoll Moldau. Akte er\u00f6ffnen. Registrierung"},"content":{"rendered":"\n<p>Wir helfen moldauischen und transnistrischen Unternehmen bei der Er\u00f6ffnung einer Zollakte in der Republik Moldau.<\/p>\n\n\n\n<h3 class=\"wp-block-heading\">Warum ben\u00f6tigen Unternehmen aus Moldawien und Transnistrien die Er\u00f6ffnung einer Zollakte in der Republik Moldau?<\/h3>\n\n\n\n<p>Gem\u00e4\u00df den geltenden Gesetzen kann der Grenz\u00fcbertritt von Waren nur von Handelsagenten durchgef\u00fchrt werden, die ordnungsgem\u00e4\u00df registriert sind.<\/p>\n\n\n\n<h3 class=\"wp-block-heading\">Unsere Dienstleistungen umfassen:<\/h3>\n\n\n\n<p><strong>Bereitstellung einer Dokumentenliste<\/strong>:<\/p>\n\n\n\n<ol class=\"wp-block-list\"><\/ol>\n\n\n\n<ul class=\"wp-block-list\">\n<li>Wir stellen eine vollst\u00e4ndige Liste der erforderlichen Dokumente f\u00fcr die Registrierung beim moldauischen Zoll zur Verf\u00fcgung, sowie Muster dieser Dokumente.<\/li>\n<\/ul>\n\n\n\n<p><strong>Unternehmensregistrierung<\/strong>:<\/p>\n\n\n\n<ol class=\"wp-block-list\"><\/ol>\n\n\n\n<ul class=\"wp-block-list\">\n<li>Nach Erhalt der erforderlichen Dokumente registrieren wir das Unternehmen aus Moldau oder Transnistrien (PMR &#8211; Tiraspol, Bender, Dub\u0103sari, R\u00eebni\u021ba, Dnestrovsc usw.) beim Zoll.<\/li>\n<\/ul>\n\n\n\n<p><strong>Fehlerkorrektur<\/strong>:<\/p>\n\n\n\n<ol class=\"wp-block-list\"><\/ol>\n\n\n\n<ul class=\"wp-block-list\">\n<li>Sehr oft wenden sich Gesch\u00e4ftsleute an uns, die ihre Firmen (aus Transnistrien) bereits beim Zoll registriert haben, aber zahlreiche Fehler gemacht haben. Die Korrektur solcher Fehler ist viel teurer als die korrekte Registrierung und Er\u00f6ffnung einer Zollakte durch professionelle Anw\u00e4lte.<\/li>\n<\/ul>\n\n\n\n<p><strong>Vermittlung eines Zollbrokers<\/strong>:<\/p>\n\n\n\n<ol class=\"wp-block-list\"><\/ol>\n\n\n\n<ul class=\"wp-block-list\">\n<li>Nach der Registrierung verbinden wir Sie mit einem Zollbroker, der kompetent ist, um verschiedene Fragen beim Zoll zu l\u00f6sen.<\/li>\n<\/ul>\n","protected":false},"excerpt":{"rendered":"<p>Wir helfen moldauischen und transnistrischen Unternehmen bei der Er\u00f6ffnung einer Zollakte in der Republik Moldau. Warum ben\u00f6tigen Unternehmen aus Moldawien und Transnistrien die Er\u00f6ffnung einer Zollakte in der Republik Moldau? Gem\u00e4\u00df den geltenden Gesetzen kann der Grenz\u00fcbertritt von Waren nur von Handelsagenten durchgef\u00fchrt werden, die ordnungsgem\u00e4\u00df registriert sind. Unsere Dienstleistungen umfassen: Bereitstellung einer Dokumentenliste: Unternehmensregistrierung: &#8230; <a title=\"Registrierungoll Moldau. Akte er\u00f6ffnen. Registrierung\" class=\"read-more\" href=\"https:\/\/bizmoldova.com\/de\/registrierungoll-moldau-akte-eroeffnen-registrierung\/\" aria-label=\"Mehr Informationen \u00fcber Registrierungoll Moldau. Akte er\u00f6ffnen. Registrierung\">Weiterlesen &#8230;<\/a><\/p>\n","protected":false},"author":1,"featured_media":0,"parent":0,"menu_order":0,"comment_status":"closed","ping_status":"closed","template":"","meta":{"_acf_changed":false,"footnotes":""},"class_list":["post-57","page","type-page","status-publish"],"acf":[],"yoast_head":"<!-- This site is optimized with the Yoast SEO plugin v27.3 - https:\/\/yoast.com\/product\/yoast-seo-wordpress\/ -->\n<title>Registrierungoll Moldau. Akte er\u00f6ffnen. Registrierung - Dokumente Moldawien. Apostille, Legalisierung, Nostrifizierung, \u00dcbersetzungen<\/title>\n<meta name=\"robots\" content=\"index, follow, max-snippet:-1, max-image-preview:large, max-video-preview:-1\" \/>\n<link rel=\"canonical\" href=\"https:\/\/bizmoldova.com\/de\/registrierungoll-moldau-akte-eroeffnen-registrierung\/\" \/>\n<meta property=\"og:locale\" content=\"de_DE\" \/>\n<meta property=\"og:type\" content=\"article\" \/>\n<meta property=\"og:title\" content=\"Registrierungoll Moldau. Akte er\u00f6ffnen. Registrierung - Dokumente Moldawien. Apostille, Legalisierung, Nostrifizierung, \u00dcbersetzungen\" \/>\n<meta property=\"og:description\" content=\"Wir helfen moldauischen und transnistrischen Unternehmen bei der Er\u00f6ffnung einer Zollakte in der Republik Moldau. Warum ben\u00f6tigen Unternehmen aus Moldawien und Transnistrien die Er\u00f6ffnung einer Zollakte in der Republik Moldau? Gem\u00e4\u00df den geltenden Gesetzen kann der Grenz\u00fcbertritt von Waren nur von Handelsagenten durchgef\u00fchrt werden, die ordnungsgem\u00e4\u00df registriert sind. Unsere Dienstleistungen umfassen: Bereitstellung einer Dokumentenliste: Unternehmensregistrierung: ... Weiterlesen ...\" \/>\n<meta property=\"og:url\" content=\"https:\/\/bizmoldova.com\/de\/registrierungoll-moldau-akte-eroeffnen-registrierung\/\" \/>\n<meta property=\"og:site_name\" content=\"Dokumente Moldawien. Apostille, Legalisierung, Nostrifizierung, \u00dcbersetzungen\" \/>\n<meta property=\"article:modified_time\" content=\"2024-09-30T17:52:42+00:00\" \/>\n<meta name=\"twitter:card\" content=\"summary_large_image\" \/>\n<meta name=\"twitter:label1\" content=\"Gesch\u00e4tzte Lesezeit\" \/>\n\t<meta name=\"twitter:data1\" content=\"1\u00a0Minute\" \/>\n<script type=\"application\/ld+json\" class=\"yoast-schema-graph\">{\"@context\":\"https:\\\/\\\/schema.org\",\"@graph\":[{\"@type\":\"WebPage\",\"@id\":\"https:\\\/\\\/bizmoldova.com\\\/de\\\/registrierungoll-moldau-akte-eroeffnen-registrierung\\\/\",\"url\":\"https:\\\/\\\/bizmoldova.com\\\/de\\\/registrierungoll-moldau-akte-eroeffnen-registrierung\\\/\",\"name\":\"Registrierungoll Moldau. Akte er\u00f6ffnen. Registrierung - Dokumente Moldawien. Apostille, Legalisierung, Nostrifizierung, \u00dcbersetzungen\",\"isPartOf\":{\"@id\":\"https:\\\/\\\/bizmoldova.com\\\/de\\\/#website\"},\"datePublished\":\"2024-09-30T16:54:17+00:00\",\"dateModified\":\"2024-09-30T17:52:42+00:00\",\"breadcrumb\":{\"@id\":\"https:\\\/\\\/bizmoldova.com\\\/de\\\/registrierungoll-moldau-akte-eroeffnen-registrierung\\\/#breadcrumb\"},\"inLanguage\":\"de\",\"potentialAction\":[{\"@type\":\"ReadAction\",\"target\":[\"https:\\\/\\\/bizmoldova.com\\\/de\\\/registrierungoll-moldau-akte-eroeffnen-registrierung\\\/\"]}]},{\"@type\":\"BreadcrumbList\",\"@id\":\"https:\\\/\\\/bizmoldova.com\\\/de\\\/registrierungoll-moldau-akte-eroeffnen-registrierung\\\/#breadcrumb\",\"itemListElement\":[{\"@type\":\"ListItem\",\"position\":1,\"name\":\"Home\",\"item\":\"https:\\\/\\\/bizmoldova.com\\\/de\\\/\"},{\"@type\":\"ListItem\",\"position\":2,\"name\":\"Registrierungoll Moldau. Akte er\u00f6ffnen. Registrierung\"}]},{\"@type\":\"WebSite\",\"@id\":\"https:\\\/\\\/bizmoldova.com\\\/de\\\/#website\",\"url\":\"https:\\\/\\\/bizmoldova.com\\\/de\\\/\",\"name\":\"Dokumente Moldawien. Apostille, Legalisierung, Nostrifizierung, \u00dcbersetzungen\",\"description\":\"Dokumente Moldawien. Apostille, Legalisierung, Nostrifizierung, \u00dcbersetzungen\",\"potentialAction\":[{\"@type\":\"SearchAction\",\"target\":{\"@type\":\"EntryPoint\",\"urlTemplate\":\"https:\\\/\\\/bizmoldova.com\\\/de\\\/?s={search_term_string}\"},\"query-input\":{\"@type\":\"PropertyValueSpecification\",\"valueRequired\":true,\"valueName\":\"search_term_string\"}}],\"inLanguage\":\"de\"}]}<\/script>\n<!-- \/ Yoast SEO plugin. -->","yoast_head_json":{"title":"Registrierungoll Moldau. Akte er\u00f6ffnen. Registrierung - Dokumente Moldawien. Apostille, Legalisierung, Nostrifizierung, \u00dcbersetzungen","robots":{"index":"index","follow":"follow","max-snippet":"max-snippet:-1","max-image-preview":"max-image-preview:large","max-video-preview":"max-video-preview:-1"},"canonical":"https:\/\/bizmoldova.com\/de\/registrierungoll-moldau-akte-eroeffnen-registrierung\/","og_locale":"de_DE","og_type":"article","og_title":"Registrierungoll Moldau. Akte er\u00f6ffnen. Registrierung - Dokumente Moldawien. Apostille, Legalisierung, Nostrifizierung, \u00dcbersetzungen","og_description":"Wir helfen moldauischen und transnistrischen Unternehmen bei der Er\u00f6ffnung einer Zollakte in der Republik Moldau. Warum ben\u00f6tigen Unternehmen aus Moldawien und Transnistrien die Er\u00f6ffnung einer Zollakte in der Republik Moldau? Gem\u00e4\u00df den geltenden Gesetzen kann der Grenz\u00fcbertritt von Waren nur von Handelsagenten durchgef\u00fchrt werden, die ordnungsgem\u00e4\u00df registriert sind. Unsere Dienstleistungen umfassen: Bereitstellung einer Dokumentenliste: Unternehmensregistrierung: ... Weiterlesen ...","og_url":"https:\/\/bizmoldova.com\/de\/registrierungoll-moldau-akte-eroeffnen-registrierung\/","og_site_name":"Dokumente Moldawien. Apostille, Legalisierung, Nostrifizierung, \u00dcbersetzungen","article_modified_time":"2024-09-30T17:52:42+00:00","twitter_card":"summary_large_image","twitter_misc":{"Gesch\u00e4tzte Lesezeit":"1\u00a0Minute"},"schema":{"@context":"https:\/\/schema.org","@graph":[{"@type":"WebPage","@id":"https:\/\/bizmoldova.com\/de\/registrierungoll-moldau-akte-eroeffnen-registrierung\/","url":"https:\/\/bizmoldova.com\/de\/registrierungoll-moldau-akte-eroeffnen-registrierung\/","name":"Registrierungoll Moldau. Akte er\u00f6ffnen. Registrierung - Dokumente Moldawien. Apostille, Legalisierung, Nostrifizierung, \u00dcbersetzungen","isPartOf":{"@id":"https:\/\/bizmoldova.com\/de\/#website"},"datePublished":"2024-09-30T16:54:17+00:00","dateModified":"2024-09-30T17:52:42+00:00","breadcrumb":{"@id":"https:\/\/bizmoldova.com\/de\/registrierungoll-moldau-akte-eroeffnen-registrierung\/#breadcrumb"},"inLanguage":"de","potentialAction":[{"@type":"ReadAction","target":["https:\/\/bizmoldova.com\/de\/registrierungoll-moldau-akte-eroeffnen-registrierung\/"]}]},{"@type":"BreadcrumbList","@id":"https:\/\/bizmoldova.com\/de\/registrierungoll-moldau-akte-eroeffnen-registrierung\/#breadcrumb","itemListElement":[{"@type":"ListItem","position":1,"name":"Home","item":"https:\/\/bizmoldova.com\/de\/"},{"@type":"ListItem","position":2,"name":"Registrierungoll Moldau. Akte er\u00f6ffnen. Registrierung"}]},{"@type":"WebSite","@id":"https:\/\/bizmoldova.com\/de\/#website","url":"https:\/\/bizmoldova.com\/de\/","name":"Dokumente Moldawien. Apostille, Legalisierung, Nostrifizierung, \u00dcbersetzungen","description":"Dokumente Moldawien. Apostille, Legalisierung, Nostrifizierung, \u00dcbersetzungen","potentialAction":[{"@type":"SearchAction","target":{"@type":"EntryPoint","urlTemplate":"https:\/\/bizmoldova.com\/de\/?s={search_term_string}"},"query-input":{"@type":"PropertyValueSpecification","valueRequired":true,"valueName":"search_term_string"}}],"inLanguage":"de"}]}},"_links":{"self":[{"href":"https:\/\/bizmoldova.com\/de\/wp-json\/wp\/v2\/pages\/57","targetHints":{"allow":["GET"]}}],"collection":[{"href":"https:\/\/bizmoldova.com\/de\/wp-json\/wp\/v2\/pages"}],"about":[{"href":"https:\/\/bizmoldova.com\/de\/wp-json\/wp\/v2\/types\/page"}],"author":[{"embeddable":true,"href":"https:\/\/bizmoldova.com\/de\/wp-json\/wp\/v2\/users\/1"}],"replies":[{"embeddable":true,"href":"https:\/\/bizmoldova.com\/de\/wp-json\/wp\/v2\/comments?post=57"}],"version-history":[{"count":2,"href":"https:\/\/bizmoldova.com\/de\/wp-json\/wp\/v2\/pages\/57\/revisions"}],"predecessor-version":[{"id":59,"href":"https:\/\/bizmoldova.com\/de\/wp-json\/wp\/v2\/pages\/57\/revisions\/59"}],"wp:attachment":[{"href":"https:\/\/bizmoldova.com\/de\/wp-json\/wp\/v2\/media?parent=57"}],"curies":[{"name":"wp","href":"https:\/\/api.w.org\/{rel}","templated":true}]}}