{"id":5,"date":"2024-09-21T18:33:49","date_gmt":"2024-09-21T18:33:49","guid":{"rendered":"https:\/\/bizmoldova.com\/de\/?page_id=5"},"modified":"2024-09-21T18:33:49","modified_gmt":"2024-09-21T18:33:49","slug":"apostille-in-den-gus-laendern","status":"publish","type":"page","link":"https:\/\/bizmoldova.com\/de\/apostille-in-den-gus-laendern\/","title":{"rendered":"Apostille in den GUS-L\u00e4ndern"},"content":{"rendered":"\n<p><strong>Ben\u00f6tige ich eine Apostille oder Legalisierung, wenn ein Dokument (Geburtsurkunde, Heiratsurkunde, Diplom, etc.) in einem der GUS-L\u00e4nder vorgelegt werden muss, und das Dokument ebenfalls in einem der GUS-L\u00e4nder ausgestellt wurde?<\/strong><\/p>\n\n\n\n<p>Gem\u00e4\u00df dem Minsker \u00dcbereinkommen, das am 22. Januar 1993 unterzeichnet wurde, ben\u00f6tigen Dokumente, die in einem GUS-Land ausgestellt und in einem anderen GUS-Land vorgelegt werden, keine Apostille oder Legalisierung.<\/p>\n\n\n\n<p>Die einzige Anforderung besteht darin, dass die Dokumente in einem GUS-Land und nicht w\u00e4hrend der Zeit der Sowjetunion ausgestellt wurden. Das hei\u00dft, das Dokument muss in einem neuen Format vorliegen.<\/p>\n\n\n\n<p>Eine weitere Anforderung betrifft Diplome und Zeugnisse. Diese werden nur nach einem Nostrifikationsverfahren anerkannt. Das bedeutet, dass Diplome und Zeugnisse von den zust\u00e4ndigen Ministerien best\u00e4tigt werden m\u00fcssen, bevor sie in einem der GUS-L\u00e4nder vorgelegt werden.<\/p>\n\n\n\n<p>Es kommt h\u00e4ufig vor, dass Beamte irrt\u00fcmlich glauben, dass eine Apostille erforderlich ist, weil das Land Teil des Haager Apostille-\u00dcbereinkommens ist. Manche Beamte sind nicht \u00fcber das Minsker \u00dcbereinkommen \u2014 \u201e\u00dcbereinkommen \u00fcber Rechtshilfe und Rechtsbeziehungen in Zivil-, Familien- und Strafsachen\u201c \u2014 informiert.<\/p>\n\n\n\n<p><strong>Liste der GUS-L\u00e4nder:<\/strong><\/p>\n\n\n\n<p>Aserbaidschan, Armenien, Belarus, Kasachstan, Kirgisistan, Moldawien, Russland, Tadschikistan, Turkmenistan, Usbekistan, Ukraine.<\/p>\n\n\n\n<p><strong>Was tun, wenn in einem der GUS-L\u00e4nder eine Apostille f\u00fcr ein Dokument aus einem anderen GUS-Land verlangt wird?<\/strong><\/p>\n\n\n\n<p>Verweisen Sie auf das <strong>Minsker \u00dcbereinkommen<\/strong>, das am 22. Januar 1993 unterzeichnet wurde. Viele Beamte haben davon nichts geh\u00f6rt und achten nur auf die Liste der L\u00e4nder, die dem Apostille-\u00dcbereinkommen angeh\u00f6ren.<\/p>\n\n\n\n<p><strong>M\u00fcssen in anderen GUS-L\u00e4ndern Dokumente im neuen Format vorgelegt werden, die nach der Unabh\u00e4ngigkeit meines Staates ausgestellt wurden?<\/strong><\/p>\n\n\n\n<p>Ja, diese Anforderung besteht in den meisten GUS-L\u00e4ndern. Es ist ratsam, nicht abzuwarten, sondern Ihre Dokumente rechtzeitig auf das neue Format umzustellen. Bei Bedarf, beispielsweise f\u00fcr eine Auslandsreise, k\u00f6nnen Sie diese aktualisierten Dokumente einfach an unser B\u00fcro senden, um sie apostillieren zu lassen.<\/p>\n","protected":false},"excerpt":{"rendered":"<p>Ben\u00f6tige ich eine Apostille oder Legalisierung, wenn ein Dokument (Geburtsurkunde, Heiratsurkunde, Diplom, etc.) in einem der GUS-L\u00e4nder vorgelegt werden muss, und das Dokument ebenfalls in einem der GUS-L\u00e4nder ausgestellt wurde? Gem\u00e4\u00df dem Minsker \u00dcbereinkommen, das am 22. Januar 1993 unterzeichnet wurde, ben\u00f6tigen Dokumente, die in einem GUS-Land ausgestellt und in einem anderen GUS-Land vorgelegt werden, &#8230; <a title=\"Apostille in den GUS-L\u00e4ndern\" class=\"read-more\" href=\"https:\/\/bizmoldova.com\/de\/apostille-in-den-gus-laendern\/\" aria-label=\"Mehr Informationen \u00fcber Apostille in den GUS-L\u00e4ndern\">Weiterlesen &#8230;<\/a><\/p>\n","protected":false},"author":1,"featured_media":0,"parent":0,"menu_order":0,"comment_status":"closed","ping_status":"closed","template":"","meta":{"_acf_changed":false,"footnotes":""},"class_list":["post-5","page","type-page","status-publish"],"acf":[],"yoast_head":"<!-- This site is optimized with the Yoast SEO plugin v27.4 - https:\/\/yoast.com\/product\/yoast-seo-wordpress\/ -->\n<title>Apostille in den GUS-L\u00e4ndern - Dokumente Moldawien. Apostille, Legalisierung, Nostrifizierung, \u00dcbersetzungen<\/title>\n<meta name=\"robots\" content=\"index, follow, max-snippet:-1, max-image-preview:large, max-video-preview:-1\" \/>\n<link rel=\"canonical\" href=\"https:\/\/bizmoldova.com\/de\/apostille-in-den-gus-laendern\/\" \/>\n<meta property=\"og:locale\" content=\"de_DE\" \/>\n<meta property=\"og:type\" content=\"article\" \/>\n<meta property=\"og:title\" content=\"Apostille in den GUS-L\u00e4ndern - Dokumente Moldawien. Apostille, Legalisierung, Nostrifizierung, \u00dcbersetzungen\" \/>\n<meta property=\"og:description\" content=\"Ben\u00f6tige ich eine Apostille oder Legalisierung, wenn ein Dokument (Geburtsurkunde, Heiratsurkunde, Diplom, etc.) in einem der GUS-L\u00e4nder vorgelegt werden muss, und das Dokument ebenfalls in einem der GUS-L\u00e4nder ausgestellt wurde? Gem\u00e4\u00df dem Minsker \u00dcbereinkommen, das am 22. Januar 1993 unterzeichnet wurde, ben\u00f6tigen Dokumente, die in einem GUS-Land ausgestellt und in einem anderen GUS-Land vorgelegt werden, ... Weiterlesen ...\" \/>\n<meta property=\"og:url\" content=\"https:\/\/bizmoldova.com\/de\/apostille-in-den-gus-laendern\/\" \/>\n<meta property=\"og:site_name\" content=\"Dokumente Moldawien. Apostille, Legalisierung, Nostrifizierung, \u00dcbersetzungen\" \/>\n<meta name=\"twitter:card\" content=\"summary_large_image\" \/>\n<meta name=\"twitter:label1\" content=\"Gesch\u00e4tzte Lesezeit\" \/>\n\t<meta name=\"twitter:data1\" content=\"2\u00a0Minuten\" \/>\n<script type=\"application\/ld+json\" class=\"yoast-schema-graph\">{\"@context\":\"https:\\\/\\\/schema.org\",\"@graph\":[{\"@type\":\"WebPage\",\"@id\":\"https:\\\/\\\/bizmoldova.com\\\/de\\\/apostille-in-den-gus-laendern\\\/\",\"url\":\"https:\\\/\\\/bizmoldova.com\\\/de\\\/apostille-in-den-gus-laendern\\\/\",\"name\":\"Apostille in den GUS-L\u00e4ndern - Dokumente Moldawien. Apostille, Legalisierung, Nostrifizierung, \u00dcbersetzungen\",\"isPartOf\":{\"@id\":\"https:\\\/\\\/bizmoldova.com\\\/de\\\/#website\"},\"datePublished\":\"2024-09-21T18:33:49+00:00\",\"breadcrumb\":{\"@id\":\"https:\\\/\\\/bizmoldova.com\\\/de\\\/apostille-in-den-gus-laendern\\\/#breadcrumb\"},\"inLanguage\":\"de\",\"potentialAction\":[{\"@type\":\"ReadAction\",\"target\":[\"https:\\\/\\\/bizmoldova.com\\\/de\\\/apostille-in-den-gus-laendern\\\/\"]}]},{\"@type\":\"BreadcrumbList\",\"@id\":\"https:\\\/\\\/bizmoldova.com\\\/de\\\/apostille-in-den-gus-laendern\\\/#breadcrumb\",\"itemListElement\":[{\"@type\":\"ListItem\",\"position\":1,\"name\":\"Home\",\"item\":\"https:\\\/\\\/bizmoldova.com\\\/de\\\/\"},{\"@type\":\"ListItem\",\"position\":2,\"name\":\"Apostille in den GUS-L\u00e4ndern\"}]},{\"@type\":\"WebSite\",\"@id\":\"https:\\\/\\\/bizmoldova.com\\\/de\\\/#website\",\"url\":\"https:\\\/\\\/bizmoldova.com\\\/de\\\/\",\"name\":\"Dokumente Moldawien. Apostille, Legalisierung, Nostrifizierung, \u00dcbersetzungen\",\"description\":\"Dokumente Moldawien. Apostille, Legalisierung, Nostrifizierung, \u00dcbersetzungen\",\"potentialAction\":[{\"@type\":\"SearchAction\",\"target\":{\"@type\":\"EntryPoint\",\"urlTemplate\":\"https:\\\/\\\/bizmoldova.com\\\/de\\\/?s={search_term_string}\"},\"query-input\":{\"@type\":\"PropertyValueSpecification\",\"valueRequired\":true,\"valueName\":\"search_term_string\"}}],\"inLanguage\":\"de\"}]}<\/script>\n<!-- \/ Yoast SEO plugin. -->","yoast_head_json":{"title":"Apostille in den GUS-L\u00e4ndern - Dokumente Moldawien. Apostille, Legalisierung, Nostrifizierung, \u00dcbersetzungen","robots":{"index":"index","follow":"follow","max-snippet":"max-snippet:-1","max-image-preview":"max-image-preview:large","max-video-preview":"max-video-preview:-1"},"canonical":"https:\/\/bizmoldova.com\/de\/apostille-in-den-gus-laendern\/","og_locale":"de_DE","og_type":"article","og_title":"Apostille in den GUS-L\u00e4ndern - Dokumente Moldawien. Apostille, Legalisierung, Nostrifizierung, \u00dcbersetzungen","og_description":"Ben\u00f6tige ich eine Apostille oder Legalisierung, wenn ein Dokument (Geburtsurkunde, Heiratsurkunde, Diplom, etc.) in einem der GUS-L\u00e4nder vorgelegt werden muss, und das Dokument ebenfalls in einem der GUS-L\u00e4nder ausgestellt wurde? Gem\u00e4\u00df dem Minsker \u00dcbereinkommen, das am 22. Januar 1993 unterzeichnet wurde, ben\u00f6tigen Dokumente, die in einem GUS-Land ausgestellt und in einem anderen GUS-Land vorgelegt werden, ... Weiterlesen ...","og_url":"https:\/\/bizmoldova.com\/de\/apostille-in-den-gus-laendern\/","og_site_name":"Dokumente Moldawien. Apostille, Legalisierung, Nostrifizierung, \u00dcbersetzungen","twitter_card":"summary_large_image","twitter_misc":{"Gesch\u00e4tzte Lesezeit":"2\u00a0Minuten"},"schema":{"@context":"https:\/\/schema.org","@graph":[{"@type":"WebPage","@id":"https:\/\/bizmoldova.com\/de\/apostille-in-den-gus-laendern\/","url":"https:\/\/bizmoldova.com\/de\/apostille-in-den-gus-laendern\/","name":"Apostille in den GUS-L\u00e4ndern - Dokumente Moldawien. Apostille, Legalisierung, Nostrifizierung, \u00dcbersetzungen","isPartOf":{"@id":"https:\/\/bizmoldova.com\/de\/#website"},"datePublished":"2024-09-21T18:33:49+00:00","breadcrumb":{"@id":"https:\/\/bizmoldova.com\/de\/apostille-in-den-gus-laendern\/#breadcrumb"},"inLanguage":"de","potentialAction":[{"@type":"ReadAction","target":["https:\/\/bizmoldova.com\/de\/apostille-in-den-gus-laendern\/"]}]},{"@type":"BreadcrumbList","@id":"https:\/\/bizmoldova.com\/de\/apostille-in-den-gus-laendern\/#breadcrumb","itemListElement":[{"@type":"ListItem","position":1,"name":"Home","item":"https:\/\/bizmoldova.com\/de\/"},{"@type":"ListItem","position":2,"name":"Apostille in den GUS-L\u00e4ndern"}]},{"@type":"WebSite","@id":"https:\/\/bizmoldova.com\/de\/#website","url":"https:\/\/bizmoldova.com\/de\/","name":"Dokumente Moldawien. Apostille, Legalisierung, Nostrifizierung, \u00dcbersetzungen","description":"Dokumente Moldawien. Apostille, Legalisierung, Nostrifizierung, \u00dcbersetzungen","potentialAction":[{"@type":"SearchAction","target":{"@type":"EntryPoint","urlTemplate":"https:\/\/bizmoldova.com\/de\/?s={search_term_string}"},"query-input":{"@type":"PropertyValueSpecification","valueRequired":true,"valueName":"search_term_string"}}],"inLanguage":"de"}]}},"_links":{"self":[{"href":"https:\/\/bizmoldova.com\/de\/wp-json\/wp\/v2\/pages\/5","targetHints":{"allow":["GET"]}}],"collection":[{"href":"https:\/\/bizmoldova.com\/de\/wp-json\/wp\/v2\/pages"}],"about":[{"href":"https:\/\/bizmoldova.com\/de\/wp-json\/wp\/v2\/types\/page"}],"author":[{"embeddable":true,"href":"https:\/\/bizmoldova.com\/de\/wp-json\/wp\/v2\/users\/1"}],"replies":[{"embeddable":true,"href":"https:\/\/bizmoldova.com\/de\/wp-json\/wp\/v2\/comments?post=5"}],"version-history":[{"count":1,"href":"https:\/\/bizmoldova.com\/de\/wp-json\/wp\/v2\/pages\/5\/revisions"}],"predecessor-version":[{"id":6,"href":"https:\/\/bizmoldova.com\/de\/wp-json\/wp\/v2\/pages\/5\/revisions\/6"}],"wp:attachment":[{"href":"https:\/\/bizmoldova.com\/de\/wp-json\/wp\/v2\/media?parent=5"}],"curies":[{"name":"wp","href":"https:\/\/api.w.org\/{rel}","templated":true}]}}