{"id":47,"date":"2024-09-30T09:10:17","date_gmt":"2024-09-30T09:10:17","guid":{"rendered":"https:\/\/bizmoldova.com\/de\/?page_id=47"},"modified":"2024-09-30T09:10:17","modified_gmt":"2024-09-30T09:10:17","slug":"dokumente","status":"publish","type":"page","link":"https:\/\/bizmoldova.com\/de\/dokumente\/","title":{"rendered":"Dokumente"},"content":{"rendered":"<h2>Dokumentenbeschaffung per Vollmacht<\/h2>\n<p>Unser Unternehmen bietet Ihnen Dienstleistungen zur Dokumentenbeschaffung per Vollmacht an. Sie k\u00f6nnen rechtm\u00e4\u00dfig alle Dokumente (per Vollmacht) au\u00dfer Reisepass und Personalausweis sowie F\u00fchrerschein bestellen. Unsere Dienstleistungen werden haupts\u00e4chlich von B\u00fcrgern Moldawiens und anderer Staaten, die sich im Ausland befinden, nachgefragt.<\/p>\n<p>Sie k\u00f6nnen jedes gew\u00fcnschte Dokument von den staatlichen Beh\u00f6rden der Republik Moldau erhalten, ohne ins Land zu reisen.<\/p>\n<p>Alles, was Sie ben\u00f6tigen, ist eine Vollmacht und ein Vertrag mit uns. Die Vollmacht f\u00fcr B\u00fcrger der GUS muss bei jedem Notar erstellt werden. Den Text der Vollmacht k\u00f6nnen Sie anfordern, indem Sie uns eine Anfrage \u00fcber das Formular unten senden.<\/p>\n<p>F\u00fcr in den L\u00e4ndern Europas lebende Personen, die dem Apostille-\u00dcbereinkommen <a title=\"Apostille. Liste der Vertragsstaaten\" href=\"http:\/\/ru.wikipedia.org\/wiki\/%D0%93%D0%B0%D0%B0%D0%B3%D1%81%D0%BA%D0%B0%D1%8F_%D0%BA%D0%BE%D0%BD%D0%B2%D0%B5%D0%BD%D1%86%D0%B8%D1%8F_(1961)\" target=\"_blank\" rel=\"noopener\">(Haager \u00dcbereinkommen zur Abschaffung der Legalisierung ausl\u00e4ndischer \u00f6ffentlicher Urkunden, vom 5. Oktober 1961)<\/a> angeh\u00f6ren, muss die Vollmacht entweder mit Apostille beim Notar oder ohne Apostille im n\u00e4chstgelegenen Konsulat der Republik Moldau erstellt werden. Den Text der Vollmacht k\u00f6nnen Sie anfordern, indem Sie uns eine Anfrage \u00fcber das Formular unten senden.<\/p>\n<p>Welche Dokumente Sie \u00fcber uns auf Moldauisch mit beglaubigter \u00dcbersetzung erhalten k\u00f6nnen:<br \/>\n<strong>Geburtsurkunde,<\/strong><br \/>\n<strong>Eheurkunde,<\/strong><br \/>\n<strong>Scheidungsurkunde,<\/strong><br \/>\n<strong>Todesurkunde,<\/strong><br \/>\n<strong>Bescheinigung \u00fcber Namens\u00e4nderung,<\/strong><br \/>\n<strong>Bescheinigung \u00fcber die M\u00f6glichkeit zur Eheschlie\u00dfung (\u00fcber das Fehlen von Ehehindernissen),<\/strong><br \/>\n<strong>Bescheinigung \u00fcber den Familienstand (\u00fcber das Nichtvorhandensein einer Ehe),<\/strong><br \/>\n<strong>&#8211; in Chi\u015fin\u0103u und den Bezirksstandes\u00e4mtern<\/strong><\/p>\n<p><strong>F\u00fchrungszeugnis (\u00fcber Straffreiheit, Strafregister)<\/strong><br \/>\n<strong>&#8211; im Innenministerium<\/strong><\/p>\n<p>Wir bedienen Bewohner aller St\u00e4dte der Republik Moldau. Sie bezahlen unsere Dienstleistungen und die Reisekosten und erhalten Ihre bestellten Dokumente fristgerecht.<\/p>\n<p>Alles ist v\u00f6llig legal. Um mit uns in Kontakt zu treten, senden Sie uns eine Anfrage \u00fcber das untenstehende Formular oder rufen Sie die unten auf der Seite angegebenen Telefonnummern an.<\/p>\n<p>Falls Ihre Dokumente aufgrund fehlender Eintr\u00e4ge in den Archiven des Standesamtes oder im Nationalarchiv nicht beschafft werden k\u00f6nnen, wird ein spezielles Dokument ausgestellt, das dies best\u00e4tigt:<\/p>\n<figure id=\"attachment_766\" aria-describedby=\"caption-attachment-766\" style=\"width: 615px\" class=\"wp-caption aligncenter\"><img loading=\"lazy\" decoding=\"async\" class=\"size-large wp-image-766\" src=\"http:\/\/bizmoldova.com\/wp-content\/uploads\/2013\/02\/aviz-Moldova-actul-de-stare-civila-723x1024.jpg\" alt=\"Auszug aus dem Standesamtarchiv \u00fcber das Fehlen von Informationen, Eintr\u00e4gen\" width=\"625\" height=\"885\" \/><figcaption id=\"caption-attachment-766\" class=\"wp-caption-text\">Auszug aus dem Standesamtarchiv \u00fcber das Fehlen von Informationen, Eintr\u00e4gen<\/figcaption><\/figure>\n<p>&nbsp;<\/p>\n","protected":false},"excerpt":{"rendered":"<p>Dokumentenbeschaffung per Vollmacht Unser Unternehmen bietet Ihnen Dienstleistungen zur Dokumentenbeschaffung per Vollmacht an. Sie k\u00f6nnen rechtm\u00e4\u00dfig alle Dokumente (per Vollmacht) au\u00dfer Reisepass und Personalausweis sowie F\u00fchrerschein bestellen. Unsere Dienstleistungen werden haupts\u00e4chlich von B\u00fcrgern Moldawiens und anderer Staaten, die sich im Ausland befinden, nachgefragt. Sie k\u00f6nnen jedes gew\u00fcnschte Dokument von den staatlichen Beh\u00f6rden der Republik Moldau &#8230; <a title=\"Dokumente\" class=\"read-more\" href=\"https:\/\/bizmoldova.com\/de\/dokumente\/\" aria-label=\"Mehr Informationen \u00fcber Dokumente\">Weiterlesen &#8230;<\/a><\/p>\n","protected":false},"author":1,"featured_media":0,"parent":0,"menu_order":0,"comment_status":"closed","ping_status":"closed","template":"","meta":{"_acf_changed":false,"footnotes":""},"class_list":["post-47","page","type-page","status-publish"],"acf":[],"yoast_head":"<!-- This site is optimized with the Yoast SEO plugin v27.3 - https:\/\/yoast.com\/product\/yoast-seo-wordpress\/ -->\n<title>Dokumente - Dokumente Moldawien. Apostille, Legalisierung, Nostrifizierung, \u00dcbersetzungen<\/title>\n<meta name=\"robots\" content=\"index, follow, max-snippet:-1, max-image-preview:large, max-video-preview:-1\" \/>\n<link rel=\"canonical\" href=\"https:\/\/bizmoldova.com\/de\/dokumente\/\" \/>\n<meta property=\"og:locale\" content=\"de_DE\" \/>\n<meta property=\"og:type\" content=\"article\" \/>\n<meta property=\"og:title\" content=\"Dokumente - Dokumente Moldawien. Apostille, Legalisierung, Nostrifizierung, \u00dcbersetzungen\" \/>\n<meta property=\"og:description\" content=\"Dokumentenbeschaffung per Vollmacht Unser Unternehmen bietet Ihnen Dienstleistungen zur Dokumentenbeschaffung per Vollmacht an. Sie k\u00f6nnen rechtm\u00e4\u00dfig alle Dokumente (per Vollmacht) au\u00dfer Reisepass und Personalausweis sowie F\u00fchrerschein bestellen. Unsere Dienstleistungen werden haupts\u00e4chlich von B\u00fcrgern Moldawiens und anderer Staaten, die sich im Ausland befinden, nachgefragt. Sie k\u00f6nnen jedes gew\u00fcnschte Dokument von den staatlichen Beh\u00f6rden der Republik Moldau ... Weiterlesen ...\" \/>\n<meta property=\"og:url\" content=\"https:\/\/bizmoldova.com\/de\/dokumente\/\" \/>\n<meta property=\"og:site_name\" content=\"Dokumente Moldawien. Apostille, Legalisierung, Nostrifizierung, \u00dcbersetzungen\" \/>\n<meta property=\"og:image\" content=\"http:\/\/bizmoldova.com\/wp-content\/uploads\/2013\/02\/aviz-Moldova-actul-de-stare-civila-723x1024.jpg\" \/>\n<meta name=\"twitter:card\" content=\"summary_large_image\" \/>\n<meta name=\"twitter:label1\" content=\"Gesch\u00e4tzte Lesezeit\" \/>\n\t<meta name=\"twitter:data1\" content=\"2\u00a0Minuten\" \/>\n<script type=\"application\/ld+json\" class=\"yoast-schema-graph\">{\"@context\":\"https:\\\/\\\/schema.org\",\"@graph\":[{\"@type\":\"WebPage\",\"@id\":\"https:\\\/\\\/bizmoldova.com\\\/de\\\/dokumente\\\/\",\"url\":\"https:\\\/\\\/bizmoldova.com\\\/de\\\/dokumente\\\/\",\"name\":\"Dokumente - Dokumente Moldawien. Apostille, Legalisierung, Nostrifizierung, \u00dcbersetzungen\",\"isPartOf\":{\"@id\":\"https:\\\/\\\/bizmoldova.com\\\/de\\\/#website\"},\"primaryImageOfPage\":{\"@id\":\"https:\\\/\\\/bizmoldova.com\\\/de\\\/dokumente\\\/#primaryimage\"},\"image\":{\"@id\":\"https:\\\/\\\/bizmoldova.com\\\/de\\\/dokumente\\\/#primaryimage\"},\"thumbnailUrl\":\"http:\\\/\\\/bizmoldova.com\\\/wp-content\\\/uploads\\\/2013\\\/02\\\/aviz-Moldova-actul-de-stare-civila-723x1024.jpg\",\"datePublished\":\"2024-09-30T09:10:17+00:00\",\"breadcrumb\":{\"@id\":\"https:\\\/\\\/bizmoldova.com\\\/de\\\/dokumente\\\/#breadcrumb\"},\"inLanguage\":\"de\",\"potentialAction\":[{\"@type\":\"ReadAction\",\"target\":[\"https:\\\/\\\/bizmoldova.com\\\/de\\\/dokumente\\\/\"]}]},{\"@type\":\"ImageObject\",\"inLanguage\":\"de\",\"@id\":\"https:\\\/\\\/bizmoldova.com\\\/de\\\/dokumente\\\/#primaryimage\",\"url\":\"http:\\\/\\\/bizmoldova.com\\\/wp-content\\\/uploads\\\/2013\\\/02\\\/aviz-Moldova-actul-de-stare-civila-723x1024.jpg\",\"contentUrl\":\"http:\\\/\\\/bizmoldova.com\\\/wp-content\\\/uploads\\\/2013\\\/02\\\/aviz-Moldova-actul-de-stare-civila-723x1024.jpg\"},{\"@type\":\"BreadcrumbList\",\"@id\":\"https:\\\/\\\/bizmoldova.com\\\/de\\\/dokumente\\\/#breadcrumb\",\"itemListElement\":[{\"@type\":\"ListItem\",\"position\":1,\"name\":\"Home\",\"item\":\"https:\\\/\\\/bizmoldova.com\\\/de\\\/\"},{\"@type\":\"ListItem\",\"position\":2,\"name\":\"Dokumente\"}]},{\"@type\":\"WebSite\",\"@id\":\"https:\\\/\\\/bizmoldova.com\\\/de\\\/#website\",\"url\":\"https:\\\/\\\/bizmoldova.com\\\/de\\\/\",\"name\":\"Dokumente Moldawien. Apostille, Legalisierung, Nostrifizierung, \u00dcbersetzungen\",\"description\":\"Dokumente Moldawien. Apostille, Legalisierung, Nostrifizierung, \u00dcbersetzungen\",\"potentialAction\":[{\"@type\":\"SearchAction\",\"target\":{\"@type\":\"EntryPoint\",\"urlTemplate\":\"https:\\\/\\\/bizmoldova.com\\\/de\\\/?s={search_term_string}\"},\"query-input\":{\"@type\":\"PropertyValueSpecification\",\"valueRequired\":true,\"valueName\":\"search_term_string\"}}],\"inLanguage\":\"de\"}]}<\/script>\n<!-- \/ Yoast SEO plugin. -->","yoast_head_json":{"title":"Dokumente - Dokumente Moldawien. Apostille, Legalisierung, Nostrifizierung, \u00dcbersetzungen","robots":{"index":"index","follow":"follow","max-snippet":"max-snippet:-1","max-image-preview":"max-image-preview:large","max-video-preview":"max-video-preview:-1"},"canonical":"https:\/\/bizmoldova.com\/de\/dokumente\/","og_locale":"de_DE","og_type":"article","og_title":"Dokumente - Dokumente Moldawien. Apostille, Legalisierung, Nostrifizierung, \u00dcbersetzungen","og_description":"Dokumentenbeschaffung per Vollmacht Unser Unternehmen bietet Ihnen Dienstleistungen zur Dokumentenbeschaffung per Vollmacht an. Sie k\u00f6nnen rechtm\u00e4\u00dfig alle Dokumente (per Vollmacht) au\u00dfer Reisepass und Personalausweis sowie F\u00fchrerschein bestellen. Unsere Dienstleistungen werden haupts\u00e4chlich von B\u00fcrgern Moldawiens und anderer Staaten, die sich im Ausland befinden, nachgefragt. Sie k\u00f6nnen jedes gew\u00fcnschte Dokument von den staatlichen Beh\u00f6rden der Republik Moldau ... Weiterlesen ...","og_url":"https:\/\/bizmoldova.com\/de\/dokumente\/","og_site_name":"Dokumente Moldawien. Apostille, Legalisierung, Nostrifizierung, \u00dcbersetzungen","og_image":[{"url":"http:\/\/bizmoldova.com\/wp-content\/uploads\/2013\/02\/aviz-Moldova-actul-de-stare-civila-723x1024.jpg","type":"","width":"","height":""}],"twitter_card":"summary_large_image","twitter_misc":{"Gesch\u00e4tzte Lesezeit":"2\u00a0Minuten"},"schema":{"@context":"https:\/\/schema.org","@graph":[{"@type":"WebPage","@id":"https:\/\/bizmoldova.com\/de\/dokumente\/","url":"https:\/\/bizmoldova.com\/de\/dokumente\/","name":"Dokumente - Dokumente Moldawien. Apostille, Legalisierung, Nostrifizierung, \u00dcbersetzungen","isPartOf":{"@id":"https:\/\/bizmoldova.com\/de\/#website"},"primaryImageOfPage":{"@id":"https:\/\/bizmoldova.com\/de\/dokumente\/#primaryimage"},"image":{"@id":"https:\/\/bizmoldova.com\/de\/dokumente\/#primaryimage"},"thumbnailUrl":"http:\/\/bizmoldova.com\/wp-content\/uploads\/2013\/02\/aviz-Moldova-actul-de-stare-civila-723x1024.jpg","datePublished":"2024-09-30T09:10:17+00:00","breadcrumb":{"@id":"https:\/\/bizmoldova.com\/de\/dokumente\/#breadcrumb"},"inLanguage":"de","potentialAction":[{"@type":"ReadAction","target":["https:\/\/bizmoldova.com\/de\/dokumente\/"]}]},{"@type":"ImageObject","inLanguage":"de","@id":"https:\/\/bizmoldova.com\/de\/dokumente\/#primaryimage","url":"http:\/\/bizmoldova.com\/wp-content\/uploads\/2013\/02\/aviz-Moldova-actul-de-stare-civila-723x1024.jpg","contentUrl":"http:\/\/bizmoldova.com\/wp-content\/uploads\/2013\/02\/aviz-Moldova-actul-de-stare-civila-723x1024.jpg"},{"@type":"BreadcrumbList","@id":"https:\/\/bizmoldova.com\/de\/dokumente\/#breadcrumb","itemListElement":[{"@type":"ListItem","position":1,"name":"Home","item":"https:\/\/bizmoldova.com\/de\/"},{"@type":"ListItem","position":2,"name":"Dokumente"}]},{"@type":"WebSite","@id":"https:\/\/bizmoldova.com\/de\/#website","url":"https:\/\/bizmoldova.com\/de\/","name":"Dokumente Moldawien. Apostille, Legalisierung, Nostrifizierung, \u00dcbersetzungen","description":"Dokumente Moldawien. Apostille, Legalisierung, Nostrifizierung, \u00dcbersetzungen","potentialAction":[{"@type":"SearchAction","target":{"@type":"EntryPoint","urlTemplate":"https:\/\/bizmoldova.com\/de\/?s={search_term_string}"},"query-input":{"@type":"PropertyValueSpecification","valueRequired":true,"valueName":"search_term_string"}}],"inLanguage":"de"}]}},"_links":{"self":[{"href":"https:\/\/bizmoldova.com\/de\/wp-json\/wp\/v2\/pages\/47","targetHints":{"allow":["GET"]}}],"collection":[{"href":"https:\/\/bizmoldova.com\/de\/wp-json\/wp\/v2\/pages"}],"about":[{"href":"https:\/\/bizmoldova.com\/de\/wp-json\/wp\/v2\/types\/page"}],"author":[{"embeddable":true,"href":"https:\/\/bizmoldova.com\/de\/wp-json\/wp\/v2\/users\/1"}],"replies":[{"embeddable":true,"href":"https:\/\/bizmoldova.com\/de\/wp-json\/wp\/v2\/comments?post=47"}],"version-history":[{"count":1,"href":"https:\/\/bizmoldova.com\/de\/wp-json\/wp\/v2\/pages\/47\/revisions"}],"predecessor-version":[{"id":48,"href":"https:\/\/bizmoldova.com\/de\/wp-json\/wp\/v2\/pages\/47\/revisions\/48"}],"wp:attachment":[{"href":"https:\/\/bizmoldova.com\/de\/wp-json\/wp\/v2\/media?parent=47"}],"curies":[{"name":"wp","href":"https:\/\/api.w.org\/{rel}","templated":true}]}}