{"id":45,"date":"2024-09-29T19:46:19","date_gmt":"2024-09-29T19:46:19","guid":{"rendered":"https:\/\/bizmoldova.com\/de\/?page_id=45"},"modified":"2024-09-29T19:46:20","modified_gmt":"2024-09-29T19:46:20","slug":"unternehmensregistrierung","status":"publish","type":"page","link":"https:\/\/bizmoldova.com\/de\/unternehmensregistrierung\/","title":{"rendered":"Unternehmensregistrierung"},"content":{"rendered":"<h2>Unternehmensregistrierung:<\/h2>\n<h3>In Moldawien k\u00f6nnen drei Arten von Unternehmen registriert werden:<\/h3>\n<p>1. Einzelunternehmen (IP) &#8211; f\u00fcr Privatpersonen, B\u00fcrger der Republik Moldau<br \/>\n2. Gesellschaft mit beschr\u00e4nkter Haftung (GmbH) oder auf Rum\u00e4nisch abgek\u00fcrzt SRL<br \/>\n3. Aktiengesellschaft (AG)<\/p>\n<p>In Moldawien werden seit einiger Zeit keine geschlossenen Aktiengesellschaften (ZAO) mehr registriert.<br \/>\nIn Moldawien kann ein Unternehmen innerhalb von 1 bis 3 Tagen registriert werden. Die erste Instanz, an die sich ein zuk\u00fcnftiger Unternehmer wenden muss, ist die Agentur f\u00fcr \u00f6ffentliche Dienstleistungen (ASP &#8211; Agentia Servicii Publice). Bei der Beantragung bei dieser staatlichen Beh\u00f6rde muss man gut vorbereitet sein, genau wissen, womit das Unternehmen sich besch\u00e4ftigen wird, und fertige Namen haben.<\/p>\n<figure id=\"attachment_610\" aria-describedby=\"caption-attachment-610\" style=\"width: 734px\" class=\"wp-caption aligncenter\"><a href=\"http:\/\/bizmoldova.com\/wp-content\/uploads\/2013\/02\/\u0411\u0438\u0437\u043d\u0435\u0441-\u041b\u0438\u0433\u0430-\u0416\u0423\u0420\u041d\u0410\u041b001.jpg\"><img loading=\"lazy\" decoding=\"async\" class=\"wp-image-610 size-large\" title=\"Unternehmensregistrierungszertifikat in Moldawien. Eine Gesellschaft mit beschr\u00e4nkter Haftung erh\u00e4lt sofort sowohl die Registrierungsnummer als auch den Steueridentifikationscode\" src=\"https:\/\/bizmoldova.com\/wp-content\/uploads\/2013\/02\/\u0411\u0438\u0437\u043d\u0435\u0441-\u041b\u0438\u0433\u0430-\u0416\u0423\u0420\u041d\u0410\u041b001-744x1024.jpg\" alt=\"Unternehmensregistrierungszertifikat in Moldawien f\u00fcr Gesellschaft mit beschr\u00e4nkter Haftung - SRL\" width=\"744\" height=\"1024\" \/><\/a><figcaption id=\"caption-attachment-610\" class=\"wp-caption-text\">Solche Zertifikate werden nicht mehr ausgegeben. Es wird nur ein gr\u00fcner Auszug auf Schutzpapier mit den Firmendaten, den Namen der Gr\u00fcnder und des Direktors (Verwalters) ausgegeben.<\/figcaption><\/figure>\n<p>F\u00fcr die ASP ben\u00f6tigen Sie die folgenden Dokumente:<br \/>\n&#8211; P\u00e4sse der Gr\u00fcnder,<br \/>\n&#8211; 5 vorab vorbereitete Namen f\u00fcr Ihr Unternehmen (wir empfehlen, viel mehr Namen auszuw\u00e4hlen, da oft gute, wohlklingende Firmennamen bereits vergeben sind),<br \/>\n&#8211; Die juristische Adresse des zuk\u00fcnftigen Unternehmens (\u00fcbrigens ist es in Moldawien nicht erforderlich, dass es sich um die Adresse des Wohnsitzes eines der Gr\u00fcnder handelt),<br \/>\n&#8211; Den erforderlichen Betrag f\u00fcr die Zahlung der Unternehmensregistrierung und der staatlichen Geb\u00fchren.<\/p>\n<p>Hier bietet die moldawische Gesetzgebung den Unternehmern eine seltsame Vorschrift, Geld auf ein tempor\u00e4res Konto des zuk\u00fcnftigen Unternehmens einzuzahlen. Wenn es nur einen Gr\u00fcnder gibt, wird der volle Betrag eingezahlt, der gesetzlich vorgeschrieben ist \u2013 das Stammkapital. Wenn es mehrere Gr\u00fcnder gibt, kann der Betrag in Teilen eingezahlt werden. Zuerst wird die H\u00e4lfte des Betrags auf das Firmenkonto eingezahlt und dann innerhalb von sechs Monaten der restliche Teil des Stammkapitals.<\/p>\n<h2>Wahl der Bank<\/h2>\n<p>Unser Unternehmen bevorzugt es, nur mit einigen zuverl\u00e4ssigen Banken in der Republik Moldau zusammenzuarbeiten. Dies sind vertrauensw\u00fcrdige Banken, die seit mehr als 15 Jahren erfolgreich in Moldawien t\u00e4tig sind. Leider k\u00f6nnen wir auf den Seiten dieser Website keine Namen guter Banken aus gesch\u00e4ftlicher Sicht preisgeben, um Konkurrenten oder neue Banken nicht zu beleidigen, einige von ihnen haben in letzter Zeit \u00fcbrigens einen guten Ruf erworben.<\/p>\n<p>Um ein Konto zu er\u00f6ffnen, m\u00fcssen Sie den Betrag f\u00fcr die Einzahlung des Stammkapitals haben. Das Stammkapital kann auch sp\u00e4ter eingezahlt werden, aber wir empfehlen, dies sofort zu tun.<\/p>\n<h2>Steuerliche Registrierung<\/h2>\n<p>Innerhalb weniger Tage nach der Unternehmensregistrierung wird es automatisch bei der Steuerbeh\u00f6rde registriert. Bei der Steuerbeh\u00f6rde im Online-B\u00fcro m\u00fcssen der Direktor und der Buchhalter der bereits registrierten Firma angegeben werden, da die unerwartetsten Situationen und Fragen auftreten k\u00f6nnen.<\/p>\n<h2>Unternehmensregistrierung in Moldawien: Stolpersteine<\/h2>\n<p>Leider haben die moldawischen Gesetzgeber, nachdem sie zu dem Schluss gekommen sind, dass in Moldawien das Wohnsitzgesetz abgeschafft wurde, der Registrierungsbeh\u00f6rde erlaubt, von den Gr\u00fcndern keine Best\u00e4tigung der juristischen Adresse des zuk\u00fcnftigen Unternehmens zu verlangen. In dieser Beh\u00f6rde wird Ihnen einfach gesagt, dass Sie f\u00fcr die bereitgestellten Informationen verantwortlich sind.<\/p>\n<p>Hier liegt ein ernstes Problem. Wenn Sie eine Firma unter einer Adresse registriert haben, an der Sie zum Beispiel nur wohnen, aber nicht gemeldet sind, riskieren Sie, von vorne anfangen zu m\u00fcssen, d.h. \u00c4nderungen in der Unternehmenssatzung vorzunehmen, was im Grunde eine Neuregistrierung bedeutet.<\/p>\n<p>Das Problem ist, dass bei einer Steuerpr\u00fcfung nicht nur die Dokumente, die in der Registrierungsbeh\u00f6rde erhalten wurden, sondern auch der notariell beglaubigte Mietvertrag oder ein Schreiben des Wohnungseigent\u00fcmers oder des vermieteten B\u00fcros, dass er Ihnen erlaubt, die Adresse als juristische Adresse des Unternehmens zu verwenden, verlangt werden.<\/p>\n<p>Dies ist nur ein Beispiel, bei dem ein Unternehmer, der die Regeln der Registrierung und steuerlichen Anmeldung sowie der Buchf\u00fchrung nicht vollst\u00e4ndig kennt, in eine schwierige Situation ger\u00e4t. Es gibt viele solcher Beispiele, und nur gute Anw\u00e4lte mit Erfahrung im Gesch\u00e4ftskonsulting k\u00f6nnen damit umgehen.<\/p>\n<h2>Fertige Firmen<\/h2>\n<p>Was ist eine fertige Firma? Es ist ein bereits existierendes, operierendes Unternehmen. Selbst wenn die Firma nichts tut, agiert sie als Steuerrechtssubjekt. Um sie f\u00fcr den weiteren Verkauf zu halten, werden speziell ein Buchhalter und ein Direktor eingestellt, die m\u00f6glicherweise mehrere solcher Firmen verwalten. Warum Menschen einstellen und eine solche Firma unterhalten? Damit der Kunde die M\u00f6glichkeit hat, das Unternehmen in k\u00fcrzester Zeit \u2013 einem Tag \u2013 zu kaufen. Der Name ist einer der wichtigsten Faktoren beim Kauf eines Unternehmens. Aber das Wichtigste ist die Geschwindigkeit der Neuregistrierung und die Arten der T\u00e4tigkeiten.<\/p>\n<p>Eine fertige Firma ist auch eine Garantie daf\u00fcr, dass Sie keine juristische Adresse f\u00fcr das zuk\u00fcnftige Unternehmen suchen m\u00fcssen.<\/p>\n<p>Leider k\u00f6nnen in Moldawien nur wenige seri\u00f6se Anwaltskanzleien ihren Kunden fertige Unternehmen anbieten. Wenn Sie eine fertige Firma von nicht \u00fcberpr\u00fcften Personen kaufen, riskieren Sie, hohe Schulden zu erben. Und selbst ein Wirtschaftspr\u00fcfungsunternehmen kann Ihnen nicht helfen, zu \u00fcberpr\u00fcfen, ob alles sauber bei der Firma ist. Deshalb verkaufen wir nur Firmen unserer Kunden, die von uns \u00fcberpr\u00fcft wurden und deren Dokumentation von uns gef\u00fchrt wurde.<\/p>\n<h2>Neuregistrierung von Unternehmen<\/h2>\n<p>Bei der Neuregistrierung von Unternehmen stehen viele Gr\u00fcnder vor Schwierigkeiten wie Zeitmangel zur L\u00f6sung kleiner, aber zeitaufwendiger Fragen. Hier ist es immer praktisch, sich an Anw\u00e4lte zu wenden, die \u00fcber Verbindungen verf\u00fcgen und in der Lage sind, Fragen in k\u00fcrzerer Zeit zu l\u00f6sen.<\/p>\n<p>Dar\u00fcber hinaus wirken sich Fehler bei der Neuregistrierung sp\u00e4ter auf den Dokumentationsstand aus.<\/p>\n","protected":false},"excerpt":{"rendered":"<p>Unternehmensregistrierung: In Moldawien k\u00f6nnen drei Arten von Unternehmen registriert werden: 1. Einzelunternehmen (IP) &#8211; f\u00fcr Privatpersonen, B\u00fcrger der Republik Moldau 2. Gesellschaft mit beschr\u00e4nkter Haftung (GmbH) oder auf Rum\u00e4nisch abgek\u00fcrzt SRL 3. Aktiengesellschaft (AG) In Moldawien werden seit einiger Zeit keine geschlossenen Aktiengesellschaften (ZAO) mehr registriert. In Moldawien kann ein Unternehmen innerhalb von 1 bis &#8230; <a title=\"Unternehmensregistrierung\" class=\"read-more\" href=\"https:\/\/bizmoldova.com\/de\/unternehmensregistrierung\/\" aria-label=\"Mehr Informationen \u00fcber Unternehmensregistrierung\">Weiterlesen &#8230;<\/a><\/p>\n","protected":false},"author":1,"featured_media":0,"parent":0,"menu_order":0,"comment_status":"closed","ping_status":"closed","template":"","meta":{"_acf_changed":false,"footnotes":""},"class_list":["post-45","page","type-page","status-publish"],"acf":[],"yoast_head":"<!-- This site is optimized with the Yoast SEO plugin v27.3 - https:\/\/yoast.com\/product\/yoast-seo-wordpress\/ -->\n<title>Unternehmensregistrierung - Dokumente Moldawien. Apostille, Legalisierung, Nostrifizierung, \u00dcbersetzungen<\/title>\n<meta name=\"robots\" content=\"index, follow, max-snippet:-1, max-image-preview:large, max-video-preview:-1\" \/>\n<link rel=\"canonical\" href=\"https:\/\/bizmoldova.com\/de\/unternehmensregistrierung\/\" \/>\n<meta property=\"og:locale\" content=\"de_DE\" \/>\n<meta property=\"og:type\" content=\"article\" \/>\n<meta property=\"og:title\" content=\"Unternehmensregistrierung - Dokumente Moldawien. Apostille, Legalisierung, Nostrifizierung, \u00dcbersetzungen\" \/>\n<meta property=\"og:description\" content=\"Unternehmensregistrierung: In Moldawien k\u00f6nnen drei Arten von Unternehmen registriert werden: 1. Einzelunternehmen (IP) &#8211; f\u00fcr Privatpersonen, B\u00fcrger der Republik Moldau 2. Gesellschaft mit beschr\u00e4nkter Haftung (GmbH) oder auf Rum\u00e4nisch abgek\u00fcrzt SRL 3. Aktiengesellschaft (AG) In Moldawien werden seit einiger Zeit keine geschlossenen Aktiengesellschaften (ZAO) mehr registriert. In Moldawien kann ein Unternehmen innerhalb von 1 bis ... Weiterlesen ...\" \/>\n<meta property=\"og:url\" content=\"https:\/\/bizmoldova.com\/de\/unternehmensregistrierung\/\" \/>\n<meta property=\"og:site_name\" content=\"Dokumente Moldawien. Apostille, Legalisierung, Nostrifizierung, \u00dcbersetzungen\" \/>\n<meta property=\"article:modified_time\" content=\"2024-09-29T19:46:20+00:00\" \/>\n<meta name=\"twitter:card\" content=\"summary_large_image\" \/>\n<meta name=\"twitter:label1\" content=\"Gesch\u00e4tzte Lesezeit\" \/>\n\t<meta name=\"twitter:data1\" content=\"5\u00a0Minuten\" \/>\n<script type=\"application\/ld+json\" class=\"yoast-schema-graph\">{\"@context\":\"https:\\\/\\\/schema.org\",\"@graph\":[{\"@type\":\"WebPage\",\"@id\":\"https:\\\/\\\/bizmoldova.com\\\/de\\\/unternehmensregistrierung\\\/\",\"url\":\"https:\\\/\\\/bizmoldova.com\\\/de\\\/unternehmensregistrierung\\\/\",\"name\":\"Unternehmensregistrierung - Dokumente Moldawien. Apostille, Legalisierung, Nostrifizierung, \u00dcbersetzungen\",\"isPartOf\":{\"@id\":\"https:\\\/\\\/bizmoldova.com\\\/de\\\/#website\"},\"datePublished\":\"2024-09-29T19:46:19+00:00\",\"dateModified\":\"2024-09-29T19:46:20+00:00\",\"breadcrumb\":{\"@id\":\"https:\\\/\\\/bizmoldova.com\\\/de\\\/unternehmensregistrierung\\\/#breadcrumb\"},\"inLanguage\":\"de\",\"potentialAction\":[{\"@type\":\"ReadAction\",\"target\":[\"https:\\\/\\\/bizmoldova.com\\\/de\\\/unternehmensregistrierung\\\/\"]}]},{\"@type\":\"BreadcrumbList\",\"@id\":\"https:\\\/\\\/bizmoldova.com\\\/de\\\/unternehmensregistrierung\\\/#breadcrumb\",\"itemListElement\":[{\"@type\":\"ListItem\",\"position\":1,\"name\":\"Home\",\"item\":\"https:\\\/\\\/bizmoldova.com\\\/de\\\/\"},{\"@type\":\"ListItem\",\"position\":2,\"name\":\"Unternehmensregistrierung\"}]},{\"@type\":\"WebSite\",\"@id\":\"https:\\\/\\\/bizmoldova.com\\\/de\\\/#website\",\"url\":\"https:\\\/\\\/bizmoldova.com\\\/de\\\/\",\"name\":\"Dokumente Moldawien. Apostille, Legalisierung, Nostrifizierung, \u00dcbersetzungen\",\"description\":\"Dokumente Moldawien. Apostille, Legalisierung, Nostrifizierung, \u00dcbersetzungen\",\"potentialAction\":[{\"@type\":\"SearchAction\",\"target\":{\"@type\":\"EntryPoint\",\"urlTemplate\":\"https:\\\/\\\/bizmoldova.com\\\/de\\\/?s={search_term_string}\"},\"query-input\":{\"@type\":\"PropertyValueSpecification\",\"valueRequired\":true,\"valueName\":\"search_term_string\"}}],\"inLanguage\":\"de\"}]}<\/script>\n<!-- \/ Yoast SEO plugin. -->","yoast_head_json":{"title":"Unternehmensregistrierung - Dokumente Moldawien. Apostille, Legalisierung, Nostrifizierung, \u00dcbersetzungen","robots":{"index":"index","follow":"follow","max-snippet":"max-snippet:-1","max-image-preview":"max-image-preview:large","max-video-preview":"max-video-preview:-1"},"canonical":"https:\/\/bizmoldova.com\/de\/unternehmensregistrierung\/","og_locale":"de_DE","og_type":"article","og_title":"Unternehmensregistrierung - Dokumente Moldawien. Apostille, Legalisierung, Nostrifizierung, \u00dcbersetzungen","og_description":"Unternehmensregistrierung: In Moldawien k\u00f6nnen drei Arten von Unternehmen registriert werden: 1. Einzelunternehmen (IP) &#8211; f\u00fcr Privatpersonen, B\u00fcrger der Republik Moldau 2. Gesellschaft mit beschr\u00e4nkter Haftung (GmbH) oder auf Rum\u00e4nisch abgek\u00fcrzt SRL 3. Aktiengesellschaft (AG) In Moldawien werden seit einiger Zeit keine geschlossenen Aktiengesellschaften (ZAO) mehr registriert. In Moldawien kann ein Unternehmen innerhalb von 1 bis ... Weiterlesen ...","og_url":"https:\/\/bizmoldova.com\/de\/unternehmensregistrierung\/","og_site_name":"Dokumente Moldawien. Apostille, Legalisierung, Nostrifizierung, \u00dcbersetzungen","article_modified_time":"2024-09-29T19:46:20+00:00","twitter_card":"summary_large_image","twitter_misc":{"Gesch\u00e4tzte Lesezeit":"5\u00a0Minuten"},"schema":{"@context":"https:\/\/schema.org","@graph":[{"@type":"WebPage","@id":"https:\/\/bizmoldova.com\/de\/unternehmensregistrierung\/","url":"https:\/\/bizmoldova.com\/de\/unternehmensregistrierung\/","name":"Unternehmensregistrierung - Dokumente Moldawien. Apostille, Legalisierung, Nostrifizierung, \u00dcbersetzungen","isPartOf":{"@id":"https:\/\/bizmoldova.com\/de\/#website"},"datePublished":"2024-09-29T19:46:19+00:00","dateModified":"2024-09-29T19:46:20+00:00","breadcrumb":{"@id":"https:\/\/bizmoldova.com\/de\/unternehmensregistrierung\/#breadcrumb"},"inLanguage":"de","potentialAction":[{"@type":"ReadAction","target":["https:\/\/bizmoldova.com\/de\/unternehmensregistrierung\/"]}]},{"@type":"BreadcrumbList","@id":"https:\/\/bizmoldova.com\/de\/unternehmensregistrierung\/#breadcrumb","itemListElement":[{"@type":"ListItem","position":1,"name":"Home","item":"https:\/\/bizmoldova.com\/de\/"},{"@type":"ListItem","position":2,"name":"Unternehmensregistrierung"}]},{"@type":"WebSite","@id":"https:\/\/bizmoldova.com\/de\/#website","url":"https:\/\/bizmoldova.com\/de\/","name":"Dokumente Moldawien. Apostille, Legalisierung, Nostrifizierung, \u00dcbersetzungen","description":"Dokumente Moldawien. Apostille, Legalisierung, Nostrifizierung, \u00dcbersetzungen","potentialAction":[{"@type":"SearchAction","target":{"@type":"EntryPoint","urlTemplate":"https:\/\/bizmoldova.com\/de\/?s={search_term_string}"},"query-input":{"@type":"PropertyValueSpecification","valueRequired":true,"valueName":"search_term_string"}}],"inLanguage":"de"}]}},"_links":{"self":[{"href":"https:\/\/bizmoldova.com\/de\/wp-json\/wp\/v2\/pages\/45","targetHints":{"allow":["GET"]}}],"collection":[{"href":"https:\/\/bizmoldova.com\/de\/wp-json\/wp\/v2\/pages"}],"about":[{"href":"https:\/\/bizmoldova.com\/de\/wp-json\/wp\/v2\/types\/page"}],"author":[{"embeddable":true,"href":"https:\/\/bizmoldova.com\/de\/wp-json\/wp\/v2\/users\/1"}],"replies":[{"embeddable":true,"href":"https:\/\/bizmoldova.com\/de\/wp-json\/wp\/v2\/comments?post=45"}],"version-history":[{"count":1,"href":"https:\/\/bizmoldova.com\/de\/wp-json\/wp\/v2\/pages\/45\/revisions"}],"predecessor-version":[{"id":46,"href":"https:\/\/bizmoldova.com\/de\/wp-json\/wp\/v2\/pages\/45\/revisions\/46"}],"wp:attachment":[{"href":"https:\/\/bizmoldova.com\/de\/wp-json\/wp\/v2\/media?parent=45"}],"curies":[{"name":"wp","href":"https:\/\/api.w.org\/{rel}","templated":true}]}}