{"id":43,"date":"2024-09-29T17:43:45","date_gmt":"2024-09-29T17:43:45","guid":{"rendered":"https:\/\/bizmoldova.com\/de\/?page_id=43"},"modified":"2024-10-02T16:58:48","modified_gmt":"2024-10-02T16:58:48","slug":"rechtsdienstleistungen-in-chisinau-moldawien","status":"publish","type":"page","link":"https:\/\/bizmoldova.com\/de\/","title":{"rendered":"Rechtsdienstleistungen in Chi\u0219in\u0103u, Moldawien"},"content":{"rendered":"\n<p><strong>Die Rechtsanwaltskanzlei Business Liga<\/strong> bietet Rechtsdienstleistungen in Moldawien und Rum\u00e4nien (Chi\u0219in\u0103u, Bukarest, Ia\u0219i und anderen St\u00e4dten) an.<\/p>\n\n\n\n<p><strong>WIR HABEN GROSSE BEZIEHUNGEN, ABER WIR BASEIEREN AUF DEM RECHT!<\/strong><\/p>\n\n\n\n<p><strong>Unser Unternehmen wurde 2005 als Beratungsagentur gegr\u00fcndet. Rechtsanwaltskanzleien in Moldawien haben sich erst in den letzten Jahren entwickelt. Wir sind jedoch bereits seit fast 20 Jahren t\u00e4tig.<\/strong><\/p>\n\n\n\n<p>Rechtsdienstleistungen und -beratung in verschiedenen Rechtsgebieten sind unser Hauptgesch\u00e4ftszweck. Moldawien, Chi\u0219in\u0103u. Unsere Firma bietet seit 20 Jahren Rechtsdienstleistungen in Moldawien an.<\/p>\n\n\n\n<p>Wir bieten Rechtsdienstleistungen in der Republik Moldawien und Rum\u00e4nien an.<\/p>\n\n\n\n<h2 class=\"wp-block-heading\"><strong>Rechtsdienstleistungen f\u00fcr Unternehmen<\/strong><\/h2>\n\n\n\n<ul class=\"wp-block-list\">\n<li><strong>Rechtliche Begleitung f\u00fcr Unternehmen<\/strong><\/li>\n\n\n\n<li>Unsere <strong>Rechtsanwaltskanzlei<\/strong> bietet rechtliche Dienstleistungen und Beratung f\u00fcr Firmen und Organisationen an (Rechtsdienstleistungen und -beratung)<br>        &#8211; Wirtschaftsrecht<br>        &#8211; Steuerrecht in Moldawien und Rum\u00e4nien<br>        &#8211; Vertr\u00e4ge und Teilnahme an Verhandlungen<br>        &#8211; Beratung zur Unternehmensf\u00fchrung<br>        &#8211; Unternehmensgr\u00fcndung in Moldawien und Rum\u00e4nien<br>        &#8211; Unternehmensmigration<br>        &#8211; Ausl\u00e4ndische Investitionen in Moldawien und Rum\u00e4nien<br>    <\/li>\n\n\n\n<li><strong>Registrierung einer GmbH (Gesellschaft mit beschr\u00e4nkter Haftung).<\/strong><\/li>\n\n\n\n<li><strong>Er\u00f6ffnung von Bankkonten &#8211; Banken in Europa und den USA.<\/strong><\/li>\n\n\n\n<li>Registrierung von Unternehmen als Einwohner der Freihandelszone.<\/li>\n\n\n\n<li><strong>Registrierung von Unternehmen &#8211; Einwohner des IT-Parks in der Republik Moldawien.<\/strong><\/li>\n\n\n\n<li><strong>Suche, Pr\u00fcfung und Registrierung von Marken.<\/strong><\/li>\n\n\n\n<li><strong>Kauf und Verkauf von bestehenden Unternehmen.<\/strong> Sie k\u00f6nnen auch Ihr Unternehmen zum Verkauf anbieten.<\/li>\n\n\n\n<li><strong>Familienrechtliche Angelegenheiten.<\/strong> Erwerb der Staatsb\u00fcrgerschaft der Republik Moldawien, Erbschaftsfragen, Scheidung, Anspr\u00fcche und andere Angelegenheiten.<\/li>\n\n\n\n<li><strong>Urheberrecht.<\/strong> Schutz der Rechte an Inhalten, Werken, Patenten, Marken.<\/li>\n\n\n\n<li><strong>Immobiliengesch\u00e4fte.<\/strong> Beratung zu Immobilien, Begleitung von Transaktionen.<\/li>\n\n\n\n<li><strong><a title=\"Registrierung von Unternehmen. GmbH, AG. Moldawien\" href=\"http:\/\/bizmoldova.com\/%d1%80%d0%b5%d0%b3%d0%b8%d1%81%d1%82%d1%80%d0%b0%d1%86%d0%b8%d1%8f-%d0%bf%d1%80%d0%b5%d0%b4%d0%bf%d1%80%d0%b8%d1%8f%d1%82%d0%b8%d0%b5%d0%b9-%d0%be%d0%be%d0%be\/\" target=\"_blank\" rel=\"noopener\">Registrierung und Liquidation von Unternehmen, Firmen aller Rechtsformen<\/a>.<\/strong><\/li>\n\n\n\n<li><strong>Rechtliche Adresse und Sekretariatsdienste f\u00fcr Unternehmen auf dem Territorium der Republik Moldawien und im Ausland.<\/strong><\/li>\n\n\n\n<li><strong>Vorbereitung eines vollst\u00e4ndigen Dokumentenpakets f\u00fcr Unternehmen und gemeinn\u00fctzige Organisationen (Satzung, Stellenbeschreibungen, Arbeitsvertr\u00e4ge, Anmeldung beim Finanzamt und Statistikinstitut, Arbeitssicherheitsvorschriften, Mustervertr\u00e4ge, Musterprotokolle von Hauptversammlungen und vieles mehr).<\/strong><\/li>\n\n\n\n<li><strong><a title=\"Apostille und Legalisierung von Dokumenten\" href=\"http:\/\/bizmoldova.com\/%D0%BA%D0%BE%D0%BD%D1%81%D1%83%D0%BB%D1%8C%D1%81%D0%BA%D0%B0%D1%8F-%D0%BB%D0%B5%D0%B3%D0%B0%D0%BB%D0%B8%D0%B7%D0%B0%D1%86%D0%B8%D1%8F-%D0%B8-%D0%B0%D0%BF%D0%BE%D1%81%D1%82%D0%B8%D0%BB%D1%8C\/\" target=\"_blank\" rel=\"noopener\">Legalisierung von Dokumenten. Apostille f\u00fcr juristische Personen<\/a><\/strong><\/li>\n\n\n\n<li><strong>Vorbereitung beliebiger Dokumente, rechtlicher Gutachten, Berichte f\u00fcr nat\u00fcrliche und juristische Personen, die sich nicht im Territorium der Republik Moldawien befinden.<\/strong><\/li>\n\n\n\n<li><strong>Suche nach Vertretern, Agenten und Distributoren auf dem Territorium der Republik Moldawien f\u00fcr Ihr Unternehmen.<\/strong><\/li>\n\n\n\n<li><strong>Suche und Auswahl von B\u00fcror\u00e4umen f\u00fcr Unternehmen.<\/strong><\/li>\n<\/ul>\n\n\n\n<p><strong>Und auch andere Rechtsdienstleistungen und Beratung zur Unternehmensf\u00fchrung.<\/strong><\/p>\n\n\n\n<h2 class=\"wp-block-heading\"><strong>Rechtsdienstleistungen f\u00fcr Privatpersonen<\/strong><\/h2>\n\n\n\n<ul class=\"wp-block-list\">\n<li><strong>Registrierung von Einzelunternehmen (IP), Patent.<\/strong><\/li>\n\n\n\n<li><strong>Familienrechtliche Angelegenheiten.<\/strong><\/li>\n\n\n\n<li><strong>Immobiliengesch\u00e4fte.<\/strong> Beratung zu Immobilien, Begleitung von Transaktionen.<\/li>\n\n\n\n<li><strong>Beantragung von Dokumenten bei den Standes\u00e4mtern:<\/strong> Geburtsurkunde, Heiratsurkunde, Scheidungsurkunde, Nachweis \u00fcber den Familienstand (verheiratet\/ledig), Strafregisterauszug, Bescheinigung \u00fcber Namens\u00e4nderung, Nachweise \u00fcber den Besitz oder das Fehlen von Immobilien (Hausverwaltung, Agentur f\u00fcr staatliche Dienste).<\/li>\n\n\n\n<li><strong><a title=\"Apostille und Legalisierung von Dokumenten\" href=\"http:\/\/bizmoldova.com\/%D0%BA%D0%BE%D0%BD%D1%81%D1%83%D0%BB%D1%8C%D1%81%D0%BA%D0%B0%D1%8F-%D0%BB%D0%B5%D0%B3%D0%B0%D0%BB%D0%B8%D0%B7%D0%B0%D1%86%D0%B8%D1%8F-%D0%B8-%D0%B0%D0%BF%D0%BE%D1%81%D1%82%D0%B8%D0%BB%D1%8C\/\" target=\"_blank\" rel=\"noopener\">Legalisierung von Dokumenten. Apostille<\/a><\/strong><\/li>\n\n\n\n<li><strong>Vorbereitung beliebiger Dokumente, rechtlicher Gutachten, Berichte f\u00fcr nat\u00fcrliche Personen, die sich nicht im Territorium der Republik Moldawien befinden.<\/strong><\/li>\n<\/ul>\n","protected":false},"excerpt":{"rendered":"<p>Die Rechtsanwaltskanzlei Business Liga bietet Rechtsdienstleistungen in Moldawien und Rum\u00e4nien (Chi\u0219in\u0103u, Bukarest, Ia\u0219i und anderen St\u00e4dten) an. WIR HABEN GROSSE BEZIEHUNGEN, ABER WIR BASEIEREN AUF DEM RECHT! Unser Unternehmen wurde 2005 als Beratungsagentur gegr\u00fcndet. Rechtsanwaltskanzleien in Moldawien haben sich erst in den letzten Jahren entwickelt. Wir sind jedoch bereits seit fast 20 Jahren t\u00e4tig. Rechtsdienstleistungen &#8230; <a title=\"Rechtsdienstleistungen in Chi\u0219in\u0103u, Moldawien\" class=\"read-more\" href=\"https:\/\/bizmoldova.com\/de\/\" aria-label=\"Mehr Informationen \u00fcber Rechtsdienstleistungen in Chi\u0219in\u0103u, Moldawien\">Weiterlesen &#8230;<\/a><\/p>\n","protected":false},"author":1,"featured_media":0,"parent":0,"menu_order":0,"comment_status":"closed","ping_status":"closed","template":"","meta":{"_acf_changed":false,"footnotes":""},"class_list":["post-43","page","type-page","status-publish"],"acf":[],"yoast_head":"<!-- This site is optimized with the Yoast SEO plugin v27.4 - https:\/\/yoast.com\/product\/yoast-seo-wordpress\/ -->\n<title>Rechtsdienstleistungen in Chi\u0219in\u0103u, Moldawien - Dokumente Moldawien. Apostille, Legalisierung, Nostrifizierung, \u00dcbersetzungen<\/title>\n<meta name=\"robots\" content=\"index, follow, max-snippet:-1, max-image-preview:large, max-video-preview:-1\" \/>\n<link rel=\"canonical\" href=\"https:\/\/bizmoldova.com\/de\/\" \/>\n<meta property=\"og:locale\" content=\"de_DE\" \/>\n<meta property=\"og:type\" content=\"article\" \/>\n<meta property=\"og:title\" content=\"Rechtsdienstleistungen in Chi\u0219in\u0103u, Moldawien - Dokumente Moldawien. Apostille, Legalisierung, Nostrifizierung, \u00dcbersetzungen\" \/>\n<meta property=\"og:description\" content=\"Die Rechtsanwaltskanzlei Business Liga bietet Rechtsdienstleistungen in Moldawien und Rum\u00e4nien (Chi\u0219in\u0103u, Bukarest, Ia\u0219i und anderen St\u00e4dten) an. WIR HABEN GROSSE BEZIEHUNGEN, ABER WIR BASEIEREN AUF DEM RECHT! Unser Unternehmen wurde 2005 als Beratungsagentur gegr\u00fcndet. Rechtsanwaltskanzleien in Moldawien haben sich erst in den letzten Jahren entwickelt. Wir sind jedoch bereits seit fast 20 Jahren t\u00e4tig. Rechtsdienstleistungen ... Weiterlesen ...\" \/>\n<meta property=\"og:url\" content=\"https:\/\/bizmoldova.com\/de\/\" \/>\n<meta property=\"og:site_name\" content=\"Dokumente Moldawien. Apostille, Legalisierung, Nostrifizierung, \u00dcbersetzungen\" \/>\n<meta property=\"article:modified_time\" content=\"2024-10-02T16:58:48+00:00\" \/>\n<meta name=\"twitter:card\" content=\"summary_large_image\" \/>\n<meta name=\"twitter:label1\" content=\"Gesch\u00e4tzte Lesezeit\" \/>\n\t<meta name=\"twitter:data1\" content=\"3\u00a0Minuten\" \/>\n<script type=\"application\/ld+json\" class=\"yoast-schema-graph\">{\"@context\":\"https:\\\/\\\/schema.org\",\"@graph\":[{\"@type\":\"WebPage\",\"@id\":\"https:\\\/\\\/bizmoldova.com\\\/de\\\/\",\"url\":\"https:\\\/\\\/bizmoldova.com\\\/de\\\/\",\"name\":\"Rechtsdienstleistungen in Chi\u0219in\u0103u, Moldawien - Dokumente Moldawien. Apostille, Legalisierung, Nostrifizierung, \u00dcbersetzungen\",\"isPartOf\":{\"@id\":\"https:\\\/\\\/bizmoldova.com\\\/de\\\/#website\"},\"datePublished\":\"2024-09-29T17:43:45+00:00\",\"dateModified\":\"2024-10-02T16:58:48+00:00\",\"breadcrumb\":{\"@id\":\"https:\\\/\\\/bizmoldova.com\\\/de\\\/#breadcrumb\"},\"inLanguage\":\"de\",\"potentialAction\":[{\"@type\":\"ReadAction\",\"target\":[\"https:\\\/\\\/bizmoldova.com\\\/de\\\/\"]}]},{\"@type\":\"BreadcrumbList\",\"@id\":\"https:\\\/\\\/bizmoldova.com\\\/de\\\/#breadcrumb\",\"itemListElement\":[{\"@type\":\"ListItem\",\"position\":1,\"name\":\"Home\",\"item\":\"https:\\\/\\\/bizmoldova.com\\\/de\\\/\"},{\"@type\":\"ListItem\",\"position\":2,\"name\":\"Rechtsdienstleistungen in Chi\u0219in\u0103u, Moldawien\"}]},{\"@type\":\"WebSite\",\"@id\":\"https:\\\/\\\/bizmoldova.com\\\/de\\\/#website\",\"url\":\"https:\\\/\\\/bizmoldova.com\\\/de\\\/\",\"name\":\"Dokumente Moldawien. Apostille, Legalisierung, Nostrifizierung, \u00dcbersetzungen\",\"description\":\"Dokumente Moldawien. Apostille, Legalisierung, Nostrifizierung, \u00dcbersetzungen\",\"potentialAction\":[{\"@type\":\"SearchAction\",\"target\":{\"@type\":\"EntryPoint\",\"urlTemplate\":\"https:\\\/\\\/bizmoldova.com\\\/de\\\/?s={search_term_string}\"},\"query-input\":{\"@type\":\"PropertyValueSpecification\",\"valueRequired\":true,\"valueName\":\"search_term_string\"}}],\"inLanguage\":\"de\"}]}<\/script>\n<!-- \/ Yoast SEO plugin. -->","yoast_head_json":{"title":"Rechtsdienstleistungen in Chi\u0219in\u0103u, Moldawien - Dokumente Moldawien. Apostille, Legalisierung, Nostrifizierung, \u00dcbersetzungen","robots":{"index":"index","follow":"follow","max-snippet":"max-snippet:-1","max-image-preview":"max-image-preview:large","max-video-preview":"max-video-preview:-1"},"canonical":"https:\/\/bizmoldova.com\/de\/","og_locale":"de_DE","og_type":"article","og_title":"Rechtsdienstleistungen in Chi\u0219in\u0103u, Moldawien - Dokumente Moldawien. Apostille, Legalisierung, Nostrifizierung, \u00dcbersetzungen","og_description":"Die Rechtsanwaltskanzlei Business Liga bietet Rechtsdienstleistungen in Moldawien und Rum\u00e4nien (Chi\u0219in\u0103u, Bukarest, Ia\u0219i und anderen St\u00e4dten) an. WIR HABEN GROSSE BEZIEHUNGEN, ABER WIR BASEIEREN AUF DEM RECHT! Unser Unternehmen wurde 2005 als Beratungsagentur gegr\u00fcndet. Rechtsanwaltskanzleien in Moldawien haben sich erst in den letzten Jahren entwickelt. Wir sind jedoch bereits seit fast 20 Jahren t\u00e4tig. Rechtsdienstleistungen ... Weiterlesen ...","og_url":"https:\/\/bizmoldova.com\/de\/","og_site_name":"Dokumente Moldawien. Apostille, Legalisierung, Nostrifizierung, \u00dcbersetzungen","article_modified_time":"2024-10-02T16:58:48+00:00","twitter_card":"summary_large_image","twitter_misc":{"Gesch\u00e4tzte Lesezeit":"3\u00a0Minuten"},"schema":{"@context":"https:\/\/schema.org","@graph":[{"@type":"WebPage","@id":"https:\/\/bizmoldova.com\/de\/","url":"https:\/\/bizmoldova.com\/de\/","name":"Rechtsdienstleistungen in Chi\u0219in\u0103u, Moldawien - Dokumente Moldawien. Apostille, Legalisierung, Nostrifizierung, \u00dcbersetzungen","isPartOf":{"@id":"https:\/\/bizmoldova.com\/de\/#website"},"datePublished":"2024-09-29T17:43:45+00:00","dateModified":"2024-10-02T16:58:48+00:00","breadcrumb":{"@id":"https:\/\/bizmoldova.com\/de\/#breadcrumb"},"inLanguage":"de","potentialAction":[{"@type":"ReadAction","target":["https:\/\/bizmoldova.com\/de\/"]}]},{"@type":"BreadcrumbList","@id":"https:\/\/bizmoldova.com\/de\/#breadcrumb","itemListElement":[{"@type":"ListItem","position":1,"name":"Home","item":"https:\/\/bizmoldova.com\/de\/"},{"@type":"ListItem","position":2,"name":"Rechtsdienstleistungen in Chi\u0219in\u0103u, Moldawien"}]},{"@type":"WebSite","@id":"https:\/\/bizmoldova.com\/de\/#website","url":"https:\/\/bizmoldova.com\/de\/","name":"Dokumente Moldawien. Apostille, Legalisierung, Nostrifizierung, \u00dcbersetzungen","description":"Dokumente Moldawien. Apostille, Legalisierung, Nostrifizierung, \u00dcbersetzungen","potentialAction":[{"@type":"SearchAction","target":{"@type":"EntryPoint","urlTemplate":"https:\/\/bizmoldova.com\/de\/?s={search_term_string}"},"query-input":{"@type":"PropertyValueSpecification","valueRequired":true,"valueName":"search_term_string"}}],"inLanguage":"de"}]}},"_links":{"self":[{"href":"https:\/\/bizmoldova.com\/de\/wp-json\/wp\/v2\/pages\/43","targetHints":{"allow":["GET"]}}],"collection":[{"href":"https:\/\/bizmoldova.com\/de\/wp-json\/wp\/v2\/pages"}],"about":[{"href":"https:\/\/bizmoldova.com\/de\/wp-json\/wp\/v2\/types\/page"}],"author":[{"embeddable":true,"href":"https:\/\/bizmoldova.com\/de\/wp-json\/wp\/v2\/users\/1"}],"replies":[{"embeddable":true,"href":"https:\/\/bizmoldova.com\/de\/wp-json\/wp\/v2\/comments?post=43"}],"version-history":[{"count":2,"href":"https:\/\/bizmoldova.com\/de\/wp-json\/wp\/v2\/pages\/43\/revisions"}],"predecessor-version":[{"id":89,"href":"https:\/\/bizmoldova.com\/de\/wp-json\/wp\/v2\/pages\/43\/revisions\/89"}],"wp:attachment":[{"href":"https:\/\/bizmoldova.com\/de\/wp-json\/wp\/v2\/media?parent=43"}],"curies":[{"name":"wp","href":"https:\/\/api.w.org\/{rel}","templated":true}]}}