{"id":41,"date":"2024-09-29T17:12:29","date_gmt":"2024-09-29T17:12:29","guid":{"rendered":"https:\/\/bizmoldova.com\/de\/?page_id=41"},"modified":"2024-09-29T17:12:29","modified_gmt":"2024-09-29T17:12:29","slug":"transkription-von-dokumenten-uebersetzung-von-dokumenten","status":"publish","type":"page","link":"https:\/\/bizmoldova.com\/de\/transkription-von-dokumenten-uebersetzung-von-dokumenten\/","title":{"rendered":"Transkription von Dokumenten. \u00dcbersetzung von Dokumenten"},"content":{"rendered":"<p>Was ist Transkription? Es handelt sich um die buchstabengetreue \u00dcbertragung von Vorname, Nachname und Vatersname in eine andere Sprache unter Ber\u00fccksichtigung der linguistischen Regeln. Dabei sollte auf die Aussprache von Buchstabenkombinationen und der Buchstaben selbst geachtet werden, da die Regeln f\u00fcr die schriftliche Darstellung von Lauten in verschiedenen Sprachen unterschiedlich sind. Zum Beispiel im Nachnamen \u201eCheban\u201c: auf Englisch \u2013 Cheban, auf Deutsch \u2013 Tscheban, auf Rum\u00e4nisch \u2013 Ceban.<\/p>\n<p>Bei der Umwandlung ausl\u00e4ndischer Dokumente in rum\u00e4nische, moldauische oder andere Dokumente muss h\u00e4ufig der Vorname, Nachname und Vatersname korrekt \u00fcbersetzt werden. Dabei ist jedoch zu beachten, dass gem\u00e4\u00df den \u00dcbersetzungsregeln, so paradox es auch erscheinen mag, Vornamen, Vatersnamen und Nachnamen nicht \u00fcbersetzt werden. Diese Daten werden transkribiert.<\/p>\n<p>H\u00e4ufig f\u00fchren Namen mit doppelter Schreibweise in englischer Sprache (zum Beispiel im ukrainischen Pass) und in rum\u00e4nischer Sprache in der Praxis zu Verwirrungen. Zum Beispiel Alexey (Englisch) und Alexei (Rum\u00e4nisch). Solche Unstimmigkeiten kann man nicht als Fehler bezeichnen. Allerdings kann eine solche Diskrepanz der Grund f\u00fcr die Ablehnung der Annahme von Dokumenten durch eine ausl\u00e4ndische Beh\u00f6rde oder sogar im eigenen Land sein.<\/p>\n<p>Die Transkription von Dokumenten in die rum\u00e4nische Sprache erfolgt gem\u00e4\u00df den im Gesetz der Republik Moldau festgelegten Regeln. Diese Regeln k\u00f6nnen nur umgangen werden, wenn der Beamte inkompetent ist und sie nicht kennt. In diesem Fall ist jedoch auch etwas anderes m\u00f6glich. Wenn der Beamte inkompetent ist, kann er die Regeln sogar bei einem gesetzlichen Erfordernis missachten, \u201ewie es richtig geschrieben wird\u201c.<\/p>\n<p>Die Transkription von Dokumenten ausl\u00e4ndischer Herkunft f\u00fcr Rum\u00e4nien wirft manchmal Fragen auf. Zum Beispiel gibt es im Reisepass eine Schreibweise, im moldauischen Personalausweis eine andere Schreibweise und in der Geburtsurkunde eine dritte. Hier k\u00f6nnen nur Fachleute helfen und beraten.<\/p>\n<p>Die Dienstleistung Transkription (Transcriere) ist in unserem Unternehmen f\u00fcr folgende Dokumente verf\u00fcgbar:<br \/>\nHeiratsurkunde, Geburtsurkunde, Scheidungsurkunde, Strafregisterauszug, Kopie des Reisepasses, Bescheinigung \u00fcber den Zivilstand. Es gibt zwei Fristen f\u00fcr die Transkription: bis zu einem Monat \u2013 dringende Transkription. Es ist auch eine Dienstleistung zu einem angemessenen Preis m\u00f6glich \u2013 Transkription innerhalb von sechs (6) bis zehn (10) Monaten.<\/p>\n<p>Vergessen Sie nicht, dass neben der Transkription auch Folgendes ben\u00f6tigt werden kann:<\/p>\n<p>Anforderung (Erhalt) der Heiratsurkunde, Scheidungsurkunde, Geburtsurkunde, Strafregisterauszug sowohl in der Republik Moldau, Rum\u00e4nien als auch im Ausland, beispielsweise in Russland, der Ukraine, Wei\u00dfrussland, Kasachstan, Aserbaidschan, Armenien, Tadschikistan, Usbekistan, Lettland, Litauen, Estland.<\/p>\n<p>All diese Dienstleistungen bietet die Firma Business Liga SRL an.<\/p>\n<p>F\u00fcr die Kontaktaufnahme mit uns k\u00f6nnen Sie die Messenger verwenden: WhatsApp, Viber, Telegram<\/p>\n<p>+373 67666333<\/p>\n","protected":false},"excerpt":{"rendered":"<p>Was ist Transkription? Es handelt sich um die buchstabengetreue \u00dcbertragung von Vorname, Nachname und Vatersname in eine andere Sprache unter Ber\u00fccksichtigung der linguistischen Regeln. Dabei sollte auf die Aussprache von Buchstabenkombinationen und der Buchstaben selbst geachtet werden, da die Regeln f\u00fcr die schriftliche Darstellung von Lauten in verschiedenen Sprachen unterschiedlich sind. Zum Beispiel im Nachnamen &#8230; <a title=\"Transkription von Dokumenten. \u00dcbersetzung von Dokumenten\" class=\"read-more\" href=\"https:\/\/bizmoldova.com\/de\/transkription-von-dokumenten-uebersetzung-von-dokumenten\/\" aria-label=\"Mehr Informationen \u00fcber Transkription von Dokumenten. \u00dcbersetzung von Dokumenten\">Weiterlesen &#8230;<\/a><\/p>\n","protected":false},"author":1,"featured_media":0,"parent":0,"menu_order":0,"comment_status":"closed","ping_status":"closed","template":"","meta":{"_acf_changed":false,"footnotes":""},"class_list":["post-41","page","type-page","status-publish"],"acf":[],"yoast_head":"<!-- This site is optimized with the Yoast SEO plugin v27.3 - https:\/\/yoast.com\/product\/yoast-seo-wordpress\/ -->\n<title>Transkription von Dokumenten. \u00dcbersetzung von Dokumenten - Dokumente Moldawien. Apostille, Legalisierung, Nostrifizierung, \u00dcbersetzungen<\/title>\n<meta name=\"robots\" content=\"index, follow, max-snippet:-1, max-image-preview:large, max-video-preview:-1\" \/>\n<link rel=\"canonical\" href=\"https:\/\/bizmoldova.com\/de\/transkription-von-dokumenten-uebersetzung-von-dokumenten\/\" \/>\n<meta property=\"og:locale\" content=\"de_DE\" \/>\n<meta property=\"og:type\" content=\"article\" \/>\n<meta property=\"og:title\" content=\"Transkription von Dokumenten. \u00dcbersetzung von Dokumenten - Dokumente Moldawien. Apostille, Legalisierung, Nostrifizierung, \u00dcbersetzungen\" \/>\n<meta property=\"og:description\" content=\"Was ist Transkription? Es handelt sich um die buchstabengetreue \u00dcbertragung von Vorname, Nachname und Vatersname in eine andere Sprache unter Ber\u00fccksichtigung der linguistischen Regeln. Dabei sollte auf die Aussprache von Buchstabenkombinationen und der Buchstaben selbst geachtet werden, da die Regeln f\u00fcr die schriftliche Darstellung von Lauten in verschiedenen Sprachen unterschiedlich sind. Zum Beispiel im Nachnamen ... Weiterlesen ...\" \/>\n<meta property=\"og:url\" content=\"https:\/\/bizmoldova.com\/de\/transkription-von-dokumenten-uebersetzung-von-dokumenten\/\" \/>\n<meta property=\"og:site_name\" content=\"Dokumente Moldawien. Apostille, Legalisierung, Nostrifizierung, \u00dcbersetzungen\" \/>\n<meta name=\"twitter:card\" content=\"summary_large_image\" \/>\n<meta name=\"twitter:label1\" content=\"Gesch\u00e4tzte Lesezeit\" \/>\n\t<meta name=\"twitter:data1\" content=\"3\u00a0Minuten\" \/>\n<script type=\"application\/ld+json\" class=\"yoast-schema-graph\">{\"@context\":\"https:\\\/\\\/schema.org\",\"@graph\":[{\"@type\":\"WebPage\",\"@id\":\"https:\\\/\\\/bizmoldova.com\\\/de\\\/transkription-von-dokumenten-uebersetzung-von-dokumenten\\\/\",\"url\":\"https:\\\/\\\/bizmoldova.com\\\/de\\\/transkription-von-dokumenten-uebersetzung-von-dokumenten\\\/\",\"name\":\"Transkription von Dokumenten. \u00dcbersetzung von Dokumenten - Dokumente Moldawien. Apostille, Legalisierung, Nostrifizierung, \u00dcbersetzungen\",\"isPartOf\":{\"@id\":\"https:\\\/\\\/bizmoldova.com\\\/de\\\/#website\"},\"datePublished\":\"2024-09-29T17:12:29+00:00\",\"breadcrumb\":{\"@id\":\"https:\\\/\\\/bizmoldova.com\\\/de\\\/transkription-von-dokumenten-uebersetzung-von-dokumenten\\\/#breadcrumb\"},\"inLanguage\":\"de\",\"potentialAction\":[{\"@type\":\"ReadAction\",\"target\":[\"https:\\\/\\\/bizmoldova.com\\\/de\\\/transkription-von-dokumenten-uebersetzung-von-dokumenten\\\/\"]}]},{\"@type\":\"BreadcrumbList\",\"@id\":\"https:\\\/\\\/bizmoldova.com\\\/de\\\/transkription-von-dokumenten-uebersetzung-von-dokumenten\\\/#breadcrumb\",\"itemListElement\":[{\"@type\":\"ListItem\",\"position\":1,\"name\":\"Home\",\"item\":\"https:\\\/\\\/bizmoldova.com\\\/de\\\/\"},{\"@type\":\"ListItem\",\"position\":2,\"name\":\"Transkription von Dokumenten. \u00dcbersetzung von Dokumenten\"}]},{\"@type\":\"WebSite\",\"@id\":\"https:\\\/\\\/bizmoldova.com\\\/de\\\/#website\",\"url\":\"https:\\\/\\\/bizmoldova.com\\\/de\\\/\",\"name\":\"Dokumente Moldawien. Apostille, Legalisierung, Nostrifizierung, \u00dcbersetzungen\",\"description\":\"Dokumente Moldawien. Apostille, Legalisierung, Nostrifizierung, \u00dcbersetzungen\",\"potentialAction\":[{\"@type\":\"SearchAction\",\"target\":{\"@type\":\"EntryPoint\",\"urlTemplate\":\"https:\\\/\\\/bizmoldova.com\\\/de\\\/?s={search_term_string}\"},\"query-input\":{\"@type\":\"PropertyValueSpecification\",\"valueRequired\":true,\"valueName\":\"search_term_string\"}}],\"inLanguage\":\"de\"}]}<\/script>\n<!-- \/ Yoast SEO plugin. -->","yoast_head_json":{"title":"Transkription von Dokumenten. \u00dcbersetzung von Dokumenten - Dokumente Moldawien. Apostille, Legalisierung, Nostrifizierung, \u00dcbersetzungen","robots":{"index":"index","follow":"follow","max-snippet":"max-snippet:-1","max-image-preview":"max-image-preview:large","max-video-preview":"max-video-preview:-1"},"canonical":"https:\/\/bizmoldova.com\/de\/transkription-von-dokumenten-uebersetzung-von-dokumenten\/","og_locale":"de_DE","og_type":"article","og_title":"Transkription von Dokumenten. \u00dcbersetzung von Dokumenten - Dokumente Moldawien. Apostille, Legalisierung, Nostrifizierung, \u00dcbersetzungen","og_description":"Was ist Transkription? Es handelt sich um die buchstabengetreue \u00dcbertragung von Vorname, Nachname und Vatersname in eine andere Sprache unter Ber\u00fccksichtigung der linguistischen Regeln. Dabei sollte auf die Aussprache von Buchstabenkombinationen und der Buchstaben selbst geachtet werden, da die Regeln f\u00fcr die schriftliche Darstellung von Lauten in verschiedenen Sprachen unterschiedlich sind. Zum Beispiel im Nachnamen ... Weiterlesen ...","og_url":"https:\/\/bizmoldova.com\/de\/transkription-von-dokumenten-uebersetzung-von-dokumenten\/","og_site_name":"Dokumente Moldawien. Apostille, Legalisierung, Nostrifizierung, \u00dcbersetzungen","twitter_card":"summary_large_image","twitter_misc":{"Gesch\u00e4tzte Lesezeit":"3\u00a0Minuten"},"schema":{"@context":"https:\/\/schema.org","@graph":[{"@type":"WebPage","@id":"https:\/\/bizmoldova.com\/de\/transkription-von-dokumenten-uebersetzung-von-dokumenten\/","url":"https:\/\/bizmoldova.com\/de\/transkription-von-dokumenten-uebersetzung-von-dokumenten\/","name":"Transkription von Dokumenten. \u00dcbersetzung von Dokumenten - Dokumente Moldawien. Apostille, Legalisierung, Nostrifizierung, \u00dcbersetzungen","isPartOf":{"@id":"https:\/\/bizmoldova.com\/de\/#website"},"datePublished":"2024-09-29T17:12:29+00:00","breadcrumb":{"@id":"https:\/\/bizmoldova.com\/de\/transkription-von-dokumenten-uebersetzung-von-dokumenten\/#breadcrumb"},"inLanguage":"de","potentialAction":[{"@type":"ReadAction","target":["https:\/\/bizmoldova.com\/de\/transkription-von-dokumenten-uebersetzung-von-dokumenten\/"]}]},{"@type":"BreadcrumbList","@id":"https:\/\/bizmoldova.com\/de\/transkription-von-dokumenten-uebersetzung-von-dokumenten\/#breadcrumb","itemListElement":[{"@type":"ListItem","position":1,"name":"Home","item":"https:\/\/bizmoldova.com\/de\/"},{"@type":"ListItem","position":2,"name":"Transkription von Dokumenten. \u00dcbersetzung von Dokumenten"}]},{"@type":"WebSite","@id":"https:\/\/bizmoldova.com\/de\/#website","url":"https:\/\/bizmoldova.com\/de\/","name":"Dokumente Moldawien. Apostille, Legalisierung, Nostrifizierung, \u00dcbersetzungen","description":"Dokumente Moldawien. Apostille, Legalisierung, Nostrifizierung, \u00dcbersetzungen","potentialAction":[{"@type":"SearchAction","target":{"@type":"EntryPoint","urlTemplate":"https:\/\/bizmoldova.com\/de\/?s={search_term_string}"},"query-input":{"@type":"PropertyValueSpecification","valueRequired":true,"valueName":"search_term_string"}}],"inLanguage":"de"}]}},"_links":{"self":[{"href":"https:\/\/bizmoldova.com\/de\/wp-json\/wp\/v2\/pages\/41","targetHints":{"allow":["GET"]}}],"collection":[{"href":"https:\/\/bizmoldova.com\/de\/wp-json\/wp\/v2\/pages"}],"about":[{"href":"https:\/\/bizmoldova.com\/de\/wp-json\/wp\/v2\/types\/page"}],"author":[{"embeddable":true,"href":"https:\/\/bizmoldova.com\/de\/wp-json\/wp\/v2\/users\/1"}],"replies":[{"embeddable":true,"href":"https:\/\/bizmoldova.com\/de\/wp-json\/wp\/v2\/comments?post=41"}],"version-history":[{"count":1,"href":"https:\/\/bizmoldova.com\/de\/wp-json\/wp\/v2\/pages\/41\/revisions"}],"predecessor-version":[{"id":42,"href":"https:\/\/bizmoldova.com\/de\/wp-json\/wp\/v2\/pages\/41\/revisions\/42"}],"wp:attachment":[{"href":"https:\/\/bizmoldova.com\/de\/wp-json\/wp\/v2\/media?parent=41"}],"curies":[{"name":"wp","href":"https:\/\/api.w.org\/{rel}","templated":true}]}}