{"id":39,"date":"2024-09-29T17:04:12","date_gmt":"2024-09-29T17:04:12","guid":{"rendered":"https:\/\/bizmoldova.com\/de\/?page_id=39"},"modified":"2024-09-29T17:04:13","modified_gmt":"2024-09-29T17:04:13","slug":"rumaenische-staatsbuergerschaft","status":"publish","type":"page","link":"https:\/\/bizmoldova.com\/de\/rumaenische-staatsbuergerschaft\/","title":{"rendered":"Rum\u00e4nische Staatsb\u00fcrgerschaft"},"content":{"rendered":"<h2 class=\"wp-block-heading\">M\u00f6glichkeiten zur Erlangung der rum\u00e4nischen Staatsb\u00fcrgerschaft<\/h2>\n<p>Die rum\u00e4nische Staatsb\u00fcrgerschaft kann auf folgende Weise erworben werden:<\/p>\n<ul>\n<li>durch Geburt<\/li>\n<li>durch Adoption<\/li>\n<li>auf Antrag<\/li>\n<\/ul>\n<h3 class=\"wp-block-heading\">Erwerb der rum\u00e4nischen Staatsb\u00fcrgerschaft durch Geburt<\/h3>\n<p>Kinder, die auf dem Territorium Rum\u00e4niens von rum\u00e4nischen Staatsb\u00fcrgern geboren werden, sind Staatsb\u00fcrger Rum\u00e4niens.<\/p>\n<p>Staatsb\u00fcrger Rum\u00e4niens sind auch diejenigen, die:<\/p>\n<ul>\n<li>auf dem Territorium Rum\u00e4niens geboren wurden, auch wenn nur ein Elternteil rum\u00e4nischer Staatsb\u00fcrger ist;<\/li>\n<li>im Ausland geboren wurden und beide Elternteile oder einer von ihnen die rum\u00e4nische Staatsb\u00fcrgerschaft besitzen.<\/li>\n<\/ul>\n<p>Ein auf dem Territorium Rum\u00e4niens gefundenes Kind gilt als rum\u00e4nischer Staatsb\u00fcrger, wenn seine Eltern nicht bekannt sind.<\/p>\n<p>Die rum\u00e4nische Staatsb\u00fcrgerschaft wird einem Kind mit ausl\u00e4ndischer Staatsangeh\u00f6rigkeit oder einem Staatenlosen durch Adoption verliehen, wenn die Adoptiveltern rum\u00e4nische Staatsb\u00fcrger sind und das Adoptivkind das 18. Lebensjahr noch nicht erreicht hat.<\/p>\n<h3 class=\"wp-block-heading\">Erwerb der rum\u00e4nischen Staatsb\u00fcrgerschaft auf Antrag aus rechtlichen Gr\u00fcnden<\/h3>\n<p>Die rum\u00e4nische Staatsb\u00fcrgerschaft kann auf Antrag einer staatenlosen Person oder eines ausl\u00e4ndischen Staatsb\u00fcrgers gew\u00e4hrt werden, wenn die folgenden Bedingungen erf\u00fcllt sind:<\/p>\n<ul>\n<li>er\/sie wurde geboren und lebt zum Zeitpunkt der Antragstellung auf dem Territorium Rum\u00e4niens<\/li>\n<li>obwohl er\/sie nicht auf diesem Territorium geboren wurde, lebt er\/sie rechtlich seit mindestens 8 Jahren auf dem Territorium Rum\u00e4niens,<\/li>\n<li>im Falle einer Ehe und des Zusammenlebens mit einem rum\u00e4nischen Staatsb\u00fcrger, mindestens 5 Jahre seit der Eheschlie\u00dfung;<\/li>\n<li>er\/sie beweist sein\/ihr Verhalten, Handeln und Loyalit\u00e4t gegen\u00fcber dem Staat Rum\u00e4nien und erkl\u00e4rt, dass er\/sie keine gegen die \u00f6ffentliche Ordnung oder die nationale Sicherheit gerichteten Handlungen unternommen oder unterst\u00fctzt hat, und dass er\/sie in der Vergangenheit keine solchen Handlungen unternommen oder unterst\u00fctzt hat;<\/li>\n<li>er\/sie hat das 18. Lebensjahr vollendet;<\/li>\n<li>er\/sie verf\u00fcgt \u00fcber legale Einkommensquellen in Rum\u00e4nien gem\u00e4\u00df den Ausl\u00e4nderrechtsvorschriften;<\/li>\n<li>er\/sie hat sich gut benommen und wurde weder in Rum\u00e4nien noch im Ausland wegen einer Straftat verurteilt, die ihn\/sie unw\u00fcrdig macht, rum\u00e4nischer Staatsb\u00fcrger zu sein;<\/li>\n<li>er\/sie spricht Rum\u00e4nisch und hat grundlegende Kenntnisse \u00fcber die rum\u00e4nische Kultur und Zivilisation, die f\u00fcr die Integration ins gesellschaftliche Leben ausreichend sind;<\/li>\n<li>er\/sie kennt die Bestimmungen der rum\u00e4nischen Verfassung und die Nationalhymne.<\/li>\n<\/ul>\n<p>Die Genehmigung von Antr\u00e4gen auf Gew\u00e4hrung oder Wiederherstellung der rum\u00e4nischen Staatsb\u00fcrgerschaft erfolgt durch Beschluss der Regierung, die in dieser Hinsicht die Vorschl\u00e4ge des Justizministers bewertet.<\/p>\n<h3 class=\"wp-block-heading\">Antrag auf Gew\u00e4hrung der rum\u00e4nischen Staatsb\u00fcrgerschaft<\/h3>\n<p>Der Antrag wird pers\u00f6nlich oder in begr\u00fcndeten F\u00e4llen durch einen Vertreter mit einer speziellen und notariell beglaubigten Vollmacht (oder einer entsprechend ausgestellten Vollmacht, z.B. im Konsulat) eingereicht und muss von Dokumenten begleitet sein, die die Erf\u00fcllung der gesetzlichen Bedingungen f\u00fcr die Einreichung der Unterlagen und den Erwerb der rum\u00e4nischen Staatsb\u00fcrgerschaft best\u00e4tigen.<\/p>\n<p>Der Antrag auf Gew\u00e4hrung der rum\u00e4nischen Staatsb\u00fcrgerschaft wird der Kommission zur Feststellung der Voraussetzungen f\u00fcr die Staatsb\u00fcrgerschaft vorgelegt, die beim Ministerium f\u00fcr Justiz t\u00e4tig ist.<\/p>\n<p>Die Kommission sorgt auf Kosten des Antragstellers f\u00fcr die Ver\u00f6ffentlichung eines Auszugs aus dem Antrag auf Gew\u00e4hrung der rum\u00e4nischen Staatsb\u00fcrgerschaft im Amtsblatt Rum\u00e4niens.<\/p>\n<p>Die Pr\u00fcfung des Antrags durch die Kommission kann erst nach Ablauf von 30 Tagen ab dem Datum der Ver\u00f6ffentlichung erfolgen.<\/p>\n<p>Eine Person, die die rum\u00e4nische Staatsb\u00fcrgerschaft erh\u00e4lt und ihren Wohnsitz im Land hat, legt innerhalb von 6 Monaten dem Justizminister oder dem speziell zu diesem Zweck delegierten Staatssekret\u00e4r den Treueeid auf Rum\u00e4nien ab.<\/p>\n<p>Eine Person, die die rum\u00e4nische Staatsb\u00fcrgerschaft mit Wohnsitz im Ausland erh\u00e4lt, legt den Treueeid vor dem Leiter der diplomatischen Mission oder der konsularischen Vertretung Rum\u00e4niens im Wohnsitzland ab.<\/p>\n<h3 class=\"wp-block-heading\">Die rum\u00e4nische Staatsb\u00fcrgerschaft wird mit dem Datum des Ablegens des Treueeides auf den Staat Rum\u00e4nien erworben<\/h3>\n<p>Nach dem Ablegen des Eides stellt der Justizminister oder der Leiter der diplomatischen Mission oder der konsularischen Vertretung der Person, die die Staatsb\u00fcrgerschaft erhalten hat, ein Zertifikat mit dem Foto des Eigent\u00fcmers aus. Falls minderj\u00e4hrige Kinder zusammen mit den Eltern die Staatsb\u00fcrgerschaft erwerben, werden sie im Zertifikat vermerkt.<\/p>\n<p>Verlust der rum\u00e4nischen Staatsb\u00fcrgerschaft<\/p>\n<p>Die rum\u00e4nische Staatsb\u00fcrgerschaft geht in folgenden F\u00e4llen verloren:<\/p>\n<ul>\n<li>Widerruf der Staatsb\u00fcrgerschaft<\/li>\n<\/ul>\n<p>&#8222;`<\/p>\n<p>If you need further assistance, feel free to ask!<\/p>\n","protected":false},"excerpt":{"rendered":"<p>M\u00f6glichkeiten zur Erlangung der rum\u00e4nischen Staatsb\u00fcrgerschaft Die rum\u00e4nische Staatsb\u00fcrgerschaft kann auf folgende Weise erworben werden: durch Geburt durch Adoption auf Antrag Erwerb der rum\u00e4nischen Staatsb\u00fcrgerschaft durch Geburt Kinder, die auf dem Territorium Rum\u00e4niens von rum\u00e4nischen Staatsb\u00fcrgern geboren werden, sind Staatsb\u00fcrger Rum\u00e4niens. Staatsb\u00fcrger Rum\u00e4niens sind auch diejenigen, die: auf dem Territorium Rum\u00e4niens geboren wurden, auch wenn &#8230; <a title=\"Rum\u00e4nische Staatsb\u00fcrgerschaft\" class=\"read-more\" href=\"https:\/\/bizmoldova.com\/de\/rumaenische-staatsbuergerschaft\/\" aria-label=\"Mehr Informationen \u00fcber Rum\u00e4nische Staatsb\u00fcrgerschaft\">Weiterlesen &#8230;<\/a><\/p>\n","protected":false},"author":1,"featured_media":0,"parent":0,"menu_order":0,"comment_status":"closed","ping_status":"closed","template":"","meta":{"_acf_changed":false,"footnotes":""},"class_list":["post-39","page","type-page","status-publish"],"acf":[],"yoast_head":"<!-- This site is optimized with the Yoast SEO plugin v27.3 - https:\/\/yoast.com\/product\/yoast-seo-wordpress\/ -->\n<title>Rum\u00e4nische Staatsb\u00fcrgerschaft - Dokumente Moldawien. Apostille, Legalisierung, Nostrifizierung, \u00dcbersetzungen<\/title>\n<meta name=\"robots\" content=\"index, follow, max-snippet:-1, max-image-preview:large, max-video-preview:-1\" \/>\n<link rel=\"canonical\" href=\"https:\/\/bizmoldova.com\/de\/rumaenische-staatsbuergerschaft\/\" \/>\n<meta property=\"og:locale\" content=\"de_DE\" \/>\n<meta property=\"og:type\" content=\"article\" \/>\n<meta property=\"og:title\" content=\"Rum\u00e4nische Staatsb\u00fcrgerschaft - Dokumente Moldawien. Apostille, Legalisierung, Nostrifizierung, \u00dcbersetzungen\" \/>\n<meta property=\"og:description\" content=\"M\u00f6glichkeiten zur Erlangung der rum\u00e4nischen Staatsb\u00fcrgerschaft Die rum\u00e4nische Staatsb\u00fcrgerschaft kann auf folgende Weise erworben werden: durch Geburt durch Adoption auf Antrag Erwerb der rum\u00e4nischen Staatsb\u00fcrgerschaft durch Geburt Kinder, die auf dem Territorium Rum\u00e4niens von rum\u00e4nischen Staatsb\u00fcrgern geboren werden, sind Staatsb\u00fcrger Rum\u00e4niens. Staatsb\u00fcrger Rum\u00e4niens sind auch diejenigen, die: auf dem Territorium Rum\u00e4niens geboren wurden, auch wenn ... Weiterlesen ...\" \/>\n<meta property=\"og:url\" content=\"https:\/\/bizmoldova.com\/de\/rumaenische-staatsbuergerschaft\/\" \/>\n<meta property=\"og:site_name\" content=\"Dokumente Moldawien. Apostille, Legalisierung, Nostrifizierung, \u00dcbersetzungen\" \/>\n<meta property=\"article:modified_time\" content=\"2024-09-29T17:04:13+00:00\" \/>\n<meta name=\"twitter:card\" content=\"summary_large_image\" \/>\n<meta name=\"twitter:label1\" content=\"Gesch\u00e4tzte Lesezeit\" \/>\n\t<meta name=\"twitter:data1\" content=\"4\u00a0Minuten\" \/>\n<script type=\"application\/ld+json\" class=\"yoast-schema-graph\">{\"@context\":\"https:\\\/\\\/schema.org\",\"@graph\":[{\"@type\":\"WebPage\",\"@id\":\"https:\\\/\\\/bizmoldova.com\\\/de\\\/rumaenische-staatsbuergerschaft\\\/\",\"url\":\"https:\\\/\\\/bizmoldova.com\\\/de\\\/rumaenische-staatsbuergerschaft\\\/\",\"name\":\"Rum\u00e4nische Staatsb\u00fcrgerschaft - Dokumente Moldawien. Apostille, Legalisierung, Nostrifizierung, \u00dcbersetzungen\",\"isPartOf\":{\"@id\":\"https:\\\/\\\/bizmoldova.com\\\/de\\\/#website\"},\"datePublished\":\"2024-09-29T17:04:12+00:00\",\"dateModified\":\"2024-09-29T17:04:13+00:00\",\"breadcrumb\":{\"@id\":\"https:\\\/\\\/bizmoldova.com\\\/de\\\/rumaenische-staatsbuergerschaft\\\/#breadcrumb\"},\"inLanguage\":\"de\",\"potentialAction\":[{\"@type\":\"ReadAction\",\"target\":[\"https:\\\/\\\/bizmoldova.com\\\/de\\\/rumaenische-staatsbuergerschaft\\\/\"]}]},{\"@type\":\"BreadcrumbList\",\"@id\":\"https:\\\/\\\/bizmoldova.com\\\/de\\\/rumaenische-staatsbuergerschaft\\\/#breadcrumb\",\"itemListElement\":[{\"@type\":\"ListItem\",\"position\":1,\"name\":\"Home\",\"item\":\"https:\\\/\\\/bizmoldova.com\\\/de\\\/\"},{\"@type\":\"ListItem\",\"position\":2,\"name\":\"Rum\u00e4nische Staatsb\u00fcrgerschaft\"}]},{\"@type\":\"WebSite\",\"@id\":\"https:\\\/\\\/bizmoldova.com\\\/de\\\/#website\",\"url\":\"https:\\\/\\\/bizmoldova.com\\\/de\\\/\",\"name\":\"Dokumente Moldawien. Apostille, Legalisierung, Nostrifizierung, \u00dcbersetzungen\",\"description\":\"Dokumente Moldawien. Apostille, Legalisierung, Nostrifizierung, \u00dcbersetzungen\",\"potentialAction\":[{\"@type\":\"SearchAction\",\"target\":{\"@type\":\"EntryPoint\",\"urlTemplate\":\"https:\\\/\\\/bizmoldova.com\\\/de\\\/?s={search_term_string}\"},\"query-input\":{\"@type\":\"PropertyValueSpecification\",\"valueRequired\":true,\"valueName\":\"search_term_string\"}}],\"inLanguage\":\"de\"}]}<\/script>\n<!-- \/ Yoast SEO plugin. -->","yoast_head_json":{"title":"Rum\u00e4nische Staatsb\u00fcrgerschaft - Dokumente Moldawien. Apostille, Legalisierung, Nostrifizierung, \u00dcbersetzungen","robots":{"index":"index","follow":"follow","max-snippet":"max-snippet:-1","max-image-preview":"max-image-preview:large","max-video-preview":"max-video-preview:-1"},"canonical":"https:\/\/bizmoldova.com\/de\/rumaenische-staatsbuergerschaft\/","og_locale":"de_DE","og_type":"article","og_title":"Rum\u00e4nische Staatsb\u00fcrgerschaft - Dokumente Moldawien. Apostille, Legalisierung, Nostrifizierung, \u00dcbersetzungen","og_description":"M\u00f6glichkeiten zur Erlangung der rum\u00e4nischen Staatsb\u00fcrgerschaft Die rum\u00e4nische Staatsb\u00fcrgerschaft kann auf folgende Weise erworben werden: durch Geburt durch Adoption auf Antrag Erwerb der rum\u00e4nischen Staatsb\u00fcrgerschaft durch Geburt Kinder, die auf dem Territorium Rum\u00e4niens von rum\u00e4nischen Staatsb\u00fcrgern geboren werden, sind Staatsb\u00fcrger Rum\u00e4niens. Staatsb\u00fcrger Rum\u00e4niens sind auch diejenigen, die: auf dem Territorium Rum\u00e4niens geboren wurden, auch wenn ... Weiterlesen ...","og_url":"https:\/\/bizmoldova.com\/de\/rumaenische-staatsbuergerschaft\/","og_site_name":"Dokumente Moldawien. Apostille, Legalisierung, Nostrifizierung, \u00dcbersetzungen","article_modified_time":"2024-09-29T17:04:13+00:00","twitter_card":"summary_large_image","twitter_misc":{"Gesch\u00e4tzte Lesezeit":"4\u00a0Minuten"},"schema":{"@context":"https:\/\/schema.org","@graph":[{"@type":"WebPage","@id":"https:\/\/bizmoldova.com\/de\/rumaenische-staatsbuergerschaft\/","url":"https:\/\/bizmoldova.com\/de\/rumaenische-staatsbuergerschaft\/","name":"Rum\u00e4nische Staatsb\u00fcrgerschaft - Dokumente Moldawien. Apostille, Legalisierung, Nostrifizierung, \u00dcbersetzungen","isPartOf":{"@id":"https:\/\/bizmoldova.com\/de\/#website"},"datePublished":"2024-09-29T17:04:12+00:00","dateModified":"2024-09-29T17:04:13+00:00","breadcrumb":{"@id":"https:\/\/bizmoldova.com\/de\/rumaenische-staatsbuergerschaft\/#breadcrumb"},"inLanguage":"de","potentialAction":[{"@type":"ReadAction","target":["https:\/\/bizmoldova.com\/de\/rumaenische-staatsbuergerschaft\/"]}]},{"@type":"BreadcrumbList","@id":"https:\/\/bizmoldova.com\/de\/rumaenische-staatsbuergerschaft\/#breadcrumb","itemListElement":[{"@type":"ListItem","position":1,"name":"Home","item":"https:\/\/bizmoldova.com\/de\/"},{"@type":"ListItem","position":2,"name":"Rum\u00e4nische Staatsb\u00fcrgerschaft"}]},{"@type":"WebSite","@id":"https:\/\/bizmoldova.com\/de\/#website","url":"https:\/\/bizmoldova.com\/de\/","name":"Dokumente Moldawien. Apostille, Legalisierung, Nostrifizierung, \u00dcbersetzungen","description":"Dokumente Moldawien. Apostille, Legalisierung, Nostrifizierung, \u00dcbersetzungen","potentialAction":[{"@type":"SearchAction","target":{"@type":"EntryPoint","urlTemplate":"https:\/\/bizmoldova.com\/de\/?s={search_term_string}"},"query-input":{"@type":"PropertyValueSpecification","valueRequired":true,"valueName":"search_term_string"}}],"inLanguage":"de"}]}},"_links":{"self":[{"href":"https:\/\/bizmoldova.com\/de\/wp-json\/wp\/v2\/pages\/39","targetHints":{"allow":["GET"]}}],"collection":[{"href":"https:\/\/bizmoldova.com\/de\/wp-json\/wp\/v2\/pages"}],"about":[{"href":"https:\/\/bizmoldova.com\/de\/wp-json\/wp\/v2\/types\/page"}],"author":[{"embeddable":true,"href":"https:\/\/bizmoldova.com\/de\/wp-json\/wp\/v2\/users\/1"}],"replies":[{"embeddable":true,"href":"https:\/\/bizmoldova.com\/de\/wp-json\/wp\/v2\/comments?post=39"}],"version-history":[{"count":1,"href":"https:\/\/bizmoldova.com\/de\/wp-json\/wp\/v2\/pages\/39\/revisions"}],"predecessor-version":[{"id":40,"href":"https:\/\/bizmoldova.com\/de\/wp-json\/wp\/v2\/pages\/39\/revisions\/40"}],"wp:attachment":[{"href":"https:\/\/bizmoldova.com\/de\/wp-json\/wp\/v2\/media?parent=39"}],"curies":[{"name":"wp","href":"https:\/\/api.w.org\/{rel}","templated":true}]}}