{"id":37,"date":"2024-09-29T16:54:21","date_gmt":"2024-09-29T16:54:21","guid":{"rendered":"https:\/\/bizmoldova.com\/de\/?page_id=37"},"modified":"2024-09-29T16:55:41","modified_gmt":"2024-09-29T16:55:41","slug":"wie-man-eine-srl-sarl-in-moldawien-schliess","status":"publish","type":"page","link":"https:\/\/bizmoldova.com\/de\/wie-man-eine-srl-sarl-in-moldawien-schliess\/","title":{"rendered":"Wie man eine SRL (SARL) in Moldawien schlie\u00df"},"content":{"rendered":"<p>Wenn Ihre SRL nicht erfolgreich war oder Ihre Partner versagt haben, wenn die von Ihnen gew\u00e4hlte T\u00e4tigkeit keinen Gewinn bringt. Wenn die Firma Verluste gemacht hat und geschlossen werden muss &#8230;<\/p>\n<p>Es gibt viele Gr\u00fcnde f\u00fcr die Liquidation eines Unternehmens.<\/p>\n<p>Wir helfen Ihnen, die optimale L\u00f6sung im rechtlichen Rahmen zu finden. Denken Sie daran, dass nur spezialisierte Anw\u00e4lte mit umfangreicher Erfahrung bei der L\u00f6sung solcher Fragen helfen k\u00f6nnen.<\/p>\n<p>Kontaktieren Sie uns, wenn Sie Ihr Unternehmen (SRL) schlie\u00dfen m\u00fcssen.<\/p>\n","protected":false},"excerpt":{"rendered":"<p>Wenn Ihre SRL nicht erfolgreich war oder Ihre Partner versagt haben, wenn die von Ihnen gew\u00e4hlte T\u00e4tigkeit keinen Gewinn bringt. Wenn die Firma Verluste gemacht hat und geschlossen werden muss &#8230; Es gibt viele Gr\u00fcnde f\u00fcr die Liquidation eines Unternehmens. Wir helfen Ihnen, die optimale L\u00f6sung im rechtlichen Rahmen zu finden. Denken Sie daran, dass &#8230; <a title=\"Wie man eine SRL (SARL) in Moldawien schlie\u00df\" class=\"read-more\" href=\"https:\/\/bizmoldova.com\/de\/wie-man-eine-srl-sarl-in-moldawien-schliess\/\" aria-label=\"Mehr Informationen \u00fcber Wie man eine SRL (SARL) in Moldawien schlie\u00df\">Weiterlesen &#8230;<\/a><\/p>\n","protected":false},"author":1,"featured_media":0,"parent":0,"menu_order":0,"comment_status":"closed","ping_status":"closed","template":"","meta":{"_acf_changed":false,"footnotes":""},"class_list":["post-37","page","type-page","status-publish"],"acf":[],"yoast_head":"<!-- This site is optimized with the Yoast SEO plugin v27.4 - https:\/\/yoast.com\/product\/yoast-seo-wordpress\/ -->\n<title>Wie man eine SRL (SARL) in Moldawien schlie\u00df - Dokumente Moldawien. Apostille, Legalisierung, Nostrifizierung, \u00dcbersetzungen<\/title>\n<meta name=\"robots\" content=\"index, follow, max-snippet:-1, max-image-preview:large, max-video-preview:-1\" \/>\n<link rel=\"canonical\" href=\"https:\/\/bizmoldova.com\/de\/wie-man-eine-srl-sarl-in-moldawien-schliess\/\" \/>\n<meta property=\"og:locale\" content=\"de_DE\" \/>\n<meta property=\"og:type\" content=\"article\" \/>\n<meta property=\"og:title\" content=\"Wie man eine SRL (SARL) in Moldawien schlie\u00df - Dokumente Moldawien. Apostille, Legalisierung, Nostrifizierung, \u00dcbersetzungen\" \/>\n<meta property=\"og:description\" content=\"Wenn Ihre SRL nicht erfolgreich war oder Ihre Partner versagt haben, wenn die von Ihnen gew\u00e4hlte T\u00e4tigkeit keinen Gewinn bringt. Wenn die Firma Verluste gemacht hat und geschlossen werden muss &#8230; Es gibt viele Gr\u00fcnde f\u00fcr die Liquidation eines Unternehmens. Wir helfen Ihnen, die optimale L\u00f6sung im rechtlichen Rahmen zu finden. Denken Sie daran, dass ... Weiterlesen ...\" \/>\n<meta property=\"og:url\" content=\"https:\/\/bizmoldova.com\/de\/wie-man-eine-srl-sarl-in-moldawien-schliess\/\" \/>\n<meta property=\"og:site_name\" content=\"Dokumente Moldawien. Apostille, Legalisierung, Nostrifizierung, \u00dcbersetzungen\" \/>\n<meta property=\"article:modified_time\" content=\"2024-09-29T16:55:41+00:00\" \/>\n<meta name=\"twitter:card\" content=\"summary_large_image\" \/>\n<meta name=\"twitter:label1\" content=\"Gesch\u00e4tzte Lesezeit\" \/>\n\t<meta name=\"twitter:data1\" content=\"1\u00a0Minute\" \/>\n<script type=\"application\/ld+json\" class=\"yoast-schema-graph\">{\"@context\":\"https:\\\/\\\/schema.org\",\"@graph\":[{\"@type\":\"WebPage\",\"@id\":\"https:\\\/\\\/bizmoldova.com\\\/de\\\/wie-man-eine-srl-sarl-in-moldawien-schliess\\\/\",\"url\":\"https:\\\/\\\/bizmoldova.com\\\/de\\\/wie-man-eine-srl-sarl-in-moldawien-schliess\\\/\",\"name\":\"Wie man eine SRL (SARL) in Moldawien schlie\u00df - Dokumente Moldawien. Apostille, Legalisierung, Nostrifizierung, \u00dcbersetzungen\",\"isPartOf\":{\"@id\":\"https:\\\/\\\/bizmoldova.com\\\/de\\\/#website\"},\"datePublished\":\"2024-09-29T16:54:21+00:00\",\"dateModified\":\"2024-09-29T16:55:41+00:00\",\"breadcrumb\":{\"@id\":\"https:\\\/\\\/bizmoldova.com\\\/de\\\/wie-man-eine-srl-sarl-in-moldawien-schliess\\\/#breadcrumb\"},\"inLanguage\":\"de\",\"potentialAction\":[{\"@type\":\"ReadAction\",\"target\":[\"https:\\\/\\\/bizmoldova.com\\\/de\\\/wie-man-eine-srl-sarl-in-moldawien-schliess\\\/\"]}]},{\"@type\":\"BreadcrumbList\",\"@id\":\"https:\\\/\\\/bizmoldova.com\\\/de\\\/wie-man-eine-srl-sarl-in-moldawien-schliess\\\/#breadcrumb\",\"itemListElement\":[{\"@type\":\"ListItem\",\"position\":1,\"name\":\"Home\",\"item\":\"https:\\\/\\\/bizmoldova.com\\\/de\\\/\"},{\"@type\":\"ListItem\",\"position\":2,\"name\":\"Wie man eine SRL (SARL) in Moldawien schlie\u00df\"}]},{\"@type\":\"WebSite\",\"@id\":\"https:\\\/\\\/bizmoldova.com\\\/de\\\/#website\",\"url\":\"https:\\\/\\\/bizmoldova.com\\\/de\\\/\",\"name\":\"Dokumente Moldawien. Apostille, Legalisierung, Nostrifizierung, \u00dcbersetzungen\",\"description\":\"Dokumente Moldawien. Apostille, Legalisierung, Nostrifizierung, \u00dcbersetzungen\",\"potentialAction\":[{\"@type\":\"SearchAction\",\"target\":{\"@type\":\"EntryPoint\",\"urlTemplate\":\"https:\\\/\\\/bizmoldova.com\\\/de\\\/?s={search_term_string}\"},\"query-input\":{\"@type\":\"PropertyValueSpecification\",\"valueRequired\":true,\"valueName\":\"search_term_string\"}}],\"inLanguage\":\"de\"}]}<\/script>\n<!-- \/ Yoast SEO plugin. -->","yoast_head_json":{"title":"Wie man eine SRL (SARL) in Moldawien schlie\u00df - Dokumente Moldawien. Apostille, Legalisierung, Nostrifizierung, \u00dcbersetzungen","robots":{"index":"index","follow":"follow","max-snippet":"max-snippet:-1","max-image-preview":"max-image-preview:large","max-video-preview":"max-video-preview:-1"},"canonical":"https:\/\/bizmoldova.com\/de\/wie-man-eine-srl-sarl-in-moldawien-schliess\/","og_locale":"de_DE","og_type":"article","og_title":"Wie man eine SRL (SARL) in Moldawien schlie\u00df - Dokumente Moldawien. Apostille, Legalisierung, Nostrifizierung, \u00dcbersetzungen","og_description":"Wenn Ihre SRL nicht erfolgreich war oder Ihre Partner versagt haben, wenn die von Ihnen gew\u00e4hlte T\u00e4tigkeit keinen Gewinn bringt. Wenn die Firma Verluste gemacht hat und geschlossen werden muss &#8230; Es gibt viele Gr\u00fcnde f\u00fcr die Liquidation eines Unternehmens. Wir helfen Ihnen, die optimale L\u00f6sung im rechtlichen Rahmen zu finden. Denken Sie daran, dass ... Weiterlesen ...","og_url":"https:\/\/bizmoldova.com\/de\/wie-man-eine-srl-sarl-in-moldawien-schliess\/","og_site_name":"Dokumente Moldawien. Apostille, Legalisierung, Nostrifizierung, \u00dcbersetzungen","article_modified_time":"2024-09-29T16:55:41+00:00","twitter_card":"summary_large_image","twitter_misc":{"Gesch\u00e4tzte Lesezeit":"1\u00a0Minute"},"schema":{"@context":"https:\/\/schema.org","@graph":[{"@type":"WebPage","@id":"https:\/\/bizmoldova.com\/de\/wie-man-eine-srl-sarl-in-moldawien-schliess\/","url":"https:\/\/bizmoldova.com\/de\/wie-man-eine-srl-sarl-in-moldawien-schliess\/","name":"Wie man eine SRL (SARL) in Moldawien schlie\u00df - Dokumente Moldawien. Apostille, Legalisierung, Nostrifizierung, \u00dcbersetzungen","isPartOf":{"@id":"https:\/\/bizmoldova.com\/de\/#website"},"datePublished":"2024-09-29T16:54:21+00:00","dateModified":"2024-09-29T16:55:41+00:00","breadcrumb":{"@id":"https:\/\/bizmoldova.com\/de\/wie-man-eine-srl-sarl-in-moldawien-schliess\/#breadcrumb"},"inLanguage":"de","potentialAction":[{"@type":"ReadAction","target":["https:\/\/bizmoldova.com\/de\/wie-man-eine-srl-sarl-in-moldawien-schliess\/"]}]},{"@type":"BreadcrumbList","@id":"https:\/\/bizmoldova.com\/de\/wie-man-eine-srl-sarl-in-moldawien-schliess\/#breadcrumb","itemListElement":[{"@type":"ListItem","position":1,"name":"Home","item":"https:\/\/bizmoldova.com\/de\/"},{"@type":"ListItem","position":2,"name":"Wie man eine SRL (SARL) in Moldawien schlie\u00df"}]},{"@type":"WebSite","@id":"https:\/\/bizmoldova.com\/de\/#website","url":"https:\/\/bizmoldova.com\/de\/","name":"Dokumente Moldawien. Apostille, Legalisierung, Nostrifizierung, \u00dcbersetzungen","description":"Dokumente Moldawien. Apostille, Legalisierung, Nostrifizierung, \u00dcbersetzungen","potentialAction":[{"@type":"SearchAction","target":{"@type":"EntryPoint","urlTemplate":"https:\/\/bizmoldova.com\/de\/?s={search_term_string}"},"query-input":{"@type":"PropertyValueSpecification","valueRequired":true,"valueName":"search_term_string"}}],"inLanguage":"de"}]}},"_links":{"self":[{"href":"https:\/\/bizmoldova.com\/de\/wp-json\/wp\/v2\/pages\/37","targetHints":{"allow":["GET"]}}],"collection":[{"href":"https:\/\/bizmoldova.com\/de\/wp-json\/wp\/v2\/pages"}],"about":[{"href":"https:\/\/bizmoldova.com\/de\/wp-json\/wp\/v2\/types\/page"}],"author":[{"embeddable":true,"href":"https:\/\/bizmoldova.com\/de\/wp-json\/wp\/v2\/users\/1"}],"replies":[{"embeddable":true,"href":"https:\/\/bizmoldova.com\/de\/wp-json\/wp\/v2\/comments?post=37"}],"version-history":[{"count":1,"href":"https:\/\/bizmoldova.com\/de\/wp-json\/wp\/v2\/pages\/37\/revisions"}],"predecessor-version":[{"id":38,"href":"https:\/\/bizmoldova.com\/de\/wp-json\/wp\/v2\/pages\/37\/revisions\/38"}],"wp:attachment":[{"href":"https:\/\/bizmoldova.com\/de\/wp-json\/wp\/v2\/media?parent=37"}],"curies":[{"name":"wp","href":"https:\/\/api.w.org\/{rel}","templated":true}]}}