{"id":35,"date":"2024-09-29T16:45:25","date_gmt":"2024-09-29T16:45:25","guid":{"rendered":"https:\/\/bizmoldova.com\/de\/?page_id=35"},"modified":"2024-09-29T16:45:26","modified_gmt":"2024-09-29T16:45:26","slug":"apostille-in-moldawien-chisinau","status":"publish","type":"page","link":"https:\/\/bizmoldova.com\/de\/apostille-in-moldawien-chisinau\/","title":{"rendered":"Apostille in Moldawien, Chi\u0219in\u0103u"},"content":{"rendered":"<p>Die Republik Moldawien geh\u00f6rt zu den L\u00e4ndern, die auf die konsularische Legalisierung von Dokumenten verzichtet haben.<br \/>\nDie Apostille in Moldawien wird seit dem 16. M\u00e4rz 2007 verwendet, jedoch trat Moldawien bereits fr\u00fcher dem Haager \u00dcbereinkommen bei.<\/p>\n<p>Das einzige Land &#8211; Deutschland hat sich gegen den Beitritt der Republik Moldawien zum Haager \u00dcbereinkommen \u00fcber die Apostille ausgesprochen.<br \/>\nAktuell ist zur Anerkennung moldauischer Dokumente in Deutschland eine konsularische Legalisierung f\u00fcr Dokumente aus beiden L\u00e4ndern erforderlich.<\/p>\n<h2><span style=\"line-height: 1.714285714; font-size: 1rem;\">Moldawische Beh\u00f6rden und Apostille<\/span><\/h2>\n<p>Die Apostille in der Republik Moldawien kann auf neueren Dokumenten (d.h. auf solchen, die in der Republik Moldawien, aber nicht in der Moldauischen SSR ausgestellt wurden) angebracht werden.<\/p>\n<p>Das Justizministerium bringt die Apostille auf folgenden Dokumenten an: Geburtsurkunde, Heiratsurkunde, Scheidungsurkunde.<\/p>\n<p>Die Apostille kann sowohl auf Dokumente des Zivilstands als auch auf Dokumente von juristischen Personen der Republik Moldawien gesetzt werden.<\/p>\n<p><strong>G\u00fcltigkeitsdauer der Apostille<\/strong><\/p>\n<p>Oft fragen unsere Kunden, wie lange die Apostille g\u00fcltig ist. Die Apostille selbst hat keine G\u00fcltigkeitsdauer.<br \/>\nEs kommt jedoch auf das Dokument an, auf dem die Apostille angebracht ist.<br \/>\nBitte beachten Sie die G\u00fcltigkeitsdauer auf den Dokumenten selbst. In der Regel orientieren sich alle Beh\u00f6rden an der auf dem Dokument angegebenen G\u00fcltigkeitsdauer.<br \/>\nBeispielsweise wird auf dem Strafregisterauszug aus Moldawien eine G\u00fcltigkeitsdauer von 3 Monaten angegeben.<\/p>\n<p>Manchmal wird die G\u00fcltigkeitsdauer f\u00fcr Dokumente von den empfangenden Beh\u00f6rden festgelegt.<br \/>\nEin Beispiel ist der Fall des Zivilstandszeugnisses.<\/p>\n<p>Bitte beachten Sie, dass die auf dem Dokument angebrachte Apostille die gleiche G\u00fcltigkeitsdauer wie das Dokument hat.<\/p>\n","protected":false},"excerpt":{"rendered":"<p>Die Republik Moldawien geh\u00f6rt zu den L\u00e4ndern, die auf die konsularische Legalisierung von Dokumenten verzichtet haben. Die Apostille in Moldawien wird seit dem 16. M\u00e4rz 2007 verwendet, jedoch trat Moldawien bereits fr\u00fcher dem Haager \u00dcbereinkommen bei. Das einzige Land &#8211; Deutschland hat sich gegen den Beitritt der Republik Moldawien zum Haager \u00dcbereinkommen \u00fcber die Apostille &#8230; <a title=\"Apostille in Moldawien, Chi\u0219in\u0103u\" class=\"read-more\" href=\"https:\/\/bizmoldova.com\/de\/apostille-in-moldawien-chisinau\/\" aria-label=\"Mehr Informationen \u00fcber Apostille in Moldawien, Chi\u0219in\u0103u\">Weiterlesen &#8230;<\/a><\/p>\n","protected":false},"author":1,"featured_media":0,"parent":0,"menu_order":0,"comment_status":"closed","ping_status":"closed","template":"","meta":{"_acf_changed":false,"footnotes":""},"class_list":["post-35","page","type-page","status-publish"],"acf":[],"yoast_head":"<!-- This site is optimized with the Yoast SEO plugin v27.3 - https:\/\/yoast.com\/product\/yoast-seo-wordpress\/ -->\n<title>Apostille in Moldawien, Chi\u0219in\u0103u - Dokumente Moldawien. Apostille, Legalisierung, Nostrifizierung, \u00dcbersetzungen<\/title>\n<meta name=\"robots\" content=\"index, follow, max-snippet:-1, max-image-preview:large, max-video-preview:-1\" \/>\n<link rel=\"canonical\" href=\"https:\/\/bizmoldova.com\/de\/apostille-in-moldawien-chisinau\/\" \/>\n<meta property=\"og:locale\" content=\"de_DE\" \/>\n<meta property=\"og:type\" content=\"article\" \/>\n<meta property=\"og:title\" content=\"Apostille in Moldawien, Chi\u0219in\u0103u - Dokumente Moldawien. Apostille, Legalisierung, Nostrifizierung, \u00dcbersetzungen\" \/>\n<meta property=\"og:description\" content=\"Die Republik Moldawien geh\u00f6rt zu den L\u00e4ndern, die auf die konsularische Legalisierung von Dokumenten verzichtet haben. Die Apostille in Moldawien wird seit dem 16. M\u00e4rz 2007 verwendet, jedoch trat Moldawien bereits fr\u00fcher dem Haager \u00dcbereinkommen bei. Das einzige Land &#8211; Deutschland hat sich gegen den Beitritt der Republik Moldawien zum Haager \u00dcbereinkommen \u00fcber die Apostille ... Weiterlesen ...\" \/>\n<meta property=\"og:url\" content=\"https:\/\/bizmoldova.com\/de\/apostille-in-moldawien-chisinau\/\" \/>\n<meta property=\"og:site_name\" content=\"Dokumente Moldawien. Apostille, Legalisierung, Nostrifizierung, \u00dcbersetzungen\" \/>\n<meta property=\"article:modified_time\" content=\"2024-09-29T16:45:26+00:00\" \/>\n<meta name=\"twitter:card\" content=\"summary_large_image\" \/>\n<meta name=\"twitter:label1\" content=\"Gesch\u00e4tzte Lesezeit\" \/>\n\t<meta name=\"twitter:data1\" content=\"2\u00a0Minuten\" \/>\n<script type=\"application\/ld+json\" class=\"yoast-schema-graph\">{\"@context\":\"https:\\\/\\\/schema.org\",\"@graph\":[{\"@type\":\"WebPage\",\"@id\":\"https:\\\/\\\/bizmoldova.com\\\/de\\\/apostille-in-moldawien-chisinau\\\/\",\"url\":\"https:\\\/\\\/bizmoldova.com\\\/de\\\/apostille-in-moldawien-chisinau\\\/\",\"name\":\"Apostille in Moldawien, Chi\u0219in\u0103u - Dokumente Moldawien. Apostille, Legalisierung, Nostrifizierung, \u00dcbersetzungen\",\"isPartOf\":{\"@id\":\"https:\\\/\\\/bizmoldova.com\\\/de\\\/#website\"},\"datePublished\":\"2024-09-29T16:45:25+00:00\",\"dateModified\":\"2024-09-29T16:45:26+00:00\",\"breadcrumb\":{\"@id\":\"https:\\\/\\\/bizmoldova.com\\\/de\\\/apostille-in-moldawien-chisinau\\\/#breadcrumb\"},\"inLanguage\":\"de\",\"potentialAction\":[{\"@type\":\"ReadAction\",\"target\":[\"https:\\\/\\\/bizmoldova.com\\\/de\\\/apostille-in-moldawien-chisinau\\\/\"]}]},{\"@type\":\"BreadcrumbList\",\"@id\":\"https:\\\/\\\/bizmoldova.com\\\/de\\\/apostille-in-moldawien-chisinau\\\/#breadcrumb\",\"itemListElement\":[{\"@type\":\"ListItem\",\"position\":1,\"name\":\"Home\",\"item\":\"https:\\\/\\\/bizmoldova.com\\\/de\\\/\"},{\"@type\":\"ListItem\",\"position\":2,\"name\":\"Apostille in Moldawien, Chi\u0219in\u0103u\"}]},{\"@type\":\"WebSite\",\"@id\":\"https:\\\/\\\/bizmoldova.com\\\/de\\\/#website\",\"url\":\"https:\\\/\\\/bizmoldova.com\\\/de\\\/\",\"name\":\"Dokumente Moldawien. Apostille, Legalisierung, Nostrifizierung, \u00dcbersetzungen\",\"description\":\"Dokumente Moldawien. Apostille, Legalisierung, Nostrifizierung, \u00dcbersetzungen\",\"potentialAction\":[{\"@type\":\"SearchAction\",\"target\":{\"@type\":\"EntryPoint\",\"urlTemplate\":\"https:\\\/\\\/bizmoldova.com\\\/de\\\/?s={search_term_string}\"},\"query-input\":{\"@type\":\"PropertyValueSpecification\",\"valueRequired\":true,\"valueName\":\"search_term_string\"}}],\"inLanguage\":\"de\"}]}<\/script>\n<!-- \/ Yoast SEO plugin. -->","yoast_head_json":{"title":"Apostille in Moldawien, Chi\u0219in\u0103u - Dokumente Moldawien. Apostille, Legalisierung, Nostrifizierung, \u00dcbersetzungen","robots":{"index":"index","follow":"follow","max-snippet":"max-snippet:-1","max-image-preview":"max-image-preview:large","max-video-preview":"max-video-preview:-1"},"canonical":"https:\/\/bizmoldova.com\/de\/apostille-in-moldawien-chisinau\/","og_locale":"de_DE","og_type":"article","og_title":"Apostille in Moldawien, Chi\u0219in\u0103u - Dokumente Moldawien. Apostille, Legalisierung, Nostrifizierung, \u00dcbersetzungen","og_description":"Die Republik Moldawien geh\u00f6rt zu den L\u00e4ndern, die auf die konsularische Legalisierung von Dokumenten verzichtet haben. Die Apostille in Moldawien wird seit dem 16. M\u00e4rz 2007 verwendet, jedoch trat Moldawien bereits fr\u00fcher dem Haager \u00dcbereinkommen bei. Das einzige Land &#8211; Deutschland hat sich gegen den Beitritt der Republik Moldawien zum Haager \u00dcbereinkommen \u00fcber die Apostille ... Weiterlesen ...","og_url":"https:\/\/bizmoldova.com\/de\/apostille-in-moldawien-chisinau\/","og_site_name":"Dokumente Moldawien. Apostille, Legalisierung, Nostrifizierung, \u00dcbersetzungen","article_modified_time":"2024-09-29T16:45:26+00:00","twitter_card":"summary_large_image","twitter_misc":{"Gesch\u00e4tzte Lesezeit":"2\u00a0Minuten"},"schema":{"@context":"https:\/\/schema.org","@graph":[{"@type":"WebPage","@id":"https:\/\/bizmoldova.com\/de\/apostille-in-moldawien-chisinau\/","url":"https:\/\/bizmoldova.com\/de\/apostille-in-moldawien-chisinau\/","name":"Apostille in Moldawien, Chi\u0219in\u0103u - Dokumente Moldawien. Apostille, Legalisierung, Nostrifizierung, \u00dcbersetzungen","isPartOf":{"@id":"https:\/\/bizmoldova.com\/de\/#website"},"datePublished":"2024-09-29T16:45:25+00:00","dateModified":"2024-09-29T16:45:26+00:00","breadcrumb":{"@id":"https:\/\/bizmoldova.com\/de\/apostille-in-moldawien-chisinau\/#breadcrumb"},"inLanguage":"de","potentialAction":[{"@type":"ReadAction","target":["https:\/\/bizmoldova.com\/de\/apostille-in-moldawien-chisinau\/"]}]},{"@type":"BreadcrumbList","@id":"https:\/\/bizmoldova.com\/de\/apostille-in-moldawien-chisinau\/#breadcrumb","itemListElement":[{"@type":"ListItem","position":1,"name":"Home","item":"https:\/\/bizmoldova.com\/de\/"},{"@type":"ListItem","position":2,"name":"Apostille in Moldawien, Chi\u0219in\u0103u"}]},{"@type":"WebSite","@id":"https:\/\/bizmoldova.com\/de\/#website","url":"https:\/\/bizmoldova.com\/de\/","name":"Dokumente Moldawien. Apostille, Legalisierung, Nostrifizierung, \u00dcbersetzungen","description":"Dokumente Moldawien. Apostille, Legalisierung, Nostrifizierung, \u00dcbersetzungen","potentialAction":[{"@type":"SearchAction","target":{"@type":"EntryPoint","urlTemplate":"https:\/\/bizmoldova.com\/de\/?s={search_term_string}"},"query-input":{"@type":"PropertyValueSpecification","valueRequired":true,"valueName":"search_term_string"}}],"inLanguage":"de"}]}},"_links":{"self":[{"href":"https:\/\/bizmoldova.com\/de\/wp-json\/wp\/v2\/pages\/35","targetHints":{"allow":["GET"]}}],"collection":[{"href":"https:\/\/bizmoldova.com\/de\/wp-json\/wp\/v2\/pages"}],"about":[{"href":"https:\/\/bizmoldova.com\/de\/wp-json\/wp\/v2\/types\/page"}],"author":[{"embeddable":true,"href":"https:\/\/bizmoldova.com\/de\/wp-json\/wp\/v2\/users\/1"}],"replies":[{"embeddable":true,"href":"https:\/\/bizmoldova.com\/de\/wp-json\/wp\/v2\/comments?post=35"}],"version-history":[{"count":1,"href":"https:\/\/bizmoldova.com\/de\/wp-json\/wp\/v2\/pages\/35\/revisions"}],"predecessor-version":[{"id":36,"href":"https:\/\/bizmoldova.com\/de\/wp-json\/wp\/v2\/pages\/35\/revisions\/36"}],"wp:attachment":[{"href":"https:\/\/bizmoldova.com\/de\/wp-json\/wp\/v2\/media?parent=35"}],"curies":[{"name":"wp","href":"https:\/\/api.w.org\/{rel}","templated":true}]}}