{"id":31,"date":"2024-09-29T16:25:45","date_gmt":"2024-09-29T16:25:45","guid":{"rendered":"https:\/\/bizmoldova.com\/de\/?page_id=31"},"modified":"2024-09-29T16:25:45","modified_gmt":"2024-09-29T16:25:45","slug":"registrierung-einer-oeffentlichen-organisation-in-der-republik-moldau","status":"publish","type":"page","link":"https:\/\/bizmoldova.com\/de\/registrierung-einer-oeffentlichen-organisation-in-der-republik-moldau\/","title":{"rendered":"Registrierung einer \u00f6ffentlichen Organisation in der Republik Moldau"},"content":{"rendered":"\n<p>Unsere Firma besch\u00e4ftigt sich seit 19 Jahren mit der Registrierung \u00f6ffentlicher Organisationen in der Republik Moldau.<\/p>\n\n\n\n<p>Was wir f\u00fcr die Registrierung \u00f6ffentlicher Organisationen anbieten:<\/p>\n\n\n\n<ul class=\"wp-block-list\">\n    \n    <li>Beratung (welche Dokumente f\u00fcr die Registrierung einer \u00f6ffentlichen Organisation erforderlich sind, welche Anforderungen, Fristen und Bedingungen gelten)<\/li>\n    \n\n    \n    <li>Vorbereitung der Satzung<\/li>\n    \n\n    \n    <li>\u00c4nderungen an der Satzung vornehmen<\/li>\n    \n\n    \n    <li>Vorbereitung von Protokollen der Versammlungen<\/li>\n    \n\n    \n    <li>Vertretung gegen\u00fcber den staatlichen Beh\u00f6rden der Moldau zur Registrierung der \u00f6ffentlichen Organisation, Einreichung von Antr\u00e4gen und Berichten<\/li>\n    \n<\/ul>\n\n\n\n<p>Zu unseren Kunden geh\u00f6ren KOMBAT (\u041aOM\u0411AT) \u2014 ein Kampfsportverein (mit einem Weltmeister aus Moldau), die Gesellschaft der Hundefreunde und viele andere Organisationen.<\/p>\n\n\n\n<p><strong>Sie k\u00f6nnen uns telefonisch in Moldau kontaktieren: +373 67 666 333 (Viber, WhatsApp, Telegram).<\/strong><\/p>\n\n\n\n<p><strong>oder per E-Mail: apostille.document@gmail.com<\/strong><\/p>\n","protected":false},"excerpt":{"rendered":"<p>Unsere Firma besch\u00e4ftigt sich seit 19 Jahren mit der Registrierung \u00f6ffentlicher Organisationen in der Republik Moldau. Was wir f\u00fcr die Registrierung \u00f6ffentlicher Organisationen anbieten: Zu unseren Kunden geh\u00f6ren KOMBAT (\u041aOM\u0411AT) \u2014 ein Kampfsportverein (mit einem Weltmeister aus Moldau), die Gesellschaft der Hundefreunde und viele andere Organisationen. Sie k\u00f6nnen uns telefonisch in Moldau kontaktieren: +373 67 &#8230; <a title=\"Registrierung einer \u00f6ffentlichen Organisation in der Republik Moldau\" class=\"read-more\" href=\"https:\/\/bizmoldova.com\/de\/registrierung-einer-oeffentlichen-organisation-in-der-republik-moldau\/\" aria-label=\"Mehr Informationen \u00fcber Registrierung einer \u00f6ffentlichen Organisation in der Republik Moldau\">Weiterlesen &#8230;<\/a><\/p>\n","protected":false},"author":1,"featured_media":0,"parent":0,"menu_order":0,"comment_status":"closed","ping_status":"closed","template":"","meta":{"_acf_changed":false,"footnotes":""},"class_list":["post-31","page","type-page","status-publish"],"acf":[],"yoast_head":"<!-- This site is optimized with the Yoast SEO plugin v27.3 - https:\/\/yoast.com\/product\/yoast-seo-wordpress\/ -->\n<title>Registrierung einer \u00f6ffentlichen Organisation in der Republik Moldau - Dokumente Moldawien. Apostille, Legalisierung, Nostrifizierung, \u00dcbersetzungen<\/title>\n<meta name=\"robots\" content=\"index, follow, max-snippet:-1, max-image-preview:large, max-video-preview:-1\" \/>\n<link rel=\"canonical\" href=\"https:\/\/bizmoldova.com\/de\/registrierung-einer-oeffentlichen-organisation-in-der-republik-moldau\/\" \/>\n<meta property=\"og:locale\" content=\"de_DE\" \/>\n<meta property=\"og:type\" content=\"article\" \/>\n<meta property=\"og:title\" content=\"Registrierung einer \u00f6ffentlichen Organisation in der Republik Moldau - Dokumente Moldawien. Apostille, Legalisierung, Nostrifizierung, \u00dcbersetzungen\" \/>\n<meta property=\"og:description\" content=\"Unsere Firma besch\u00e4ftigt sich seit 19 Jahren mit der Registrierung \u00f6ffentlicher Organisationen in der Republik Moldau. Was wir f\u00fcr die Registrierung \u00f6ffentlicher Organisationen anbieten: Zu unseren Kunden geh\u00f6ren KOMBAT (\u041aOM\u0411AT) \u2014 ein Kampfsportverein (mit einem Weltmeister aus Moldau), die Gesellschaft der Hundefreunde und viele andere Organisationen. Sie k\u00f6nnen uns telefonisch in Moldau kontaktieren: +373 67 ... Weiterlesen ...\" \/>\n<meta property=\"og:url\" content=\"https:\/\/bizmoldova.com\/de\/registrierung-einer-oeffentlichen-organisation-in-der-republik-moldau\/\" \/>\n<meta property=\"og:site_name\" content=\"Dokumente Moldawien. Apostille, Legalisierung, Nostrifizierung, \u00dcbersetzungen\" \/>\n<meta name=\"twitter:card\" content=\"summary_large_image\" \/>\n<meta name=\"twitter:label1\" content=\"Gesch\u00e4tzte Lesezeit\" \/>\n\t<meta name=\"twitter:data1\" content=\"1\u00a0Minute\" \/>\n<script type=\"application\/ld+json\" class=\"yoast-schema-graph\">{\"@context\":\"https:\\\/\\\/schema.org\",\"@graph\":[{\"@type\":\"WebPage\",\"@id\":\"https:\\\/\\\/bizmoldova.com\\\/de\\\/registrierung-einer-oeffentlichen-organisation-in-der-republik-moldau\\\/\",\"url\":\"https:\\\/\\\/bizmoldova.com\\\/de\\\/registrierung-einer-oeffentlichen-organisation-in-der-republik-moldau\\\/\",\"name\":\"Registrierung einer \u00f6ffentlichen Organisation in der Republik Moldau - Dokumente Moldawien. Apostille, Legalisierung, Nostrifizierung, \u00dcbersetzungen\",\"isPartOf\":{\"@id\":\"https:\\\/\\\/bizmoldova.com\\\/de\\\/#website\"},\"datePublished\":\"2024-09-29T16:25:45+00:00\",\"breadcrumb\":{\"@id\":\"https:\\\/\\\/bizmoldova.com\\\/de\\\/registrierung-einer-oeffentlichen-organisation-in-der-republik-moldau\\\/#breadcrumb\"},\"inLanguage\":\"de\",\"potentialAction\":[{\"@type\":\"ReadAction\",\"target\":[\"https:\\\/\\\/bizmoldova.com\\\/de\\\/registrierung-einer-oeffentlichen-organisation-in-der-republik-moldau\\\/\"]}]},{\"@type\":\"BreadcrumbList\",\"@id\":\"https:\\\/\\\/bizmoldova.com\\\/de\\\/registrierung-einer-oeffentlichen-organisation-in-der-republik-moldau\\\/#breadcrumb\",\"itemListElement\":[{\"@type\":\"ListItem\",\"position\":1,\"name\":\"Home\",\"item\":\"https:\\\/\\\/bizmoldova.com\\\/de\\\/\"},{\"@type\":\"ListItem\",\"position\":2,\"name\":\"Registrierung einer \u00f6ffentlichen Organisation in der Republik Moldau\"}]},{\"@type\":\"WebSite\",\"@id\":\"https:\\\/\\\/bizmoldova.com\\\/de\\\/#website\",\"url\":\"https:\\\/\\\/bizmoldova.com\\\/de\\\/\",\"name\":\"Dokumente Moldawien. Apostille, Legalisierung, Nostrifizierung, \u00dcbersetzungen\",\"description\":\"Dokumente Moldawien. Apostille, Legalisierung, Nostrifizierung, \u00dcbersetzungen\",\"potentialAction\":[{\"@type\":\"SearchAction\",\"target\":{\"@type\":\"EntryPoint\",\"urlTemplate\":\"https:\\\/\\\/bizmoldova.com\\\/de\\\/?s={search_term_string}\"},\"query-input\":{\"@type\":\"PropertyValueSpecification\",\"valueRequired\":true,\"valueName\":\"search_term_string\"}}],\"inLanguage\":\"de\"}]}<\/script>\n<!-- \/ Yoast SEO plugin. -->","yoast_head_json":{"title":"Registrierung einer \u00f6ffentlichen Organisation in der Republik Moldau - Dokumente Moldawien. Apostille, Legalisierung, Nostrifizierung, \u00dcbersetzungen","robots":{"index":"index","follow":"follow","max-snippet":"max-snippet:-1","max-image-preview":"max-image-preview:large","max-video-preview":"max-video-preview:-1"},"canonical":"https:\/\/bizmoldova.com\/de\/registrierung-einer-oeffentlichen-organisation-in-der-republik-moldau\/","og_locale":"de_DE","og_type":"article","og_title":"Registrierung einer \u00f6ffentlichen Organisation in der Republik Moldau - Dokumente Moldawien. Apostille, Legalisierung, Nostrifizierung, \u00dcbersetzungen","og_description":"Unsere Firma besch\u00e4ftigt sich seit 19 Jahren mit der Registrierung \u00f6ffentlicher Organisationen in der Republik Moldau. Was wir f\u00fcr die Registrierung \u00f6ffentlicher Organisationen anbieten: Zu unseren Kunden geh\u00f6ren KOMBAT (\u041aOM\u0411AT) \u2014 ein Kampfsportverein (mit einem Weltmeister aus Moldau), die Gesellschaft der Hundefreunde und viele andere Organisationen. Sie k\u00f6nnen uns telefonisch in Moldau kontaktieren: +373 67 ... Weiterlesen ...","og_url":"https:\/\/bizmoldova.com\/de\/registrierung-einer-oeffentlichen-organisation-in-der-republik-moldau\/","og_site_name":"Dokumente Moldawien. Apostille, Legalisierung, Nostrifizierung, \u00dcbersetzungen","twitter_card":"summary_large_image","twitter_misc":{"Gesch\u00e4tzte Lesezeit":"1\u00a0Minute"},"schema":{"@context":"https:\/\/schema.org","@graph":[{"@type":"WebPage","@id":"https:\/\/bizmoldova.com\/de\/registrierung-einer-oeffentlichen-organisation-in-der-republik-moldau\/","url":"https:\/\/bizmoldova.com\/de\/registrierung-einer-oeffentlichen-organisation-in-der-republik-moldau\/","name":"Registrierung einer \u00f6ffentlichen Organisation in der Republik Moldau - Dokumente Moldawien. Apostille, Legalisierung, Nostrifizierung, \u00dcbersetzungen","isPartOf":{"@id":"https:\/\/bizmoldova.com\/de\/#website"},"datePublished":"2024-09-29T16:25:45+00:00","breadcrumb":{"@id":"https:\/\/bizmoldova.com\/de\/registrierung-einer-oeffentlichen-organisation-in-der-republik-moldau\/#breadcrumb"},"inLanguage":"de","potentialAction":[{"@type":"ReadAction","target":["https:\/\/bizmoldova.com\/de\/registrierung-einer-oeffentlichen-organisation-in-der-republik-moldau\/"]}]},{"@type":"BreadcrumbList","@id":"https:\/\/bizmoldova.com\/de\/registrierung-einer-oeffentlichen-organisation-in-der-republik-moldau\/#breadcrumb","itemListElement":[{"@type":"ListItem","position":1,"name":"Home","item":"https:\/\/bizmoldova.com\/de\/"},{"@type":"ListItem","position":2,"name":"Registrierung einer \u00f6ffentlichen Organisation in der Republik Moldau"}]},{"@type":"WebSite","@id":"https:\/\/bizmoldova.com\/de\/#website","url":"https:\/\/bizmoldova.com\/de\/","name":"Dokumente Moldawien. Apostille, Legalisierung, Nostrifizierung, \u00dcbersetzungen","description":"Dokumente Moldawien. Apostille, Legalisierung, Nostrifizierung, \u00dcbersetzungen","potentialAction":[{"@type":"SearchAction","target":{"@type":"EntryPoint","urlTemplate":"https:\/\/bizmoldova.com\/de\/?s={search_term_string}"},"query-input":{"@type":"PropertyValueSpecification","valueRequired":true,"valueName":"search_term_string"}}],"inLanguage":"de"}]}},"_links":{"self":[{"href":"https:\/\/bizmoldova.com\/de\/wp-json\/wp\/v2\/pages\/31","targetHints":{"allow":["GET"]}}],"collection":[{"href":"https:\/\/bizmoldova.com\/de\/wp-json\/wp\/v2\/pages"}],"about":[{"href":"https:\/\/bizmoldova.com\/de\/wp-json\/wp\/v2\/types\/page"}],"author":[{"embeddable":true,"href":"https:\/\/bizmoldova.com\/de\/wp-json\/wp\/v2\/users\/1"}],"replies":[{"embeddable":true,"href":"https:\/\/bizmoldova.com\/de\/wp-json\/wp\/v2\/comments?post=31"}],"version-history":[{"count":1,"href":"https:\/\/bizmoldova.com\/de\/wp-json\/wp\/v2\/pages\/31\/revisions"}],"predecessor-version":[{"id":32,"href":"https:\/\/bizmoldova.com\/de\/wp-json\/wp\/v2\/pages\/31\/revisions\/32"}],"wp:attachment":[{"href":"https:\/\/bizmoldova.com\/de\/wp-json\/wp\/v2\/media?parent=31"}],"curies":[{"name":"wp","href":"https:\/\/api.w.org\/{rel}","templated":true}]}}