{"id":29,"date":"2024-09-29T16:05:27","date_gmt":"2024-09-29T16:05:27","guid":{"rendered":"https:\/\/bizmoldova.com\/de\/?page_id=29"},"modified":"2024-09-29T16:05:27","modified_gmt":"2024-09-29T16:05:27","slug":"dokumente-fuer-die-rumaenische-staatsbuergerschaft","status":"publish","type":"page","link":"https:\/\/bizmoldova.com\/de\/dokumente-fuer-die-rumaenische-staatsbuergerschaft\/","title":{"rendered":"Dokumente f\u00fcr die rum\u00e4nische Staatsb\u00fcrgerschaft"},"content":{"rendered":"\n<p>F\u00fcr B\u00fcrger ausl\u00e4ndischer Staaten, die einen Antrag auf rum\u00e4nische Staatsb\u00fcrgerschaft stellen, gibt es eine Reihe von Dokumentationsanforderungen, die vorgelegt werden m\u00fcssen. Hier sind die wichtigsten:<\/p>\n\n\n\n<p><strong>Identit\u00e4tsnachweise<\/strong>:<\/p>\n\n\n\n<ul class=\"wp-block-list\">\n    \n    <li>G\u00fcltiger Reisepass oder ein anderes Identit\u00e4tsdokument.<\/li>\n    \n<\/ul>\n\n\n\n<p><strong>Nachweis des Wohnsitzes<\/strong> (falls der Antrag auf der Grundlage des Wohnsitzes gestellt wird):<\/p>\n\n\n\n<ul class=\"wp-block-list\">\n    \n    <li>Dokumente, die den rechtm\u00e4\u00dfigen Aufenthalt auf dem Territorium Rum\u00e4niens \u00fcber den erforderlichen Zeitraum best\u00e4tigen (z. B. mindestens 8 Jahre oder 5 Jahre f\u00fcr Verheiratete mit rum\u00e4nischen Staatsb\u00fcrgern).<\/li>\n    \n<\/ul>\n\n\n\n<p><strong>Dokumente \u00fcber den Familienstand<\/strong>:<\/p>\n\n\n\n<ul class=\"wp-block-list\">\n    \n    <li>Heiratsurkunde, wenn der Antragsteller mit einem rum\u00e4nischen Staatsb\u00fcrger verheiratet ist.<\/li>\n    \n\n    \n    <li>Geburtsurkunde f\u00fcr Kinder, wenn diese ebenfalls die Staatsb\u00fcrgerschaft beantragen.<\/li>\n    \n<\/ul>\n\n\n\n<p><strong>Nachweis der finanziellen Leistungsf\u00e4higkeit<\/strong>:<\/p>\n\n\n\n<ul class=\"wp-block-list\">\n    \n    <li>Dokumente, die das Vorhandensein ausreichender Mittel zur Sicherstellung des Lebensunterhalts f\u00fcr sich selbst und die Familie in Rum\u00e4nien best\u00e4tigen (z. B. Kontoausz\u00fcge, Gehaltsnachweis vom Arbeitsplatz).<\/li>\n    \n<\/ul>\n\n\n\n<p><strong>F\u00fchrungszeugnis<\/strong>:<\/p>\n\n\n\n<ul class=\"wp-block-list\">\n    \n    <li>Nationales F\u00fchrungszeugnis aus Moldawien und aus jedem anderen Land, in dem der Antragsteller nach Vollendung des 16. Lebensjahres mehr als 6 Monate gelebt hat.<\/li>\n    \n\n    \n    <li>F\u00fchrungszeugnis aus Rum\u00e4nien.<\/li>\n    \n<\/ul>\n\n\n\n<p><strong>Nachweise \u00fcber Kenntnisse der rum\u00e4nischen Sprache und Kultur<\/strong>:<\/p>\n\n\n\n<ul class=\"wp-block-list\">\n    \n    <li>Zertifikate oder andere Dokumente, die Kenntnisse der rum\u00e4nischen Sprache und Grundlagen der rum\u00e4nischen Kultur best\u00e4tigen.<\/li>\n    \n<\/ul>\n\n\n\n<p><strong>Sonstige rechtliche Dokumente<\/strong>:<\/p>\n\n\n\n<ul class=\"wp-block-list\">\n    \n    <li>Dokumente, die eine Namens\u00e4nderung oder andere wichtige \u00c4nderungen in den pers\u00f6nlichen Daten best\u00e4tigen, falls solche vorgenommen wurden.<\/li>\n    \n<\/ul>\n\n\n\n<p><strong>Treueerkl\u00e4rung<\/strong>:<\/p>\n\n\n\n<ul class=\"wp-block-list\">\n    \n    <li>Eine schriftliche Erkl\u00e4rung, die die Loyalit\u00e4t zu Rum\u00e4nien und die Abwesenheit von Unterst\u00fctzung f\u00fcr Handlungen, die gegen die \u00f6ffentliche Ordnung und die nationale Sicherheit gerichtet sind, best\u00e4tigt.<\/li>\n    \n<\/ul>\n\n\n\n<p>Alle Dokumente, die nicht in rum\u00e4nischer Sprache verfasst sind, m\u00fcssen ins Rum\u00e4nische \u00fcbersetzt und notariell beglaubigt werden. Es ist auch wichtig zu \u00fcberpr\u00fcfen, ob eine Apostille oder Legalisierung ausl\u00e4ndischer Dokumente erforderlich ist, bevor sie den rum\u00e4nischen Beh\u00f6rden vorgelegt werden.<\/p>\n\n","protected":false},"excerpt":{"rendered":"<p>F\u00fcr B\u00fcrger ausl\u00e4ndischer Staaten, die einen Antrag auf rum\u00e4nische Staatsb\u00fcrgerschaft stellen, gibt es eine Reihe von Dokumentationsanforderungen, die vorgelegt werden m\u00fcssen. Hier sind die wichtigsten: Identit\u00e4tsnachweise: Nachweis des Wohnsitzes (falls der Antrag auf der Grundlage des Wohnsitzes gestellt wird): Dokumente \u00fcber den Familienstand: Nachweis der finanziellen Leistungsf\u00e4higkeit: F\u00fchrungszeugnis: Nachweise \u00fcber Kenntnisse der rum\u00e4nischen Sprache und &#8230; <a title=\"Dokumente f\u00fcr die rum\u00e4nische Staatsb\u00fcrgerschaft\" class=\"read-more\" href=\"https:\/\/bizmoldova.com\/de\/dokumente-fuer-die-rumaenische-staatsbuergerschaft\/\" aria-label=\"Mehr Informationen \u00fcber Dokumente f\u00fcr die rum\u00e4nische Staatsb\u00fcrgerschaft\">Weiterlesen &#8230;<\/a><\/p>\n","protected":false},"author":1,"featured_media":0,"parent":0,"menu_order":0,"comment_status":"closed","ping_status":"closed","template":"","meta":{"_acf_changed":false,"footnotes":""},"class_list":["post-29","page","type-page","status-publish"],"acf":[],"yoast_head":"<!-- This site is optimized with the Yoast SEO plugin v27.4 - https:\/\/yoast.com\/product\/yoast-seo-wordpress\/ -->\n<title>Dokumente f\u00fcr die rum\u00e4nische Staatsb\u00fcrgerschaft - Dokumente Moldawien. Apostille, Legalisierung, Nostrifizierung, \u00dcbersetzungen<\/title>\n<meta name=\"robots\" content=\"index, follow, max-snippet:-1, max-image-preview:large, max-video-preview:-1\" \/>\n<link rel=\"canonical\" href=\"https:\/\/bizmoldova.com\/de\/dokumente-fuer-die-rumaenische-staatsbuergerschaft\/\" \/>\n<meta property=\"og:locale\" content=\"de_DE\" \/>\n<meta property=\"og:type\" content=\"article\" \/>\n<meta property=\"og:title\" content=\"Dokumente f\u00fcr die rum\u00e4nische Staatsb\u00fcrgerschaft - Dokumente Moldawien. Apostille, Legalisierung, Nostrifizierung, \u00dcbersetzungen\" \/>\n<meta property=\"og:description\" content=\"F\u00fcr B\u00fcrger ausl\u00e4ndischer Staaten, die einen Antrag auf rum\u00e4nische Staatsb\u00fcrgerschaft stellen, gibt es eine Reihe von Dokumentationsanforderungen, die vorgelegt werden m\u00fcssen. Hier sind die wichtigsten: Identit\u00e4tsnachweise: Nachweis des Wohnsitzes (falls der Antrag auf der Grundlage des Wohnsitzes gestellt wird): Dokumente \u00fcber den Familienstand: Nachweis der finanziellen Leistungsf\u00e4higkeit: F\u00fchrungszeugnis: Nachweise \u00fcber Kenntnisse der rum\u00e4nischen Sprache und ... Weiterlesen ...\" \/>\n<meta property=\"og:url\" content=\"https:\/\/bizmoldova.com\/de\/dokumente-fuer-die-rumaenische-staatsbuergerschaft\/\" \/>\n<meta property=\"og:site_name\" content=\"Dokumente Moldawien. Apostille, Legalisierung, Nostrifizierung, \u00dcbersetzungen\" \/>\n<meta name=\"twitter:card\" content=\"summary_large_image\" \/>\n<meta name=\"twitter:label1\" content=\"Gesch\u00e4tzte Lesezeit\" \/>\n\t<meta name=\"twitter:data1\" content=\"2\u00a0Minuten\" \/>\n<script type=\"application\/ld+json\" class=\"yoast-schema-graph\">{\"@context\":\"https:\\\/\\\/schema.org\",\"@graph\":[{\"@type\":\"WebPage\",\"@id\":\"https:\\\/\\\/bizmoldova.com\\\/de\\\/dokumente-fuer-die-rumaenische-staatsbuergerschaft\\\/\",\"url\":\"https:\\\/\\\/bizmoldova.com\\\/de\\\/dokumente-fuer-die-rumaenische-staatsbuergerschaft\\\/\",\"name\":\"Dokumente f\u00fcr die rum\u00e4nische Staatsb\u00fcrgerschaft - Dokumente Moldawien. Apostille, Legalisierung, Nostrifizierung, \u00dcbersetzungen\",\"isPartOf\":{\"@id\":\"https:\\\/\\\/bizmoldova.com\\\/de\\\/#website\"},\"datePublished\":\"2024-09-29T16:05:27+00:00\",\"breadcrumb\":{\"@id\":\"https:\\\/\\\/bizmoldova.com\\\/de\\\/dokumente-fuer-die-rumaenische-staatsbuergerschaft\\\/#breadcrumb\"},\"inLanguage\":\"de\",\"potentialAction\":[{\"@type\":\"ReadAction\",\"target\":[\"https:\\\/\\\/bizmoldova.com\\\/de\\\/dokumente-fuer-die-rumaenische-staatsbuergerschaft\\\/\"]}]},{\"@type\":\"BreadcrumbList\",\"@id\":\"https:\\\/\\\/bizmoldova.com\\\/de\\\/dokumente-fuer-die-rumaenische-staatsbuergerschaft\\\/#breadcrumb\",\"itemListElement\":[{\"@type\":\"ListItem\",\"position\":1,\"name\":\"Home\",\"item\":\"https:\\\/\\\/bizmoldova.com\\\/de\\\/\"},{\"@type\":\"ListItem\",\"position\":2,\"name\":\"Dokumente f\u00fcr die rum\u00e4nische Staatsb\u00fcrgerschaft\"}]},{\"@type\":\"WebSite\",\"@id\":\"https:\\\/\\\/bizmoldova.com\\\/de\\\/#website\",\"url\":\"https:\\\/\\\/bizmoldova.com\\\/de\\\/\",\"name\":\"Dokumente Moldawien. Apostille, Legalisierung, Nostrifizierung, \u00dcbersetzungen\",\"description\":\"Dokumente Moldawien. Apostille, Legalisierung, Nostrifizierung, \u00dcbersetzungen\",\"potentialAction\":[{\"@type\":\"SearchAction\",\"target\":{\"@type\":\"EntryPoint\",\"urlTemplate\":\"https:\\\/\\\/bizmoldova.com\\\/de\\\/?s={search_term_string}\"},\"query-input\":{\"@type\":\"PropertyValueSpecification\",\"valueRequired\":true,\"valueName\":\"search_term_string\"}}],\"inLanguage\":\"de\"}]}<\/script>\n<!-- \/ Yoast SEO plugin. -->","yoast_head_json":{"title":"Dokumente f\u00fcr die rum\u00e4nische Staatsb\u00fcrgerschaft - Dokumente Moldawien. Apostille, Legalisierung, Nostrifizierung, \u00dcbersetzungen","robots":{"index":"index","follow":"follow","max-snippet":"max-snippet:-1","max-image-preview":"max-image-preview:large","max-video-preview":"max-video-preview:-1"},"canonical":"https:\/\/bizmoldova.com\/de\/dokumente-fuer-die-rumaenische-staatsbuergerschaft\/","og_locale":"de_DE","og_type":"article","og_title":"Dokumente f\u00fcr die rum\u00e4nische Staatsb\u00fcrgerschaft - Dokumente Moldawien. Apostille, Legalisierung, Nostrifizierung, \u00dcbersetzungen","og_description":"F\u00fcr B\u00fcrger ausl\u00e4ndischer Staaten, die einen Antrag auf rum\u00e4nische Staatsb\u00fcrgerschaft stellen, gibt es eine Reihe von Dokumentationsanforderungen, die vorgelegt werden m\u00fcssen. Hier sind die wichtigsten: Identit\u00e4tsnachweise: Nachweis des Wohnsitzes (falls der Antrag auf der Grundlage des Wohnsitzes gestellt wird): Dokumente \u00fcber den Familienstand: Nachweis der finanziellen Leistungsf\u00e4higkeit: F\u00fchrungszeugnis: Nachweise \u00fcber Kenntnisse der rum\u00e4nischen Sprache und ... Weiterlesen ...","og_url":"https:\/\/bizmoldova.com\/de\/dokumente-fuer-die-rumaenische-staatsbuergerschaft\/","og_site_name":"Dokumente Moldawien. Apostille, Legalisierung, Nostrifizierung, \u00dcbersetzungen","twitter_card":"summary_large_image","twitter_misc":{"Gesch\u00e4tzte Lesezeit":"2\u00a0Minuten"},"schema":{"@context":"https:\/\/schema.org","@graph":[{"@type":"WebPage","@id":"https:\/\/bizmoldova.com\/de\/dokumente-fuer-die-rumaenische-staatsbuergerschaft\/","url":"https:\/\/bizmoldova.com\/de\/dokumente-fuer-die-rumaenische-staatsbuergerschaft\/","name":"Dokumente f\u00fcr die rum\u00e4nische Staatsb\u00fcrgerschaft - Dokumente Moldawien. Apostille, Legalisierung, Nostrifizierung, \u00dcbersetzungen","isPartOf":{"@id":"https:\/\/bizmoldova.com\/de\/#website"},"datePublished":"2024-09-29T16:05:27+00:00","breadcrumb":{"@id":"https:\/\/bizmoldova.com\/de\/dokumente-fuer-die-rumaenische-staatsbuergerschaft\/#breadcrumb"},"inLanguage":"de","potentialAction":[{"@type":"ReadAction","target":["https:\/\/bizmoldova.com\/de\/dokumente-fuer-die-rumaenische-staatsbuergerschaft\/"]}]},{"@type":"BreadcrumbList","@id":"https:\/\/bizmoldova.com\/de\/dokumente-fuer-die-rumaenische-staatsbuergerschaft\/#breadcrumb","itemListElement":[{"@type":"ListItem","position":1,"name":"Home","item":"https:\/\/bizmoldova.com\/de\/"},{"@type":"ListItem","position":2,"name":"Dokumente f\u00fcr die rum\u00e4nische Staatsb\u00fcrgerschaft"}]},{"@type":"WebSite","@id":"https:\/\/bizmoldova.com\/de\/#website","url":"https:\/\/bizmoldova.com\/de\/","name":"Dokumente Moldawien. Apostille, Legalisierung, Nostrifizierung, \u00dcbersetzungen","description":"Dokumente Moldawien. Apostille, Legalisierung, Nostrifizierung, \u00dcbersetzungen","potentialAction":[{"@type":"SearchAction","target":{"@type":"EntryPoint","urlTemplate":"https:\/\/bizmoldova.com\/de\/?s={search_term_string}"},"query-input":{"@type":"PropertyValueSpecification","valueRequired":true,"valueName":"search_term_string"}}],"inLanguage":"de"}]}},"_links":{"self":[{"href":"https:\/\/bizmoldova.com\/de\/wp-json\/wp\/v2\/pages\/29","targetHints":{"allow":["GET"]}}],"collection":[{"href":"https:\/\/bizmoldova.com\/de\/wp-json\/wp\/v2\/pages"}],"about":[{"href":"https:\/\/bizmoldova.com\/de\/wp-json\/wp\/v2\/types\/page"}],"author":[{"embeddable":true,"href":"https:\/\/bizmoldova.com\/de\/wp-json\/wp\/v2\/users\/1"}],"replies":[{"embeddable":true,"href":"https:\/\/bizmoldova.com\/de\/wp-json\/wp\/v2\/comments?post=29"}],"version-history":[{"count":1,"href":"https:\/\/bizmoldova.com\/de\/wp-json\/wp\/v2\/pages\/29\/revisions"}],"predecessor-version":[{"id":30,"href":"https:\/\/bizmoldova.com\/de\/wp-json\/wp\/v2\/pages\/29\/revisions\/30"}],"wp:attachment":[{"href":"https:\/\/bizmoldova.com\/de\/wp-json\/wp\/v2\/media?parent=29"}],"curies":[{"name":"wp","href":"https:\/\/api.w.org\/{rel}","templated":true}]}}